{"id":2094,"date":"2025-12-08T06:22:14","date_gmt":"2025-12-08T06:22:14","guid":{"rendered":"https:\/\/scmlkj.com\/?post_type=product&#038;p=2094"},"modified":"2026-04-12T07:24:02","modified_gmt":"2026-04-12T07:24:02","slug":"arroz-seco-organico-shirataki-adelgazante-oem","status":"publish","type":"product","link":"https:\/\/scmlkj.com\/es\/productos\/arroz-seco-organico-shirataki-adelgazante-oem\/","title":{"rendered":"Arroz seco org\u00e1nico Shirataki adelgazante OEM"},"content":{"rendered":"<h2 class=\"wp-block-heading\">\u00bfQu\u00e9 es el arroz shirataki seco?<\/h2>\n\n\n\n<p><a href=\"https:\/\/scmlkj.com\/es\/product-category\/serie-de-arroz-konjac\/\">Arroz shirataki seco<\/a> es producido por <strong>Secado de gr\u00e1nulos de arroz konjac<\/strong> Elaborado a partir de glucomanano de konjac.<br>Antes de consumirlo, simplemente se rehidrata y se cocina, y luego se utiliza como el arroz normal.<\/p>\n\n\n\n<p><strong>Ventajas clave sobre el arroz konjac h\u00famedo:<\/strong><\/p>\n\n\n\n<ul class=\"wp-block-list\">\n<li>Sin l\u00edquido de remojo<\/li>\n\n\n\n<li>Mucho m\u00e1s ligero<\/li>\n\n\n\n<li>Mayor vida \u00fatil<\/li>\n\n\n\n<li>M\u00e1s adecuado para env\u00edos internacionales y comercio electr\u00f3nico.<\/li>\n<\/ul>\n\n\n\n<h2 class=\"wp-block-heading\">Especificaciones del producto<\/h2>\n\n\n\n<figure class=\"wp-block-table\"><table class=\"has-fixed-layout\"><tbody><tr><td><strong>Art\u00edculo<\/strong><\/td><td><strong>Detalles<\/strong><\/td><\/tr><tr><td>Nombre del producto<\/td><td>Arroz seco org\u00e1nico Shirataki<\/td><\/tr><tr><td>Tipo de producto<\/td><td>Arroz Konjac seco<\/td><\/tr><tr><td>Estilo<\/td><td>Seco \u00b7 Larga conservaci\u00f3n<\/td><\/tr><tr><td>Tipo de procesamiento<\/td><td>Refinado<\/td><\/tr><tr><td>Caracter\u00edstica<\/td><td>Bajo en carbohidratos \u00b7 Adelgazante<\/td><\/tr><tr><td>Ingredientes principales<\/td><td>Harina org\u00e1nica de konjac<\/td><\/tr><tr><td>Grasa<\/td><td><strong>Cero<\/strong><\/td><\/tr><tr><td>Az\u00facar<\/td><td><strong>Cero<\/strong><\/td><\/tr><tr><td>Sin gluten<\/td><td>S\u00ed<\/td><\/tr><tr><td>M\u00e9todo de cocci\u00f3n<\/td><td><strong>Rehidratar y cocinar<\/strong><\/td><\/tr><tr><td>Vida \u00fatil<\/td><td>24 meses<\/td><\/tr><tr><td>Embalaje<\/td><td>Bolsa \/ A granel<\/td><\/tr><tr><td>Certificaciones<\/td><td>BRC \u00b7 IFS \u00b7 HACCP \u00b7 HALAL \u00b7 KOSHER \u00b7 NOP \u00b7 ECOL\u00d3GICO DE LA UE<\/td><\/tr><tr><td>Marca<\/td><td>Aceptado por el fabricante de equipos originales (OEM)<\/td><\/tr><tr><td>Lugar de origen<\/td><td>Sichuan, China<\/td><\/tr><\/tbody><\/table><\/figure>\n\n\n\n<h2 class=\"wp-block-heading\">Ingredientes<\/h2>\n\n\n\n<p>Harina org\u00e1nica de konjac (glucomanano)<\/p>\n\n\n\n<p>Agua purificada <em>(utilizado durante el procesamiento)<\/em><\/p>\n\n\n\n<p>\u2714 Sin cereales - sin trigo - sin arroz - sin rellenos artificiales - sin conservantes<\/p>\n\n\n\n<h2 class=\"wp-block-heading\">Beneficios nutricionales y para la salud<\/h2>\n\n\n\n<p><strong>Aumenta la saciedad y reduce el apetito.<\/strong><\/p>\n\n\n\n<p><strong>Sustituto del arroz bajo en calor\u00edas<\/strong><\/p>\n\n\n\n<p>El arroz konjac seco proporciona <strong>casi cero calor\u00edas<\/strong>, ayudando a los consumidores a reducir significativamente la ingesta diaria de energ\u00eda sin alterar sus h\u00e1bitos alimenticios b\u00e1sicos.<\/p>\n\n\n\n<hr class=\"wp-block-separator has-alpha-channel-opacity\"\/>\n\n\n\n<p><strong>Fibra diet\u00e9tica altamente soluble<\/strong><\/p>\n\n\n\n<p>Glucomanano de konjac:<\/p>\n\n\n\n<ul class=\"wp-block-list\">\n<li>absorbe agua y se expande en el est\u00f3mago<\/li>\n\n\n\n<li>aumenta la saciedad<\/li>\n\n\n\n<li>reduce el hambre y el exceso de comida<\/li>\n<\/ul>\n\n\n\n<p>Una soluci\u00f3n eficaz para las dietas de control de peso.<\/p>\n\n\n\n<hr class=\"wp-block-separator has-alpha-channel-opacity\"\/>\n\n\n\n<p><strong>Ayuda a controlar los niveles de az\u00facar en sangre.<\/strong><\/p>\n\n\n\n<p>Con un <strong>\u00edndice gluc\u00e9mico bajo<\/strong>El arroz konjac ayuda a ralentizar la absorci\u00f3n de glucosa, por lo que es adecuado para:<\/p>\n\n\n\n<ul class=\"wp-block-list\">\n<li>control de la diabetes<\/li>\n\n\n\n<li>dietas con bajo \u00edndice gluc\u00e9mico<\/li>\n\n\n\n<li>programas de salud metab\u00f3lica<\/li>\n<\/ul>\n\n\n\n<h2 class=\"wp-block-heading\">C\u00f3mo prepararse<\/h2>\n\n\n\n<ol class=\"wp-block-list\">\n<li>Remoje el arroz shirataki seco en agua hasta que est\u00e9 completamente rehidratado<\/li>\n\n\n\n<li>Escurrir y aclarar bien<\/li>\n\n\n\n<li>Cocinar o saltear como el arroz normal.<\/li>\n\n\n\n<li>Sazonar o combinar con otros ingredientes seg\u00fan sea necesario<\/li>\n<\/ol>\n\n\n\n<blockquote class=\"wp-block-quote is-layout-flow wp-block-quote-is-layout-flow\">\n<p>Adecuado para cocinas industriales, f\u00e1bricas de preparaci\u00f3n de comidas y consumidores minoristas.<\/p>\n<\/blockquote>\n\n\n\n<h2 class=\"wp-block-heading\">Perfecto para:<\/h2>\n\n\n\n<ul class=\"wp-block-list\">\n<li>cuencos de arroz<\/li>\n\n\n\n<li>arroz frito<\/li>\n\n\n\n<li>preparaci\u00f3n de comidas<\/li>\n\n\n\n<li>platos de curry<\/li>\n\n\n\n<li>Cajas de bento bajas en carbohidratos<\/li>\n<\/ul>\n\n\n\n<p>Para conocer m\u00e1s formas de cocinar, consulte nuestra <strong><a href=\"https:\/\/scmlkj.com\/es\/receta-de-konjac\/\">Gu\u00eda de recetas<\/a><\/strong><\/p>\n\n\n\n<figure class=\"wp-block-image size-large\"><img fetchpriority=\"high\" decoding=\"async\" width=\"1024\" height=\"682\" src=\"https:\/\/scmlkj.com\/wp-content\/uploads\/2025\/12\/Dried-Konjac-Rice-Bulk-1024x682.jpg\" alt=\"\" class=\"wp-image-2826\" srcset=\"https:\/\/scmlkj.com\/wp-content\/uploads\/2025\/12\/Dried-Konjac-Rice-Bulk-1024x682.jpg 1024w, https:\/\/scmlkj.com\/wp-content\/uploads\/2025\/12\/Dried-Konjac-Rice-Bulk-300x200.jpg 300w, https:\/\/scmlkj.com\/wp-content\/uploads\/2025\/12\/Dried-Konjac-Rice-Bulk-768x512.jpg 768w, https:\/\/scmlkj.com\/wp-content\/uploads\/2025\/12\/Dried-Konjac-Rice-Bulk-1536x1024.jpg 1536w, https:\/\/scmlkj.com\/wp-content\/uploads\/2025\/12\/Dried-Konjac-Rice-Bulk-18x12.jpg 18w, https:\/\/scmlkj.com\/wp-content\/uploads\/2025\/12\/Dried-Konjac-Rice-Bulk-600x400.jpg 600w, https:\/\/scmlkj.com\/wp-content\/uploads\/2025\/12\/Dried-Konjac-Rice-Bulk.jpg 2000w\" sizes=\"(max-width: 1024px) 100vw, 1024px\" \/><\/figure>\n\n\n\n<h2 class=\"wp-block-heading\">Opciones de OEM \/ Marca privada<\/h2>\n\n\n\n<ul class=\"wp-block-list\">\n<li>Tama\u00f1o del paquete personalizado (100 g\/500 g\/1 kg\/5 kg\/25 kg a granel)<\/li>\n\n\n\n<li>Envases para venta al por menor o para servicios de restauraci\u00f3n<\/li>\n\n\n\n<li>Versiones con certificaci\u00f3n ecol\u00f3gica<\/li>\n\n\n\n<li>Mezclas de arroz mixtas (konjac + avena \/ konjac + calabaza)<\/li>\n\n\n\n<li>Apoyo en el dise\u00f1o y la creaci\u00f3n de marcas privadas<\/li>\n<\/ul>\n\n\n\n<p>\u00bfQuieres a\u00f1adir un <strong>alternativa al arroz baja en calor\u00edas<\/strong> \u00bfA su cartera de productos?<br><a href=\"https:\/\/scmlkj.com\/es\/pongase-en-contacto-con\/\">P\u00f3ngase en contacto con <strong>Ma\u00f1ana del Este<\/strong><\/a> para <strong>Arroz Konjac OEM<\/strong>, <a href=\"https:\/\/scmlkj.com\/es\/solicitud-de-muestra-gratuita\/\">muestras<\/a>, y soluciones de precios al por mayor.<\/p>\n\n\n\n<p><\/p>","protected":false},"excerpt":{"rendered":"<p data-start=\"555\" data-end=\"923\">El arroz seco org\u00e1nico Shirataki de Eastern Morning es un arroz konjac estable en almacenamiento y f\u00e1cil de exportar, elaborado con harina de konjac org\u00e1nica mediante una avanzada tecnolog\u00eda de deshidrataci\u00f3n. En comparaci\u00f3n con el arroz konjac h\u00famedo, esta versi\u00f3n seca ofrece un peso m\u00e1s ligero, una vida \u00fatil m\u00e1s larga y un menor coste log\u00edstico, lo que lo hace ideal para proyectos globales de OEM, marcas blancas y distribuci\u00f3n a granel.<\/p>\n<p data-start=\"925\" data-end=\"1100\">Una vez rehidratado, ofrece una textura similar al arroz con muy pocas calor\u00edas y un alto contenido en fibra diet\u00e9tica soluble, lo que lo hace perfecto para los mercados de alimentos b\u00e1sicos funcionales, bajos en carbohidratos y adelgazantes.<\/p>\n<ul>\n<li data-start=\"1547\" data-end=\"1620\">\n<p data-start=\"1549\" data-end=\"1620\"><strong data-start=\"1549\" data-end=\"1583\">Harina de konjac con certificaci\u00f3n ecol\u00f3gica<\/strong> \u2013 Etiqueta limpia, posicionamiento premium.<\/p>\n<\/li>\n<li data-start=\"1621\" data-end=\"1684\">\n<p data-start=\"1623\" data-end=\"1684\"><strong data-start=\"1623\" data-end=\"1647\">Alimentos b\u00e1sicos para adelgazar<\/strong> \u2013 Muy bajo en calor\u00edas y carbohidratos.<\/p>\n<\/li>\n<li data-start=\"1685\" data-end=\"1753\">\n<p data-start=\"1687\" data-end=\"1753\"><strong data-start=\"1687\" data-end=\"1720\">Alto contenido en fibra diet\u00e9tica soluble<\/strong> \u2013 Favorece la saciedad y la digesti\u00f3n.<\/p>\n<\/li>\n<li data-start=\"1754\" data-end=\"1783\">\n<p data-start=\"1756\" data-end=\"1783\"><strong data-start=\"1756\" data-end=\"1781\">Sin grasas \u00b7 Sin az\u00facares<\/strong><\/p>\n<\/li>\n<li data-start=\"1784\" data-end=\"1845\">\n<p data-start=\"1786\" data-end=\"1845\"><strong data-start=\"1786\" data-end=\"1801\">Sin gluten<\/strong> \u2013 Apto para consumidores sensibles al gluten.<\/p>\n<\/li>\n<li data-start=\"1846\" data-end=\"1912\">\n<p data-start=\"1848\" data-end=\"1912\"><strong data-start=\"1848\" data-end=\"1877\">Formato seco y estable en almacenamiento<\/strong> \u2013 Ideal para la exportaci\u00f3n y el suministro a granel.<\/p>\n<\/li>\n<li data-start=\"1913\" data-end=\"1958\">\n<p data-start=\"1915\" data-end=\"1958\"><strong data-start=\"1915\" data-end=\"1956\">Env\u00edo ligero y rentable<\/strong><\/p>\n<\/li>\n<li data-start=\"1959\" data-end=\"1993\">\n<p data-start=\"1961\" data-end=\"1993\"><strong data-start=\"1961\" data-end=\"1993\">Se aceptan marcas blancas y OEM.<\/strong><\/p>\n<\/li>\n<\/ul>","protected":false},"featured_media":2097,"comment_status":"open","ping_status":"closed","template":"","meta":[],"product_brand":[],"product_cat":[29],"product_tag":[],"class_list":{"0":"post-2094","1":"product","2":"type-product","3":"status-publish","4":"has-post-thumbnail","6":"product_cat-konjac-rice-series","8":"first","9":"instock","10":"shipping-taxable","11":"product-type-simple"},"_links":{"self":[{"href":"https:\/\/scmlkj.com\/es\/wp-json\/wp\/v2\/product\/2094","targetHints":{"allow":["GET"]}}],"collection":[{"href":"https:\/\/scmlkj.com\/es\/wp-json\/wp\/v2\/product"}],"about":[{"href":"https:\/\/scmlkj.com\/es\/wp-json\/wp\/v2\/types\/product"}],"replies":[{"embeddable":true,"href":"https:\/\/scmlkj.com\/es\/wp-json\/wp\/v2\/comments?post=2094"}],"wp:featuredmedia":[{"embeddable":true,"href":"https:\/\/scmlkj.com\/es\/wp-json\/wp\/v2\/media\/2097"}],"wp:attachment":[{"href":"https:\/\/scmlkj.com\/es\/wp-json\/wp\/v2\/media?parent=2094"}],"wp:term":[{"taxonomy":"product_brand","embeddable":true,"href":"https:\/\/scmlkj.com\/es\/wp-json\/wp\/v2\/product_brand?post=2094"},{"taxonomy":"product_cat","embeddable":true,"href":"https:\/\/scmlkj.com\/es\/wp-json\/wp\/v2\/product_cat?post=2094"},{"taxonomy":"product_tag","embeddable":true,"href":"https:\/\/scmlkj.com\/es\/wp-json\/wp\/v2\/product_tag?post=2094"}],"curies":[{"name":"wp","href":"https:\/\/api.w.org\/{rel}","templated":true}]}}