{"id":2098,"date":"2025-12-08T06:34:25","date_gmt":"2025-12-08T06:34:25","guid":{"rendered":"https:\/\/scmlkj.com\/?post_type=product&#038;p=2098"},"modified":"2026-04-12T07:23:27","modified_gmt":"2026-04-12T07:23:27","slug":"arroz-instantaneo-de-konjac-shirataki-al-por-mayor","status":"publish","type":"product","link":"https:\/\/scmlkj.com\/es\/productos\/arroz-instantaneo-de-konjac-shirataki-al-por-mayor\/","title":{"rendered":"Arroz Shirataki Konjac Seco al por mayor"},"content":{"rendered":"<p><\/p>\n\n\n\n<h2 class=\"wp-block-heading\">\u00bfQu\u00e9 es el arroz shirataki seco?<\/h2>\n\n\n\n<p>El arroz Shirataki seco se produce a partir de <strong>harina de konjac (glucomanano)<\/strong> utilizando tecnolog\u00eda de procesamiento avanzada que forma gr\u00e1nulos con forma de arroz.<\/p>\n\n\n\n<p>En comparaci\u00f3n con el arroz de konjac seco, esta versi\u00f3n instant\u00e1nea:<\/p>\n\n\n\n<ul class=\"wp-block-list\">\n<li>Viene prehidratada<\/li>\n\n\n\n<li>No requiere remojo<\/li>\n\n\n\n<li>Se cocina m\u00e1s r\u00e1pido<\/li>\n\n\n\n<li>Es m\u00e1s f\u00e1cil para consumidores primerizos<\/li>\n<\/ul>\n\n\n\n<p>Ofrece una <strong>apariencia y textura similar al arroz<\/strong>, manteni\u00e9ndose extremadamente bajo en calor\u00edas.<\/p>\n\n\n\n<h2 class=\"wp-block-heading\">Especificaciones del producto<\/h2>\n\n\n\n<figure class=\"wp-block-table\"><table class=\"has-fixed-layout\"><tbody><tr><td><strong>Art\u00edculo<\/strong><\/td><td><strong>Detalles<\/strong><\/td><\/tr><tr><td>Nombre del producto<\/td><td>Arroz Shirataki Konjac Seco<\/td><\/tr><tr><td>Tipo de producto<\/td><td>Arroz Konjac seco<\/td><\/tr><tr><td>Estilo<\/td><td>Seco - Deshidratado - Almacenable<\/td><\/tr><tr><td>Tipo de procesamiento<\/td><td>Refinado<\/td><\/tr><tr><td>Caracter\u00edstica<\/td><td>Bajo en carbohidratos \u00b7 Adelgazante<\/td><\/tr><tr><td>Ingredientes principales<\/td><td>Harina org\u00e1nica de konjac<\/td><\/tr><tr><td>Fibra diet\u00e9tica<\/td><td>2.7%<\/td><\/tr><tr><td>Grasa<\/td><td><strong>Cero<\/strong><\/td><\/tr><tr><td>Az\u00facar<\/td><td><strong>Cero<\/strong><\/td><\/tr><tr><td>Sin gluten<\/td><td>S\u00ed<\/td><\/tr><tr><td>M\u00e9todo de cocci\u00f3n<\/td><td><strong>Rehidratar, luego cocinar<\/strong><\/td><\/tr><tr><td>Vida \u00fatil<\/td><td>24 meses<\/td><\/tr><tr><td>Embalaje<\/td><td>Bolsa \/ A granel<\/td><\/tr><tr><td>Certificaciones<\/td><td>BRC \u00b7 IFS \u00b7 HACCP \u00b7 HALAL \u00b7 KOSHER \u00b7 NOP \u00b7 ECOL\u00d3GICO DE LA UE<\/td><\/tr><tr><td>Marca<\/td><td>Aceptado por el fabricante de equipos originales (OEM)<\/td><\/tr><tr><td>Lugar de origen<\/td><td>Sichuan, China<\/td><\/tr><\/tbody><\/table><\/figure>\n\n\n\n<h2 class=\"wp-block-heading\">Ingredientes<\/h2>\n\n\n\n<p>Harina de konjac (glucomanano)<\/p>\n\n\n\n<p>Agua purificada (utilizada durante la elaboraci\u00f3n)<\/p>\n\n\n\n<p>\u2714 Sin arroz \u00b7 sin trigo \u00b7 sin granos \u00b7 sin az\u00facar a\u00f1adido \u00b7 sin grasa<\/p>\n\n\n\n<h2 class=\"wp-block-heading\">Beneficios para la salud y funcionales<\/h2>\n\n\n\n<p><strong>Ideal para el Control de Peso<\/strong><\/p>\n\n\n\n<p>El glucomanano de konjac es una fibra diet\u00e9tica soluble que:<\/p>\n\n\n\n<ul class=\"wp-block-list\">\n<li>absorbe agua y se expande en el est\u00f3mago<\/li>\n\n\n\n<li>aumenta la saciedad<\/li>\n\n\n\n<li>reduce la ingesta general de alimentos<\/li>\n<\/ul>\n\n\n\n<p>Ayuda a respaldar dietas para adelgazar y control de calor\u00edas.<\/p>\n\n\n\n<hr class=\"wp-block-separator has-alpha-channel-opacity\"\/>\n\n\n\n<p><strong>Bajo Impacto Gluc\u00e9mico<\/strong><\/p>\n\n\n\n<p>Con un \u00edndice gluc\u00e9mico muy bajo, el arroz de konjac ayuda a:<\/p>\n\n\n\n<ul class=\"wp-block-list\">\n<li>ralentizar la absorci\u00f3n de glucosa<\/li>\n\n\n\n<li>reducir las fluctuaciones de az\u00facar en sangre<\/li>\n<\/ul>\n\n\n\n<p>Apto para dietas diab\u00e9ticas y de bajo \u00edndice gluc\u00e9mico.<\/p>\n\n\n\n<hr class=\"wp-block-separator has-alpha-channel-opacity\"\/>\n\n\n\n<p><strong>Reemplazo Diario del Alimento B\u00e1sico<\/strong><\/p>\n\n\n\n<p>A diferencia de los fideos, el arroz de konjac se adapta naturalmente a:<\/p>\n\n\n\n<ul class=\"wp-block-list\">\n<li>Comidas asi\u00e1ticas<\/li>\n\n\n\n<li>Cuencos de arroz occidentales<\/li>\n\n\n\n<li>Platos de curry<\/li>\n\n\n\n<li>Cajas de preparaci\u00f3n de comidas<\/li>\n<\/ul>\n\n\n\n<p>Haciendo m\u00e1s f\u00e1cil para los consumidores mantener una alimentaci\u00f3n saludable a largo plazo.<\/p>\n\n\n\n<h2 class=\"wp-block-heading\">C\u00f3mo prepararse<\/h2>\n\n\n\n<p>Remojar el arroz konjac seco en agua durante 10-15 minutos hasta que est\u00e9 totalmente rehidratado<br>Escurrir y enjuagar.<br>Se cocina hirvi\u00e9ndolo, salte\u00e1ndolo o cocin\u00e1ndolo al vapor como el arroz normal<\/p>\n\n\n\n<p>Perfecto para:<\/p>\n\n\n\n<ul class=\"wp-block-list\">\n<li>arroz frito al estilo calabaza<\/li>\n\n\n\n<li>cuencos de arroz de colores<\/li>\n\n\n\n<li>cajas para preparar comidas<\/li>\n\n\n\n<li>Comidas bento bajas en carbohidratos<\/li>\n<\/ul>\n\n\n\n<p>Para conocer m\u00e1s formas de cocinar, consulte nuestra <strong><a href=\"https:\/\/scmlkj.com\/es\/receta-de-konjac\/\">Gu\u00eda de recetas<\/a><\/strong><\/p>\n\n\n\n<h2 class=\"wp-block-heading\">Opciones de OEM \/ Marca privada<\/h2>\n\n\n\n<ul class=\"wp-block-list\">\n<li>Tama\u00f1o del paquete personalizado (100 g\/500 g\/1 kg\/5 kg\/25 kg a granel)<\/li>\n\n\n\n<li>Envases para venta al por menor o para servicios de restauraci\u00f3n<\/li>\n\n\n\n<li>Versiones con certificaci\u00f3n ecol\u00f3gica<\/li>\n\n\n\n<li>Mezclas de arroz mixtas (konjac + avena \/ konjac + calabaza)<\/li>\n\n\n\n<li>Apoyo en el dise\u00f1o y la creaci\u00f3n de marcas privadas<\/li>\n<\/ul>\n\n\n\n<p>\u00bfQuieres a\u00f1adir un <strong>alternativa al arroz baja en calor\u00edas<\/strong> \u00bfA su cartera de productos?<br><a href=\"https:\/\/scmlkj.com\/es\/pongase-en-contacto-con\/\">P\u00f3ngase en contacto con <strong>Ma\u00f1ana del Este<\/strong><\/a> para <strong>Arroz Konjac OEM<\/strong>, <a href=\"https:\/\/scmlkj.com\/es\/solicitud-de-muestra-gratuita\/\">muestras<\/a>, y soluciones de precios al por mayor.<\/p>","protected":false},"excerpt":{"rendered":"<p>El Arroz Shirataki Seco Instant\u00e1neo Konjac de Eastern Morning es una alternativa estable al arroz seco a base de konjac que se rehidrata y cuece antes de su consumo. Una vez rehidratado, puede sustituir al arroz tradicional en las comidas diarias.<\/p>\n<ul>\n<li data-start=\"1518\" data-end=\"1569\"><strong data-start=\"1572\" data-end=\"1600\">Sin olor y sabor neutro<\/strong> \u2013 Sin olor a konjac.<\/li>\n<li data-start=\"1620\" data-end=\"1676\">\n<p data-start=\"1622\" data-end=\"1676\"><strong data-start=\"1622\" data-end=\"1649\">Alimento B\u00e1sico Bajo en Calor\u00edas<\/strong> \u2013 Reemplazo ideal del arroz<\/p>\n<\/li>\n<li data-start=\"1677\" data-end=\"1721\">\n<p data-start=\"1679\" data-end=\"1721\"><strong data-start=\"1679\" data-end=\"1719\">Alto en Fibra Diet\u00e9tica Soluble (2.7%)<\/strong><\/p>\n<\/li>\n<li data-start=\"1722\" data-end=\"1762\">\n<p data-start=\"1724\" data-end=\"1762\"><strong data-start=\"1724\" data-end=\"1760\">Sin grasas \u00b7 Sin az\u00facares \u00b7 Bajo en carbohidratos<\/strong><\/p>\n<\/li>\n<li data-start=\"1763\" data-end=\"1795\">\n<p data-start=\"1765\" data-end=\"1795\"><strong data-start=\"1765\" data-end=\"1793\">Sin gluten y sin cereales<\/strong><\/p>\n<\/li>\n<li data-start=\"1796\" data-end=\"1854\">\n<p data-start=\"1798\" data-end=\"1854\"><strong data-start=\"1798\" data-end=\"1825\">Textura Suave, Similar al Arroz<\/strong> \u2013 Se mezcla bien con cualquier plato<\/p>\n<\/li>\n<li data-start=\"1855\" data-end=\"1889\">\n<p data-start=\"1857\" data-end=\"1889\"><strong data-start=\"1857\" data-end=\"1889\">Se aceptan marcas blancas y OEM.<\/strong><\/p>\n<\/li>\n<\/ul>","protected":false},"featured_media":2101,"comment_status":"open","ping_status":"closed","template":"","meta":[],"product_brand":[],"product_cat":[29],"product_tag":[],"class_list":{"0":"post-2098","1":"product","2":"type-product","3":"status-publish","4":"has-post-thumbnail","6":"product_cat-konjac-rice-series","8":"first","9":"instock","10":"shipping-taxable","11":"product-type-simple"},"_links":{"self":[{"href":"https:\/\/scmlkj.com\/es\/wp-json\/wp\/v2\/product\/2098","targetHints":{"allow":["GET"]}}],"collection":[{"href":"https:\/\/scmlkj.com\/es\/wp-json\/wp\/v2\/product"}],"about":[{"href":"https:\/\/scmlkj.com\/es\/wp-json\/wp\/v2\/types\/product"}],"replies":[{"embeddable":true,"href":"https:\/\/scmlkj.com\/es\/wp-json\/wp\/v2\/comments?post=2098"}],"wp:featuredmedia":[{"embeddable":true,"href":"https:\/\/scmlkj.com\/es\/wp-json\/wp\/v2\/media\/2101"}],"wp:attachment":[{"href":"https:\/\/scmlkj.com\/es\/wp-json\/wp\/v2\/media?parent=2098"}],"wp:term":[{"taxonomy":"product_brand","embeddable":true,"href":"https:\/\/scmlkj.com\/es\/wp-json\/wp\/v2\/product_brand?post=2098"},{"taxonomy":"product_cat","embeddable":true,"href":"https:\/\/scmlkj.com\/es\/wp-json\/wp\/v2\/product_cat?post=2098"},{"taxonomy":"product_tag","embeddable":true,"href":"https:\/\/scmlkj.com\/es\/wp-json\/wp\/v2\/product_tag?post=2098"}],"curies":[{"name":"wp","href":"https:\/\/api.w.org\/{rel}","templated":true}]}}