{"id":2102,"date":"2025-12-08T06:44:22","date_gmt":"2025-12-08T06:44:22","guid":{"rendered":"https:\/\/scmlkj.com\/?post_type=product&#038;p=2102"},"modified":"2026-04-30T14:42:27","modified_gmt":"2026-04-30T14:42:27","slug":"pasta-de-konjac-con-sesamo-negro-fideos-shirataki-bajos-en-carbohidratos","status":"publish","type":"product","link":"https:\/\/scmlkj.com\/es\/productos\/pasta-de-konjac-con-sesamo-negro-fideos-shirataki-bajos-en-carbohidratos\/","title":{"rendered":"Pasta de konjac con s\u00e9samo negro"},"content":{"rendered":"<p>Black Sesame Konjac Fusion Pasta no es una mejora de sabor, sino una mejora visual y de marca para las l\u00edneas de alimentos premium bajos en carbohidratos.<\/p>\n\n\n\n<figure class=\"wp-block-image size-large\"><img fetchpriority=\"high\" decoding=\"async\" width=\"1024\" height=\"576\" src=\"https:\/\/scmlkj.com\/wp-content\/uploads\/2026\/04\/black-sesame-konjac-noodles-shirataki-functional-plant-based-1024x576.jpg\" alt=\"Fideos shirataki de konjac y s\u00e9samo negro elaborados con ingredientes vegetales, alternativa funcional a la pasta baja en carbohidratos\" class=\"wp-image-3729\" srcset=\"https:\/\/scmlkj.com\/wp-content\/uploads\/2026\/04\/black-sesame-konjac-noodles-shirataki-functional-plant-based-1024x576.jpg 1024w, https:\/\/scmlkj.com\/wp-content\/uploads\/2026\/04\/black-sesame-konjac-noodles-shirataki-functional-plant-based-300x169.jpg 300w, https:\/\/scmlkj.com\/wp-content\/uploads\/2026\/04\/black-sesame-konjac-noodles-shirataki-functional-plant-based-768x432.jpg 768w, https:\/\/scmlkj.com\/wp-content\/uploads\/2026\/04\/black-sesame-konjac-noodles-shirataki-functional-plant-based-1536x864.jpg 1536w, https:\/\/scmlkj.com\/wp-content\/uploads\/2026\/04\/black-sesame-konjac-noodles-shirataki-functional-plant-based-18x10.jpg 18w, https:\/\/scmlkj.com\/wp-content\/uploads\/2026\/04\/black-sesame-konjac-noodles-shirataki-functional-plant-based-600x338.jpg 600w, https:\/\/scmlkj.com\/wp-content\/uploads\/2026\/04\/black-sesame-konjac-noodles-shirataki-functional-plant-based.jpg 1600w\" sizes=\"(max-width: 1024px) 100vw, 1024px\" \/><\/figure>\n\n\n\n<h2 class=\"wp-block-heading\">Informaci\u00f3n nutricional<\/h2>\n\n\n\n<figure class=\"wp-block-table\"><table class=\"has-fixed-layout\"><tbody><tr><td><strong>Nutriente<\/strong><\/td><td><strong>Unidades<\/strong><\/td><td><strong>Valor por cada 100 g<\/strong><\/td><\/tr><tr><td>Energ\u00eda<\/td><td>kJ \/ kcal<\/td><td>25 kJ \/ 5 kcal<\/td><\/tr><tr><td>Carbohidrato<\/td><td>g<\/td><td>Menos de 0,1<\/td><\/tr><tr><td>Prote\u00edna<\/td><td>g<\/td><td>Menos de 0,1<\/td><\/tr><tr><td>Grasa<\/td><td>g<\/td><td>0<\/td><\/tr><tr><td>Fibra diet\u00e9tica<\/td><td>g<\/td><td>2.7<\/td><\/tr><tr><td>Az\u00facar<\/td><td>g<\/td><td>0<\/td><\/tr><tr><td>Sodio<\/td><td>mg<\/td><td>0<\/td><\/tr><\/tbody><\/table><\/figure>\n\n\n\n<h2 class=\"wp-block-heading\">Informaci\u00f3n b\u00e1sica<\/h2>\n\n\n\n<figure class=\"wp-block-table\"><table class=\"has-fixed-layout\"><tbody><tr><td><strong>Art\u00edculo<\/strong><\/td><td><strong>Detalles<\/strong><\/td><\/tr><tr><td>Nombre del producto<\/td><td>Pasta de konjac con s\u00e9samo negro<\/td><\/tr><tr><td>Tipo de producto<\/td><td>Platos gourmet de pasta baja en carbohidratos<\/td><\/tr><tr><td>Estilo<\/td><td>H\u00famedo, fresco<\/td><\/tr><tr><td>Caracter\u00edstica<\/td><td>Bajo en carbohidratos, sin grasas<\/td><\/tr><tr><td>Tipo de procesamiento<\/td><td>Producci\u00f3n controlada por v\u00eda h\u00fameda<\/td><\/tr><tr><td>Sabor<\/td><td>Neutral<\/td><\/tr><tr><td>Olor<\/td><td>Sin Olor<\/td><\/tr><tr><td>Apariencia<\/td><td>Fideos h\u00famedos de s\u00e9samo negro gris\u00e1ceo-negro<\/td><\/tr><tr><td>Especificaci\u00f3n<\/td><td>270 g \/ bolsa<\/td><\/tr><tr><td>Ingrediente principal<\/td><td><br>Harina de konjac, agua, s\u00e9samo negro en polvo.<\/td><\/tr><tr><td>Contenido<\/td><td>Harina pura de konjac<\/td><\/tr><tr><td>Tiempo de cocci\u00f3n<\/td><td>2 minutos<\/td><\/tr><tr><td>Vida \u00fatil<\/td><td>15 meses<\/td><\/tr><tr><td>Tipo de almacenamiento<\/td><td>Temperatura ambiente<\/td><\/tr><tr><td>Marca comercial<\/td><td>Ma\u00f1ana del Este<\/td><\/tr><\/tbody><\/table><\/figure>\n\n\n\n<p><\/p>\n\n\n\n<h2 class=\"wp-block-heading\">Embalaje y entrega<\/h2>\n\n\n\n<figure class=\"wp-block-table\"><table class=\"has-fixed-layout\"><tbody><tr><td><strong>Art\u00edculo<\/strong><\/td><td><strong>Detalles<\/strong><\/td><\/tr><tr><td>Unidad de venta<\/td><td>Art\u00edculo \u00fanico<\/td><\/tr><tr><td>Tama\u00f1o del paquete<\/td><td>12 \u00d7 10 \u00d7 18 cm<\/td><\/tr><tr><td>Peso bruto<\/td><td>0,280 kg<\/td><\/tr><tr><td>Embalaje<\/td><td>Bolsa<\/td><\/tr><tr><td>Logotipo personalizado<\/td><td>Disponible (cantidad m\u00ednima de pedido: 10 000 bolsas)<\/td><\/tr><\/tbody><\/table><\/figure>\n\n\n\n<figure class=\"wp-block-image size-large\"><img decoding=\"async\" width=\"1024\" height=\"576\" src=\"https:\/\/scmlkj.com\/wp-content\/uploads\/2026\/04\/cooked-black-sesame-konjac-noodles-shirataki-ready-to-eat-1024x576.jpg\" alt=\"Fideos shirataki de konjac con s\u00e9samo negro cocidos servidos en un bol, comida funcional a base de plantas baja en carbohidratos\" class=\"wp-image-3731\" srcset=\"https:\/\/scmlkj.com\/wp-content\/uploads\/2026\/04\/cooked-black-sesame-konjac-noodles-shirataki-ready-to-eat-1024x576.jpg 1024w, https:\/\/scmlkj.com\/wp-content\/uploads\/2026\/04\/cooked-black-sesame-konjac-noodles-shirataki-ready-to-eat-300x169.jpg 300w, https:\/\/scmlkj.com\/wp-content\/uploads\/2026\/04\/cooked-black-sesame-konjac-noodles-shirataki-ready-to-eat-768x432.jpg 768w, https:\/\/scmlkj.com\/wp-content\/uploads\/2026\/04\/cooked-black-sesame-konjac-noodles-shirataki-ready-to-eat-1536x864.jpg 1536w, https:\/\/scmlkj.com\/wp-content\/uploads\/2026\/04\/cooked-black-sesame-konjac-noodles-shirataki-ready-to-eat-18x10.jpg 18w, https:\/\/scmlkj.com\/wp-content\/uploads\/2026\/04\/cooked-black-sesame-konjac-noodles-shirataki-ready-to-eat-600x338.jpg 600w, https:\/\/scmlkj.com\/wp-content\/uploads\/2026\/04\/cooked-black-sesame-konjac-noodles-shirataki-ready-to-eat.jpg 1600w\" sizes=\"(max-width: 1024px) 100vw, 1024px\" \/><\/figure>\n\n\n\n<h2 class=\"wp-block-heading\">C\u00f3mo cocinar<\/h2>\n\n\n\n<p><strong>Listo en 2 minutos<\/strong><\/p>\n\n\n\n<ol class=\"wp-block-list\">\n<li><strong>Desag\u00fce<\/strong> el l\u00edquido y <strong>Enjuague 2 o 3 veces.<\/strong> con agua limpia.<\/li>\n\n\n\n<li><strong>Blanquear<\/strong> en problemas por <strong>1 minuto<\/strong>.<\/li>\n\n\n\n<li>Disfruta con <strong>sopas, salteados, ensaladas, guisos<\/strong>, o cualquier plato de pasta.<\/li>\n<\/ol>\n\n\n\n<p>No es necesario remojar. No es necesario hervir.<\/p>\n\n\n\n<h2 class=\"wp-block-heading\"><a href=\"https:\/\/scmlkj.com\/es\/certificacion\/\">Certificaciones<\/a><\/h2>\n\n\n\n<p>ISO \u00b7 HACCP \u00b7 HALAL \u00b7 KOSHER \u00b7 BRC \u00b7 IFS \u00b7 ORG\u00c1NICO DE LA UE \u00b7 ORG\u00c1NICO DEL USDA<\/p>","protected":false},"excerpt":{"rendered":"<p>Visualmente impactante <strong data-start=\"560\" data-end=\"596\">Pasta de konjac con s\u00e9samo negro<\/strong>, que combina harina de konjac de primera calidad con polvo de s\u00e9samo negro natural. Bajo en calor\u00edas, bajo en carbohidratos, inodoro y perfecto para marcas de comida gourmet, fusi\u00f3n y saludable. Ideal para clientes OEM\/ODM que buscan un producto diferenciado.<\/p>\n<ul>\n<li data-start=\"852\" data-end=\"956\">\n<p data-start=\"854\" data-end=\"956\"><strong data-start=\"854\" data-end=\"883\">Apariencia gourmet \u00fanica<\/strong> \u2013 La infusi\u00f3n natural de s\u00e9samo negro crea una pasta de alta calidad con un tono carb\u00f3n.<\/p>\n<\/li>\n<li data-start=\"957\" data-end=\"1049\">\n<p data-start=\"959\" data-end=\"1049\"><strong data-start=\"959\" data-end=\"984\">Bajo en carbohidratos, bajo en calor\u00edas<\/strong> \u2013 Solo 5 kcal por cada 100 g; ideal para dietas cetog\u00e9nicas y de control de peso.<\/p>\n<\/li>\n<li data-start=\"1050\" data-end=\"1150\">\n<p data-start=\"1052\" data-end=\"1150\"><strong data-start=\"1052\" data-end=\"1080\">Sin olor y sabor neutro<\/strong> \u2013 El s\u00e9samo aporta color, pero no sabor, lo que permite una gran flexibilidad en las recetas.<\/p>\n<\/li>\n<li data-start=\"1151\" data-end=\"1237\">\n<p data-start=\"1153\" data-end=\"1237\"><strong data-start=\"1153\" data-end=\"1180\">Listo en solo 2 minutos<\/strong> \u2013 Pasta konjac instant\u00e1nea de estilo h\u00famedo para una preparaci\u00f3n r\u00e1pida.<\/p>\n<\/li>\n<li data-start=\"1238\" data-end=\"1342\">\n<p data-start=\"1240\" data-end=\"1342\"><strong data-start=\"1240\" data-end=\"1276\">Alto contenido en fibra, sin grasas, sin az\u00facares.<\/strong> \u2013 F\u00f3rmula con etiqueta limpia adecuada para los mercados mundiales de alimentos saludables.<\/p>\n<\/li>\n<li data-start=\"1343\" data-end=\"1451\">\n<p data-start=\"1345\" data-end=\"1451\"><strong data-start=\"1345\" data-end=\"1384\">Certificado para mercados internacionales<\/strong> \u2013 ISO, HACCP, HALAL, KOSHER, BRC, IFS, Ecol\u00f3gico UE, Ecol\u00f3gico USDA.<\/p>\n<\/li>\n<li data-start=\"1452\" data-end=\"1534\">\n<p data-start=\"1454\" data-end=\"1534\"><strong data-start=\"1454\" data-end=\"1481\">Listo para OEM\/marca privada<\/strong> \u2013 Producto \u00fanico para marcas que desean SKU destacados.<\/p>\n<\/li>\n<\/ul>","protected":false},"featured_media":712,"comment_status":"open","ping_status":"closed","template":"","meta":[],"product_brand":[],"product_cat":[48],"product_tag":[],"class_list":{"0":"post-2102","1":"product","2":"type-product","3":"status-publish","4":"has-post-thumbnail","6":"product_cat-organic-konjac-pasta","8":"first","9":"instock","10":"shipping-taxable","11":"product-type-simple"},"_links":{"self":[{"href":"https:\/\/scmlkj.com\/es\/wp-json\/wp\/v2\/product\/2102","targetHints":{"allow":["GET"]}}],"collection":[{"href":"https:\/\/scmlkj.com\/es\/wp-json\/wp\/v2\/product"}],"about":[{"href":"https:\/\/scmlkj.com\/es\/wp-json\/wp\/v2\/types\/product"}],"replies":[{"embeddable":true,"href":"https:\/\/scmlkj.com\/es\/wp-json\/wp\/v2\/comments?post=2102"}],"wp:featuredmedia":[{"embeddable":true,"href":"https:\/\/scmlkj.com\/es\/wp-json\/wp\/v2\/media\/712"}],"wp:attachment":[{"href":"https:\/\/scmlkj.com\/es\/wp-json\/wp\/v2\/media?parent=2102"}],"wp:term":[{"taxonomy":"product_brand","embeddable":true,"href":"https:\/\/scmlkj.com\/es\/wp-json\/wp\/v2\/product_brand?post=2102"},{"taxonomy":"product_cat","embeddable":true,"href":"https:\/\/scmlkj.com\/es\/wp-json\/wp\/v2\/product_cat?post=2102"},{"taxonomy":"product_tag","embeddable":true,"href":"https:\/\/scmlkj.com\/es\/wp-json\/wp\/v2\/product_tag?post=2102"}],"curies":[{"name":"wp","href":"https:\/\/api.w.org\/{rel}","templated":true}]}}