{"id":2109,"date":"2025-12-08T06:50:25","date_gmt":"2025-12-08T06:50:25","guid":{"rendered":"https:\/\/scmlkj.com\/?post_type=product&#038;p=2109"},"modified":"2026-04-12T07:19:42","modified_gmt":"2026-04-12T07:19:42","slug":"fideos-de-curcuma-konjac-pasta-shirataki","status":"publish","type":"product","link":"https:\/\/scmlkj.com\/es\/productos\/fideos-de-curcuma-konjac-pasta-shirataki\/","title":{"rendered":"Fideos de c\u00farcuma y konjac Pasta Shirataki"},"content":{"rendered":"<p>El extracto de c\u00farcuma se utiliza principalmente por su color dorado natural y su posicionamiento funcional, al tiempo que mantiene un perfil de sabor neutro adecuado para diversas cocinas.<\/p>\n\n\n\n<h2 class=\"wp-block-heading\">Informaci\u00f3n nutricional<\/h2>\n\n\n\n<figure class=\"wp-block-table\"><table class=\"has-fixed-layout\"><tbody><tr><td><strong>Nutriente<\/strong><\/td><td><strong>Unidades<\/strong><\/td><td><strong>Valor por cada 100 g<\/strong><\/td><\/tr><tr><td>Energ\u00eda<\/td><td>kJ \/ kcal<\/td><td>25 kJ \/ 5 kcal<\/td><\/tr><tr><td>Carbohidrato<\/td><td>g<\/td><td>Menos de 0,1<\/td><\/tr><tr><td>Prote\u00edna<\/td><td>g<\/td><td>Menos de 0,1<\/td><\/tr><tr><td>Grasa<\/td><td>g<\/td><td>0<\/td><\/tr><tr><td>Fibra diet\u00e9tica<\/td><td>g<\/td><td>2.7<\/td><\/tr><tr><td>Az\u00facar<\/td><td>g<\/td><td>0<\/td><\/tr><tr><td>Sodio<\/td><td>mg<\/td><td>0<\/td><\/tr><\/tbody><\/table><\/figure>\n\n\n\n<h2 class=\"wp-block-heading\">Informaci\u00f3n b\u00e1sica<\/h2>\n\n\n\n<figure class=\"wp-block-table\"><table class=\"has-fixed-layout\"><tbody><tr><td><strong>Art\u00edculo<\/strong><\/td><td><strong>Detalles<\/strong><\/td><\/tr><tr><td>Nombre del producto<\/td><td>Fideos de c\u00farcuma y konjac \/ Pasta shirataki<\/td><\/tr><tr><td>Tipo de producto<\/td><td>Fideos instant\u00e1neos de konjac<\/td><\/tr><tr><td>Estilo<\/td><td>H\u00famedo, fresco<\/td><\/tr><tr><td>Caracter\u00edstica<\/td><td>Bajo en carbohidratos, sin grasas<\/td><\/tr><tr><td>Tipo de procesamiento<\/td><td>Producci\u00f3n controlada por v\u00eda h\u00fameda<\/td><\/tr><tr><td>Sabor<\/td><td>Neutral<\/td><\/tr><tr><td>Olor<\/td><td>Inodoro<\/td><\/tr><tr><td>Apariencia<\/td><td>Fideos naturales con infusi\u00f3n de c\u00farcuma amarilla<\/td><\/tr><tr><td>Especificaci\u00f3n<\/td><td>270 g \/ bolsa<\/td><\/tr><tr><td>Ingrediente principal<\/td><td><br>Harina de konjac, agua, extracto\/polvo de c\u00farcuma.<\/td><\/tr><tr><td>Contenido<\/td><td>Harina pura de konjac<\/td><\/tr><tr><td>Tiempo de cocci\u00f3n<\/td><td>2 minutos<\/td><\/tr><tr><td>Vida \u00fatil<\/td><td>15 meses<\/td><\/tr><tr><td>Tipo de almacenamiento<\/td><td>Temperatura ambiente<\/td><\/tr><tr><td>Marca comercial<\/td><td>Ma\u00f1ana del Este<\/td><\/tr><\/tbody><\/table><\/figure>\n\n\n\n<h2 class=\"wp-block-heading\">Aplicaciones recomendadas<\/h2>\n\n\n\n<p>Platos de pasta funcionales y superalimentarios<\/p>\n\n\n\n<p>Kits de comida vegana y basada en plantas<\/p>\n\n\n\n<p>Platos preparados bajos en carbohidratos y aptos para ceto<\/p>\n\n\n\n<p>Recetas de pasta amarilla e inspiradas en el curry<\/p>\n\n\n\n<p>Alternativas limpias a la pasta al por menor<\/p>\n\n\n\n<h2 class=\"wp-block-heading\">Embalaje y entrega<\/h2>\n\n\n\n<figure class=\"wp-block-table\"><table class=\"has-fixed-layout\"><tbody><tr><td><strong>Art\u00edculo<\/strong><\/td><td><strong>Detalles<\/strong><\/td><\/tr><tr><td>Unidad de venta<\/td><td>Art\u00edculo \u00fanico<\/td><\/tr><tr><td>Tama\u00f1o del paquete<\/td><td>12 \u00d7 10 \u00d7 18 cm<\/td><\/tr><tr><td>Peso bruto<\/td><td>0,280 kg<\/td><\/tr><tr><td>Embalaje<\/td><td>Bolsa<\/td><\/tr><tr><td>Logotipo personalizado<\/td><td>Disponible (cantidad m\u00ednima de pedido: 10 000 bolsas)<\/td><\/tr><\/tbody><\/table><\/figure>\n\n\n\n<p><\/p>\n\n\n\n<h2 class=\"wp-block-heading\">C\u00f3mo cocinar<\/h2>\n\n\n\n<p><strong>Listo en 2 minutos<\/strong><\/p>\n\n\n\n<ol class=\"wp-block-list\">\n<li>Escurrir el l\u00edquido y enjuagar. <strong>2-3 veces<\/strong>.<\/li>\n\n\n\n<li>Escaldar en agua caliente durante <strong>1 minuto<\/strong>.<\/li>\n\n\n\n<li>Perfecto para:\n<ul class=\"wp-block-list\">\n<li>platos de pasta amarilla<\/li>\n\n\n\n<li>salteados al estilo curry<\/li>\n\n\n\n<li>boles veganos<\/li>\n\n\n\n<li>kits de comidas bajas en carbohidratos<\/li>\n\n\n\n<li>aderezos para ensaladas<\/li>\n\n\n\n<li>comidas preparadas con etiqueta limpia<\/li>\n<\/ul>\n<\/li>\n<\/ol>\n\n\n\n<p>La c\u00farcuma proporciona un color dorado natural, ideal para crear comidas saludables y visualmente atractivas.<\/p>\n\n\n\n<h2 class=\"wp-block-heading\">Certificaciones<\/h2>\n\n\n\n<p>ISO \u00b7 HACCP \u00b7 HALAL \u00b7 KOSHER \u00b7 BRC \u00b7 IFS \u00b7 ORG\u00c1NICO DE LA UE \u00b7 ORG\u00c1NICO DEL USDA<\/p>","protected":false},"excerpt":{"rendered":"<p>Un color brillante y natural. <strong data-start=\"494\" data-end=\"520\">Fideos de c\u00farcuma y konjac<\/strong> Elaborada con harina de konjac de primera calidad y extracto de c\u00farcuma. Baja en calor\u00edas, baja en carbohidratos, vegana y perfecta para marcas de alimentos saludables, productores de kits de comida, minoristas y clientes de marcas blancas que buscan una pasta funcional con un aspecto \u00fanico.<\/p>\n<ul>\n<li data-start=\"791\" data-end=\"873\">\n<p data-start=\"793\" data-end=\"873\"><strong data-start=\"793\" data-end=\"822\">Infusi\u00f3n natural de c\u00farcuma<\/strong> \u2013 Tono amarillo c\u00e1lido con un atractivo nutricional a\u00f1adido.<\/p>\n<\/li>\n<li data-start=\"874\" data-end=\"968\">\n<p data-start=\"876\" data-end=\"968\"><strong data-start=\"876\" data-end=\"897\">Ultra bajo en calor\u00edas<\/strong> \u2013 Solo <strong data-start=\"905\" data-end=\"924\">5 kcal por cada 100 g<\/strong>, ideal para las categor\u00edas de dieta cetog\u00e9nica y p\u00e9rdida de peso.<\/p>\n<\/li>\n<li data-start=\"969\" data-end=\"1033\">\n<p data-start=\"971\" data-end=\"1033\"><strong data-start=\"971\" data-end=\"1000\">De origen vegetal y etiqueta limpia<\/strong> \u2013 Sin grasas, sin az\u00facar, sin gluten.<\/p>\n<\/li>\n<li data-start=\"1034\" data-end=\"1113\">\n<p data-start=\"1036\" data-end=\"1113\"><strong data-start=\"1036\" data-end=\"1058\">Listo en 2 minutos<\/strong> \u2013 Fideos konjac instant\u00e1neos de estilo h\u00famedo para cocinar f\u00e1cilmente.<\/p>\n<\/li>\n<li data-start=\"1114\" data-end=\"1200\">\n<p data-start=\"1116\" data-end=\"1200\"><strong data-start=\"1116\" data-end=\"1133\">Sabor neutro<\/strong> \u2013 La c\u00farcuma realza el color, no el sabor; apta para cualquier tipo de cocina.<\/p>\n<\/li>\n<li data-start=\"1201\" data-end=\"1296\">\n<p data-start=\"1203\" data-end=\"1296\"><strong data-start=\"1203\" data-end=\"1232\">Atractivo de los ingredientes de primera calidad<\/strong> \u2013 Ideal para l\u00edneas de alimentos funcionales y productos tipo superalimentos.<\/p>\n<\/li>\n<li data-start=\"1297\" data-end=\"1378\">\n<p data-start=\"1299\" data-end=\"1378\"><strong data-start=\"1299\" data-end=\"1328\">Soporte para OEM\/marcas privadas<\/strong> \u2013 Disponibles en tama\u00f1os, colores y marcas personalizados.<\/p>\n<\/li>\n<li data-start=\"1379\" data-end=\"1471\">\n<p data-start=\"1381\" data-end=\"1471\"><strong data-start=\"1381\" data-end=\"1406\">Certificaciones globales<\/strong> \u2013 ISO, HACCP, HALAL, KOSHER, BRC, IFS, Ecol\u00f3gico UE, Ecol\u00f3gico USDA.<\/p>\n<\/li>\n<\/ul>","protected":false},"featured_media":2375,"comment_status":"open","ping_status":"closed","template":"","meta":[],"product_brand":[],"product_cat":[48],"product_tag":[],"class_list":{"0":"post-2109","1":"product","2":"type-product","3":"status-publish","4":"has-post-thumbnail","6":"product_cat-organic-konjac-pasta","8":"first","9":"instock","10":"shipping-taxable","11":"product-type-simple"},"_links":{"self":[{"href":"https:\/\/scmlkj.com\/es\/wp-json\/wp\/v2\/product\/2109","targetHints":{"allow":["GET"]}}],"collection":[{"href":"https:\/\/scmlkj.com\/es\/wp-json\/wp\/v2\/product"}],"about":[{"href":"https:\/\/scmlkj.com\/es\/wp-json\/wp\/v2\/types\/product"}],"replies":[{"embeddable":true,"href":"https:\/\/scmlkj.com\/es\/wp-json\/wp\/v2\/comments?post=2109"}],"wp:featuredmedia":[{"embeddable":true,"href":"https:\/\/scmlkj.com\/es\/wp-json\/wp\/v2\/media\/2375"}],"wp:attachment":[{"href":"https:\/\/scmlkj.com\/es\/wp-json\/wp\/v2\/media?parent=2109"}],"wp:term":[{"taxonomy":"product_brand","embeddable":true,"href":"https:\/\/scmlkj.com\/es\/wp-json\/wp\/v2\/product_brand?post=2109"},{"taxonomy":"product_cat","embeddable":true,"href":"https:\/\/scmlkj.com\/es\/wp-json\/wp\/v2\/product_cat?post=2109"},{"taxonomy":"product_tag","embeddable":true,"href":"https:\/\/scmlkj.com\/es\/wp-json\/wp\/v2\/product_tag?post=2109"}],"curies":[{"name":"wp","href":"https:\/\/api.w.org\/{rel}","templated":true}]}}