{"id":2113,"date":"2025-12-08T06:52:44","date_gmt":"2025-12-08T06:52:44","guid":{"rendered":"https:\/\/scmlkj.com\/?post_type=product&#038;p=2113"},"modified":"2026-04-12T07:18:50","modified_gmt":"2026-04-12T07:18:50","slug":"fideos-konjac-shirataki-con-infusion-de-albahaca","status":"publish","type":"product","link":"https:\/\/scmlkj.com\/es\/productos\/fideos-konjac-shirataki-con-infusion-de-albahaca\/","title":{"rendered":"Fideos Konjac Shirataki con infusi\u00f3n de albahaca\u00a0"},"content":{"rendered":"<p>El extracto de albahaca se utiliza para proporcionar un aroma herb\u00e1ceo fresco y una identidad visual, manteniendo al mismo tiempo una base de sabor neutro adecuada para diversas cocinas.<\/p>\n\n\n\n<h2 class=\"wp-block-heading\">Informaci\u00f3n nutricional<\/h2>\n\n\n\n<figure class=\"wp-block-table\"><table class=\"has-fixed-layout\"><tbody><tr><td><strong>Nutriente<\/strong><\/td><td><strong>Unidades<\/strong><\/td><td><strong>Valor por cada 100 g<\/strong><\/td><\/tr><tr><td>Energ\u00eda<\/td><td>kJ \/ kcal<\/td><td>25 kJ \/ 5 kcal<\/td><\/tr><tr><td>Carbohidrato<\/td><td>g<\/td><td>Menos de 0,1<\/td><\/tr><tr><td>Prote\u00edna<\/td><td>g<\/td><td>Menos de 0,1<\/td><\/tr><tr><td>Grasa<\/td><td>g<\/td><td>0<\/td><\/tr><tr><td>Fibra diet\u00e9tica<\/td><td>g<\/td><td>2.7<\/td><\/tr><tr><td>Az\u00facar<\/td><td>g<\/td><td>0<\/td><\/tr><tr><td>Sodio<\/td><td>mg<\/td><td>0<\/td><\/tr><\/tbody><\/table><\/figure>\n\n\n\n<h2 class=\"wp-block-heading\">Informaci\u00f3n b\u00e1sica<\/h2>\n\n\n\n<figure class=\"wp-block-table\"><table class=\"has-fixed-layout\"><tbody><tr><td><strong>Art\u00edculo<\/strong><\/td><td><strong>Detalles<\/strong><\/td><\/tr><tr><td>Nombre del producto<\/td><td>Fideos Konjac Shirataki con infusi\u00f3n de albahaca<\/td><\/tr><tr><td>Tipo de producto<\/td><td>Fideos instant\u00e1neos de konjac<\/td><\/tr><tr><td>Estilo<\/td><td>H\u00famedo, fresco<\/td><\/tr><tr><td>Caracter\u00edstica<\/td><td>Bajo en carbohidratos, sin grasas<\/td><\/tr><tr><td>Tipo de procesamiento<\/td><td>Producci\u00f3n controlada por v\u00eda h\u00fameda<\/td><\/tr><tr><td>Sabor<\/td><td>Neutro, apto para cualquier tipo de cocina.<\/td><\/tr><tr><td>Olor<\/td><td>Suave aroma herbal (inodoro tras el aclarado)<\/td><\/tr><tr><td>Apariencia<\/td><td>Verde claro con infusi\u00f3n de albahaca<\/td><\/tr><tr><td>Especificaci\u00f3n<\/td><td>270 g \/ bolsa<\/td><\/tr><tr><td>Ingrediente principal<\/td><td><br>Harina de konjac, agua, extracto\/polvo de albahaca.<\/td><\/tr><tr><td>Contenido<\/td><td>Harina pura de konjac<\/td><\/tr><tr><td>Tiempo de cocci\u00f3n<\/td><td>2 minutos<\/td><\/tr><tr><td>Vida \u00fatil<\/td><td>15 meses<\/td><\/tr><tr><td>Tipo de almacenamiento<\/td><td>Temperatura ambiente<\/td><\/tr><tr><td>Marca comercial<\/td><td>Ma\u00f1ana del Este<\/td><\/tr><\/tbody><\/table><\/figure>\n\n\n\n<p><\/p>\n\n\n\n<h2 class=\"wp-block-heading\"><strong>Embalaje y entrega<\/strong><\/h2>\n\n\n\n<figure class=\"wp-block-table\"><table class=\"has-fixed-layout\"><tbody><tr><td><strong>Art\u00edculo<\/strong><\/td><td><strong>Detalles<\/strong><\/td><\/tr><tr><td>Unidad de venta<\/td><td>Art\u00edculo \u00fanico<\/td><\/tr><tr><td>Tama\u00f1o del paquete<\/td><td>12 \u00d7 10 \u00d7 18 cm<\/td><\/tr><tr><td>Peso bruto<\/td><td>0,280 kg<\/td><\/tr><tr><td>Embalaje<\/td><td>Bolsa<\/td><\/tr><tr><td>Logotipo personalizado<\/td><td>Disponible (cantidad m\u00ednima de pedido: 10 000 bolsas)<\/td><\/tr><\/tbody><\/table><\/figure>\n\n\n\n<p><\/p>\n\n\n\n<h2 class=\"wp-block-heading\">C\u00f3mo cocinar<\/h2>\n\n\n\n<p><strong>Listo en 2 minutos<\/strong><\/p>\n\n\n\n<ol class=\"wp-block-list\">\n<li>Escurrir y enjuagar. <strong>2-3 veces<\/strong>.<\/li>\n\n\n\n<li>Escaldar en agua caliente durante <strong>1 minuto<\/strong>.<\/li>\n\n\n\n<li>Perfecto con:\n<ul class=\"wp-block-list\">\n<li>salsas a base de pesto o albahaca<\/li>\n\n\n\n<li>Platos de fusi\u00f3n mediterr\u00e1nea<\/li>\n\n\n\n<li>ensaladas y poke bowls<\/li>\n\n\n\n<li>kits de comidas veganas y cetog\u00e9nicas<\/li>\n\n\n\n<li>salteados ligeros<\/li>\n<\/ul>\n<\/li>\n<\/ol>\n\n\n\n<p>A\u00f1ade un toque fresco a base de hierbas, al tiempo que mantiene la textura cl\u00e1sica y la neutralidad del konjac.<\/p>\n\n\n\n<h2 class=\"wp-block-heading\"><strong>Certificaciones<\/strong><\/h2>\n\n\n\n<p>ISO \u00b7 HACCP \u00b7 HALAL \u00b7 KOSHER \u00b7 BRC \u00b7 IFS \u00b7 ORG\u00c1NICO DE LA UE \u00b7 ORG\u00c1NICO DEL USDA<\/p>","protected":false},"excerpt":{"rendered":"<p data-start=\"470\" data-end=\"753\">Refrescante, naturalmente herbal. <strong data-start=\"501\" data-end=\"532\">Fideos konjac con infusi\u00f3n de albahaca<\/strong> Elaborado con harina de konjac de primera calidad y extracto de albahaca. Bajo en carbohidratos, sin grasas, con etiqueta limpia e ideal para marcas de alimentos saludables, proveedores de kits de comida y minoristas de marca propia. Aroma suave, sabor neutro y aspecto atractivo.<\/p>\n<ul>\n<li data-start=\"789\" data-end=\"870\">\n<p data-start=\"791\" data-end=\"870\"><strong data-start=\"791\" data-end=\"815\">Fusi\u00f3n natural de albahaca<\/strong> \u2013 Aroma herbal ligero con un tono verde limpio y fresco.<\/p>\n<\/li>\n<li data-start=\"871\" data-end=\"967\">\n<p data-start=\"873\" data-end=\"967\"><strong data-start=\"873\" data-end=\"899\">Bajo en calor\u00edas y bajo en carbohidratos<\/strong> \u2013 Solo <strong data-start=\"907\" data-end=\"926\">5 kcal por cada 100 g<\/strong>, perfecto para dietas cetog\u00e9nicas y de adelgazamiento.<\/p>\n<\/li>\n<li data-start=\"968\" data-end=\"1052\">\n<p data-start=\"970\" data-end=\"1052\"><strong data-start=\"970\" data-end=\"999\">Formato instant\u00e1neo y pr\u00e1ctico<\/strong> \u2013 Fideos konjac al estilo h\u00famedo listos en <strong data-start=\"1036\" data-end=\"1049\">2 minutos<\/strong>.<\/p>\n<\/li>\n<li data-start=\"1053\" data-end=\"1129\">\n<p data-start=\"1055\" data-end=\"1129\"><strong data-start=\"1055\" data-end=\"1072\">Sabor neutro<\/strong> \u2013 Combina f\u00e1cilmente con salsas occidentales, asi\u00e1ticas y de fusi\u00f3n.<\/p>\n<\/li>\n<li data-start=\"1130\" data-end=\"1209\">\n<p data-start=\"1132\" data-end=\"1209\"><strong data-start=\"1132\" data-end=\"1173\">Perfecto para kits de comidas saludables de primera calidad<\/strong> \u2013 Vegano, sin az\u00facar, sin gluten.<\/p>\n<\/li>\n<li data-start=\"1210\" data-end=\"1312\">\n<p data-start=\"1212\" data-end=\"1312\"><strong data-start=\"1212\" data-end=\"1244\">Certificado para los mercados globales<\/strong> \u2013 ISO, HACCP, HALAL, KOSHER, BRC, IFS, UE Org\u00e1nico y USDA Org\u00e1nico.<\/p>\n<\/li>\n<li data-start=\"1313\" data-end=\"1397\">\n<p data-start=\"1315\" data-end=\"1397\"><strong data-start=\"1315\" data-end=\"1346\">Soporte para fabricantes de equipos originales (OEM) y marcas privadas<\/strong> \u2013 Recetas, colores y envases personalizados disponibles.<\/p>\n<\/li>\n<\/ul>","protected":false},"featured_media":2116,"comment_status":"open","ping_status":"closed","template":"","meta":[],"product_brand":[],"product_cat":[48],"product_tag":[],"class_list":{"0":"post-2113","1":"product","2":"type-product","3":"status-publish","4":"has-post-thumbnail","6":"product_cat-organic-konjac-pasta","8":"first","9":"instock","10":"shipping-taxable","11":"product-type-simple"},"_links":{"self":[{"href":"https:\/\/scmlkj.com\/es\/wp-json\/wp\/v2\/product\/2113","targetHints":{"allow":["GET"]}}],"collection":[{"href":"https:\/\/scmlkj.com\/es\/wp-json\/wp\/v2\/product"}],"about":[{"href":"https:\/\/scmlkj.com\/es\/wp-json\/wp\/v2\/types\/product"}],"replies":[{"embeddable":true,"href":"https:\/\/scmlkj.com\/es\/wp-json\/wp\/v2\/comments?post=2113"}],"wp:featuredmedia":[{"embeddable":true,"href":"https:\/\/scmlkj.com\/es\/wp-json\/wp\/v2\/media\/2116"}],"wp:attachment":[{"href":"https:\/\/scmlkj.com\/es\/wp-json\/wp\/v2\/media?parent=2113"}],"wp:term":[{"taxonomy":"product_brand","embeddable":true,"href":"https:\/\/scmlkj.com\/es\/wp-json\/wp\/v2\/product_brand?post=2113"},{"taxonomy":"product_cat","embeddable":true,"href":"https:\/\/scmlkj.com\/es\/wp-json\/wp\/v2\/product_cat?post=2113"},{"taxonomy":"product_tag","embeddable":true,"href":"https:\/\/scmlkj.com\/es\/wp-json\/wp\/v2\/product_tag?post=2113"}],"curies":[{"name":"wp","href":"https:\/\/api.w.org\/{rel}","templated":true}]}}