{"id":2117,"date":"2025-12-08T06:56:03","date_gmt":"2025-12-08T06:56:03","guid":{"rendered":"https:\/\/scmlkj.com\/?post_type=product&#038;p=2117"},"modified":"2026-04-30T14:52:44","modified_gmt":"2026-04-30T14:52:44","slug":"espagueti-shirataki-de-avena-y-konjac","status":"publish","type":"product","link":"https:\/\/scmlkj.com\/es\/productos\/espagueti-shirataki-de-avena-y-konjac\/","title":{"rendered":"Espaguetis de avena y konjac shirataki"},"content":{"rendered":"<p>Se a\u00f1ade fibra de avena para mejorar la sensaci\u00f3n en boca y la firmeza, lo que hace que los espaguetis se parezcan m\u00e1s a la pasta de trigo tradicional sin dejar de ser bajos en calor\u00edas y carbohidratos.<\/p>\n\n\n\n<figure class=\"wp-block-image size-large\"><img fetchpriority=\"high\" decoding=\"async\" width=\"1024\" height=\"576\" src=\"https:\/\/scmlkj.com\/wp-content\/uploads\/2026\/04\/oat-konjac-noodles-shirataki-high-fiber-plant-based-1024x576.jpg\" alt=\"Fideos shirataki de avena konjac elaborados con ingredientes vegetales, alternativa a la pasta baja en carbohidratos y rica en fibra\" class=\"wp-image-3732\" srcset=\"https:\/\/scmlkj.com\/wp-content\/uploads\/2026\/04\/oat-konjac-noodles-shirataki-high-fiber-plant-based-1024x576.jpg 1024w, https:\/\/scmlkj.com\/wp-content\/uploads\/2026\/04\/oat-konjac-noodles-shirataki-high-fiber-plant-based-300x169.jpg 300w, https:\/\/scmlkj.com\/wp-content\/uploads\/2026\/04\/oat-konjac-noodles-shirataki-high-fiber-plant-based-768x432.jpg 768w, https:\/\/scmlkj.com\/wp-content\/uploads\/2026\/04\/oat-konjac-noodles-shirataki-high-fiber-plant-based-1536x864.jpg 1536w, https:\/\/scmlkj.com\/wp-content\/uploads\/2026\/04\/oat-konjac-noodles-shirataki-high-fiber-plant-based-18x10.jpg 18w, https:\/\/scmlkj.com\/wp-content\/uploads\/2026\/04\/oat-konjac-noodles-shirataki-high-fiber-plant-based-600x338.jpg 600w, https:\/\/scmlkj.com\/wp-content\/uploads\/2026\/04\/oat-konjac-noodles-shirataki-high-fiber-plant-based.jpg 1600w\" sizes=\"(max-width: 1024px) 100vw, 1024px\" \/><\/figure>\n\n\n\n<h2 class=\"wp-block-heading\">Informaci\u00f3n nutricional<\/h2>\n\n\n\n<figure class=\"wp-block-table\"><table class=\"has-fixed-layout\"><tbody><tr><td><strong>Nutriente<\/strong><\/td><td><strong>Unidades<\/strong><\/td><td><strong>Valor por cada 100 g<\/strong><\/td><\/tr><tr><td>Energ\u00eda<\/td><td>kJ \/ kcal<\/td><td>25 kJ \/ 5 kcal<\/td><\/tr><tr><td>Carbohidrato<\/td><td>g<\/td><td>Menos de 0,1<\/td><\/tr><tr><td>Prote\u00edna<\/td><td>g<\/td><td>Menos de 0,1<\/td><\/tr><tr><td>Grasa<\/td><td>g<\/td><td>0<\/td><\/tr><tr><td>Fibra diet\u00e9tica<\/td><td>g<\/td><td>2.7<\/td><\/tr><tr><td>Az\u00facar<\/td><td>g<\/td><td>0<\/td><\/tr><tr><td>Sodio<\/td><td>mg<\/td><td>0<\/td><\/tr><\/tbody><\/table><\/figure>\n\n\n\n<h2 class=\"wp-block-heading\">Informaci\u00f3n b\u00e1sica<\/h2>\n\n\n\n<figure class=\"wp-block-table\"><table class=\"has-fixed-layout\"><tbody><tr><td><strong>Art\u00edculo<\/strong><\/td><td><strong>Detalles<\/strong><\/td><\/tr><tr><td>Nombre del producto<\/td><td>Espaguetis de avena y konjac shirataki<\/td><\/tr><tr><td>Tipo de producto<\/td><td>Fideos instant\u00e1neos de konjac<\/td><\/tr><tr><td>Estilo<\/td><td>H\u00famedo, fresco<\/td><\/tr><tr><td>Caracter\u00edstica<\/td><td>Bajo en carbohidratos, sin grasas<\/td><\/tr><tr><td>Tipo de procesamiento<\/td><td>Hecho a mano<\/td><\/tr><tr><td>Sabor<\/td><td>Neutral<\/td><\/tr><tr><td>Olor<\/td><td>Inodoro<\/td><\/tr><tr><td>Apariencia<\/td><td>Corte de espagueti color beige-blancuzco infundido con avena<\/td><\/tr><tr><td>Especificaci\u00f3n<\/td><td>270 g \/ bolsa<\/td><\/tr><tr><td>Ingrediente principal<\/td><td><br>Harina de konjac, agua, fibra de avena<\/td><\/tr><tr><td>Contenido<\/td><td>Harina pura de konjac<\/td><\/tr><tr><td>Tiempo de cocci\u00f3n<\/td><td>2 minutos<\/td><\/tr><tr><td>Vida \u00fatil<\/td><td>15 meses<\/td><\/tr><tr><td>Tipo de almacenamiento<\/td><td>Temperatura ambiente<\/td><\/tr><tr><td>Marca comercial<\/td><td>Ma\u00f1ana del Este<\/td><\/tr><\/tbody><\/table><\/figure>\n\n\n\n<p><\/p>\n\n\n\n<h2 class=\"wp-block-heading\">Embalaje y entrega<\/h2>\n\n\n\n<figure class=\"wp-block-table\"><table class=\"has-fixed-layout\"><tbody><tr><td><strong>Art\u00edculo<\/strong><\/td><td><strong>Detalles<\/strong><\/td><\/tr><tr><td>Unidad de venta<\/td><td>Art\u00edculo \u00fanico<\/td><\/tr><tr><td>Tama\u00f1o del paquete<\/td><td>12 \u00d7 10 \u00d7 18 cm<\/td><\/tr><tr><td>Peso bruto<\/td><td>0,280 kg<\/td><\/tr><tr><td>Embalaje<\/td><td>Bolsa<\/td><\/tr><tr><td>Logotipo personalizado<\/td><td>Disponible (cantidad m\u00ednima de pedido: 10 000 bolsas)<\/td><\/tr><\/tbody><\/table><\/figure>\n\n\n\n<figure class=\"wp-block-image size-large\"><img decoding=\"async\" width=\"1024\" height=\"576\" src=\"https:\/\/scmlkj.com\/wp-content\/uploads\/2026\/04\/cooked-oat-konjac-noodles-shirataki-high-fiber-ready-to-eat-1024x576.jpg\" alt=\"Fideos shirataki de avena konjac cocidos servidos en un bol, comida vegetal rica en fibra y baja en carbohidratos\" class=\"wp-image-3734\" srcset=\"https:\/\/scmlkj.com\/wp-content\/uploads\/2026\/04\/cooked-oat-konjac-noodles-shirataki-high-fiber-ready-to-eat-1024x576.jpg 1024w, https:\/\/scmlkj.com\/wp-content\/uploads\/2026\/04\/cooked-oat-konjac-noodles-shirataki-high-fiber-ready-to-eat-300x169.jpg 300w, https:\/\/scmlkj.com\/wp-content\/uploads\/2026\/04\/cooked-oat-konjac-noodles-shirataki-high-fiber-ready-to-eat-768x432.jpg 768w, https:\/\/scmlkj.com\/wp-content\/uploads\/2026\/04\/cooked-oat-konjac-noodles-shirataki-high-fiber-ready-to-eat-1536x864.jpg 1536w, https:\/\/scmlkj.com\/wp-content\/uploads\/2026\/04\/cooked-oat-konjac-noodles-shirataki-high-fiber-ready-to-eat-18x10.jpg 18w, https:\/\/scmlkj.com\/wp-content\/uploads\/2026\/04\/cooked-oat-konjac-noodles-shirataki-high-fiber-ready-to-eat-600x338.jpg 600w, https:\/\/scmlkj.com\/wp-content\/uploads\/2026\/04\/cooked-oat-konjac-noodles-shirataki-high-fiber-ready-to-eat.jpg 1600w\" sizes=\"(max-width: 1024px) 100vw, 1024px\" \/><\/figure>\n\n\n\n<h2 class=\"wp-block-heading\">C\u00f3mo cocinar<\/h2>\n\n\n\n<p><strong>Listo en 2 minutos<\/strong><\/p>\n\n\n\n<ol class=\"wp-block-list\">\n<li>Escurrir el l\u00edquido y enjuagar. <strong>2-3 veces<\/strong>.<\/li>\n\n\n\n<li>Escaldar en agua caliente durante <strong>1 minuto<\/strong>.<\/li>\n\n\n\n<li>Combinar con:\n<ul class=\"wp-block-list\">\n<li>salsas a base de tomate<\/li>\n\n\n\n<li>pesto y salsas cremosas<\/li>\n\n\n\n<li>platos de pasta aptos para keto<\/li>\n\n\n\n<li>ensaladas y bowls de espagueti fr\u00edo<\/li>\n\n\n\n<li>kits de preparaci\u00f3n de comidas con prote\u00ednas<\/li>\n<\/ul>\n<\/li>\n<\/ol>\n\n\n\n<p>La infusi\u00f3n de avena proporciona una sensaci\u00f3n en boca m\u00e1s suave, convirti\u00e9ndolo en una opci\u00f3n popular para marcas occidentales de pasta saludable.<\/p>\n\n\n\n<h2 class=\"wp-block-heading\">Certificaciones<\/h2>\n\n\n\n<p>ISO \u00b7 HACCP \u00b7 HALAL \u00b7 KOSHER \u00b7 BRC \u00b7 IFS \u00b7 ORG\u00c1NICO DE LA UE \u00b7 ORG\u00c1NICO DEL USDA<\/p>","protected":false},"excerpt":{"rendered":"<p>Un nutritivo <strong data-start=\"438\" data-end=\"462\">Espagueti de Avena y Konjac<\/strong> elaborado con harina de konjac premium mezclada con fibra de avena natural. Textura suave, bajo en calor\u00edas, bajo en carbohidratos, ideal para marcas de comidas saludables, supermercados, kits de comida y proveedores de marca blanca. Una mejora nutritiva al shirataki cl\u00e1sico.<\/p>\n<ul>\n<li data-start=\"731\" data-end=\"812\">\n<p data-start=\"733\" data-end=\"812\"><strong data-start=\"733\" data-end=\"759\">Infundido con Fibra de Avena<\/strong> \u2013 Mejora la textura, ofrece el atractivo de la fibra natural.<\/p>\n<\/li>\n<li data-start=\"813\" data-end=\"908\">\n<p data-start=\"815\" data-end=\"908\"><strong data-start=\"815\" data-end=\"840\">Bajo en carbohidratos, bajo en calor\u00edas<\/strong> \u2013 Solo <strong data-start=\"848\" data-end=\"867\">5 kcal por cada 100 g<\/strong>; ideal para mercados keto y de p\u00e9rdida de peso.<\/p>\n<\/li>\n<li data-start=\"909\" data-end=\"1002\">\n<p data-start=\"911\" data-end=\"1002\"><strong data-start=\"911\" data-end=\"931\">Textura Mejorada<\/strong> \u2013 La avena proporciona una mordida ligeramente m\u00e1s firme que el espagueti shirataki regular.<\/p>\n<\/li>\n<li data-start=\"1003\" data-end=\"1062\">\n<p data-start=\"1005\" data-end=\"1062\"><strong data-start=\"1005\" data-end=\"1020\">Etiqueta limpia<\/strong> \u2013 Sin grasa, sin az\u00facar, sin gluten, vegano.<\/p>\n<\/li>\n<li data-start=\"1063\" data-end=\"1154\">\n<p data-start=\"1065\" data-end=\"1154\"><strong data-start=\"1065\" data-end=\"1097\">Formato de Espagueti H\u00famedo Instant\u00e1neo<\/strong> \u2013 Listo en <strong data-start=\"1109\" data-end=\"1122\">2 minutos<\/strong>, perfecto para cocina saludable.<\/p>\n<\/li>\n<li data-start=\"1155\" data-end=\"1249\">\n<p data-start=\"1157\" data-end=\"1249\"><strong data-start=\"1157\" data-end=\"1191\">Certificaciones de Est\u00e1ndares Globales<\/strong> \u2013 ISO, HACCP, KOSHER, HALAL, BRC, IFS, Org\u00e1nico UE\/USDA.<\/p>\n<\/li>\n<li data-start=\"1250\" data-end=\"1338\">\n<p data-start=\"1252\" data-end=\"1338\"><strong data-start=\"1252\" data-end=\"1284\">Compatible con OEM \/ Marca privada<\/strong> \u2013 Se admiten tama\u00f1os de bolsa personalizados, arte y formulaciones.<\/p>\n<\/li>\n<\/ul>\n<p>&nbsp;<\/p>","protected":false},"featured_media":2120,"comment_status":"open","ping_status":"closed","template":"","meta":[],"product_brand":[],"product_cat":[48],"product_tag":[],"class_list":{"0":"post-2117","1":"product","2":"type-product","3":"status-publish","4":"has-post-thumbnail","6":"product_cat-organic-konjac-pasta","8":"first","9":"instock","10":"shipping-taxable","11":"product-type-simple"},"_links":{"self":[{"href":"https:\/\/scmlkj.com\/es\/wp-json\/wp\/v2\/product\/2117","targetHints":{"allow":["GET"]}}],"collection":[{"href":"https:\/\/scmlkj.com\/es\/wp-json\/wp\/v2\/product"}],"about":[{"href":"https:\/\/scmlkj.com\/es\/wp-json\/wp\/v2\/types\/product"}],"replies":[{"embeddable":true,"href":"https:\/\/scmlkj.com\/es\/wp-json\/wp\/v2\/comments?post=2117"}],"wp:featuredmedia":[{"embeddable":true,"href":"https:\/\/scmlkj.com\/es\/wp-json\/wp\/v2\/media\/2120"}],"wp:attachment":[{"href":"https:\/\/scmlkj.com\/es\/wp-json\/wp\/v2\/media?parent=2117"}],"wp:term":[{"taxonomy":"product_brand","embeddable":true,"href":"https:\/\/scmlkj.com\/es\/wp-json\/wp\/v2\/product_brand?post=2117"},{"taxonomy":"product_cat","embeddable":true,"href":"https:\/\/scmlkj.com\/es\/wp-json\/wp\/v2\/product_cat?post=2117"},{"taxonomy":"product_tag","embeddable":true,"href":"https:\/\/scmlkj.com\/es\/wp-json\/wp\/v2\/product_tag?post=2117"}],"curies":[{"name":"wp","href":"https:\/\/api.w.org\/{rel}","templated":true}]}}