{"id":2126,"date":"2025-12-08T07:15:34","date_gmt":"2025-12-08T07:15:34","guid":{"rendered":"https:\/\/scmlkj.com\/?post_type=product&#038;p=2126"},"modified":"2026-04-12T07:16:24","modified_gmt":"2026-04-12T07:16:24","slug":"nudo-de-seda-de-konjac-bajo-en-calorias","status":"publish","type":"product","link":"https:\/\/scmlkj.com\/es\/productos\/nudo-de-seda-de-konjac-bajo-en-calorias\/","title":{"rendered":"\u00a0Nudo de seda Konjac bajo en calor\u00edas"},"content":{"rendered":"<p><\/p>\n\n\n\n<h2 class=\"wp-block-heading\">Informaci\u00f3n nutricional<\/h2>\n\n\n\n<figure class=\"wp-block-table\"><table class=\"has-fixed-layout\"><tbody><tr><td><strong>Nutriente<\/strong><\/td><td><strong>Unidades<\/strong><\/td><td><strong>Valor por cada 100 g<\/strong><\/td><\/tr><tr><td>Energ\u00eda<\/td><td>kJ \/ kcal<\/td><td>25 kJ \/ 5 kcal<\/td><\/tr><tr><td>Carbohidrato<\/td><td>g<\/td><td>Menos de 0,1<\/td><\/tr><tr><td>Prote\u00edna<\/td><td>g<\/td><td>Menos de 0,1<\/td><\/tr><tr><td>Grasa<\/td><td>g<\/td><td>0<\/td><\/tr><tr><td>Fibra diet\u00e9tica<\/td><td>g<\/td><td>2.7<\/td><\/tr><tr><td>Az\u00facar<\/td><td>g<\/td><td>0<\/td><\/tr><tr><td>Sodio<\/td><td>mg<\/td><td>0<\/td><\/tr><\/tbody><\/table><\/figure>\n\n\n\n<h2 class=\"wp-block-heading\">Informaci\u00f3n b\u00e1sica<\/h2>\n\n\n\n<figure class=\"wp-block-table\"><table class=\"has-fixed-layout\"><tbody><tr><td><strong>Art\u00edculo<\/strong><\/td><td><strong>Detalles<\/strong><\/td><\/tr><tr><td>Nombre del producto<\/td><td>Nudo de seda Konjac bajo en calor\u00edas<\/td><\/tr><tr><td>Tipo de producto<\/td><td><a href=\"https:\/\/scmlkj.com\/es\/product-category\/fideos-konjac-humedos\/\">Fideos Konjac h\u00famedos<\/a><\/td><\/tr><tr><td>Estilo<\/td><td>Instant - Formato konjac h\u00famedo listo para consumir<\/td><\/tr><tr><td>Caracter\u00edstica<\/td><td>Bajo en carbohidratos, sin grasas<\/td><\/tr><tr><td>Tipo de procesamiento<\/td><td>Hecho a mano<\/td><\/tr><tr><td>Sabor<\/td><td>Neutral<\/td><\/tr><tr><td>Olor<\/td><td>Inodoro<\/td><\/tr><tr><td>Apariencia<\/td><td>Nudillos \/ trozos de fideos atados<\/td><\/tr><tr><td>Especificaci\u00f3n<\/td><td>270 g \/ bolsa<\/td><\/tr><tr><td>Ingrediente principal<\/td><td>Harina de konjac, agua purificada, \u00e1cido c\u00edtrico<\/td><\/tr><tr><td>Contenido<\/td><td>Harina pura de konjac<\/td><\/tr><tr><td>Tiempo de cocci\u00f3n<\/td><td>2 minutos<\/td><\/tr><tr><td>Vida \u00fatil<\/td><td>18 meses<\/td><\/tr><tr><td>Tipo de almacenamiento<\/td><td>Temperatura ambiente<\/td><\/tr><tr><td>Marca comercial<\/td><td>Ma\u00f1ana del Este<\/td><\/tr><\/tbody><\/table><\/figure>\n\n\n\n<p><\/p>\n\n\n\n<h2 class=\"wp-block-heading\">Embalaje y entrega<\/h2>\n\n\n\n<figure class=\"wp-block-table\"><table class=\"has-fixed-layout\"><tbody><tr><td><strong>Art\u00edculo<\/strong><\/td><td><strong>Detalles<\/strong><\/td><\/tr><tr><td>Unidad de venta<\/td><td>Art\u00edculo \u00fanico<\/td><\/tr><tr><td>Tama\u00f1o del paquete<\/td><td>12 \u00d7 10 \u00d7 18 cm<\/td><\/tr><tr><td>Peso bruto<\/td><td>0,280 kg<\/td><\/tr><tr><td>Embalaje<\/td><td>Bolsa<\/td><\/tr><tr><td>Logotipo personalizado<\/td><td>Disponible (Pedido M\u00ednimo: 1,000 bolsas)<\/td><\/tr><\/tbody><\/table><\/figure>\n\n\n\n<h2 class=\"wp-block-heading\">Por qu\u00e9 el nudo de seda konjac es ideal para la cocina caliente y asi\u00e1tica<\/h2>\n\n\n\n<p>El nudo de seda konjac est\u00e1 especialmente dise\u00f1ado para platos asi\u00e1ticos calientes y de cocci\u00f3n larga. Su estructura de nudo atado proporciona una textura masticable y resistente que se mantiene bien durante la ebullici\u00f3n, el estofado y la cocci\u00f3n a fuego lento sin romperse. Combinado con un contenido ultrabajo en calor\u00edas y un alto contenido en fibra diet\u00e9tica, constituye una alternativa satisfactoria y libre de culpa para los conceptos modernos de comida asi\u00e1tica y sana.<\/p>\n\n\n\n<h2 class=\"wp-block-heading\">C\u00f3mo cocinar<\/h2>\n\n\n\n<p><strong>Listo en 2 minutos<\/strong><\/p>\n\n\n\n<ol class=\"wp-block-list\">\n<li>Escurrir y enjuagar. <strong>2-3 veces<\/strong>.<\/li>\n\n\n\n<li>Escaldar o calentar durante <strong>1 minuto<\/strong>.<\/li>\n<\/ol>\n\n\n\n<h3 class=\"wp-block-heading\"><strong>Perfecto para:<\/strong><\/h3>\n\n\n\n<ul class=\"wp-block-list\">\n<li>fondue china y shabu-shabu<\/li>\n\n\n\n<li>guisos picantes<\/li>\n\n\n\n<li>Sopas asi\u00e1ticas<\/li>\n\n\n\n<li>salteados<\/li>\n\n\n\n<li>platos guisados<\/li>\n\n\n\n<li>recipientes para preparar comidas<\/li>\n\n\n\n<li>comidas preparadas y servicio de catering<\/li>\n<\/ul>\n\n\n\n<p>La forma de nudo proporciona una textura masticable y satisfactoria que se mantiene bien en platos de cocci\u00f3n prolongada.<\/p>\n\n\n\n<h2 class=\"wp-block-heading\"><a href=\"https:\/\/scmlkj.com\/es\/certificacion\/\">Certificaciones<\/a><\/h2>\n\n\n\n<p>ISO \u00b7 HACCP \u00b7 HALAL \u00b7 KOSHER \u00b7 BRC \u00b7 IFS \u00b7 ORG\u00c1NICO DE LA UE \u00b7 ORG\u00c1NICO DEL USDA<\/p>","protected":false},"excerpt":{"rendered":"<p>\u00danico <strong data-start=\"520\" data-end=\"545\">Nudo de Seda de Konjac<\/strong>, atado en nudos individuales para obtener una textura masticable y agradable. Ideal para guisos, salteados, sopas y cocina asi\u00e1tica. Bajo en calor\u00edas, sin grasas, sin gluten y sin trigo, lo que lo hace muy popular entre las marcas de alimentos saludables, los supermercados asi\u00e1ticos y las empresas de kits de comida de marca propia.<\/p>\n<ul>\n<li data-start=\"852\" data-end=\"934\">\n<p data-start=\"854\" data-end=\"934\"><strong data-start=\"854\" data-end=\"878\">Forma de nudo caracter\u00edstico<\/strong> \u2013 Textura divertida y masticable, ideal para platos asi\u00e1ticos y de olla.<\/p>\n<\/li>\n<li data-start=\"935\" data-end=\"1015\">\n<p data-start=\"937\" data-end=\"1015\"><strong data-start=\"937\" data-end=\"967\">Ultra bajo en calor\u00edas (5 kcal)<\/strong> \u2013 Perfecto para controlar el peso y las dietas cetog\u00e9nicas.<\/p>\n<\/li>\n<li data-start=\"1016\" data-end=\"1092\">\n<p data-start=\"1018\" data-end=\"1092\"><strong data-start=\"1018\" data-end=\"1057\">SIN GRASA \u00b7 SIN GLUTEN \u00b7 SIN TRIGO<\/strong> \u2013 Etiqueta limpia, apto para al\u00e9rgicos.<\/p>\n<\/li>\n<li data-start=\"1093\" data-end=\"1167\">\n<p data-start=\"1095\" data-end=\"1167\"><strong data-start=\"1095\" data-end=\"1127\">SIN SABORES ARTIFICIALES A\u00d1ADIDOS<\/strong> \u2013 Naturalmente neutro, absorbe la salsa.<\/p>\n<\/li>\n<li data-start=\"1168\" data-end=\"1228\">\n<p data-start=\"1170\" data-end=\"1228\"><strong data-start=\"1170\" data-end=\"1196\">SIN CONSERVANTES A\u00d1ADIDOS<\/strong> \u2013 Caducidad de 18 meses.<\/p>\n<\/li>\n<li data-start=\"1229\" data-end=\"1281\">\n<p data-start=\"1231\" data-end=\"1281\"><strong data-start=\"1231\" data-end=\"1250\">FUENTE DE FIBRA<\/strong> \u2013 Favorece la salud digestiva.<\/p>\n<\/li>\n<li data-start=\"1282\" data-end=\"1344\">\n<p data-start=\"1284\" data-end=\"1344\"><strong data-start=\"1284\" data-end=\"1308\">Preparaci\u00f3n en 2 minutos<\/strong> \u2013 Formato konjac h\u00famedo listo para consumir.<\/p>\n<\/li>\n<li data-start=\"1345\" data-end=\"1426\">\n<p data-start=\"1347\" data-end=\"1426\"><strong data-start=\"1347\" data-end=\"1374\">Listo para OEM\/marca privada<\/strong> \u2013 Opciones personalizadas de embalaje, dise\u00f1o gr\u00e1fico y tama\u00f1o de nudos.<\/p>\n<\/li>\n<\/ul>","protected":false},"featured_media":2372,"comment_status":"open","ping_status":"closed","template":"","meta":[],"product_brand":[],"product_cat":[49],"product_tag":[],"class_list":{"0":"post-2126","1":"product","2":"type-product","3":"status-publish","4":"has-post-thumbnail","6":"product_cat-wet-konjac-noodles","8":"first","9":"instock","10":"shipping-taxable","11":"product-type-simple"},"_links":{"self":[{"href":"https:\/\/scmlkj.com\/es\/wp-json\/wp\/v2\/product\/2126","targetHints":{"allow":["GET"]}}],"collection":[{"href":"https:\/\/scmlkj.com\/es\/wp-json\/wp\/v2\/product"}],"about":[{"href":"https:\/\/scmlkj.com\/es\/wp-json\/wp\/v2\/types\/product"}],"replies":[{"embeddable":true,"href":"https:\/\/scmlkj.com\/es\/wp-json\/wp\/v2\/comments?post=2126"}],"wp:featuredmedia":[{"embeddable":true,"href":"https:\/\/scmlkj.com\/es\/wp-json\/wp\/v2\/media\/2372"}],"wp:attachment":[{"href":"https:\/\/scmlkj.com\/es\/wp-json\/wp\/v2\/media?parent=2126"}],"wp:term":[{"taxonomy":"product_brand","embeddable":true,"href":"https:\/\/scmlkj.com\/es\/wp-json\/wp\/v2\/product_brand?post=2126"},{"taxonomy":"product_cat","embeddable":true,"href":"https:\/\/scmlkj.com\/es\/wp-json\/wp\/v2\/product_cat?post=2126"},{"taxonomy":"product_tag","embeddable":true,"href":"https:\/\/scmlkj.com\/es\/wp-json\/wp\/v2\/product_tag?post=2126"}],"curies":[{"name":"wp","href":"https:\/\/api.w.org\/{rel}","templated":true}]}}