{"id":2130,"date":"2025-12-08T07:19:18","date_gmt":"2025-12-08T07:19:18","guid":{"rendered":"https:\/\/scmlkj.com\/?post_type=product&#038;p=2130"},"modified":"2026-04-22T15:04:32","modified_gmt":"2026-04-22T15:04:32","slug":"penne-de-konjac-con-avena","status":"publish","type":"product","link":"https:\/\/scmlkj.com\/es\/productos\/penne-de-konjac-con-avena\/","title":{"rendered":"Penne de konjac con fibra de avena"},"content":{"rendered":"<h2 class=\"wp-block-heading\">Informaci\u00f3n nutricional<\/h2>\n\n\n\n<figure class=\"wp-block-table\"><table class=\"has-fixed-layout\"><tbody><tr><td><strong>Nutriente<\/strong><\/td><td><strong>Unidades<\/strong><\/td><td><strong>Valor por cada 100 g<\/strong><\/td><\/tr><tr><td>Energ\u00eda<\/td><td>kJ \/ kcal<\/td><td>25 kJ \/ 5 kcal<\/td><\/tr><tr><td>Carbohidrato<\/td><td>g<\/td><td>Menos de 0,1<\/td><\/tr><tr><td>Prote\u00edna<\/td><td>g<\/td><td>Menos de 0,1<\/td><\/tr><tr><td>Grasa<\/td><td>g<\/td><td>0<\/td><\/tr><tr><td>Fibra diet\u00e9tica<\/td><td>g<\/td><td>2.7<\/td><\/tr><tr><td>Az\u00facar<\/td><td>g<\/td><td>0<\/td><\/tr><tr><td>Sodio<\/td><td>mg<\/td><td>0<\/td><\/tr><\/tbody><\/table><\/figure>\n\n\n\n<h2 class=\"wp-block-heading\">Informaci\u00f3n b\u00e1sica<\/h2>\n\n\n\n<figure class=\"wp-block-table\"><table class=\"has-fixed-layout\"><tbody><tr><td><strong>Art\u00edculo<\/strong><\/td><td><strong>Detalles<\/strong><\/td><\/tr><tr><td>Nombre del producto<\/td><td>Penne de avena y konjac<\/td><\/tr><tr><td>Tipo de producto<\/td><td>Pasta konjac h\u00fameda (en forma de penne)<\/td><\/tr><tr><td>Estilo<\/td><td>H\u00famedo - Instant\u00e1neo - Listo para comer<\/td><\/tr><tr><td>Caracter\u00edstica<\/td><td>Bajo en carbohidratos, sin grasas<\/td><\/tr><tr><td>Tipo de procesamiento<\/td><td>Hecho a mano<\/td><\/tr><tr><td>Sabor<\/td><td>Neutral<\/td><\/tr><tr><td>Olor<\/td><td>Sin olor<\/td><\/tr><tr><td>Apariencia<\/td><td>Forma de penne color beige claro-blanco, infusionado con avena<\/td><\/tr><tr><td>Especificaci\u00f3n<\/td><td>270 g \/ bolsa<\/td><\/tr><tr><td>Ingrediente principal<\/td><td>Harina de konjac, agua, fibra de avena<\/td><\/tr><tr><td>Contenido<\/td><td>Harina pura de konjac<\/td><\/tr><tr><td>Tiempo de cocci\u00f3n<\/td><td>2 minutos<\/td><\/tr><tr><td>Vida \u00fatil<\/td><td>15 meses<\/td><\/tr><tr><td>Tipo de almacenamiento<\/td><td>Temperatura ambiente<\/td><\/tr><tr><td>Marca comercial<\/td><td>Ma\u00f1ana del Este<\/td><\/tr><\/tbody><\/table><\/figure>\n\n\n\n<p><\/p>\n\n\n\n<h2 class=\"wp-block-heading\">Embalaje y entrega<\/h2>\n\n\n\n<figure class=\"wp-block-table\"><table class=\"has-fixed-layout\"><tbody><tr><td><strong>Art\u00edculo<\/strong><\/td><td><strong>Detalles<\/strong><\/td><\/tr><tr><td>Unidad de venta<\/td><td>Art\u00edculo \u00fanico<\/td><\/tr><tr><td>Tama\u00f1o del paquete<\/td><td>12 \u00d7 10 \u00d7 18 cm<\/td><\/tr><tr><td>Peso bruto<\/td><td>0,280 kg<\/td><\/tr><tr><td>Embalaje<\/td><td>Bolsa<\/td><\/tr><tr><td>Logotipo personalizado<\/td><td>Disponible (cantidad m\u00ednima de pedido: 10 000 bolsas)<\/td><\/tr><\/tbody><\/table><\/figure>\n\n\n\n<p><\/p>\n\n\n\n<h2 class=\"wp-block-heading\">C\u00f3mo cocinar<\/h2>\n\n\n\n<p><strong>Listo en 2 minutos<\/strong><\/p>\n\n\n\n<ol class=\"wp-block-list\">\n<li>Escurrir el l\u00edquido y enjuagar. <strong>2-3 veces<\/strong>.<\/li>\n\n\n\n<li>Escaldar en agua caliente durante <strong>1 minuto<\/strong>.<\/li>\n\n\n\n<li>Perfecto para:\n<ul class=\"wp-block-list\">\n<li>ensaladas de pasta<\/li>\n\n\n\n<li>platos de penne al horno<\/li>\n\n\n\n<li>salsas cremosas<\/li>\n\n\n\n<li>comidas occidentales a base de tomate y pesto<\/li>\n\n\n\n<li>comidas preparadas bajas en carbohidratos<\/li>\n\n\n\n<li>kits de comidas altas en prote\u00ednas<\/li>\n<\/ul>\n<\/li>\n<\/ol>\n\n\n\n<p>La avena mejora la firmeza, haciendo que este SKU sea muy atractivo para sustitutos de pasta de estilo occidental.<\/p>\n\n\n\n<h2 class=\"wp-block-heading\">Certificaciones<\/h2>\n\n\n\n<p>ISO \u00b7 HACCP \u00b7 HALAL \u00b7 KOSHER \u00b7 BRC \u00b7 IFS \u00b7 ORG\u00c1NICO DE LA UE \u00b7 ORG\u00c1NICO DEL USDA<\/p>","protected":false},"excerpt":{"rendered":"<p>A <strong data-start=\"434\" data-end=\"471\">Penne de Konjac saludable infusionado con avena<\/strong> elaborado con harina de konjac premium y fibra de avena natural. Bajo en calor\u00edas, bajo en carbohidratos, sin az\u00facar, e ideal para marcas de alimentos saludables, supermercados, kits de comidas y proveedores de marca blanca. Su textura m\u00e1s firme y f\u00f3rmula de etiqueta limpia lo convierten en un SKU s\u00f3lido para el mercado occidental.<\/p>\n<ul>\n<li data-start=\"764\" data-end=\"833\">\n<p data-start=\"766\" data-end=\"833\"><strong data-start=\"766\" data-end=\"788\">Infusi\u00f3n de Fibra de Avena<\/strong> \u2013 Mejora la textura y el atractivo nutricional.<\/p>\n<\/li>\n<li data-start=\"834\" data-end=\"932\">\n<p data-start=\"836\" data-end=\"932\"><strong data-start=\"836\" data-end=\"862\">Bajo en calor\u00edas y bajo en carbohidratos<\/strong> \u2013 Solo <strong data-start=\"870\" data-end=\"889\">5 kcal por cada 100 g<\/strong>, perfecto para dietas cetog\u00e9nicas y de p\u00e9rdida de peso.<\/p>\n<\/li>\n<li data-start=\"933\" data-end=\"1027\">\n<p data-start=\"935\" data-end=\"1027\"><strong data-start=\"935\" data-end=\"960\">Mordida y Forma Mejoradas<\/strong> \u2013 El penne retiene mejor la salsa que los fideos, ideal para platos de pasta.<\/p>\n<\/li>\n<li data-start=\"1028\" data-end=\"1091\">\n<p data-start=\"1030\" data-end=\"1091\"><strong data-start=\"1030\" data-end=\"1045\">Etiqueta limpia<\/strong> \u2013 Vegano, sin gluten, sin az\u00facar, sin grasa.<\/p>\n<\/li>\n<li data-start=\"1092\" data-end=\"1170\">\n<p data-start=\"1094\" data-end=\"1170\"><strong data-start=\"1094\" data-end=\"1125\">Cocci\u00f3n Conveniente de 2 Minutos<\/strong> \u2013 Pasta estilo h\u00famedo para preparaci\u00f3n instant\u00e1nea.<\/p>\n<\/li>\n<li data-start=\"1171\" data-end=\"1266\">\n<p data-start=\"1173\" data-end=\"1266\"><strong data-start=\"1173\" data-end=\"1204\">Perfecto para Cocina Occidental<\/strong> \u2013 Funciona maravillosamente en platos al horno, ensaladas y kits de comidas.<\/p>\n<\/li>\n<li data-start=\"1267\" data-end=\"1352\">\n<p data-start=\"1269\" data-end=\"1352\"><strong data-start=\"1269\" data-end=\"1296\">Listo para OEM\/marca privada<\/strong> \u2013 Envases personalizados, arte y tama\u00f1os de bolsa disponibles.<\/p>\n<\/li>\n<li data-start=\"1353\" data-end=\"1445\">\n<p data-start=\"1355\" data-end=\"1445\"><strong data-start=\"1355\" data-end=\"1380\">Certificaciones globales<\/strong> - Producido en instalaciones certificadas por BRC e IFS. Versiones ecol\u00f3gicas disponibles bajo pedido.<\/p>\n<\/li>\n<\/ul>","protected":false},"featured_media":3240,"comment_status":"open","ping_status":"closed","template":"","meta":[],"product_brand":[],"product_cat":[48],"product_tag":[],"class_list":{"0":"post-2130","1":"product","2":"type-product","3":"status-publish","4":"has-post-thumbnail","6":"product_cat-organic-konjac-pasta","8":"first","9":"instock","10":"shipping-taxable","11":"product-type-simple"},"_links":{"self":[{"href":"https:\/\/scmlkj.com\/es\/wp-json\/wp\/v2\/product\/2130","targetHints":{"allow":["GET"]}}],"collection":[{"href":"https:\/\/scmlkj.com\/es\/wp-json\/wp\/v2\/product"}],"about":[{"href":"https:\/\/scmlkj.com\/es\/wp-json\/wp\/v2\/types\/product"}],"replies":[{"embeddable":true,"href":"https:\/\/scmlkj.com\/es\/wp-json\/wp\/v2\/comments?post=2130"}],"wp:featuredmedia":[{"embeddable":true,"href":"https:\/\/scmlkj.com\/es\/wp-json\/wp\/v2\/media\/3240"}],"wp:attachment":[{"href":"https:\/\/scmlkj.com\/es\/wp-json\/wp\/v2\/media?parent=2130"}],"wp:term":[{"taxonomy":"product_brand","embeddable":true,"href":"https:\/\/scmlkj.com\/es\/wp-json\/wp\/v2\/product_brand?post=2130"},{"taxonomy":"product_cat","embeddable":true,"href":"https:\/\/scmlkj.com\/es\/wp-json\/wp\/v2\/product_cat?post=2130"},{"taxonomy":"product_tag","embeddable":true,"href":"https:\/\/scmlkj.com\/es\/wp-json\/wp\/v2\/product_tag?post=2130"}],"curies":[{"name":"wp","href":"https:\/\/api.w.org\/{rel}","templated":true}]}}