{"id":2142,"date":"2025-12-08T07:27:31","date_gmt":"2025-12-08T07:27:31","guid":{"rendered":"https:\/\/scmlkj.com\/?post_type=product&#038;p=2142"},"modified":"2026-04-12T07:14:11","modified_gmt":"2026-04-12T07:14:11","slug":"konjac-shirataki-fettuccine-lasana","status":"publish","type":"product","link":"https:\/\/scmlkj.com\/es\/productos\/konjac-shirataki-fettuccine-lasana\/","title":{"rendered":"Fettuccine y lasa\u00f1a Konjac Shirataki"},"content":{"rendered":"<p><\/p>\n\n\n\n<h2 class=\"wp-block-heading\">Informaci\u00f3n nutricional<\/h2>\n\n\n\n<figure class=\"wp-block-table\"><table class=\"has-fixed-layout\"><tbody><tr><td><strong>Nutriente<\/strong><\/td><td><strong>Unidades<\/strong><\/td><td><strong>Valor por cada 100 g<\/strong><\/td><\/tr><tr><td>Energ\u00eda<\/td><td>kJ \/ kcal<\/td><td>25 kJ \/ 5 kcal<\/td><\/tr><tr><td>Carbohidrato<\/td><td>g<\/td><td>Menos de 0,1<\/td><\/tr><tr><td>Prote\u00edna<\/td><td>g<\/td><td>Menos de 0,1<\/td><\/tr><tr><td>Grasa<\/td><td>g<\/td><td>0<\/td><\/tr><tr><td>Fibra diet\u00e9tica<\/td><td>g<\/td><td>2.7<\/td><\/tr><tr><td>Az\u00facar<\/td><td>g<\/td><td>0<\/td><\/tr><tr><td>Sodio<\/td><td>mg<\/td><td>0<\/td><\/tr><\/tbody><\/table><\/figure>\n\n\n\n<h2 class=\"wp-block-heading\">Informaci\u00f3n b\u00e1sica<\/h2>\n\n\n\n<figure class=\"wp-block-table\"><table class=\"has-fixed-layout\"><tbody><tr><td><strong>Art\u00edculo<\/strong><\/td><td><strong>Detalles<\/strong><\/td><\/tr><tr><td>Nombre del producto<\/td><td>Fettuccine y lasa\u00f1a Konjac Shirataki<\/td><\/tr><tr><td>Tipo de producto<\/td><td>Fideos instant\u00e1neos de konjac<\/td><\/tr><tr><td>Estilo<\/td><td>H\u00famedo - Instant\u00e1neo - Fettuccine (Cinta Plana) \/ Hojas de Lasa\u00f1a<\/td><\/tr><tr><td>Caracter\u00edstica<\/td><td>Bajo en carbohidratos, sin grasas<\/td><\/tr><tr><td>Tipo de procesamiento<\/td><td>Hecho a mano<\/td><\/tr><tr><td>Sabor<\/td><td>Neutral<\/td><\/tr><tr><td>Olor<\/td><td>Sin olor<\/td><\/tr><tr><td>Apariencia<\/td><td>Fettuccine plano ancho y l\u00e1minas rectangulares para lasa\u00f1a<\/td><\/tr><tr><td>Especificaci\u00f3n<\/td><td>270 g \/ bolsa<\/td><\/tr><tr><td>Ingrediente principal<\/td><td><br>Agua, harina de konjac, hidr\u00f3xido de calcio.<\/td><\/tr><tr><td>Contenido<\/td><td>Harina pura de konjac<\/td><\/tr><tr><td>Tiempo de cocci\u00f3n<\/td><td>2 minutos<\/td><\/tr><tr><td>Vida \u00fatil<\/td><td>18 meses<\/td><\/tr><tr><td>Tipo de almacenamiento<\/td><td>Temperatura ambiente<\/td><\/tr><tr><td>Marca comercial<\/td><td>Ma\u00f1ana del Este<\/td><\/tr><\/tbody><\/table><\/figure>\n\n\n\n<p><\/p>\n\n\n\n<h2 class=\"wp-block-heading\">Embalaje y entrega<\/h2>\n\n\n\n<figure class=\"wp-block-table\"><table class=\"has-fixed-layout\"><tbody><tr><td><strong>Art\u00edculo<\/strong><\/td><td><strong>Detalles<\/strong><\/td><\/tr><tr><td>Unidad de venta<\/td><td>Art\u00edculo \u00fanico<\/td><\/tr><tr><td>Tama\u00f1o del paquete<\/td><td>12 \u00d7 10 \u00d7 18 cm<\/td><\/tr><tr><td>Peso bruto<\/td><td>0,280 kg<\/td><\/tr><tr><td>Embalaje<\/td><td>Bolsa<\/td><\/tr><tr><td>Logotipo personalizado<\/td><td>Disponible (cantidad m\u00ednima de pedido: 10 000 bolsas)<\/td><\/tr><\/tbody><\/table><\/figure>\n\n\n\n<p><\/p>\n\n\n\n<h2 class=\"wp-block-heading\">C\u00f3mo cocinar<\/h2>\n\n\n\n<p><strong>Listo en 2 minutos<\/strong><\/p>\n\n\n\n<ol class=\"wp-block-list\">\n<li>Escurrir y aclarar 2-3 veces.<\/li>\n\n\n\n<li>Calentar en agua caliente durante 1 minuto o cocer directamente con la salsa.<\/li>\n<\/ol>\n\n\n\n<h3 class=\"wp-block-heading\"><strong>Ideas de Uso para Fettuccine<\/strong><\/h3>\n\n\n\n<ul class=\"wp-block-list\">\n<li>fettuccine cremoso<\/li>\n\n\n\n<li>pasta con salsa de champi\u00f1ones<\/li>\n\n\n\n<li>fideos cinta con pesto<\/li>\n\n\n\n<li>platos de pasta veganos<\/li>\n\n\n\n<li>kits de comida empaquetados<\/li>\n<\/ul>\n\n\n\n<h3 class=\"wp-block-heading\"><strong>Ideas de Uso para L\u00e1minas de Lasa\u00f1a<\/strong><\/h3>\n\n\n\n<ul class=\"wp-block-list\">\n<li>lasa\u00f1a keto<\/li>\n\n\n\n<li>platos horneados por capas<\/li>\n\n\n\n<li>guisos bajos en carbohidratos<\/li>\n\n\n\n<li>lasa\u00f1a de verduras fusi\u00f3n<\/li>\n\n\n\n<li>capas para preparaci\u00f3n de comidas altas en prote\u00ednas<\/li>\n<\/ul>\n\n\n\n<p>Dos formatos en una serie: ideal para kits de comida, surtidos para minoristas y desarrollo de men\u00fas.<\/p>\n\n\n\n<h2 class=\"wp-block-heading\"><a href=\"https:\/\/scmlkj.com\/es\/certificacion\/\">Certificaciones<\/a><\/h2>\n\n\n\n<p>ISO \u00b7 HACCP \u00b7 HALAL \u00b7 KOSHER \u00b7 BRC \u00b7 IFS \u00b7 ORG\u00c1NICO DE LA UE \u00b7 ORG\u00c1NICO DEL USDA<\/p>\n\n\n\n<p><\/p>","protected":false},"excerpt":{"rendered":"<p>Dise\u00f1ado espec\u00edficamente para los kits de comida baja en carbohidratos de estilo occidental, platos horneados y platos preparados. Un vers\u00e1til juego de pasta konjac de doble formato que presenta tanto <strong data-start=\"573\" data-end=\"587\">Fettuccine<\/strong> (fideos planos tipo cinta) y <strong data-start=\"614\" data-end=\"632\">L\u00e1minas para Lasa\u00f1a<\/strong>. Ideal para platos de estilo occidental como pastas cremosas, lasa\u00f1a keto, comidas horneadas y kits de comida. Naturalmente bajo en calor\u00edas, cero grasa, sin gluten, sin trigo y perfecto para marcas privadas y de alimentos saludables.<\/p>\n<ul>\n<li data-start=\"878\" data-end=\"974\">\n<p data-start=\"880\" data-end=\"974\"><strong data-start=\"880\" data-end=\"909\">Dos Formatos en una Serie<\/strong> \u2013 Fettuccine plano tipo cinta <strong data-start=\"924\" data-end=\"938\">Fettuccine<\/strong> + l\u00e1minas anchas para <strong data-start=\"952\" data-end=\"963\">Lasa\u00f1a<\/strong> .<\/p>\n<\/li>\n<li data-start=\"975\" data-end=\"1069\">\n<p data-start=\"977\" data-end=\"1069\"><strong data-start=\"977\" data-end=\"1007\">Ultra bajo en calor\u00edas (5 kcal)<\/strong> \u2013 Ideal para dietas keto, aptas para diab\u00e9ticos y de p\u00e9rdida de peso.<\/p>\n<\/li>\n<li data-start=\"1070\" data-end=\"1144\">\n<p data-start=\"1072\" data-end=\"1144\"><strong data-start=\"1072\" data-end=\"1111\">SIN GRASA \u00b7 SIN GLUTEN \u00b7 SIN TRIGO<\/strong> \u2013 Producto de etiqueta limpia perfecto.<\/p>\n<\/li>\n<li data-start=\"1145\" data-end=\"1213\">\n<p data-start=\"1147\" data-end=\"1213\"><strong data-start=\"1147\" data-end=\"1179\">SIN SABORES ARTIFICIALES A\u00d1ADIDOS<\/strong> \u2013 Perfil de sabor puro y neutro.<\/p>\n<\/li>\n<li data-start=\"1214\" data-end=\"1278\">\n<p data-start=\"1216\" data-end=\"1278\"><strong data-start=\"1216\" data-end=\"1242\">SIN CONSERVANTES A\u00d1ADIDOS<\/strong> \u2013 Estable en almacenamiento sin aditivos.<\/p>\n<\/li>\n<li data-start=\"1279\" data-end=\"1341\">\n<p data-start=\"1281\" data-end=\"1341\"><strong data-start=\"1281\" data-end=\"1300\">FUENTE DE FIBRA<\/strong> \u2013 Ayuda a mejorar la saciedad y la digesti\u00f3n.<\/p>\n<\/li>\n<li data-start=\"1342\" data-end=\"1398\">\n<p data-start=\"1344\" data-end=\"1398\"><strong data-start=\"1344\" data-end=\"1366\">Listo en 2 minutos<\/strong> \u2013 Pasta de konjac h\u00fameda de preparaci\u00f3n r\u00e1pida.<\/p>\n<\/li>\n<li data-start=\"1399\" data-end=\"1476\">\n<p data-start=\"1401\" data-end=\"1476\"><strong data-start=\"1401\" data-end=\"1428\">Listo para OEM\/marca privada<\/strong> \u2013 Envasado, dise\u00f1o art\u00edstico y formato personalizables disponibles.<\/p>\n<\/li>\n<\/ul>","protected":false},"featured_media":2145,"comment_status":"open","ping_status":"closed","template":"","meta":[],"product_brand":[],"product_cat":[49],"product_tag":[],"class_list":{"0":"post-2142","1":"product","2":"type-product","3":"status-publish","4":"has-post-thumbnail","6":"product_cat-wet-konjac-noodles","8":"first","9":"instock","10":"shipping-taxable","11":"product-type-simple"},"_links":{"self":[{"href":"https:\/\/scmlkj.com\/es\/wp-json\/wp\/v2\/product\/2142","targetHints":{"allow":["GET"]}}],"collection":[{"href":"https:\/\/scmlkj.com\/es\/wp-json\/wp\/v2\/product"}],"about":[{"href":"https:\/\/scmlkj.com\/es\/wp-json\/wp\/v2\/types\/product"}],"replies":[{"embeddable":true,"href":"https:\/\/scmlkj.com\/es\/wp-json\/wp\/v2\/comments?post=2142"}],"wp:featuredmedia":[{"embeddable":true,"href":"https:\/\/scmlkj.com\/es\/wp-json\/wp\/v2\/media\/2145"}],"wp:attachment":[{"href":"https:\/\/scmlkj.com\/es\/wp-json\/wp\/v2\/media?parent=2142"}],"wp:term":[{"taxonomy":"product_brand","embeddable":true,"href":"https:\/\/scmlkj.com\/es\/wp-json\/wp\/v2\/product_brand?post=2142"},{"taxonomy":"product_cat","embeddable":true,"href":"https:\/\/scmlkj.com\/es\/wp-json\/wp\/v2\/product_cat?post=2142"},{"taxonomy":"product_tag","embeddable":true,"href":"https:\/\/scmlkj.com\/es\/wp-json\/wp\/v2\/product_tag?post=2142"}],"curies":[{"name":"wp","href":"https:\/\/api.w.org\/{rel}","templated":true}]}}