{"id":2146,"date":"2025-12-08T07:36:25","date_gmt":"2025-12-08T07:36:25","guid":{"rendered":"https:\/\/scmlkj.com\/?post_type=product&#038;p=2146"},"modified":"2026-04-12T07:13:04","modified_gmt":"2026-04-12T07:13:04","slug":"tallarines-de-konjac-pasta-shirataki-baja-en-carbohidratos","status":"publish","type":"product","link":"https:\/\/scmlkj.com\/es\/productos\/tallarines-de-konjac-pasta-shirataki-baja-en-carbohidratos\/","title":{"rendered":"Tagliatelle de konjac seco | Pasta shirataki baja en carbohidratos"},"content":{"rendered":"<p><\/p>\n\n\n\n<h2 class=\"wp-block-heading\">Informaci\u00f3n nutricional<\/h2>\n\n\n\n<figure class=\"wp-block-table\"><table class=\"has-fixed-layout\"><tbody><tr><td><strong>Nutriente<\/strong><\/td><td><strong>Unidades<\/strong><\/td><td><strong>Valor por cada 100 g<\/strong><\/td><\/tr><tr><td>Energ\u00eda<\/td><td>kJ \/ kcal<\/td><td>25 kJ \/ 5 kcal<\/td><\/tr><tr><td>Carbohidrato<\/td><td>g<\/td><td>Menos de 0,1<\/td><\/tr><tr><td>Prote\u00edna<\/td><td>g<\/td><td>Menos de 0,1<\/td><\/tr><tr><td>Grasa<\/td><td>g<\/td><td>0<\/td><\/tr><tr><td>Fibra diet\u00e9tica<\/td><td>g<\/td><td>2.7<\/td><\/tr><tr><td>Az\u00facar<\/td><td>g<\/td><td>0<\/td><\/tr><tr><td>Sodio<\/td><td>mg<\/td><td>0<\/td><\/tr><\/tbody><\/table><\/figure>\n\n\n\n<h2 class=\"wp-block-heading\">Informaci\u00f3n b\u00e1sica<\/h2>\n\n\n\n<figure class=\"wp-block-table\"><table class=\"has-fixed-layout\"><tbody><tr><td><strong>Art\u00edculo<\/strong><\/td><td><strong>Detalles<\/strong><\/td><\/tr><tr><td>Nombre del producto<\/td><td>Tagliatelle seco de konjac<\/td><\/tr><tr><td>Tipo de producto<\/td><td>Rehidratado \/ Despu\u00e9s de remojo<\/td><\/tr><tr><td>Estilo<\/td><td>Seco<\/td><\/tr><tr><td>Caracter\u00edstica<\/td><td>Bajo en carbohidratos, sin grasa, alto en fibra<\/td><\/tr><tr><td>Tipo de procesamiento<\/td><td>Hecho a mano<\/td><\/tr><tr><td>Sabor<\/td><td>Neutral<\/td><\/tr><tr><td>Olor<\/td><td>O<\/td><\/tr><tr><td>Apariencia<\/td><td>Tallarines anchos tipo cinta (forma seca, se expanden tras la rehidrataci\u00f3n)<\/td><\/tr><tr><td>Especificaci\u00f3n<\/td><td>75 g \/ bolsa<\/td><\/tr><tr><td>Ingrediente principal<\/td><td><br>Agua, harina de konjac, hidr\u00f3xido de calcio.<\/td><\/tr><tr><td>Contenido<\/td><td>Harina pura de konjac<\/td><\/tr><tr><td>Tiempo de cocci\u00f3n<\/td><td>Preparaci\u00f3n r\u00e1pida despu\u00e9s del remojo<\/td><\/tr><tr><td>Vida \u00fatil<\/td><td>24 meses<\/td><\/tr><tr><td>Tipo de almacenamiento<\/td><td>Temperatura ambiente<\/td><\/tr><tr><td>Marca comercial<\/td><td>Ma\u00f1ana del Este<\/td><\/tr><\/tbody><\/table><\/figure>\n\n\n\n<p><\/p>\n\n\n\n<h2 class=\"wp-block-heading\">Embalaje y entrega<\/h2>\n\n\n\n<figure class=\"wp-block-table\"><table class=\"has-fixed-layout\"><tbody><tr><td><strong>Art\u00edculo<\/strong><\/td><td><strong>Detalles<\/strong><\/td><\/tr><tr><td>Unidad de venta<\/td><td>Art\u00edculo \u00fanico<\/td><\/tr><tr><td>Tama\u00f1o del paquete<\/td><td>12 \u00d7 10 \u00d7 18 cm<\/td><\/tr><tr><td>Peso bruto<\/td><td>0,280 kg<\/td><\/tr><tr><td>Embalaje<\/td><td>Bolsa<\/td><\/tr><tr><td>Logotipo personalizado<\/td><td>Disponible (cantidad m\u00ednima de pedido: 10 000 bolsas)<\/td><\/tr><\/tbody><\/table><\/figure>\n\n\n\n<p><\/p>\n\n\n\n<h2 class=\"wp-block-heading\">C\u00f3mo preparar (Tagliatelle de konjac seco)<\/h2>\n\n\n\n<ol class=\"wp-block-list\">\n<li>Remojar los tallarines de konjac secos en agua limpia durante 5-8 minutos hasta que est\u00e9n totalmente rehidratados.<\/li>\n\n\n\n<li>Escurrir bien el agua.<\/li>\n\n\n\n<li>Hervir o escaldar durante 1-2 minutos, o cocer directamente con la salsa.<\/li>\n\n\n\n<li>A\u00f1adir salsa, verduras o prote\u00ednas y servir.<\/li>\n<\/ol>\n\n\n\n<p>Su forma de cinta ancha la convierte en una opci\u00f3n de primera calidad para los productos de pasta de etiqueta limpia de estilo occidental.<\/p>\n\n\n\n<h2 class=\"wp-block-heading\">Certificaciones<\/h2>\n\n\n\n<p>ISO \u00b7 HACCP \u00b7 HALAL \u00b7 KOSHER \u00b7 BRC \u00b7 IFS \u00b7 ORG\u00c1NICO DE LA UE \u00b7 ORG\u00c1NICO DEL USDA<\/p>\n\n\n\n<p><\/p>","protected":false},"excerpt":{"rendered":"<p>Tallarines de konjac en seco elaborados con harina de konjac de primera calidad.<br data-start=\"670\" data-end=\"673\" \/>Esta pasta estable de konjac se ha dise\u00f1ado para rehidratarse antes de cocinarla y proporciona una textura de cinta ancha similar a la de los tallarines tradicionales, sin dejar de ser baja en carbohidratos y calor\u00edas y de origen vegetal. Ideal para categor\u00edas de pasta seca, kits de comida y marcas blancas.<\/p>\n<ul>\n<li data-start=\"805\" data-end=\"890\">\n<p data-start=\"807\" data-end=\"890\"><strong data-start=\"807\" data-end=\"838\">Tallarines de cinta ancha cortados<\/strong> - Ideal para platos cremosos, ricos y con muchas salsas.<\/p>\n<\/li>\n<li data-start=\"891\" data-end=\"969\">\n<p data-start=\"893\" data-end=\"969\"><strong data-start=\"893\" data-end=\"923\">Ultra bajo en calor\u00edas (5 kcal)<\/strong> - Excelente para dietas de adelgazamiento y ceto.<\/p>\n<\/li>\n<li data-start=\"970\" data-end=\"1048\">\n<p data-start=\"972\" data-end=\"1048\"><strong data-start=\"972\" data-end=\"1011\">SIN GRASA \u00b7 SIN GLUTEN \u00b7 SIN TRIGO<\/strong> - Adecuado para estilos de vida diet\u00e9ticos.<\/p>\n<\/li>\n<li data-start=\"1049\" data-end=\"1108\">\n<p data-start=\"1051\" data-end=\"1108\"><strong data-start=\"1051\" data-end=\"1083\">SIN SABORES ARTIFICIALES A\u00d1ADIDOS<\/strong> - Sabor puro y neutro.<\/p>\n<\/li>\n<li data-start=\"1109\" data-end=\"1165\">\n<p data-start=\"1111\" data-end=\"1165\"><strong data-start=\"1111\" data-end=\"1137\">SIN CONSERVANTES A\u00d1ADIDOS<\/strong> - Conservable de forma natural.<\/p>\n<\/li>\n<li data-start=\"1166\" data-end=\"1223\">\n<p data-start=\"1168\" data-end=\"1223\"><strong data-start=\"1168\" data-end=\"1187\">FUENTE DE FIBRA<\/strong> - Favorece la salud intestinal y la saciedad.<\/p>\n<\/li>\n<li data-start=\"1296\" data-end=\"1368\">\n<p data-start=\"1298\" data-end=\"1368\"><strong data-start=\"1298\" data-end=\"1327\">Preparado para OEM \/ marca blanca<\/strong> - Posibilidad de personalizar el embalaje y la marca.<\/p>\n<\/li>\n<\/ul>","protected":false},"featured_media":3172,"comment_status":"open","ping_status":"closed","template":"","meta":[],"product_brand":[],"product_cat":[30],"product_tag":[],"class_list":{"0":"post-2146","1":"product","2":"type-product","3":"status-publish","4":"has-post-thumbnail","6":"product_cat-dry-konjac-pasta","8":"first","9":"instock","10":"shipping-taxable","11":"product-type-simple"},"_links":{"self":[{"href":"https:\/\/scmlkj.com\/es\/wp-json\/wp\/v2\/product\/2146","targetHints":{"allow":["GET"]}}],"collection":[{"href":"https:\/\/scmlkj.com\/es\/wp-json\/wp\/v2\/product"}],"about":[{"href":"https:\/\/scmlkj.com\/es\/wp-json\/wp\/v2\/types\/product"}],"replies":[{"embeddable":true,"href":"https:\/\/scmlkj.com\/es\/wp-json\/wp\/v2\/comments?post=2146"}],"wp:featuredmedia":[{"embeddable":true,"href":"https:\/\/scmlkj.com\/es\/wp-json\/wp\/v2\/media\/3172"}],"wp:attachment":[{"href":"https:\/\/scmlkj.com\/es\/wp-json\/wp\/v2\/media?parent=2146"}],"wp:term":[{"taxonomy":"product_brand","embeddable":true,"href":"https:\/\/scmlkj.com\/es\/wp-json\/wp\/v2\/product_brand?post=2146"},{"taxonomy":"product_cat","embeddable":true,"href":"https:\/\/scmlkj.com\/es\/wp-json\/wp\/v2\/product_cat?post=2146"},{"taxonomy":"product_tag","embeddable":true,"href":"https:\/\/scmlkj.com\/es\/wp-json\/wp\/v2\/product_tag?post=2146"}],"curies":[{"name":"wp","href":"https:\/\/api.w.org\/{rel}","templated":true}]}}