{"id":2156,"date":"2025-12-08T07:46:14","date_gmt":"2025-12-08T07:46:14","guid":{"rendered":"https:\/\/scmlkj.com\/?post_type=product&#038;p=2156"},"modified":"2026-04-12T07:11:05","modified_gmt":"2026-04-12T07:11:05","slug":"fettuccine-de-konjac-seco-fideos-instantaneos","status":"publish","type":"product","link":"https:\/\/scmlkj.com\/es\/productos\/fettuccine-de-konjac-seco-fideos-instantaneos\/","title":{"rendered":"Fettuccine Konjac seco Fideos instant\u00e1neos"},"content":{"rendered":"<h2 class=\"wp-block-heading\">Especificaciones del producto<\/h2>\n\n\n\n<figure class=\"wp-block-table\"><table class=\"has-fixed-layout\"><tbody><tr><td>Art\u00edculo<\/td><td><strong>Detalles<\/strong><\/td><\/tr><tr><td>Nombre del producto<\/td><td>Fettuccine Konjac seco Fideos instant\u00e1neos<\/td><\/tr><tr><td>Tipo de producto<\/td><td>Pasta seca de konjac<\/td><\/tr><tr><td>Estilo<\/td><td>Seco \/ Estable en estanter\u00eda<\/td><\/tr><tr><td>Forma<\/td><td>Fettuccine<\/td><\/tr><tr><td>Tiempo de cocci\u00f3n<\/td><td>~10 minutos<\/td><\/tr><tr><td>Calor\u00edas<\/td><td>~64 kcal \/ 100 g<\/td><\/tr><tr><td>Fibra diet\u00e9tica<\/td><td>3,72 g \/ 100 g<\/td><\/tr><tr><td>Grasa<\/td><td>0 g<\/td><\/tr><tr><td>Az\u00facar<\/td><td>0 g<\/td><\/tr><tr><td>Prote\u00edna<\/td><td>&lt;1 g<\/td><\/tr><tr><td>Vida \u00fatil<\/td><td>24 meses<\/td><\/tr><tr><td>Almacenamiento<\/td><td>Lugar fresco y seco.<\/td><\/tr><tr><td>Tipo de dieta<\/td><td>Ceto \u00b7 Vegano \u00b7 Sin gluten<\/td><\/tr><\/tbody><\/table><\/figure>\n\n\n\n<h2 class=\"wp-block-heading\">\u00bfPor qu\u00e9 elegir fettuccine seco de konjac?<\/h2>\n\n\n\n<p><strong>Satisfacci\u00f3n sin remordimientos y apta para la dieta cetog\u00e9nica<\/strong><\/p>\n\n\n\n<p>Disfruta del sabor y la textura de la pasta con solo <strong>64 kcal por cada 100 g<\/strong>, lo que lo hace perfecto para:<\/p>\n\n\n\n<ul class=\"wp-block-list\">\n<li>Dietas cetog\u00e9nicas y bajas en carbohidratos<\/li>\n\n\n\n<li>planes de comidas con control cal\u00f3rico<\/li>\n\n\n\n<li>programas para bajar de peso<\/li>\n<\/ul>\n\n\n\n<p><strong>Alto contenido en fibra para la saciedad y la digesti\u00f3n<\/strong><\/p>\n\n\n\n<p>Con <strong>3,72 g de fibra diet\u00e9tica por cada 100 g.<\/strong>, La fibra de konjac ayuda a:<\/p>\n\n\n\n<ul class=\"wp-block-list\">\n<li>aumentar la plenitud<\/li>\n\n\n\n<li>reducir la ingesta cal\u00f3rica total<\/li>\n\n\n\n<li>apoya la salud digestiva<\/li>\n<\/ul>\n\n\n\n<p><strong>Rico en nutrientes y sin al\u00e9rgenos<\/strong><\/p>\n\n\n\n<ul class=\"wp-block-list\">\n<li><strong>A base de plantas y apto para veganos<\/strong><\/li>\n\n\n\n<li><strong>Sin gluten \u00b7 Sin az\u00facar \u00b7 Sin grasa<\/strong><\/li>\n\n\n\n<li><strong>Naturalmente libre de al\u00e9rgenos<\/strong><\/li>\n\n\n\n<li>Sin trigo, sin cereales, sin soja.<\/li>\n<\/ul>\n\n\n\n<p>Una alternativa saludable a la pasta tradicional, sin sacrificar la textura ni el sabor.<\/p>\n\n\n\n<p>Su formato seco y conservable hace que estos fettuccine sean ideales para la exportaci\u00f3n mundial, la distribuci\u00f3n al por menor y el almacenamiento a largo plazo.<\/p>\n\n\n\n<h2 class=\"wp-block-heading\">Informaci\u00f3n nutricional destacada (por cada 100 g)<\/h2>\n\n\n\n<ul class=\"wp-block-list\">\n<li><strong>Calor\u00edas:<\/strong> ~64 kcal<\/li>\n\n\n\n<li><strong>Fibra diet\u00e9tica:<\/strong> 3,72 g<\/li>\n\n\n\n<li><strong>Grasa:<\/strong> 0 g<\/li>\n\n\n\n<li><strong>Az\u00facar:<\/strong> 0 g<\/li>\n\n\n\n<li><strong>Prote\u00edna:<\/strong> &lt;1 g<\/li>\n<\/ul>\n\n\n\n<p><em>(Panel detallado con informaci\u00f3n nutricional disponible bajo petici\u00f3n)<\/em><\/p>\n\n\n\n<h2 class=\"wp-block-heading\">C\u00f3mo cocinar (<a href=\"https:\/\/scmlkj.com\/es\/product-category\/pasta-seca-de-konjac\/\">Pasta seca de konjac<\/a>)<\/h2>\n\n\n\n<ol class=\"wp-block-list\">\n<li>Hervir los fideos en agua durante <strong>10 minutos<\/strong><\/li>\n\n\n\n<li>Escurrir el agua.<\/li>\n\n\n\n<li>A\u00f1adir la salsa o los ingredientes y calentar todo junto.<\/li>\n\n\n\n<li>Decora y disfruta.<\/li>\n<\/ol>\n\n\n\n<p>Perfecto para platos cl\u00e1sicos italianos, platos de inspiraci\u00f3n asi\u00e1tica y recetas veganas.<br>\ud83d\udc49 <em>Explora m\u00e1s recetas en nuestro <a href=\"https:\/\/scmlkj.com\/es\/receta-de-konjac\/\">Recopilaci\u00f3n de recetas con konjac.<\/a><\/em><\/p>\n\n\n\n<h2 class=\"wp-block-heading\">OEM \/ Marca privada disponible<\/h2>\n\n\n\n<ul class=\"wp-block-list\">\n<li>Formas de pasta personalizadas (fettuccine, espagueti, penne, etc.)<\/li>\n\n\n\n<li>Opciones de embalaje para venta al por menor y a granel<\/li>\n\n\n\n<li>Etiquetado multiling\u00fce<\/li>\n\n\n\n<li>Cumplimiento listo para la exportaci\u00f3n<\/li>\n\n\n\n<li>Receta y apoyo en marketing<\/li>\n<\/ul>\n\n\n\n<p>\ud83d\udc49 Consulte m\u00e1s detalles en <a href=\"https:\/\/scmlkj.com\/es\/serie-personalizada-de-konjac-seco\/\">Pasta seca Konjac personalizada<\/a><\/p>\n\n\n\n<p>Buscando un <strong>Pasta konjac seca, apta para dietas cetog\u00e9nicas.<\/strong> \u00bfPara tu marca o mercado?<br><a href=\"https:\/\/scmlkj.com\/es\/pongase-en-contacto-con\/\">Contactar con Eastern Morning <\/a>para comenzar tu <strong><a href=\"https:\/\/scmlkj.com\/es\/serie-personalizada-de-konjac-seco\/\">Pasta seca de konjac OEM<\/a><\/strong> proyecto hoy.<\/p>\n\n\n\n<p><\/p>","protected":false},"excerpt":{"rendered":"<p>Los fideos instant\u00e1neos secos Konjac Fettuccine de Eastern Morning son una alternativa a la pasta baja en calor\u00edas y sin remordimientos, elaborada con harina de konjac de primera calidad.<br data-start=\"585\" data-end=\"588\" \/>Dise\u00f1ados en un formato seco y estable en estanter\u00eda, estos fideos ofrecen una textura satisfactoria similar a la de los fettuccine, a la vez que son aptos para dietas cetog\u00e9nicas, bajos en carbohidratos y de origen vegetal, lo que los hace ideales para una alimentaci\u00f3n saludable, el control del peso y los mercados de exportaci\u00f3n globales.<\/p>\n<ul>\n<li data-start=\"1596\" data-end=\"1652\">\n<p data-start=\"1598\" data-end=\"1652\"><strong data-start=\"1598\" data-end=\"1613\">Bajo en calor\u00edas<\/strong> \u2013 Ayuda a mantener un peso saludable.<\/p>\n<\/li>\n<li data-start=\"1653\" data-end=\"1685\">\n<p data-start=\"1655\" data-end=\"1685\"><strong data-start=\"1655\" data-end=\"1683\">Bajo en carbohidratos y apto para dietas cetog\u00e9nicas<\/strong><\/p>\n<\/li>\n<li data-start=\"1686\" data-end=\"1715\">\n<p data-start=\"1688\" data-end=\"1715\"><strong data-start=\"1688\" data-end=\"1713\">Alto contenido en fibra diet\u00e9tica<\/strong><\/p>\n<\/li>\n<li data-start=\"1716\" data-end=\"1766\">\n<p data-start=\"1718\" data-end=\"1766\"><strong data-start=\"1718\" data-end=\"1742\">Cocina r\u00e1pida y f\u00e1cil<\/strong> \u2013 listo en 10 minutos<\/p>\n<\/li>\n<li data-start=\"1767\" data-end=\"1820\">\n<p data-start=\"1769\" data-end=\"1820\"><strong data-start=\"1769\" data-end=\"1793\">Experiencia sin olores<\/strong> \u2013 Sin olor fuerte a konjac.<\/p>\n<\/li>\n<li data-start=\"1821\" data-end=\"1881\">\n<p data-start=\"1823\" data-end=\"1881\"><strong data-start=\"1823\" data-end=\"1859\">Textura firme y el\u00e1stica de fettuccine<\/strong> \u2013 Retiene bien las salsas.<\/p>\n<\/li>\n<\/ul>","protected":false},"featured_media":2159,"comment_status":"open","ping_status":"closed","template":"","meta":[],"product_brand":[],"product_cat":[30],"product_tag":[],"class_list":{"0":"post-2156","1":"product","2":"type-product","3":"status-publish","4":"has-post-thumbnail","6":"product_cat-dry-konjac-pasta","8":"first","9":"instock","10":"shipping-taxable","11":"product-type-simple"},"_links":{"self":[{"href":"https:\/\/scmlkj.com\/es\/wp-json\/wp\/v2\/product\/2156","targetHints":{"allow":["GET"]}}],"collection":[{"href":"https:\/\/scmlkj.com\/es\/wp-json\/wp\/v2\/product"}],"about":[{"href":"https:\/\/scmlkj.com\/es\/wp-json\/wp\/v2\/types\/product"}],"replies":[{"embeddable":true,"href":"https:\/\/scmlkj.com\/es\/wp-json\/wp\/v2\/comments?post=2156"}],"wp:featuredmedia":[{"embeddable":true,"href":"https:\/\/scmlkj.com\/es\/wp-json\/wp\/v2\/media\/2159"}],"wp:attachment":[{"href":"https:\/\/scmlkj.com\/es\/wp-json\/wp\/v2\/media?parent=2156"}],"wp:term":[{"taxonomy":"product_brand","embeddable":true,"href":"https:\/\/scmlkj.com\/es\/wp-json\/wp\/v2\/product_brand?post=2156"},{"taxonomy":"product_cat","embeddable":true,"href":"https:\/\/scmlkj.com\/es\/wp-json\/wp\/v2\/product_cat?post=2156"},{"taxonomy":"product_tag","embeddable":true,"href":"https:\/\/scmlkj.com\/es\/wp-json\/wp\/v2\/product_tag?post=2156"}],"curies":[{"name":"wp","href":"https:\/\/api.w.org\/{rel}","templated":true}]}}