{"id":2160,"date":"2025-12-08T07:51:16","date_gmt":"2025-12-08T07:51:16","guid":{"rendered":"https:\/\/scmlkj.com\/?post_type=product&#038;p=2160"},"modified":"2026-04-12T07:10:24","modified_gmt":"2026-04-12T07:10:24","slug":"fideos-shirataki-de-konjac-organico","status":"publish","type":"product","link":"https:\/\/scmlkj.com\/es\/productos\/fideos-shirataki-de-konjac-organico\/","title":{"rendered":"Fideos finos org\u00e1nicos Konjac Shirataki\u00a0"},"content":{"rendered":"<p><\/p>\n\n\n\n<h2 class=\"wp-block-heading\">Informaci\u00f3n nutricional<\/h2>\n\n\n\n<figure class=\"wp-block-table\"><table class=\"has-fixed-layout\"><tbody><tr><td><strong>Nutriente<\/strong><\/td><td><strong>Unidades<\/strong><\/td><td><strong>Valor por cada 100 g<\/strong><\/td><\/tr><tr><td>Energ\u00eda<\/td><td>kJ \/ kcal<\/td><td>25 kJ \/ 5 kcal<\/td><\/tr><tr><td>Carbohidrato<\/td><td>g<\/td><td>Menos de 0,1<\/td><\/tr><tr><td>Prote\u00edna<\/td><td>g<\/td><td>Menos de 0,1<\/td><\/tr><tr><td>Grasa<\/td><td>g<\/td><td>0<\/td><\/tr><tr><td>Fibra diet\u00e9tica<\/td><td>g<\/td><td>2.7<\/td><\/tr><tr><td>Az\u00facar<\/td><td>g<\/td><td>0<\/td><\/tr><tr><td>Sodio<\/td><td>mg<\/td><td>0<\/td><\/tr><\/tbody><\/table><\/figure>\n\n\n\n<h2 class=\"wp-block-heading\">Informaci\u00f3n b\u00e1sica<\/h2>\n\n\n\n<figure class=\"wp-block-table\"><table class=\"has-fixed-layout\"><tbody><tr><td><strong>Art\u00edculo<\/strong><\/td><td><strong>Detalles<\/strong><\/td><\/tr><tr><td>Nombre del producto<\/td><td>Fideos finos org\u00e1nicos Konjac Shirataki<\/td><\/tr><tr><td>Tipo de producto<\/td><td><a href=\"https:\/\/scmlkj.com\/es\/product-category\/fideos-konjac-humedos\/\">Fideos Konjac h\u00famedos<\/a><\/td><\/tr><tr><td>Estilo<\/td><td>Instant\u00e1neo \u00b7 Listo para comer<\/td><\/tr><tr><td>Caracter\u00edstica<\/td><td>Bajo en Carbohidratos \u00b7 Org\u00e1nico \u00b7 Cero Grasa<\/td><\/tr><tr><td>Tipo de procesamiento<\/td><td>Hecho a mano<\/td><\/tr><tr><td>Sabor<\/td><td>Neutral<\/td><\/tr><tr><td>Olor<\/td><td>Sin olor<\/td><\/tr><tr><td>Apariencia<\/td><td>Fideos de konjac estilo vermicelli ultra finos<\/td><\/tr><tr><td>Especificaci\u00f3n<\/td><td>270 g \/ bolsa<\/td><\/tr><tr><td>Ingrediente principal<\/td><td><br>Agua, <strong><a href=\"https:\/\/scmlkj.com\/es\/product-category\/harina-de-konjac\/\">Harina org\u00e1nica de konjac<\/a><\/strong>, Hidr\u00f3xido de calcio<\/td><\/tr><tr><td>Contenido<\/td><td>Harina pura de konjac<\/td><\/tr><tr><td>Tiempo de cocci\u00f3n<\/td><td>2 minutos<\/td><\/tr><tr><td>Vida \u00fatil<\/td><td>18 meses<\/td><\/tr><tr><td>Tipo de almacenamiento<\/td><td>Temperatura ambiente<\/td><\/tr><tr><td>Marca comercial<\/td><td>Ma\u00f1ana del Este<\/td><\/tr><\/tbody><\/table><\/figure>\n\n\n\n<p><\/p>\n\n\n\n<h2 class=\"wp-block-heading\">Embalaje y entrega<\/h2>\n\n\n\n<figure class=\"wp-block-table\"><table class=\"has-fixed-layout\"><tbody><tr><td><strong>Art\u00edculo<\/strong><\/td><td><strong>Detalles<\/strong><\/td><\/tr><tr><td>Unidad de venta<\/td><td>Art\u00edculo \u00fanico<\/td><\/tr><tr><td>Tama\u00f1o del paquete<\/td><td>12 \u00d7 10 \u00d7 18 cm<\/td><\/tr><tr><td>Peso bruto<\/td><td>0,280 kg<\/td><\/tr><tr><td>Embalaje<\/td><td>Bolsa<\/td><\/tr><tr><td>Logotipo personalizado<\/td><td>Disponible (cantidad m\u00ednima de pedido: 10 000 bolsas)<\/td><\/tr><\/tbody><\/table><\/figure>\n\n\n\n<p><\/p>\n\n\n\n<h2 class=\"wp-block-heading\">C\u00f3mo cocinar<\/h2>\n\n\n\n<p><strong>Listo en 2 minutos<\/strong><\/p>\n\n\n\n<ol class=\"wp-block-list\">\n<li>Escurrir y enjuagar. <strong>2-3 veces<\/strong>.<\/li>\n\n\n\n<li>Escaldar en agua caliente durante <strong>1 minuto<\/strong>.<\/li>\n<\/ol>\n\n\n\n<h3 class=\"wp-block-heading\">Ideal Para:<\/h3>\n\n\n\n<ul class=\"wp-block-list\">\n<li>Sopas de fideos asi\u00e1ticas<\/li>\n\n\n\n<li>Platos estilo vietnamita (bowls)<\/li>\n\n\n\n<li>Ensaladas aptas para keto<\/li>\n\n\n\n<li>Platos de vermicelli fr\u00edos<\/li>\n\n\n\n<li>Salteados (stir-fries)<\/li>\n\n\n\n<li>Bowls de preparaci\u00f3n de comidas (meal-prep)<\/li>\n\n\n\n<li>Kits de comida org\u00e1nica<\/li>\n<\/ul>\n\n\n\n<p>La certificaci\u00f3n org\u00e1nica hace que este SKU sea muy atractivo para minoristas premium y marcas de etiqueta limpia (clean-label).<\/p>\n\n\n\n<h2 class=\"wp-block-heading\"><a href=\"https:\/\/scmlkj.com\/es\/certificacion\/\">Certificaciones<\/a><\/h2>\n\n\n\n<p>ISO \u00b7 HACCP \u00b7 HALAL \u00b7 KOSHER \u00b7 BRC \u00b7 IFS \u00b7 ORG\u00c1NICO DE LA UE \u00b7 ORG\u00c1NICO DEL USDA<\/p>","protected":false},"excerpt":{"rendered":"<p>Una etiqueta limpia <strong data-start=\"564\" data-end=\"593\">Fideos de Konjac Org\u00e1nico<\/strong>, elaborados con harina de konjac org\u00e1nico certificado. Ultra finos, suaves y muy vers\u00e1tiles: perfectos para platos asi\u00e1ticos, sopas, ensaladas y planes de comidas bajas en calor\u00edas. Cero grasa, sin gluten, sin trigo, e ideales para minoristas org\u00e1nicos, kits de comida y marcas privadas de alimentos saludables.<\/p>\n<p>El formato ultrafino de los fideos ofrece una absorci\u00f3n m\u00e1s r\u00e1pida de la salsa y una sensaci\u00f3n en boca m\u00e1s ligera, por lo que son ideales para sopas, platos fr\u00edos y comidas asi\u00e1ticas bajas en calor\u00edas.<\/p>\n<ul data-start=\"898\" data-end=\"1532\">\n<li data-start=\"898\" data-end=\"969\">\n<p data-start=\"900\" data-end=\"969\"><strong data-start=\"900\" data-end=\"928\">Konjac org\u00e1nico certificado<\/strong> \u2013 Disponible con certificaci\u00f3n Org\u00e1nica UE y USDA Org\u00e1nico.<\/p>\n<\/li>\n<li data-start=\"970\" data-end=\"1061\">\n<p data-start=\"972\" data-end=\"1061\"><strong data-start=\"972\" data-end=\"1001\">Corte de Fideos Ultra Finos<\/strong> \u2013 Ideal para sopas, ensaladas, salteados y cocina asi\u00e1tica.<\/p>\n<\/li>\n<li data-start=\"1062\" data-end=\"1148\">\n<p data-start=\"1064\" data-end=\"1148\"><strong data-start=\"1064\" data-end=\"1088\">Solo 5 kcal por cada 100 g.<\/strong> \u2013 Excelente para dietas cetog\u00e9nicas (keto), veganas y de control de peso.<\/p>\n<\/li>\n<li data-start=\"1149\" data-end=\"1232\">\n<p data-start=\"1151\" data-end=\"1232\"><strong data-start=\"1151\" data-end=\"1190\">SIN GRASA \u00b7 SIN GLUTEN \u00b7 SIN TRIGO<\/strong> \u2013 Perfecto para consumidores con dietas sensibles.<\/p>\n<\/li>\n<li data-start=\"1233\" data-end=\"1296\">\n<p data-start=\"1235\" data-end=\"1296\"><strong data-start=\"1235\" data-end=\"1267\">SIN SABORES ARTIFICIALES A\u00d1ADIDOS<\/strong> \u2013 Sabor naturalmente neutro.<\/p>\n<\/li>\n<li data-start=\"1297\" data-end=\"1375\">\n<p data-start=\"1299\" data-end=\"1375\"><strong data-start=\"1299\" data-end=\"1325\">SIN CONSERVANTES A\u00d1ADIDOS<\/strong> \u2013 Estable en almacenamiento durante 18 meses sin aditivos.<\/p>\n<\/li>\n<li data-start=\"1376\" data-end=\"1443\">\n<p data-start=\"1378\" data-end=\"1443\"><strong data-start=\"1378\" data-end=\"1397\">FUENTE DE FIBRA<\/strong> \u2013 Favorece la sensaci\u00f3n de saciedad y el bienestar digestivo.<\/p>\n<\/li>\n<li data-start=\"1444\" data-end=\"1532\">\n<p data-start=\"1446\" data-end=\"1532\"><strong data-start=\"1446\" data-end=\"1475\">Preparado para OEM \/ marca blanca<\/strong> \u2013 Envasado personalizado y certificaciones org\u00e1nicas disponibles.<\/p>\n<\/li>\n<\/ul>","protected":false},"featured_media":2163,"comment_status":"open","ping_status":"closed","template":"","meta":[],"product_brand":[],"product_cat":[49],"product_tag":[],"class_list":{"0":"post-2160","1":"product","2":"type-product","3":"status-publish","4":"has-post-thumbnail","6":"product_cat-wet-konjac-noodles","8":"first","9":"instock","10":"shipping-taxable","11":"product-type-simple"},"_links":{"self":[{"href":"https:\/\/scmlkj.com\/es\/wp-json\/wp\/v2\/product\/2160","targetHints":{"allow":["GET"]}}],"collection":[{"href":"https:\/\/scmlkj.com\/es\/wp-json\/wp\/v2\/product"}],"about":[{"href":"https:\/\/scmlkj.com\/es\/wp-json\/wp\/v2\/types\/product"}],"replies":[{"embeddable":true,"href":"https:\/\/scmlkj.com\/es\/wp-json\/wp\/v2\/comments?post=2160"}],"wp:featuredmedia":[{"embeddable":true,"href":"https:\/\/scmlkj.com\/es\/wp-json\/wp\/v2\/media\/2163"}],"wp:attachment":[{"href":"https:\/\/scmlkj.com\/es\/wp-json\/wp\/v2\/media?parent=2160"}],"wp:term":[{"taxonomy":"product_brand","embeddable":true,"href":"https:\/\/scmlkj.com\/es\/wp-json\/wp\/v2\/product_brand?post=2160"},{"taxonomy":"product_cat","embeddable":true,"href":"https:\/\/scmlkj.com\/es\/wp-json\/wp\/v2\/product_cat?post=2160"},{"taxonomy":"product_tag","embeddable":true,"href":"https:\/\/scmlkj.com\/es\/wp-json\/wp\/v2\/product_tag?post=2160"}],"curies":[{"name":"wp","href":"https:\/\/api.w.org\/{rel}","templated":true}]}}