{"id":2164,"date":"2025-12-08T07:59:00","date_gmt":"2025-12-08T07:59:00","guid":{"rendered":"https:\/\/scmlkj.com\/?post_type=product&#038;p=2164"},"modified":"2026-04-12T07:09:43","modified_gmt":"2026-04-12T07:09:43","slug":"fideos-shirataki-konjac-con-sabor-a-marisco","status":"publish","type":"product","link":"https:\/\/scmlkj.com\/es\/productos\/fideos-shirataki-konjac-con-sabor-a-marisco\/","title":{"rendered":"Fideos Shirataki Konjac con sabor a marisco"},"content":{"rendered":"<p><\/p>\n\n\n\n<h2 class=\"wp-block-heading\">Informaci\u00f3n b\u00e1sica<\/h2>\n\n\n\n<figure class=\"wp-block-table\"><table class=\"has-fixed-layout\"><tbody><tr><td><strong>Art\u00edculo<\/strong><\/td><td><strong>Detalles<\/strong><\/td><\/tr><tr><td>Nombre del producto<\/td><td>Fideos Shirataki Konjac con sabor a marisco<\/td><\/tr><tr><td>Formato<\/td><td>Bol instant\u00e1neo de konjac<\/td><\/tr><tr><td>Peso neto<\/td><td><strong>272 g\/bol<\/strong> (Fideos konjac) <strong>180 g<\/strong>)<\/td><\/tr><tr><td>Especificaciones de embalaje<\/td><td>1 \u00d7 6 cuencos \u00d7 272 g<\/td><\/tr><tr><td>Cantidad m\u00ednima de pedido<\/td><td>2000 cuencos<\/td><\/tr><tr><td>Tama\u00f1o del cart\u00f3n<\/td><td>355 mm \u00d7 245 mm \u00d7 150 mm<\/td><\/tr><tr><td>Tama\u00f1o de la etiqueta<\/td><td>119 mm \u00d7 88 mm \u00d7 123 mm<\/td><\/tr><tr><td>Vida \u00fatil<\/td><td>12 meses<\/td><\/tr><tr><td>Almacenamiento<\/td><td>Fresco, seco, ventilado; evitar el resplandor; evitar la congelaci\u00f3n.<\/td><\/tr><tr><td>Marca<\/td><td>Ma\u00f1ana del Este<\/td><\/tr><tr><td>Adecuado para<\/td><td>Venta al por menor, aperitivos saludables, comidas para adelgazar, kits de comida.<\/td><\/tr><\/tbody><\/table><\/figure>\n\n\n\n<h2 class=\"wp-block-heading\">Informaci\u00f3n nutricional<\/h2>\n\n\n\n<p><strong>Por cada 100 g (solo fideos konjac)<\/strong><\/p>\n\n\n\n<figure class=\"wp-block-table\"><table class=\"has-fixed-layout\"><tbody><tr><td>Nutriente<\/td><td>Importe<\/td><td>%DV<\/td><\/tr><tr><td>Energ\u00eda<\/td><td>45 kJ \/ ~10 kcal<\/td><td>1%<\/td><\/tr><tr><td>Carbohidrato<\/td><td>0,2 g<\/td><td>0%<\/td><\/tr><tr><td>Prote\u00edna<\/td><td>0 g<\/td><td>0%<\/td><\/tr><tr><td>Grasa<\/td><td>0 g<\/td><td>0%<\/td><\/tr><tr><td>Fibra<\/td><td>4,9 g<\/td><td>20%<\/td><\/tr><tr><td>Sodio<\/td><td>0 mg<\/td><td>0%<\/td><\/tr><\/tbody><\/table><\/figure>\n\n\n\n<p><strong>Por raci\u00f3n (salsa + fideos en total)<\/strong><\/p>\n\n\n\n<figure class=\"wp-block-table\"><table class=\"has-fixed-layout\"><tbody><tr><td>Nutriente<\/td><td>Importe<\/td><td>%DV<\/td><\/tr><tr><td>Energ\u00eda<\/td><td>747 kJ \/ ~178 kcal<\/td><td>9%<\/td><\/tr><tr><td>Carbohidrato<\/td><td>3,1 g<\/td><td>5%<\/td><\/tr><tr><td>Prote\u00edna<\/td><td>16 g<\/td><td>27%<\/td><\/tr><tr><td>Grasa<\/td><td>6 g<\/td><td>2%<\/td><\/tr><tr><td>Sodio<\/td><td>2987 mg<\/td><td>149%<\/td><\/tr><\/tbody><\/table><\/figure>\n\n\n\n<p>El alto contenido en sodio refleja el paquete de condimentos; los valores se pueden ajustar seg\u00fan la receta del fabricante original.<\/p>\n\n\n\n<h2 class=\"wp-block-heading\">Ingredientes<\/h2>\n\n\n\n<h3 class=\"wp-block-heading\"><a href=\"https:\/\/scmlkj.com\/es\/product-category\/fideos-konjac-humedos\/\">Fideos Konjac<\/a><\/h3>\n\n\n\n<ul class=\"wp-block-list\">\n<li>95,71 TP3T Agua<\/li>\n\n\n\n<li>4% Harina de konjac<\/li>\n\n\n\n<li>\u00c1cido c\u00edtrico (regulador de la acidez)<\/li>\n<\/ul>\n\n\n\n<h3 class=\"wp-block-heading\">Paquete de salsa para mariscos<\/h3>\n\n\n\n<p>Extracto de marisco en polvo (camarones, pescado, cangrejo)<\/p>\n\n\n\n<p>Extracto de algas marinas<\/p>\n\n\n\n<p>Salsa de soja (contiene colorante caramelo)<\/p>\n\n\n\n<p>Aceite de palma refinado (con TBHQ)<\/p>\n\n\n\n<p>Jengibre, ajo<\/p>\n\n\n\n<p>Sal<\/p>\n\n\n\n<p>Glutamato monos\u00f3dico<\/p>\n\n\n\n<p>Az\u00facar blanco<\/p>\n\n\n\n<p>Extracto de levadura<\/p>\n\n\n\n<p>Especias<\/p>\n\n\n\n<p>Sorbato de potasio (estabilizador de salsas)<\/p>\n\n\n\n<h3 class=\"wp-block-heading\">Mezcla de verduras deshidratadas<\/h3>\n\n\n\n<p>Algas marinas deshidratadas<\/p>\n\n\n\n<p>Cebollas deshidratadas<\/p>\n\n\n\n<p>Copos de zanahoria deshidratada<\/p>\n\n\n\n<p>Copos de col seca<\/p>\n\n\n\n<h3 class=\"wp-block-heading\"><strong>Paquete de condimentos en polvo<\/strong><\/h3>\n\n\n\n<p>Sal, glutamato monos\u00f3dico, especias, extracto de levadura, maltodextrina, prote\u00edna vegetal hidrolizada en polvo, succinato dis\u00f3dico, nucle\u00f3tido 5'-dis\u00f3dico, di\u00f3xido de silicio, acesulfamo pot\u00e1sico.<\/p>\n\n\n\n<h2 class=\"wp-block-heading\">C\u00f3mo prepararse<\/h2>\n\n\n\n<ol class=\"wp-block-list\">\n<li>Abra la tapa y retire todos los paquetes.<\/li>\n\n\n\n<li>Enjuague los fideos konjac (opcional, pero realza el sabor).<\/li>\n\n\n\n<li>Vuelve a a\u00f1adir los fideos y las verduras secas al bol.<\/li>\n\n\n\n<li>A\u00f1adir salsa para marisco + condimento en polvo.<\/li>\n\n\n\n<li>A\u00f1adir agua hirviendo o calentar en el microondas durante <strong>2-3 minutos<\/strong>.<\/li>\n\n\n\n<li>Remueve bien y disfruta del sabroso caldo de marisco y los fideos konjac al dente.<\/li>\n<\/ol>\n\n\n\n<p>Perfecto para comidas en la oficina, aperitivos nocturnos, comidas para llevar y consumidores que siguen un estilo de vida saludable.<\/p>\n\n\n\n<h2 class=\"wp-block-heading\">Opciones de OEM \/ Marca privada<\/h2>\n\n\n\n<p>Sabor personalizado (pimienta, picante, tomate, s\u00e9samo, etc.)<\/p>\n\n\n\n<p>Forma y color personalizados del cuenco, funda de cart\u00f3n.<\/p>\n\n\n\n<p>Impresi\u00f3n personalizada y branding<\/p>\n\n\n\n<p>Receta personalizable (nivel de picante, nivel de sodio, f\u00f3rmula sin az\u00facar)<\/p>\n\n\n\n<p>Cantidad m\u00ednima de pedido: <strong>2000 cuencos<\/strong> solo<\/p>\n\n\n\n<p>\u00bfQuiere lanzar con su marca un bol de fideos de konjac con sabor a marisco?<br><a href=\"https:\/\/scmlkj.com\/es\/pongase-en-contacto-con\/\">Contactar con Eastern Morning<\/a> para <strong><a href=\"https:\/\/scmlkj.com\/es\/guia-de-marcas-privadas-oem\/\">Personalizaci\u00f3n de sabores OEM<\/a>dise\u00f1o de envases y precios al por mayor<\/strong>.<\/p>\n\n\n\n<p><\/p>","protected":false},"excerpt":{"rendered":"<p>Un sabroso <strong data-start=\"543\" data-end=\"588\">Fideos instant\u00e1neos de konjac con sabor a marisco<\/strong>, que combina fideos shirataki konjac masticables con un rico caldo con sabor a marisco. Bajo en grasas, bajo en calor\u00edas, rico en fibra y perfecto para los consumidores que buscan alternativas m\u00e1s saludables a los fideos instant\u00e1neos. Ideal para supermercados, comercio electr\u00f3nico, tiendas de conveniencia y marcas privadas OEM de todo el mundo.<\/p>\n<ul>\n<li data-start=\"912\" data-end=\"1007\">\n<p data-start=\"914\" data-end=\"1007\"><strong data-start=\"914\" data-end=\"943\">Sabor intenso a caldo de marisco<\/strong> \u2013 Notas saladas de extractos de gambas, pescado, algas y marisco.<\/p>\n<\/li>\n<li data-start=\"1008\" data-end=\"1089\">\n<p data-start=\"1010\" data-end=\"1089\"><strong data-start=\"1010\" data-end=\"1034\">Inmediato y c\u00f3modo<\/strong> \u2013 Disfruta de un plato caliente de fideos al estilo marisco en cuesti\u00f3n de minutos.<\/p>\n<\/li>\n<li data-start=\"1090\" data-end=\"1173\">\n<p data-start=\"1092\" data-end=\"1173\"><strong data-start=\"1092\" data-end=\"1120\">Bajo en calor\u00edas \u00b7 Alto contenido en fibra<\/strong> \u2013 La base de konjac favorece el control del peso y la digesti\u00f3n.<\/p>\n<\/li>\n<li data-start=\"1174\" data-end=\"1248\">\n<p data-start=\"1176\" data-end=\"1248\"><strong data-start=\"1176\" data-end=\"1198\">Sabor limpio y ligero<\/strong> \u2013 Ideal para los mercados asi\u00e1ticos, occidentales y de fusi\u00f3n.<\/p>\n<\/li>\n<li data-start=\"1249\" data-end=\"1320\">\n<p data-start=\"1251\" data-end=\"1320\"><strong data-start=\"1251\" data-end=\"1273\">Perfecto para el comercio minorista<\/strong> \u2013 Formato de bol de 272 g con 180 g de fideos konjac.<\/p>\n<\/li>\n<li data-start=\"1321\" data-end=\"1401\">\n<p data-start=\"1323\" data-end=\"1401\"><strong data-start=\"1323\" data-end=\"1346\">Vida \u00fatil de 12 meses<\/strong> \u2013 Apto para exportaciones internacionales y almacenamiento a largo plazo.<\/p>\n<\/li>\n<li data-start=\"1402\" data-end=\"1494\">\n<p data-start=\"1404\" data-end=\"1494\"><strong data-start=\"1404\" data-end=\"1420\">Compatible con OEM<\/strong> \u2013 Posibilidad de personalizar el sabor, el envase y los niveles de sodio (cantidad m\u00ednima de pedido). <strong data-start=\"1478\" data-end=\"1492\">2000 cuencos<\/strong>).<\/p>\n<\/li>\n<\/ul>","protected":false},"featured_media":2167,"comment_status":"open","ping_status":"closed","template":"","meta":[],"product_brand":[],"product_cat":[59],"product_tag":[],"class_list":{"0":"post-2164","1":"product","2":"type-product","3":"status-publish","4":"has-post-thumbnail","6":"product_cat-flavored-konjac-noodles","8":"first","9":"instock","10":"shipping-taxable","11":"product-type-simple"},"_links":{"self":[{"href":"https:\/\/scmlkj.com\/es\/wp-json\/wp\/v2\/product\/2164","targetHints":{"allow":["GET"]}}],"collection":[{"href":"https:\/\/scmlkj.com\/es\/wp-json\/wp\/v2\/product"}],"about":[{"href":"https:\/\/scmlkj.com\/es\/wp-json\/wp\/v2\/types\/product"}],"replies":[{"embeddable":true,"href":"https:\/\/scmlkj.com\/es\/wp-json\/wp\/v2\/comments?post=2164"}],"wp:featuredmedia":[{"embeddable":true,"href":"https:\/\/scmlkj.com\/es\/wp-json\/wp\/v2\/media\/2167"}],"wp:attachment":[{"href":"https:\/\/scmlkj.com\/es\/wp-json\/wp\/v2\/media?parent=2164"}],"wp:term":[{"taxonomy":"product_brand","embeddable":true,"href":"https:\/\/scmlkj.com\/es\/wp-json\/wp\/v2\/product_brand?post=2164"},{"taxonomy":"product_cat","embeddable":true,"href":"https:\/\/scmlkj.com\/es\/wp-json\/wp\/v2\/product_cat?post=2164"},{"taxonomy":"product_tag","embeddable":true,"href":"https:\/\/scmlkj.com\/es\/wp-json\/wp\/v2\/product_tag?post=2164"}],"curies":[{"name":"wp","href":"https:\/\/api.w.org\/{rel}","templated":true}]}}