{"id":2172,"date":"2025-12-08T08:06:03","date_gmt":"2025-12-08T08:06:03","guid":{"rendered":"https:\/\/scmlkj.com\/?post_type=product&#038;p=2172"},"modified":"2026-04-12T07:08:04","modified_gmt":"2026-04-12T07:08:04","slug":"fideos-konjac-shirataki-picantes-y-acidos","status":"publish","type":"product","link":"https:\/\/scmlkj.com\/es\/productos\/fideos-konjac-shirataki-picantes-y-acidos\/","title":{"rendered":"Fideos Konjac Shirataki picantes y \u00e1cidos"},"content":{"rendered":"<p><\/p>\n\n\n\n<h2 class=\"wp-block-heading\">Informaci\u00f3n b\u00e1sica<\/h2>\n\n\n\n<figure class=\"wp-block-table\"><table class=\"has-fixed-layout\"><tbody><tr><td><strong>Art\u00edculo<\/strong><\/td><td><strong>Detalles<\/strong><\/td><\/tr><tr><td>Nombre del producto<\/td><td>Fideos Konjac Shirataki picantes y \u00e1cidos<\/td><\/tr><tr><td>Formato<\/td><td>Bol instant\u00e1neo de konjac<\/td><\/tr><tr><td>Peso neto<\/td><td><strong>272 g\/bol<\/strong> (Fideos konjac) <strong>180 g<\/strong>)<\/td><\/tr><tr><td>Especificaciones de embalaje<\/td><td>1 \u00d7 6 cuencos \u00d7 272 g<\/td><\/tr><tr><td>Cantidad m\u00ednima de pedido<\/td><td>2000 cuencos<\/td><\/tr><tr><td>Tama\u00f1o del cart\u00f3n<\/td><td>355 mm \u00d7 245 mm \u00d7 150 mm<\/td><\/tr><tr><td>Tama\u00f1o de la etiqueta<\/td><td>119 mm \u00d7 88 mm \u00d7 123 mm<\/td><\/tr><tr><td>Vida \u00fatil<\/td><td>12 meses<\/td><\/tr><tr><td>Almacenamiento<\/td><td>Fresco, seco, ventilado; evitar el resplandor; evitar la congelaci\u00f3n.<\/td><\/tr><tr><td>Marca<\/td><td>Ma\u00f1ana del Este<\/td><\/tr><tr><td>Adecuado para<\/td><td>Venta al por menor, aperitivos saludables, comidas para adelgazar, kits de comida.<\/td><\/tr><\/tbody><\/table><\/figure>\n\n\n\n<h2 class=\"wp-block-heading\">Informaci\u00f3n nutricional<\/h2>\n\n\n\n<p><strong>Por cada 100 g (solo fideos konjac)<\/strong><\/p>\n\n\n\n<p>Los niveles de sodio reflejan principalmente el paquete de condimentos y pueden ajustarse en funci\u00f3n de los requisitos de las recetas de los fabricantes y de la normativa del mercado de destino.<\/p>\n\n\n\n<figure class=\"wp-block-table\"><table class=\"has-fixed-layout\"><tbody><tr><td>Nutriente<\/td><td>Importe<\/td><td>%DV<\/td><\/tr><tr><td>Energ\u00eda<\/td><td>45 kJ \/ ~10 kcal<\/td><td>1%<\/td><\/tr><tr><td>Carbohidrato<\/td><td>0,2 g<\/td><td>0%<\/td><\/tr><tr><td>Prote\u00edna<\/td><td>0 g<\/td><td>0%<\/td><\/tr><tr><td>Grasa<\/td><td>0 g<\/td><td>0%<\/td><\/tr><tr><td>Fibra<\/td><td>4,9 g<\/td><td>20%<\/td><\/tr><tr><td>Sodio<\/td><td>0 mg<\/td><td>0%<\/td><\/tr><\/tbody><\/table><\/figure>\n\n\n\n<p><strong>Por raci\u00f3n (salsa + fideos en total)<\/strong><\/p>\n\n\n\n<figure class=\"wp-block-table\"><table class=\"has-fixed-layout\"><tbody><tr><td>Nutriente<\/td><td>Importe<\/td><td>%DV<\/td><\/tr><tr><td>Energ\u00eda<\/td><td>747 kJ \/ ~178 kcal<\/td><td>9%<\/td><\/tr><tr><td>Carbohidrato<\/td><td>3,1 g<\/td><td>5%<\/td><\/tr><tr><td>Prote\u00edna<\/td><td>16 g<\/td><td>27%<\/td><\/tr><tr><td>Grasa<\/td><td>6 g<\/td><td>2%<\/td><\/tr><tr><td>Sodio<\/td><td>2987 mg<\/td><td>149%<\/td><\/tr><\/tbody><\/table><\/figure>\n\n\n\n<p>El alto contenido en sodio refleja el paquete de condimentos; los valores se pueden ajustar seg\u00fan la receta del fabricante original.<\/p>\n\n\n\n<h2 class=\"wp-block-heading\">Ingredientes<\/h2>\n\n\n\n<h3 class=\"wp-block-heading\">Fideos Konjac<\/h3>\n\n\n\n<ul class=\"wp-block-list\">\n<li>95,71 TP3T Agua<\/li>\n\n\n\n<li>4% Harina de konjac<\/li>\n\n\n\n<li>\u00c1cido c\u00edtrico (regulador de la acidez)<\/li>\n<\/ul>\n\n\n\n<h3 class=\"wp-block-heading\">Paquete de salsa agripicante<\/h3>\n\n\n\n<p>(Composici\u00f3n de ingredientes personalizable en funci\u00f3n de la f\u00f3rmula OEM y la normativa del mercado)<\/p>\n\n\n\n<p>Probablemente contiene (basado en el perfil t\u00edpico de sabor agrio-picante; ajustar seg\u00fan la f\u00f3rmula del fabricante original):<\/p>\n\n\n\n<p>Sorbato de potasio (conservante para salsas)<\/p>\n\n\n\n<p>Vinagre<\/p>\n\n\n\n<p>Aceite de chile<\/p>\n\n\n\n<p>Salsa de soja<\/p>\n\n\n\n<p>Jengibre<\/p>\n\n\n\n<p>Ajo<\/p>\n\n\n\n<p>Pimienta y especias<\/p>\n\n\n\n<p>Sal comestible<\/p>\n\n\n\n<p>Az\u00facar blanco<\/p>\n\n\n\n<p>Extracto de levadura<\/p>\n\n\n\n<p>\ud83d\udc49La lista final de ingredientes y el etiquetado se confirmar\u00e1n de acuerdo con las especificaciones del OEM.<\/p>\n\n\n\n<h3 class=\"wp-block-heading\">Mezcla de verduras deshidratadas<\/h3>\n\n\n\n<p>Verduras deshidratadas<\/p>\n\n\n\n<p>Zanahorias deshidratadas<\/p>\n\n\n\n<p>Cebollas deshidratadas<\/p>\n\n\n\n<p>Habas fritas<\/p>\n\n\n\n<h3 class=\"wp-block-heading\">Paquete de condimento en polvo<\/h3>\n\n\n\n<p>Sal, glutamato monos\u00f3dico, especias, extracto de levadura, maltodextrina, hidrolizado de prote\u00edna vegetal, nucle\u00f3tido 5'-dis\u00f3dico, succinato dis\u00f3dico, di\u00f3xido de silicio, acesulfamo pot\u00e1sico.<\/p>\n\n\n\n<h2 class=\"wp-block-heading\">C\u00f3mo preparar (Taz\u00f3n de fideos konjac instant\u00e1neos)<\/h2>\n\n\n\n<ol class=\"wp-block-list\">\n<li>Abre la tapa y saca todos los paquetes.<\/li>\n\n\n\n<li>Enjuague los fideos konjac (opcional, pero mejora el sabor).<\/li>\n\n\n\n<li>Vuelve a a\u00f1adir los fideos y las verduras secas al bol.<\/li>\n\n\n\n<li>A\u00f1adir <strong>Salsa picante y agria<\/strong> + condimento en polvo.<\/li>\n\n\n\n<li>A\u00f1adir agua hirviendo o calentar en el microondas durante <strong>2-3 minutos<\/strong>.<\/li>\n\n\n\n<li>Remueve bien y disfruta de su sabor picante y \u00e1cido.<\/li>\n<\/ol>\n\n\n\n<p>Perfecto como almuerzo bajo en calor\u00edas, tentempi\u00e9 nocturno o sustituto de una comida en la oficina.<\/p>\n\n\n\n<h2 class=\"wp-block-heading\">Opciones de OEM \/ Marca privada<\/h2>\n\n\n\n<p>Personaliza el perfil picante y \u00e1cido (m\u00e1s \u00e1cido, extra picante, al estilo Sichuan, con predominio del vinagre).<\/p>\n\n\n\n<p>Posibilidad de formulaci\u00f3n baja en sodio o sin az\u00facar.<\/p>\n\n\n\n<p>Cuenco personalizado, tapa, pegatinas, fundas<\/p>\n\n\n\n<p>Servicios de dise\u00f1o de marca y arte gr\u00e1fico<\/p>\n\n\n\n<p>Solo MOQ <strong>2000 cuencos<\/strong><\/p>\n\n\n\n<p>\u00bfQuiere lanzar con su marca un bol de fideos konjac con sabor picante y \u00e1cido?<br><a href=\"https:\/\/scmlkj.com\/es\/pongase-en-contacto-con\/\">Contactar con Eastern Morning<\/a> para <strong><a href=\"https:\/\/scmlkj.com\/es\/guia-de-marcas-privadas-oem\/\">Desarrollo OEM<\/a>, personalizaci\u00f3n de recetas, dise\u00f1o de envases y precios al por mayor<\/strong>.<\/p>\n\n\n\n<p><\/p>","protected":false},"excerpt":{"rendered":"<p>Un bol de fideos shirataki de konjac instant\u00e1neos con sabor picante y \u00e1cido desarrollado para programas de venta al por menor y de marca blanca. Con fideos masticables de konjac combinados con un condimento picante de vinagre y chile, este formato listo para comer se dirige a los mercados de control de peso, comida preparada saludable y comida instant\u00e1nea de estilo asi\u00e1tico.<\/p>\n<ul>\n<li data-start=\"874\" data-end=\"967\">\n<p data-start=\"876\" data-end=\"967\"><strong data-start=\"876\" data-end=\"907\">Aut\u00e9ntico sabor picante y \u00e1cido<\/strong> \u2013 Una mezcla equilibrada de vinagre, chile, pimienta y especias.<\/p>\n<\/li>\n<li data-start=\"968\" data-end=\"1053\">\n<p data-start=\"970\" data-end=\"1053\"><strong data-start=\"970\" data-end=\"998\">Bajo en calor\u00edas \u00b7 Alto contenido en fibra<\/strong> \u2013 Ideal para consumidores que siguen una dieta y un estilo de vida saludable.<\/p>\n<\/li>\n<li data-start=\"1054\" data-end=\"1146\">\n<p data-start=\"1056\" data-end=\"1146\"><strong data-start=\"1056\" data-end=\"1083\">Comida instant\u00e1nea pr\u00e1ctica<\/strong> \u2013 Listo en minutos con fideos, salsa, condimentos y verduras.<\/p>\n<\/li>\n<li data-start=\"1147\" data-end=\"1206\">\n<p data-start=\"1149\" data-end=\"1206\"><strong data-start=\"1149\" data-end=\"1164\">Formato de la copa<\/strong> \u2013 Port\u00e1til, higi\u00e9nico y listo para la venta al por menor.<\/p>\n<\/li>\n<li data-start=\"1207\" data-end=\"1266\">\n<p data-start=\"1209\" data-end=\"1266\"><strong data-start=\"1209\" data-end=\"1232\">Vida \u00fatil de 12 meses<\/strong> \u2013 Excelente para las exportaciones globales.<\/p>\n<\/li>\n<li data-start=\"1267\" data-end=\"1360\">\n<p data-start=\"1269\" data-end=\"1360\"><strong data-start=\"1269\" data-end=\"1285\">Compatible con OEM<\/strong> \u2013 Sabor, envase y marca personalizados disponibles (cantidad m\u00ednima de pedido). <strong data-start=\"1342\" data-end=\"1356\">2000 cuencos<\/strong>).<\/p>\n<\/li>\n<\/ul>","protected":false},"featured_media":2175,"comment_status":"open","ping_status":"closed","template":"","meta":[],"product_brand":[],"product_cat":[59],"product_tag":[],"class_list":{"0":"post-2172","1":"product","2":"type-product","3":"status-publish","4":"has-post-thumbnail","6":"product_cat-flavored-konjac-noodles","8":"first","9":"instock","10":"shipping-taxable","11":"product-type-simple"},"_links":{"self":[{"href":"https:\/\/scmlkj.com\/es\/wp-json\/wp\/v2\/product\/2172","targetHints":{"allow":["GET"]}}],"collection":[{"href":"https:\/\/scmlkj.com\/es\/wp-json\/wp\/v2\/product"}],"about":[{"href":"https:\/\/scmlkj.com\/es\/wp-json\/wp\/v2\/types\/product"}],"replies":[{"embeddable":true,"href":"https:\/\/scmlkj.com\/es\/wp-json\/wp\/v2\/comments?post=2172"}],"wp:featuredmedia":[{"embeddable":true,"href":"https:\/\/scmlkj.com\/es\/wp-json\/wp\/v2\/media\/2175"}],"wp:attachment":[{"href":"https:\/\/scmlkj.com\/es\/wp-json\/wp\/v2\/media?parent=2172"}],"wp:term":[{"taxonomy":"product_brand","embeddable":true,"href":"https:\/\/scmlkj.com\/es\/wp-json\/wp\/v2\/product_brand?post=2172"},{"taxonomy":"product_cat","embeddable":true,"href":"https:\/\/scmlkj.com\/es\/wp-json\/wp\/v2\/product_cat?post=2172"},{"taxonomy":"product_tag","embeddable":true,"href":"https:\/\/scmlkj.com\/es\/wp-json\/wp\/v2\/product_tag?post=2172"}],"curies":[{"name":"wp","href":"https:\/\/api.w.org\/{rel}","templated":true}]}}