{"id":2176,"date":"2025-12-08T08:11:57","date_gmt":"2025-12-08T08:11:57","guid":{"rendered":"https:\/\/scmlkj.com\/?post_type=product&#038;p=2176"},"modified":"2026-04-12T07:06:47","modified_gmt":"2026-04-12T07:06:47","slug":"fideos-konjac-shirataki-con-sabor-a-pimienta","status":"publish","type":"product","link":"https:\/\/scmlkj.com\/es\/productos\/fideos-konjac-shirataki-con-sabor-a-pimienta\/","title":{"rendered":"Fideos Konjac Shirataki con sabor a pimienta"},"content":{"rendered":"<p><\/p>\n\n\n\n<h2 class=\"wp-block-heading\">Informaci\u00f3n b\u00e1sica<\/h2>\n\n\n\n<figure class=\"wp-block-table\"><table class=\"has-fixed-layout\"><tbody><tr><td><strong>Art\u00edculo<\/strong><\/td><td><strong>Detalles<\/strong><\/td><\/tr><tr><td>Nombre del producto<\/td><td>Fideos Konjac Shirataki con sabor a pimienta<\/td><\/tr><tr><td>Formato<\/td><td>Bol instant\u00e1neo de konjac<\/td><\/tr><tr><td>Peso neto<\/td><td><strong>272 g\/bol<\/strong> (Fideos konjac) <strong>180 g<\/strong>)<\/td><\/tr><tr><td>Especificaciones de embalaje<\/td><td>1 \u00d7 6 cuencos \u00d7 272 g<\/td><\/tr><tr><td>Cantidad m\u00ednima de pedido<\/td><td>2000 cuencos<\/td><\/tr><tr><td>Tama\u00f1o del cart\u00f3n<\/td><td>355 mm \u00d7 245 mm \u00d7 150 mm<\/td><\/tr><tr><td>Tama\u00f1o de la etiqueta<\/td><td>119 mm \u00d7 88 mm \u00d7 123 mm<\/td><\/tr><tr><td>Vida \u00fatil<\/td><td>12 meses<\/td><\/tr><tr><td>Almacenamiento<\/td><td>Fresco, seco, ventilado; evitar el resplandor; evitar la congelaci\u00f3n.<\/td><\/tr><tr><td>Marca<\/td><td>Ma\u00f1ana del Este<\/td><\/tr><tr><td>Adecuado para<\/td><td>Venta al por menor, aperitivos saludables, comidas para adelgazar, kits de comida.<\/td><\/tr><\/tbody><\/table><\/figure>\n\n\n\n<h2 class=\"wp-block-heading\">Informaci\u00f3n nutricional<\/h2>\n\n\n\n<p><strong>Por cada 100 g (solo fideos konjac)<\/strong><\/p>\n\n\n\n<figure class=\"wp-block-table\"><table class=\"has-fixed-layout\"><tbody><tr><td>Nutriente<\/td><td>Importe<\/td><td>%DV<\/td><\/tr><tr><td>Energ\u00eda<\/td><td>45 kJ \/ ~10 kcal<\/td><td>1%<\/td><\/tr><tr><td>Carbohidrato<\/td><td>0,2 g<\/td><td>0%<\/td><\/tr><tr><td>Prote\u00edna<\/td><td>0 g<\/td><td>0%<\/td><\/tr><tr><td>Grasa<\/td><td>0 g<\/td><td>0%<\/td><\/tr><tr><td>Fibra<\/td><td>4,9 g<\/td><td>20%<\/td><\/tr><tr><td>Sodio<\/td><td>0 mg<\/td><td>0%<\/td><\/tr><\/tbody><\/table><\/figure>\n\n\n\n<p><strong>Por raci\u00f3n (salsa + fideos en total)<\/strong><\/p>\n\n\n\n<figure class=\"wp-block-table\"><table class=\"has-fixed-layout\"><tbody><tr><td>Nutriente<\/td><td>Importe<\/td><td>%DV<\/td><\/tr><tr><td>Energ\u00eda<\/td><td>747 kJ \/ ~178 kcal<\/td><td>9%<\/td><\/tr><tr><td>Carbohidrato<\/td><td>3,1 g<\/td><td>5%<\/td><\/tr><tr><td>Prote\u00edna<\/td><td>16 g<\/td><td>27%<\/td><\/tr><tr><td>Grasa<\/td><td>6 g<\/td><td>2%<\/td><\/tr><tr><td>Sodio<\/td><td>2987 mg<\/td><td>149%<\/td><\/tr><\/tbody><\/table><\/figure>\n\n\n\n<p>Los niveles de sodio y condimentos pueden ajustarse en funci\u00f3n de los requisitos de las recetas de los fabricantes y de la normativa del mercado de destino.<\/p>\n\n\n\n<h2 class=\"wp-block-heading\">Ingredientes<\/h2>\n\n\n\n<h3 class=\"wp-block-heading\">Fideos Konjac<\/h3>\n\n\n\n<ul class=\"wp-block-list\">\n<li>95,71 TP3T Agua<\/li>\n\n\n\n<li>4% Harina de konjac<\/li>\n\n\n\n<li>\u00c1cido c\u00edtrico (regulador de la acidez)<\/li>\n<\/ul>\n\n\n\n<p>La composici\u00f3n de los ingredientes y el etiquetado pueden personalizarse para cumplir la normativa alimentaria local y los requisitos de las etiquetas privadas.<\/p>\n\n\n\n<h3 class=\"wp-block-heading\">Paquete de salsa de pimienta<\/h3>\n\n\n\n<p>Aceite de palma refinado (con TBHQ), chile, aroma alimentario, mantequilla refinada, cebolla verde, sal comestible, salsa de soja fermentada (incluido colorante caramelo), glutamato monos\u00f3dico, jengibre, carne de vacuno, extracto de levadura, especias, az\u00facar blanco, sorbato pot\u00e1sico.<\/p>\n\n\n\n<h3 class=\"wp-block-heading\">Paquete de verduras deshidratadas<\/h3>\n\n\n\n<p>Frijoles fritos<\/p>\n\n\n\n<p>Zanahorias deshidratadas<\/p>\n\n\n\n<p>Verduras deshidratadas<\/p>\n\n\n\n<p>Cebollas deshidratadas<\/p>\n\n\n\n<h3 class=\"wp-block-heading\">Paquete de condimentos en polvo<\/h3>\n\n\n\n<p>Sal, especias, glutamato monos\u00f3dico, extracto de levadura, az\u00facar blanco, prote\u00edna vegetal hidrolizada en polvo, maltodextrina, goma guar, nucle\u00f3tido 5'-dis\u00f3dico, succinato dis\u00f3dico, di\u00f3xido de silicio, acesulfamo pot\u00e1sico.<\/p>\n\n\n\n<h2 class=\"wp-block-heading\">C\u00f3mo preparar (Taz\u00f3n de fideos konjac instant\u00e1neos)<\/h2>\n\n\n\n<ol class=\"wp-block-list\">\n<li>Abre la tapa; retira los sobres de salsa y condimentos.<\/li>\n\n\n\n<li>Enjuague los fideos konjac con agua limpia (opcional, pero recomendable).<\/li>\n\n\n\n<li>Vuelve a a\u00f1adir los fideos y las verduras secas al bol.<\/li>\n\n\n\n<li>A\u00f1adir el sobre de salsa + el sobre de condimentos.<\/li>\n\n\n\n<li>A\u00f1adir agua hirviendo (o calentar en el microondas durante 2-3 minutos).<\/li>\n\n\n\n<li>Mezclar bien y disfrutar inmediatamente.<\/li>\n<\/ol>\n\n\n\n<p>Perfecto para el trabajo, los viajes o comidas r\u00e1pidas bajas en calor\u00edas.<\/p>\n\n\n\n<h2 class=\"wp-block-heading\">Opciones de OEM \/ Marca privada<\/h2>\n\n\n\n<p>Sabores personalizados (pimienta, picante, tomate, s\u00e9samo, etc.)<\/p>\n\n\n\n<p>Forma, color y funda de cart\u00f3n personalizados<\/p>\n\n\n\n<p>Personalizaci\u00f3n de recetas (nivel de picante, nivel de sodio, sin az\u00facar)<\/p>\n\n\n\n<p>MOQ bajo: 2000 cuencos<\/p>\n\n\n\n<p>\u00bfQuiere lanzar con su marca un bol de fideos de konjac aromatizados y listos para comer?<br><strong><a href=\"https:\/\/scmlkj.com\/es\/pongase-en-contacto-con\/\">Contactar con Eastern Morning <\/a><\/strong>para <strong><a href=\"https:\/\/scmlkj.com\/es\/guia-de-marcas-privadas-oem\/\">Desarrollo OEM<\/a>, personalizaci\u00f3n de recetas, dise\u00f1o de envases y precios al por mayor<\/strong>.<\/p>\n\n\n\n<p><\/p>","protected":false},"excerpt":{"rendered":"<p data-start=\"609\" data-end=\"925\">Taz\u00f3n instant\u00e1neo de fideos shirataki de konjac con sabor a pimienta desarrollado para la venta al por menor y los programas de marca blanca. Con suaves fideos shirataki combinados con un atrevido condimento de pimienta, este formato listo para consumir est\u00e1 dise\u00f1ado para mercados de control de peso, diet\u00e9tica y comida preparada saludable.<\/p>\n<ul data-start=\"961\" data-end=\"1530\">\n<li data-start=\"961\" data-end=\"1041\">\n<p data-start=\"963\" data-end=\"1041\"><strong data-start=\"963\" data-end=\"1000\">Bol de konjac instant\u00e1neo y listo para comer<\/strong> \u2013 Solo hay que calentar y mezclar, r\u00e1pido y delicioso.<\/p>\n<\/li>\n<li data-start=\"1042\" data-end=\"1130\">\n<p data-start=\"1044\" data-end=\"1130\"><strong data-start=\"1044\" data-end=\"1072\">Bajo en calor\u00edas \u00b7 Alto contenido en fibra<\/strong> \u2013 Perfecto para las categor\u00edas de control de peso y alimentaci\u00f3n saludable.<\/p>\n<\/li>\n<li data-start=\"1131\" data-end=\"1201\">\n<p data-start=\"1133\" data-end=\"1201\"><strong data-start=\"1133\" data-end=\"1155\">Sabor intenso a pimienta<\/strong> \u2013 Aceite de pimiento verde + especias para un aroma intenso.<\/p>\n<\/li>\n<li data-start=\"1202\" data-end=\"1274\">\n<p data-start=\"1204\" data-end=\"1274\"><strong data-start=\"1204\" data-end=\"1233\">Base de konjac con etiqueta limpia<\/strong> \u2013 Harina de konjac 4%, con alto contenido en fibra.<\/p>\n<\/li>\n<li data-start=\"1275\" data-end=\"1345\">\n<p data-start=\"1277\" data-end=\"1345\"><strong data-start=\"1277\" data-end=\"1301\">Envase pr\u00e1ctico<\/strong> \u2013 272 g por bol con 180 g de fideos konjac.<\/p>\n<\/li>\n<li data-start=\"1346\" data-end=\"1409\">\n<p data-start=\"1348\" data-end=\"1409\"><strong data-start=\"1348\" data-end=\"1371\">Vida \u00fatil de 12 meses<\/strong> \u2013 Apto para distribuci\u00f3n global.<\/p>\n<\/li>\n<li data-start=\"1410\" data-end=\"1474\">\n<p data-start=\"1412\" data-end=\"1474\"><strong data-start=\"1412\" data-end=\"1445\">OEM \/ Marca privada disponible<\/strong> \u2013 Solo MOQ <strong data-start=\"1457\" data-end=\"1471\">2000 cuencos<\/strong>.<\/p>\n<\/li>\n<li data-start=\"1475\" data-end=\"1530\">\n<p data-start=\"1477\" data-end=\"1530\">Formato de bol port\u00e1til ideal para consumir sobre la marcha.<\/p>\n<\/li>\n<\/ul>","protected":false},"featured_media":2179,"comment_status":"open","ping_status":"closed","template":"","meta":[],"product_brand":[],"product_cat":[59],"product_tag":[],"class_list":{"0":"post-2176","1":"product","2":"type-product","3":"status-publish","4":"has-post-thumbnail","6":"product_cat-flavored-konjac-noodles","8":"first","9":"instock","10":"shipping-taxable","11":"product-type-simple"},"_links":{"self":[{"href":"https:\/\/scmlkj.com\/es\/wp-json\/wp\/v2\/product\/2176","targetHints":{"allow":["GET"]}}],"collection":[{"href":"https:\/\/scmlkj.com\/es\/wp-json\/wp\/v2\/product"}],"about":[{"href":"https:\/\/scmlkj.com\/es\/wp-json\/wp\/v2\/types\/product"}],"replies":[{"embeddable":true,"href":"https:\/\/scmlkj.com\/es\/wp-json\/wp\/v2\/comments?post=2176"}],"wp:featuredmedia":[{"embeddable":true,"href":"https:\/\/scmlkj.com\/es\/wp-json\/wp\/v2\/media\/2179"}],"wp:attachment":[{"href":"https:\/\/scmlkj.com\/es\/wp-json\/wp\/v2\/media?parent=2176"}],"wp:term":[{"taxonomy":"product_brand","embeddable":true,"href":"https:\/\/scmlkj.com\/es\/wp-json\/wp\/v2\/product_brand?post=2176"},{"taxonomy":"product_cat","embeddable":true,"href":"https:\/\/scmlkj.com\/es\/wp-json\/wp\/v2\/product_cat?post=2176"},{"taxonomy":"product_tag","embeddable":true,"href":"https:\/\/scmlkj.com\/es\/wp-json\/wp\/v2\/product_tag?post=2176"}],"curies":[{"name":"wp","href":"https:\/\/api.w.org\/{rel}","templated":true}]}}