{"id":2180,"date":"2025-12-08T08:17:35","date_gmt":"2025-12-08T08:17:35","guid":{"rendered":"https:\/\/scmlkj.com\/?post_type=product&#038;p=2180"},"modified":"2026-04-12T07:06:05","modified_gmt":"2026-04-12T07:06:05","slug":"fideos-udon-shirataki-ricos-en-fibra","status":"publish","type":"product","link":"https:\/\/scmlkj.com\/es\/productos\/fideos-udon-shirataki-ricos-en-fibra\/","title":{"rendered":"Fideos udon Shirataki ricos en fibra"},"content":{"rendered":"<p><\/p>\n\n\n\n<h2 class=\"wp-block-heading\">Informaci\u00f3n nutricional<\/h2>\n\n\n\n<figure class=\"wp-block-table\"><table class=\"has-fixed-layout\"><tbody><tr><td><strong>Nutriente<\/strong><\/td><td><strong>Unidades<\/strong><\/td><td><strong>Valor por cada 100 g<\/strong><\/td><\/tr><tr><td>Energ\u00eda<\/td><td>kJ \/ kcal<\/td><td>25 kJ \/ 5 kcal<\/td><\/tr><tr><td>Carbohidrato<\/td><td>g<\/td><td>Menos de 0,1<\/td><\/tr><tr><td>Prote\u00edna<\/td><td>g<\/td><td>Menos de 0,1<\/td><\/tr><tr><td>Grasa<\/td><td>g<\/td><td>0<\/td><\/tr><tr><td>Fibra diet\u00e9tica<\/td><td>g<\/td><td>2.7<\/td><\/tr><tr><td>Az\u00facar<\/td><td>g<\/td><td>0<\/td><\/tr><tr><td>Sodio<\/td><td>mg<\/td><td>0<\/td><\/tr><\/tbody><\/table><\/figure>\n\n\n\n<h2 class=\"wp-block-heading\">Informaci\u00f3n b\u00e1sica<\/h2>\n\n\n\n<figure class=\"wp-block-table\"><table class=\"has-fixed-layout\"><tbody><tr><td><strong>Art\u00edculo<\/strong><\/td><td><strong>Detalles<\/strong><\/td><\/tr><tr><td>Nombre del producto<\/td><td>Fideos udon Shirataki ricos en fibra<\/td><\/tr><tr><td>Tipo de producto<\/td><td>Fideos Konjac h\u00famedos (tipo udon)<\/td><\/tr><tr><td>Estilo<\/td><td>Instant\u00e1neo \u00b7 Listo para comer<\/td><\/tr><tr><td>Caracter\u00edstica<\/td><td>Bajo en carbohidratos \u00b7 Sin grasas \u00b7 Alto contenido en fibra<\/td><\/tr><tr><td>Tipo de procesamiento<\/td><td>Tratamiento h\u00famedo tradicional<\/td><\/tr><tr><td>Sabor<\/td><td>Neutral<\/td><\/tr><tr><td>Olor<\/td><td>Sin olor y sabor neutro<\/td><\/tr><tr><td>Apariencia<\/td><td>Fideos gruesos redondos de konjac estilo udon<\/td><\/tr><tr><td>Especificaci\u00f3n<\/td><td>270 g \/ bolsa<\/td><\/tr><tr><td>Ingrediente principal<\/td><td><br>Agua, harina de konjac, hidr\u00f3xido de calcio<\/td><\/tr><tr><td>Contenido<\/td><td>Harina pura de konjac<\/td><\/tr><tr><td>Tiempo de cocci\u00f3n<\/td><td>2 minutos<\/td><\/tr><tr><td>Vida \u00fatil<\/td><td>18 meses<\/td><\/tr><tr><td>Tipo de almacenamiento<\/td><td>Temperatura ambiente<\/td><\/tr><tr><td>Marca comercial<\/td><td>Ma\u00f1ana del Este<\/td><\/tr><\/tbody><\/table><\/figure>\n\n\n\n<p><\/p>\n\n\n\n<h2 class=\"wp-block-heading\">Embalaje y entrega<\/h2>\n\n\n\n<figure class=\"wp-block-table\"><table class=\"has-fixed-layout\"><tbody><tr><td><strong>Art\u00edculo<\/strong><\/td><td><strong>Detalles<\/strong><\/td><\/tr><tr><td>Unidad de venta<\/td><td>Art\u00edculo \u00fanico<\/td><\/tr><tr><td>Tama\u00f1o del paquete<\/td><td>12 \u00d7 10 \u00d7 18 cm<\/td><\/tr><tr><td>Peso bruto<\/td><td>0,280 kg<\/td><\/tr><tr><td>Embalaje<\/td><td>Bolsa<\/td><\/tr><tr><td>Logotipo personalizado<\/td><td>Disponible (cantidad m\u00ednima de pedido: 10 000 bolsas)<\/td><\/tr><\/tbody><\/table><\/figure>\n\n\n\n<p><\/p>\n\n\n\n<h2 class=\"wp-block-heading\">C\u00f3mo preparar (Fideos Ramen Shirataki Konjac)<\/h2>\n\n\n\n<p>Dise\u00f1ado para uso instant\u00e1neo, no requiere remojo ni cocci\u00f3n prolongada.<\/p>\n\n\n\n<p><strong>Primer paso:<\/strong><br>Escurrir los fideos ramen konjac y enjuagarlos brevemente bajo agua limpia para eliminar el exceso de l\u00edquido.<\/p>\n\n\n\n<p><strong>Segundo paso:<\/strong><br>A\u00f1adir los fideos directamente al caldo o base de sopa caliente.<br>Otra posibilidad es colocar los fideos en un bol y calentarlos con la sopa o la salsa en el microondas (900 W) durante 1 minuto.<\/p>\n\n\n\n<p><strong>Paso 3:<\/strong><br>Remover bien, a\u00f1adir los toppings si se desea y disfrutar inmediatamente.<\/p>\n\n\n\n<h3 class=\"wp-block-heading\"><strong>Aplicaciones ideales:<\/strong><\/h3>\n\n\n\n<ul class=\"wp-block-list\">\n<li>Sopas udon y fideos japoneses<\/li>\n\n\n\n<li>Platos udon salteados<\/li>\n\n\n\n<li>Hotpot y shabu-shabu<\/li>\n\n\n\n<li>Fideos asi\u00e1ticos<\/li>\n\n\n\n<li>Kits de comida fusi\u00f3n y platos preparados<\/li>\n<\/ul>\n\n\n\n<p>La textura espesa del udon proporciona una masticaci\u00f3n satisfactoria, a la vez que sigue siendo extremadamente bajo en calor\u00edas.<\/p>\n\n\n\n<h2 class=\"wp-block-heading\">Certificaciones<\/h2>\n\n\n\n<p>ISO \u00b7 HACCP \u00b7 HALAL \u00b7 KOSHER \u00b7 BRC \u00b7 IFS \u00b7 ORG\u00c1NICO DE LA UE \u00b7 ORG\u00c1NICO DEL USDA<\/p>\n\n\n\n<p>\u00bfDesea a\u00f1adir a su gama de productos fideos konjac con alto contenido en fibra y estilo udon?<br><a href=\"https:\/\/scmlkj.com\/es\/pongase-en-contacto-con\/\">Contactar con Eastern Morning<\/a> para <strong><a href=\"https:\/\/scmlkj.com\/es\/guia-de-marcas-privadas-oem\/\">Desarrollo OEM<\/a>Personalizaci\u00f3n del grosor, opciones de embalaje y precios por volumen<\/strong>.<\/p>\n\n\n\n<p><\/p>","protected":false},"excerpt":{"rendered":"<p>Un fideo shirataki udon grueso y masticable desarrollado para imitar el bocado satisfactorio del udon tradicional y, al mismo tiempo, aportar muy pocas calor\u00edas y mucha fibra diet\u00e9tica. El grosor estilo udon proporciona una sensaci\u00f3n en boca y una absorci\u00f3n del caldo superiores, por lo que es ideal para la cocina japonesa, los conceptos de olla caliente, los kits de comida y los programas de marca blanca.<\/p>\n<ul>\n<li data-start=\"834\" data-end=\"921\">\n<p data-start=\"836\" data-end=\"921\"><strong data-start=\"836\" data-end=\"866\">Textura gruesa y masticable del udon<\/strong> \u2013 Aut\u00e9ntico bocado al estilo udon gracias a la tecnolog\u00eda konjac.<\/p>\n<\/li>\n<li data-start=\"922\" data-end=\"990\">\n<p data-start=\"924\" data-end=\"990\"><strong data-start=\"924\" data-end=\"946\">F\u00f3rmula rica en fibra<\/strong> \u2013 Favorece la sensaci\u00f3n de saciedad y la salud digestiva.<\/p>\n<\/li>\n<li data-start=\"991\" data-end=\"1078\">\n<p data-start=\"993\" data-end=\"1078\"><strong data-start=\"993\" data-end=\"1017\">Solo 5 kcal por cada 100 g.<\/strong> \u2013 Perfecto para dietas cetog\u00e9nicas, aptas para diab\u00e9ticos y para perder peso.<\/p>\n<\/li>\n<li data-start=\"1079\" data-end=\"1173\">\n<p data-start=\"1081\" data-end=\"1173\"><strong data-start=\"1081\" data-end=\"1120\">SIN GRASA \u00b7 SIN GLUTEN \u00b7 SIN TRIGO<\/strong> \u2013 Ideal para mercados con etiquetas limpias y sin al\u00e9rgenos.<\/p>\n<\/li>\n<li data-start=\"1174\" data-end=\"1260\">\n<p data-start=\"1176\" data-end=\"1260\"><strong data-start=\"1176\" data-end=\"1208\">SIN SABORES ARTIFICIALES A\u00d1ADIDOS<\/strong> \u2013 Naturalmente neutro; absorbe bien los caldos y las salsas.<\/p>\n<\/li>\n<li data-start=\"1261\" data-end=\"1331\">\n<p data-start=\"1263\" data-end=\"1331\"><strong data-start=\"1263\" data-end=\"1289\">SIN CONSERVANTES A\u00d1ADIDOS<\/strong> \u2013 Se conserva de forma natural durante 18 meses.<\/p>\n<\/li>\n<li data-start=\"1332\" data-end=\"1407\">\n<p data-start=\"1334\" data-end=\"1407\"><strong data-start=\"1334\" data-end=\"1356\">Listo en 2 minutos<\/strong> \u2013 Pr\u00e1ctico formato de fideos h\u00famedos para una cocci\u00f3n r\u00e1pida.<\/p>\n<\/li>\n<li data-start=\"1408\" data-end=\"1494\">\n<p data-start=\"1410\" data-end=\"1494\"><strong data-start=\"1410\" data-end=\"1442\">Compatible con OEM \/ Marca privada<\/strong> \u2013 Grosor, embalaje y marca personalizados disponibles.<\/p>\n<\/li>\n<\/ul>","protected":false},"featured_media":2183,"comment_status":"open","ping_status":"closed","template":"","meta":[],"product_brand":[],"product_cat":[49],"product_tag":[],"class_list":{"0":"post-2180","1":"product","2":"type-product","3":"status-publish","4":"has-post-thumbnail","6":"product_cat-wet-konjac-noodles","8":"first","9":"instock","10":"shipping-taxable","11":"product-type-simple"},"_links":{"self":[{"href":"https:\/\/scmlkj.com\/es\/wp-json\/wp\/v2\/product\/2180","targetHints":{"allow":["GET"]}}],"collection":[{"href":"https:\/\/scmlkj.com\/es\/wp-json\/wp\/v2\/product"}],"about":[{"href":"https:\/\/scmlkj.com\/es\/wp-json\/wp\/v2\/types\/product"}],"replies":[{"embeddable":true,"href":"https:\/\/scmlkj.com\/es\/wp-json\/wp\/v2\/comments?post=2180"}],"wp:featuredmedia":[{"embeddable":true,"href":"https:\/\/scmlkj.com\/es\/wp-json\/wp\/v2\/media\/2183"}],"wp:attachment":[{"href":"https:\/\/scmlkj.com\/es\/wp-json\/wp\/v2\/media?parent=2180"}],"wp:term":[{"taxonomy":"product_brand","embeddable":true,"href":"https:\/\/scmlkj.com\/es\/wp-json\/wp\/v2\/product_brand?post=2180"},{"taxonomy":"product_cat","embeddable":true,"href":"https:\/\/scmlkj.com\/es\/wp-json\/wp\/v2\/product_cat?post=2180"},{"taxonomy":"product_tag","embeddable":true,"href":"https:\/\/scmlkj.com\/es\/wp-json\/wp\/v2\/product_tag?post=2180"}],"curies":[{"name":"wp","href":"https:\/\/api.w.org\/{rel}","templated":true}]}}