{"id":2184,"date":"2025-12-08T08:22:05","date_gmt":"2025-12-08T08:22:05","guid":{"rendered":"https:\/\/scmlkj.com\/?post_type=product&#038;p=2184"},"modified":"2026-04-12T07:05:32","modified_gmt":"2026-04-12T07:05:32","slug":"fideos-de-konjac-pre-cortados-bajos-en-carbohidratos-altos-en-fibra","status":"publish","type":"product","link":"https:\/\/scmlkj.com\/es\/productos\/fideos-de-konjac-pre-cortados-bajos-en-carbohidratos-altos-en-fibra\/","title":{"rendered":"Fideos Konjac precortados bajos en carbohidratos y ricos en fibra"},"content":{"rendered":"<h2 class=\"wp-block-heading\">Informaci\u00f3n nutricional<\/h2>\n\n\n\n<figure class=\"wp-block-table\"><table class=\"has-fixed-layout\"><tbody><tr><td><strong>Nutriente<\/strong><\/td><td><strong>Unidades<\/strong><\/td><td><strong>Valor por cada 100 g<\/strong><\/td><\/tr><tr><td>Energ\u00eda<\/td><td>kJ \/ kcal<\/td><td>25 kJ \/ 5 kcal<\/td><\/tr><tr><td>Carbohidrato<\/td><td>g<\/td><td>Menos de 0,1<\/td><\/tr><tr><td>Prote\u00edna<\/td><td>g<\/td><td>Menos de 0,1<\/td><\/tr><tr><td>Grasa<\/td><td>g<\/td><td>0<\/td><\/tr><tr><td>Fibra diet\u00e9tica<\/td><td>g<\/td><td>2.7<\/td><\/tr><tr><td>Az\u00facar<\/td><td>g<\/td><td>0<\/td><\/tr><tr><td>Sodio<\/td><td>mg<\/td><td>0<\/td><\/tr><\/tbody><\/table><\/figure>\n\n\n\n<h2 class=\"wp-block-heading\">Informaci\u00f3n b\u00e1sica<\/h2>\n\n\n\n<figure class=\"wp-block-table\"><table class=\"has-fixed-layout\"><tbody><tr><td><strong>Art\u00edculo<\/strong><\/td><td><strong>Detalles<\/strong><\/td><\/tr><tr><td>Nombre del producto<\/td><td>Fideos Konjac precortados bajos en carbohidratos y ricos en fibra<\/td><\/tr><tr><td>Tipo de producto<\/td><td>Fideos Konjac h\u00famedos<\/td><\/tr><tr><td>Estilo<\/td><td>Instant\u00e1neo \u00b7 Listo para comer<\/td><\/tr><tr><td>Caracter\u00edstica<\/td><td>Bajo en carbohidratos, sin grasas<\/td><\/tr><tr><td>Tipo de procesamiento<\/td><td>Segmentos de fideo pre-cortados<\/td><\/tr><tr><td>Sabor<\/td><td>Neutral<\/td><\/tr><tr><td>Olor<\/td><td>Sin Olor<\/td><\/tr><tr><td>Apariencia<\/td><td>Trozos cortos de fideo de konjac cortados<\/td><\/tr><tr><td>Especificaci\u00f3n<\/td><td>270 g \/ bolsa<\/td><\/tr><tr><td>Ingrediente principal<\/td><td><br>Harina de konjac, agua<\/td><\/tr><tr><td>Contenido<\/td><td>Harina pura de konjac<\/td><\/tr><tr><td>Tiempo de cocci\u00f3n<\/td><td>2 minutos<\/td><\/tr><tr><td>Vida \u00fatil<\/td><td>18 meses<\/td><\/tr><tr><td>Tipo de almacenamiento<\/td><td>Temperatura ambiente<\/td><\/tr><tr><td>Marca comercial<\/td><td>Ma\u00f1ana del Este<\/td><\/tr><\/tbody><\/table><\/figure>\n\n\n\n<p><\/p>\n\n\n\n<h2 class=\"wp-block-heading\">Embalaje y entrega<\/h2>\n\n\n\n<figure class=\"wp-block-table\"><table class=\"has-fixed-layout\"><tbody><tr><td><strong>Art\u00edculo<\/strong><\/td><td><strong>Detalles<\/strong><\/td><\/tr><tr><td>Unidad de venta<\/td><td>Art\u00edculo \u00fanico<\/td><\/tr><tr><td>Tama\u00f1o del paquete<\/td><td>12 \u00d7 10 \u00d7 18 cm<\/td><\/tr><tr><td>Peso bruto<\/td><td>0,280 kg<\/td><\/tr><tr><td>Embalaje<\/td><td>Bolsa<\/td><\/tr><tr><td>Logotipo personalizado<\/td><td>Disponible (cantidad m\u00ednima de pedido: 10 000 bolsas)<\/td><\/tr><\/tbody><\/table><\/figure>\n\n\n\n<p><\/p>\n\n\n\n<h2 class=\"wp-block-heading\">C\u00f3mo cocinar<\/h2>\n\n\n\n<p>Dise\u00f1ado para uso instant\u00e1neo, no requiere remojo ni cocci\u00f3n prolongada.<\/p>\n\n\n\n<p><strong>Listo en 2 minutos<\/strong><\/p>\n\n\n\n<ol class=\"wp-block-list\">\n<li>Escurrir y enjuagar. <strong>2-3 veces<\/strong>.<\/li>\n\n\n\n<li>Escaldar en agua caliente durante <strong>1 minuto<\/strong>.<\/li>\n<\/ol>\n\n\n\n<h3 class=\"wp-block-heading\">Ideal Para:<\/h3>\n\n\n\n<ul class=\"wp-block-list\">\n<li>Platos preparados y alimentos precocinados<\/li>\n\n\n\n<li>Cocinas y catering<\/li>\n\n\n\n<li>Cajas de preparaci\u00f3n de comidas y platos bento<\/li>\n\n\n\n<li>Ingredientes para sopas, ramen y hotpot<\/li>\n\n\n\n<li>Conceptos de cocina asi\u00e1tica y de fusi\u00f3n<\/li>\n<\/ul>\n\n\n\n<p>El formato pre-cortado mejora enormemente la conveniencia y consistencia para el servicio de alimentos y el ensamblaje de kits de comida.<\/p>\n\n\n\n<h2 class=\"wp-block-heading\"><a href=\"https:\/\/scmlkj.com\/es\/certificacion\/\">Certificaciones<\/a><\/h2>\n\n\n\n<p>ISO \u00b7 HACCP \u00b7 HALAL \u00b7 KOSHER \u00b7 BRC \u00b7 IFS \u00b7 ORG\u00c1NICO DE LA UE \u00b7 ORG\u00c1NICO DEL USDA<\/p>\n\n\n\n<p>\u00bfBusca fideos konjac precortados y bajos en carbohidratos para platos preparados o servicios de restauraci\u00f3n?<br><a href=\"https:\/\/scmlkj.com\/es\/pongase-en-contacto-con\/\">Contactar con Eastern Morning<\/a> para <strong><a href=\"https:\/\/scmlkj.com\/es\/guia-de-marcas-privadas-oem\/\">Desarrollo OEM<\/a>cortes personalizados, opciones de embalaje y precios por volumen<\/strong>.<\/p>\n\n\n\n<p><\/p>","protected":false},"excerpt":{"rendered":"<p>Pr\u00e1ctico fideo konjac precortado dise\u00f1ado para comidas preparadas, restauraci\u00f3n y aplicaciones de cocci\u00f3n r\u00e1pida. El formato abreviado mejora el control de las porciones, la consistencia de la cocci\u00f3n y la eficacia del montaje, por lo que es ideal para sopas, salteados, guisos, kits de comida y cuencos listos para comer.<\/p>\n<ul>\n<li data-start=\"878\" data-end=\"981\">\n<p data-start=\"880\" data-end=\"981\"><strong data-start=\"880\" data-end=\"898\">Formato Pre-Cortado<\/strong> \u2013 Trozos cortos de fideo ideales para sopas, salteados, comidas preparadas y bowls bento.<\/p>\n<\/li>\n<li data-start=\"982\" data-end=\"1059\">\n<p data-start=\"984\" data-end=\"1059\"><strong data-start=\"984\" data-end=\"1014\">Ultra bajo en calor\u00edas (5 kcal)<\/strong> \u2013 Perfecto para dietas cetog\u00e9nicas y de control de peso.<\/p>\n<\/li>\n<li data-start=\"1060\" data-end=\"1137\">\n<p data-start=\"1062\" data-end=\"1137\"><strong data-start=\"1062\" data-end=\"1101\">SIN GRASA \u00b7 SIN GLUTEN \u00b7 SIN TRIGO<\/strong> \u2013 Etiqueta limpia para todo tipo de dietas.<\/p>\n<\/li>\n<li data-start=\"1138\" data-end=\"1200\">\n<p data-start=\"1140\" data-end=\"1200\"><strong data-start=\"1140\" data-end=\"1172\">SIN SABORES ARTIFICIALES A\u00d1ADIDOS<\/strong> \u2013 Sabor puro y neutro.<\/p>\n<\/li>\n<li data-start=\"1201\" data-end=\"1265\">\n<p data-start=\"1203\" data-end=\"1265\"><strong data-start=\"1203\" data-end=\"1229\">SIN CONSERVANTES A\u00d1ADIDOS<\/strong> \u2013 Estable en almacenamiento sin productos qu\u00edmicos.<\/p>\n<\/li>\n<li data-start=\"1266\" data-end=\"1323\">\n<p data-start=\"1268\" data-end=\"1323\"><strong data-start=\"1268\" data-end=\"1287\">FUENTE DE FIBRA<\/strong> \u2013 Favorece la digesti\u00f3n y la saciedad.<\/p>\n<\/li>\n<li data-start=\"1324\" data-end=\"1386\">\n<p data-start=\"1326\" data-end=\"1386\"><strong data-start=\"1326\" data-end=\"1348\">Listo en 2 minutos<\/strong> \u2013 Fideos de konjac instant\u00e1neos estilo h\u00famedo.<\/p>\n<\/li>\n<li data-start=\"1387\" data-end=\"1470\">\n<p data-start=\"1389\" data-end=\"1470\"><strong data-start=\"1389\" data-end=\"1420\">Soporte para fabricantes de equipos originales (OEM) y marcas privadas<\/strong> \u2013 Cortes, envasado y marca personalizados disponibles.<\/p>\n<\/li>\n<\/ul>","protected":false},"featured_media":2187,"comment_status":"open","ping_status":"closed","template":"","meta":[],"product_brand":[],"product_cat":[49],"product_tag":[],"class_list":{"0":"post-2184","1":"product","2":"type-product","3":"status-publish","4":"has-post-thumbnail","6":"product_cat-wet-konjac-noodles","8":"first","9":"instock","10":"shipping-taxable","11":"product-type-simple"},"_links":{"self":[{"href":"https:\/\/scmlkj.com\/es\/wp-json\/wp\/v2\/product\/2184","targetHints":{"allow":["GET"]}}],"collection":[{"href":"https:\/\/scmlkj.com\/es\/wp-json\/wp\/v2\/product"}],"about":[{"href":"https:\/\/scmlkj.com\/es\/wp-json\/wp\/v2\/types\/product"}],"replies":[{"embeddable":true,"href":"https:\/\/scmlkj.com\/es\/wp-json\/wp\/v2\/comments?post=2184"}],"wp:featuredmedia":[{"embeddable":true,"href":"https:\/\/scmlkj.com\/es\/wp-json\/wp\/v2\/media\/2187"}],"wp:attachment":[{"href":"https:\/\/scmlkj.com\/es\/wp-json\/wp\/v2\/media?parent=2184"}],"wp:term":[{"taxonomy":"product_brand","embeddable":true,"href":"https:\/\/scmlkj.com\/es\/wp-json\/wp\/v2\/product_brand?post=2184"},{"taxonomy":"product_cat","embeddable":true,"href":"https:\/\/scmlkj.com\/es\/wp-json\/wp\/v2\/product_cat?post=2184"},{"taxonomy":"product_tag","embeddable":true,"href":"https:\/\/scmlkj.com\/es\/wp-json\/wp\/v2\/product_tag?post=2184"}],"curies":[{"name":"wp","href":"https:\/\/api.w.org\/{rel}","templated":true}]}}