{"id":2196,"date":"2025-12-08T08:47:42","date_gmt":"2025-12-08T08:47:42","guid":{"rendered":"https:\/\/scmlkj.com\/?post_type=product&#038;p=2196"},"modified":"2026-01-30T14:50:21","modified_gmt":"2026-01-30T14:50:21","slug":"aperitivos-picantes-personalizados-de-shirataki-konjac-shuang","status":"publish","type":"product","link":"https:\/\/scmlkj.com\/es\/productos\/aperitivos-picantes-personalizados-de-shirataki-konjac-shuang\/","title":{"rendered":"Snacks de konjac picantes (Konjac Shuang) - Snack Shirataki OEM"},"content":{"rendered":"<p><\/p>\n\n\n\n<h2 class=\"wp-block-heading\">Especificaciones b\u00e1sicas<\/h2>\n\n\n\n<figure class=\"wp-block-table\"><table class=\"has-fixed-layout\"><tbody><tr><td><strong>Art\u00edculo<\/strong><\/td><td><strong>Detalles<\/strong><\/td><\/tr><tr><td>Nombre del producto<\/td><td>Aperitivos picantes Shirataki Konjac Shuang<\/td><\/tr><tr><td>Tipo de producto<\/td><td>Barrita picante de konjac \/ Shuang \/ Snack de konjac<\/td><\/tr><tr><td>Contenido neto<\/td><td>22 g \/ paquete<\/td><\/tr><tr><td>Calor\u00edas<\/td><td>24 kcal \/ paquete<\/td><\/tr><tr><td>Paquetes por caja<\/td><td>20 paquetes<\/td><\/tr><tr><td>Embalaje<\/td><td>Bolsas peque\u00f1as individuales (embalaje en caja)<\/td><\/tr><tr><td>Vida \u00fatil<\/td><td>9 meses<\/td><\/tr><tr><td>C\u00f3mo comer<\/td><td>Bolsa abierta, listo para comer.<\/td><\/tr><tr><td>Almacenamiento<\/td><td>Almacenamiento normal, evitar la congelaci\u00f3n y la luz solar directa.<\/td><\/tr><\/tbody><\/table><\/figure>\n\n\n\n<h2 class=\"wp-block-heading\">Ingredientes<\/h2>\n\n\n\n<p>Agua, polvo de konjac, almid\u00f3n, aceite vegetal, pimienta, sal comestible, az\u00facar blanco granulado, extracto de levadura, especias.<br>Aditivos alimentarios (glutamato s\u00f3dico, 5'-nucle\u00f3tido dis\u00f3dico aromatizado, \u00e1cido l\u00e1ctico, \u00e1cido c\u00edtrico, di\u00f3xido de titanio, D-isoascorbato s\u00f3dico, lactato s\u00f3dico).<br>Esencia comestible.<\/p>\n\n\n\n<p>La composici\u00f3n de los ingredientes y el etiquetado pueden ajustarse en funci\u00f3n de la normativa del mercado de destino y los requisitos de los fabricantes de equipos originales.<\/p>\n\n\n\n<h2 class=\"wp-block-heading\">Aspectos destacados de la producci\u00f3n y la calidad<\/h2>\n\n\n\n<p>Control completo del proceso desde <strong>Ra\u00edz de konjac \u2192 Polvo de konjac \u2192 Snack terminado<\/strong><\/p>\n\n\n\n<p>La tecnolog\u00eda sin fritura garantiza aperitivos m\u00e1s seguros y ligeros.<\/p>\n\n\n\n<p>Sin \u00e1cidos grasos trans<\/p>\n\n\n\n<p>Proceso de envasado limpio y estandarizado.<\/p>\n\n\n\n<h2 class=\"wp-block-heading\">Escenarios de consumo y venta al por menor<\/h2>\n\n\n\n<p>Aperitivos para la oficina<\/p>\n\n\n\n<p>Aperitivos nocturnos<\/p>\n\n\n\n<p>Comida para viajes y actividades al aire libre<\/p>\n\n\n\n<p>Los productos m\u00e1s vendidos en las tiendas de conveniencia<\/p>\n\n\n\n<p>Paquetes de aperitivos para comercio electr\u00f3nico<\/p>\n\n\n\n<p>Alternativas saludables para picar entre horas<\/p>\n\n\n\n<h2 class=\"wp-block-heading\">Opciones de OEM \/ Marca privada<\/h2>\n\n\n\n<p>Dise\u00f1o de embalajes personalizados<\/p>\n\n\n\n<p>Nivel de picante personalizado (suave \/ medio \/ picante)<\/p>\n\n\n\n<p>Cantidad de cajas personalizadas y tama\u00f1o de las bolsas<\/p>\n\n\n\n<p>Apoyo a la creaci\u00f3n de marcas propias<\/p>\n\n\n\n<p>\u00bfDesea a\u00f1adir a su cartera de productos un aperitivo de konjac bajo en calor\u00edas y sin fritura?<br><a href=\"https:\/\/scmlkj.com\/es\/pongase-en-contacto-con\/\">Contactar con Eastern Morning<\/a> para <strong><a href=\"https:\/\/scmlkj.com\/es\/guia-de-marcas-privadas-oem\/\">Desarrollo OEM<\/a>personalizaci\u00f3n de sabores, dise\u00f1o de envases y precios al por mayor<\/strong>.<\/p>\n\n\n\n<p><\/p>","protected":false},"excerpt":{"rendered":"<p data-start=\"487\" data-end=\"850\">Los snacks de konjac picante de Eastern Morning (Konjac Shuang) son snacks shirataki no fritos, bajos en calor\u00edas y elaborados con polvo de konjac de primera calidad. Esta versi\u00f3n picante suave ofrece el cl\u00e1sico aroma a olla caliente con un picante equilibrado, lo que la hace adecuada para una base de consumidores m\u00e1s amplia, incluidos los sensibles al picante.<\/p>\n<p data-start=\"852\" data-end=\"950\">Cada caja contiene 20 bolsitas individuales, limpias, f\u00e1ciles de llevar y listas para comer en cualquier momento.<\/p>\n<ul>\n<li data-start=\"986\" data-end=\"1072\">\n<p data-start=\"988\" data-end=\"1072\"><strong data-start=\"988\" data-end=\"1018\">Polvo de konjac de alta calidad<\/strong> \u2013 Cuidadosamente seleccionado y controlado desde el origen.<\/p>\n<\/li>\n<li data-start=\"1073\" data-end=\"1132\">\n<p data-start=\"1075\" data-end=\"1132\"><strong data-start=\"1075\" data-end=\"1096\">Proceso sin fritura<\/strong> \u2013 Sin frituras, sin \u00e1cidos grasos trans.<\/p>\n<\/li>\n<li data-start=\"1133\" data-end=\"1207\">\n<p data-start=\"1135\" data-end=\"1207\"><strong data-start=\"1135\" data-end=\"1164\">Sabor ligeramente picante<\/strong> \u2013 El menos picante de los cuatro sabores.<\/p>\n<\/li>\n<li data-start=\"1208\" data-end=\"1261\">\n<p data-start=\"1210\" data-end=\"1261\"><strong data-start=\"1210\" data-end=\"1225\">Bajo en calor\u00edas<\/strong> \u2013 Solo <strong data-start=\"1233\" data-end=\"1259\">24 kcal por paquete (22 g)<\/strong><\/p>\n<\/li>\n<li data-start=\"1262\" data-end=\"1328\">\n<p data-start=\"1264\" data-end=\"1328\"><strong data-start=\"1264\" data-end=\"1294\">Textura masticable y satisfactoria<\/strong> \u2013 Tiras de konjac suaves y el\u00e1sticas.<\/p>\n<\/li>\n<li data-start=\"1329\" data-end=\"1396\">\n<p data-start=\"1331\" data-end=\"1396\"><strong data-start=\"1331\" data-end=\"1358\">Paquetes peque\u00f1os independientes<\/strong> \u2013 Higi\u00e9nico, port\u00e1til, f\u00e1cil de transportar.<\/p>\n<\/li>\n<li data-start=\"1397\" data-end=\"1444\">\n<p data-start=\"1399\" data-end=\"1444\"><strong data-start=\"1399\" data-end=\"1421\">Aperitivo listo para comer<\/strong> \u2013 Abra la bolsa y disfrute.<\/p>\n<\/li>\n<li data-start=\"1445\" data-end=\"1516\">\n<p data-start=\"1447\" data-end=\"1516\"><strong data-start=\"1447\" data-end=\"1480\">Compatible con OEM\/marca privada<\/strong> \u2013 Sabor y envase personalizables.<\/p>\n<\/li>\n<\/ul>","protected":false},"featured_media":2006,"comment_status":"open","ping_status":"closed","template":"","meta":[],"product_brand":[],"product_cat":[52],"product_tag":[],"class_list":{"0":"post-2196","1":"product","2":"type-product","3":"status-publish","4":"has-post-thumbnail","6":"product_cat-konjac-snack","8":"first","9":"instock","10":"shipping-taxable","11":"product-type-simple"},"_links":{"self":[{"href":"https:\/\/scmlkj.com\/es\/wp-json\/wp\/v2\/product\/2196","targetHints":{"allow":["GET"]}}],"collection":[{"href":"https:\/\/scmlkj.com\/es\/wp-json\/wp\/v2\/product"}],"about":[{"href":"https:\/\/scmlkj.com\/es\/wp-json\/wp\/v2\/types\/product"}],"replies":[{"embeddable":true,"href":"https:\/\/scmlkj.com\/es\/wp-json\/wp\/v2\/comments?post=2196"}],"wp:featuredmedia":[{"embeddable":true,"href":"https:\/\/scmlkj.com\/es\/wp-json\/wp\/v2\/media\/2006"}],"wp:attachment":[{"href":"https:\/\/scmlkj.com\/es\/wp-json\/wp\/v2\/media?parent=2196"}],"wp:term":[{"taxonomy":"product_brand","embeddable":true,"href":"https:\/\/scmlkj.com\/es\/wp-json\/wp\/v2\/product_brand?post=2196"},{"taxonomy":"product_cat","embeddable":true,"href":"https:\/\/scmlkj.com\/es\/wp-json\/wp\/v2\/product_cat?post=2196"},{"taxonomy":"product_tag","embeddable":true,"href":"https:\/\/scmlkj.com\/es\/wp-json\/wp\/v2\/product_tag?post=2196"}],"curies":[{"name":"wp","href":"https:\/\/api.w.org\/{rel}","templated":true}]}}