{"id":2205,"date":"2025-12-08T09:12:28","date_gmt":"2025-12-08T09:12:28","guid":{"rendered":"https:\/\/scmlkj.com\/?post_type=product&#038;p=2205"},"modified":"2026-04-12T07:02:51","modified_gmt":"2026-04-12T07:02:51","slug":"polvo-de-fibra-de-konjac-para-sustituir-comidas","status":"publish","type":"product","link":"https:\/\/scmlkj.com\/es\/productos\/polvo-de-fibra-de-konjac-para-sustituir-comidas\/","title":{"rendered":"Polvo de fibra de konjac para sustituir comidas"},"content":{"rendered":"<h2 class=\"wp-block-heading\">Productos<\/h2>\n\n\n\n<p>Bajo en calor\u00edas \u00b7 Bajo en carbohidratos \u00b7 Bajo en grasas<\/p>\n\n\n\n<p>Sin az\u00facar \u00b7 Sin grasa<\/p>\n\n\n\n<p>Sin gluten \u00b7 Sin cereales<\/p>\n\n\n\n<p>Sin OGM<\/p>\n\n\n\n<p>De origen vegetal y vegano<\/p>\n\n\n\n<p>Ingrediente funcional con etiqueta limpia<\/p>\n\n\n\n<h2 class=\"wp-block-heading\">Ingrediente<\/h2>\n\n\n\n<p><strong>Polvo de glucomanano de konjac<\/strong> (de la ra\u00edz de konjac)<\/p>\n\n\n\n<h2 class=\"wp-block-heading\">Opciones de sabores<\/h2>\n\n\n\n<p>Disponible en <strong>sin sabor<\/strong> o formatos aromatizados:<\/p>\n\n\n\n<ul class=\"wp-block-list\">\n<li>Mango<\/li>\n\n\n\n<li>Ar\u00e1ndano<\/li>\n\n\n\n<li>Melocot\u00f3n<\/li>\n\n\n\n<li>Matcha<\/li>\n\n\n\n<li>Hierba de cebada<\/li>\n\n\n\n<li>Frijol mungo<\/li>\n<\/ul>\n\n\n\n<blockquote class=\"wp-block-quote is-layout-flow wp-block-quote-is-layout-flow\">\n<p>\u2714 El sabor, el dulzor y la solubilidad se pueden ajustar para f\u00f3rmulas espec\u00edficas de sustituci\u00f3n de comidas.<\/p>\n<\/blockquote>\n\n\n\n<h2 class=\"wp-block-heading\">Rendimiento funcional (uso como sustituto de comidas)<\/h2>\n\n\n\n<p>R\u00e1pida absorci\u00f3n de agua e hinchamiento<\/p>\n\n\n\n<p>Aumenta la viscosidad y el espesor de los batidos.<\/p>\n\n\n\n<p>Crea una saciedad duradera.<\/p>\n\n\n\n<p>Ayuda a reducir el tama\u00f1o de las raciones de forma natural.<\/p>\n\n\n\n<p>Mejora la estabilidad de la textura en f\u00f3rmulas l\u00edquidas.<\/p>\n\n\n\n<h2 class=\"wp-block-heading\">Envasado y vida \u00fatil<\/h2>\n\n\n\n<p><strong>Embalaje:<\/strong><\/p>\n\n\n\n<ul class=\"wp-block-list\">\n<li>Sobres peque\u00f1os (sustituto de comida en porci\u00f3n individual)<\/li>\n\n\n\n<li>Bolsas a granel para uso industrial<\/li>\n\n\n\n<li>Embalaje exterior de caja de papel<\/li>\n<\/ul>\n\n\n\n<p><strong>Vida \u00fatil:<\/strong> <strong>24 meses<\/strong><\/p>\n\n\n\n<p><strong>Almacenamiento:<\/strong> Lugar fresco y seco, bien cerrado.<\/p>\n\n\n\n<h2 class=\"wp-block-heading\">Clientes ideales<\/h2>\n\n\n\n<p>Marcas de sustitutos alimenticios<\/p>\n\n\n\n<p>Programas para perder peso y adelgazar<\/p>\n\n\n\n<p>Fabricantes de polvos nutricionales<\/p>\n\n\n\n<p>Productores de bebidas funcionales<\/p>\n\n\n\n<p>Empresas de suplementos OEM \/ marca privada<\/p>\n\n\n\n<h2 class=\"wp-block-heading\">Servicios OEM \/ Personalizaci\u00f3n<\/h2>\n\n\n\n<p>Ajuste de la viscosidad para diferentes f\u00f3rmulas<\/p>\n\n\n\n<p>Personalizaci\u00f3n del sabor y el dulzor<\/p>\n\n\n\n<p>Optimizaci\u00f3n del tama\u00f1o de las part\u00edculas<\/p>\n\n\n\n<p>Envases para venta al por menor o a granel<\/p>\n\n\n\n<p>Apoyo en materia de marcas blancas y cumplimiento normativo<\/p>\n\n\n\n<p>Para m\u00e1s detalles, consulte: <a href=\"https:\/\/scmlkj.com\/es\/specialty-konjac-products\/\">Ingredientes especiales personalizados de konjac<\/a><\/p>\n\n\n\n<p>\u00bfBusca un ingrediente de fibra de konjac de alto rendimiento para f\u00f3rmulas sustitutivas de comidas?<br><a href=\"https:\/\/scmlkj.com\/es\/pongase-en-contacto-con\/\">Contactar con Eastern Morning<\/a> para <strong>especificaciones t\u00e9cnicas, apoyo a la formulaci\u00f3n,<a href=\"https:\/\/scmlkj.com\/es\/solicitud-de-muestra-gratuita\/\"> muestras<\/a>, y <a href=\"https:\/\/scmlkj.com\/es\/guia-de-marcas-privadas-oem\/\">Soluciones OEM<\/a><\/strong>.<\/p>\n\n\n\n<p><\/p>","protected":false},"excerpt":{"rendered":"<p>La fibra konjac en polvo para sustituir las comidas de Eastern Morning es un polvo de glucomanano konjac de primera calidad dise\u00f1ado espec\u00edficamente para <strong data-start=\"2883\" data-end=\"2946\">f\u00f3rmulas sustitutivas de comidas y sistemas de control de peso<\/strong>donde la viscosidad, la saciedad y la estabilidad de la textura son fundamentales.<br data-start=\"564\" data-end=\"567\" \/>Con una excelente absorci\u00f3n de agua, alta viscosidad y casi cero calor\u00edas, ayuda a crear saciedad, reducir el hambre y controlar las calor\u00edas, sin a\u00f1adir grasas, az\u00facares ni carbohidratos.<\/p>\n<ul>\n<li data-start=\"782\" data-end=\"855\">\n<p data-start=\"784\" data-end=\"855\"><strong data-start=\"784\" data-end=\"823\">Ideal para f\u00f3rmulas sustitutivas de comidas<\/strong> \u2013 Mejora la densidad y la textura.<\/p>\n<\/li>\n<li data-start=\"856\" data-end=\"923\">\n<p data-start=\"858\" data-end=\"923\"><strong data-start=\"858\" data-end=\"883\">Bajo en calor\u00edas, bajo en carbohidratos<\/strong> \u2013 Ayuda a adelgazar y a controlar las calor\u00edas.<\/p>\n<\/li>\n<li data-start=\"924\" data-end=\"986\">\n<p data-start=\"926\" data-end=\"986\"><strong data-start=\"926\" data-end=\"956\">Fibra diet\u00e9tica altamente soluble<\/strong> \u2013 Favorece la salud digestiva.<\/p>\n<\/li>\n<li data-start=\"987\" data-end=\"1056\">\n<p data-start=\"989\" data-end=\"1056\"><strong data-start=\"989\" data-end=\"1009\">Sensaci\u00f3n suave en boca<\/strong> \u2013 No presenta textura arenosa cuando se formula correctamente.<\/p>\n<\/li>\n<li data-start=\"1057\" data-end=\"1130\">\n<p data-start=\"1059\" data-end=\"1130\"><strong data-start=\"1059\" data-end=\"1090\">Hidrataci\u00f3n r\u00e1pida y espesamiento<\/strong> \u2013 F\u00e1cil de mezclar con polvos y bebidas.<\/p>\n<\/li>\n<\/ul>","protected":false},"featured_media":2208,"comment_status":"open","ping_status":"closed","template":"","meta":[],"product_brand":[],"product_cat":[50],"product_tag":[],"class_list":{"0":"post-2205","1":"product","2":"type-product","3":"status-publish","4":"has-post-thumbnail","6":"product_cat-konjac-flour","8":"first","9":"instock","10":"shipping-taxable","11":"product-type-simple"},"_links":{"self":[{"href":"https:\/\/scmlkj.com\/es\/wp-json\/wp\/v2\/product\/2205","targetHints":{"allow":["GET"]}}],"collection":[{"href":"https:\/\/scmlkj.com\/es\/wp-json\/wp\/v2\/product"}],"about":[{"href":"https:\/\/scmlkj.com\/es\/wp-json\/wp\/v2\/types\/product"}],"replies":[{"embeddable":true,"href":"https:\/\/scmlkj.com\/es\/wp-json\/wp\/v2\/comments?post=2205"}],"wp:featuredmedia":[{"embeddable":true,"href":"https:\/\/scmlkj.com\/es\/wp-json\/wp\/v2\/media\/2208"}],"wp:attachment":[{"href":"https:\/\/scmlkj.com\/es\/wp-json\/wp\/v2\/media?parent=2205"}],"wp:term":[{"taxonomy":"product_brand","embeddable":true,"href":"https:\/\/scmlkj.com\/es\/wp-json\/wp\/v2\/product_brand?post=2205"},{"taxonomy":"product_cat","embeddable":true,"href":"https:\/\/scmlkj.com\/es\/wp-json\/wp\/v2\/product_cat?post=2205"},{"taxonomy":"product_tag","embeddable":true,"href":"https:\/\/scmlkj.com\/es\/wp-json\/wp\/v2\/product_tag?post=2205"}],"curies":[{"name":"wp","href":"https:\/\/api.w.org\/{rel}","templated":true}]}}