{"id":2217,"date":"2025-12-08T09:42:01","date_gmt":"2025-12-08T09:42:01","guid":{"rendered":"https:\/\/scmlkj.com\/?post_type=product&#038;p=2217"},"modified":"2026-01-30T13:12:06","modified_gmt":"2026-01-30T13:12:06","slug":"fideo-de-konjac-con-proteina-saludable","status":"publish","type":"product","link":"https:\/\/scmlkj.com\/es\/productos\/fideo-de-konjac-con-proteina-saludable\/","title":{"rendered":"Fideos Konjac ricos en prote\u00ednas saludables\u00a0"},"content":{"rendered":"<h2 class=\"wp-block-heading\">Especificaciones del producto<\/h2>\n\n\n\n<figure class=\"wp-block-table\"><table class=\"has-fixed-layout\"><tbody><tr><td><strong>Art\u00edculo<\/strong><\/td><td><strong>Detalles<\/strong><\/td><\/tr><tr><td>Nombre del producto<\/td><td>Fideos Konjac ricos en prote\u00ednas saludables<\/td><\/tr><tr><td>Tipo de producto<\/td><td>Fideos Konjac<\/td><\/tr><tr><td>Estilo<\/td><td>H\u00famedo - Instant\u00e1neo<\/td><\/tr><tr><td>Tipo<\/td><td>Fresco<\/td><\/tr><tr><td>Peso neto<\/td><td>270 g<\/td><\/tr><tr><td>Tiempo de cocci\u00f3n<\/td><td>2 minutos<\/td><\/tr><tr><td>Contenido de grasa<\/td><td>0%<\/td><\/tr><tr><td>Sabor<\/td><td>Ins\u00edpido (neutro)<\/td><\/tr><tr><td>Olor<\/td><td>Sin olor<\/td><\/tr><tr><td>Ingrediente principal<\/td><td>Harina de konjac<\/td><\/tr><tr><td>Vida \u00fatil<\/td><td>15 meses<\/td><\/tr><tr><td>Embalaje<\/td><td>Bolsa<\/td><\/tr><tr><td>Fabricante<\/td><td>Ma\u00f1ana del Este<\/td><\/tr><\/tbody><\/table><\/figure>\n\n\n\n<h2 class=\"wp-block-heading\">Posicionamiento nutricional<\/h2>\n\n\n\n<p>Este producto se posiciona como <strong>Pasta konjac rica en prote\u00ednas<\/strong> para:<\/p>\n\n\n\n<ul class=\"wp-block-list\">\n<li>consumidores de prote\u00ednas<\/li>\n\n\n\n<li>fitness y dietas de control corporal<\/li>\n\n\n\n<li>planificaci\u00f3n de comidas bajas en calor\u00edas y ricas en saciedad<\/li>\n<\/ul>\n\n\n\n<p>El glucomanano de konjac aporta:<\/p>\n\n\n\n<ul class=\"wp-block-list\">\n<li>alto contenido en fibra diet\u00e9tica<\/li>\n\n\n\n<li>aumento de la saciedad<\/li>\n\n\n\n<li>bajo impacto gluc\u00e9mico<\/li>\n<\/ul>\n\n\n\n<h2 class=\"wp-block-heading\">C\u00f3mo prepararse<\/h2>\n\n\n\n<ol class=\"wp-block-list\">\n<li>Escurrir y enjuagar los fideos konjac<\/li>\n\n\n\n<li>Calor para <strong>2 minutos<\/strong> (hervir o saltear)<\/li>\n\n\n\n<li>A\u00f1ada salsa, verduras o la prote\u00edna de su elecci\u00f3n<\/li>\n<\/ol>\n\n\n\n<p>Perfecto para:<\/p>\n\n\n\n<ul class=\"wp-block-list\">\n<li>cuencos de pasta proteica<\/li>\n\n\n\n<li>preparaci\u00f3n de comidas<\/li>\n\n\n\n<li>platos salteados<\/li>\n\n\n\n<li>recetas italianas o asi\u00e1ticas bajas en carbohidratos<\/li>\n<\/ul>\n\n\n\n<h2 class=\"wp-block-heading\">Opciones de OEM \/ Marca privada<\/h2>\n\n\n\n<p>Formas de fideos personalizadas (espaguetis, fettuccine, cabello de \u00e1ngel)<\/p>\n\n\n\n<p>F\u00f3rmulas mejoradas con prote\u00ednas (opcional)<\/p>\n\n\n\n<p>Versiones ecol\u00f3gica y convencional<\/p>\n\n\n\n<p>Tama\u00f1o de envase y marca personalizados<\/p>\n\n\n\n<p>Etiquetado para la exportaci\u00f3n y apoyo al cumplimiento de la normativa<\/p>\n\n\n\n<p>M\u00e1s informaci\u00f3n en :<a href=\"https:\/\/scmlkj.com\/es\/fideos-ricos-en-proteinas\/\"> Fideos konjac con alto contenido prote\u00ednico a medida<\/a><\/p>\n\n\n\n<p>a lanzar una <strong>fideo de konjac con prote\u00edna saludable<\/strong> \u00bfBajo tu marca?<br><a href=\"https:\/\/scmlkj.com\/es\/pongase-en-contacto-con\/\">P\u00f3ngase en contacto con <strong>Ma\u00f1ana del Este<\/strong> <\/a>para desarrollar su <strong>Fideo de Konjac con Prote\u00edna Saludable para OEM<\/strong>.<\/p>\n\n\n\n<p><\/p>","protected":false},"excerpt":{"rendered":"<p>El Fideo de Konjac con Prote\u00edna Saludable de Eastern Morning es una alternativa de fideo nutritiva y baja en calor\u00edas, elaborada con harina de konjac de primera calidad, dise\u00f1ada para una alimentaci\u00f3n diaria saludable y dietas equilibradas en prote\u00ednas.<br data-start=\"680\" data-end=\"683\" \/>Con una textura suave, sabor neutro y rendimiento sin olores, se integra f\u00e1cilmente en las comidas diarias mientras ayuda a reducir calor\u00edas y carbohidratos, sin comprometer la satisfacci\u00f3n.<\/p>\n<ul data-start=\"898\" data-end=\"1293\">\n<li data-start=\"898\" data-end=\"970\">\n<p data-start=\"900\" data-end=\"970\"><strong data-start=\"900\" data-end=\"931\">Posicionamiento de Prote\u00edna Saludable<\/strong> \u2013 ideal para una nutrici\u00f3n diaria equilibrada<\/p>\n<\/li>\n<li data-start=\"971\" data-end=\"1012\">\n<p data-start=\"973\" data-end=\"1012\"><strong data-start=\"973\" data-end=\"1010\">Bajo en calor\u00edas \u00b7 Bajo en carbohidratos \u00b7 Sin grasas<\/strong><\/p>\n<\/li>\n<li data-start=\"1013\" data-end=\"1074\">\n<p data-start=\"1015\" data-end=\"1074\"><strong data-start=\"1015\" data-end=\"1040\">Alto contenido en fibra diet\u00e9tica<\/strong> \u2013 promueve la saciedad y la digesti\u00f3n<\/p>\n<\/li>\n<li data-start=\"1075\" data-end=\"1107\">\n<p data-start=\"1077\" data-end=\"1107\"><strong data-start=\"1077\" data-end=\"1105\">Sin gluten \u00b7 Sin cereales<\/strong><\/p>\n<\/li>\n<li data-start=\"1108\" data-end=\"1141\">\n<p data-start=\"1110\" data-end=\"1141\"><strong data-start=\"1110\" data-end=\"1139\">Etiqueta Limpia y de Origen Vegetal<\/strong><\/p>\n<\/li>\n<li data-start=\"1142\" data-end=\"1205\">\n<p data-start=\"1144\" data-end=\"1205\"><strong data-start=\"1144\" data-end=\"1171\">Sin Olor, Sabor Neutro<\/strong> \u2013 vers\u00e1til para cocinas globales<\/p>\n<\/li>\n<li data-start=\"1206\" data-end=\"1257\">\n<p data-start=\"1208\" data-end=\"1257\"><strong data-start=\"1208\" data-end=\"1234\">Instant\u00e1neo \/ Listo para comer<\/strong> \u2013 listo en 2 minutos<\/p>\n<\/li>\n<li data-start=\"1258\" data-end=\"1293\">\n<p data-start=\"1260\" data-end=\"1293\"><strong data-start=\"1260\" data-end=\"1293\">Compatible con OEM\/marca privada<\/strong><\/p>\n<\/li>\n<\/ul>","protected":false},"featured_media":2344,"comment_status":"open","ping_status":"closed","template":"","meta":[],"product_brand":[],"product_cat":[32],"product_tag":[],"class_list":{"0":"post-2217","1":"product","2":"type-product","3":"status-publish","4":"has-post-thumbnail","6":"product_cat-high-protein-noodles","8":"first","9":"instock","10":"shipping-taxable","11":"product-type-simple"},"_links":{"self":[{"href":"https:\/\/scmlkj.com\/es\/wp-json\/wp\/v2\/product\/2217","targetHints":{"allow":["GET"]}}],"collection":[{"href":"https:\/\/scmlkj.com\/es\/wp-json\/wp\/v2\/product"}],"about":[{"href":"https:\/\/scmlkj.com\/es\/wp-json\/wp\/v2\/types\/product"}],"replies":[{"embeddable":true,"href":"https:\/\/scmlkj.com\/es\/wp-json\/wp\/v2\/comments?post=2217"}],"wp:featuredmedia":[{"embeddable":true,"href":"https:\/\/scmlkj.com\/es\/wp-json\/wp\/v2\/media\/2344"}],"wp:attachment":[{"href":"https:\/\/scmlkj.com\/es\/wp-json\/wp\/v2\/media?parent=2217"}],"wp:term":[{"taxonomy":"product_brand","embeddable":true,"href":"https:\/\/scmlkj.com\/es\/wp-json\/wp\/v2\/product_brand?post=2217"},{"taxonomy":"product_cat","embeddable":true,"href":"https:\/\/scmlkj.com\/es\/wp-json\/wp\/v2\/product_cat?post=2217"},{"taxonomy":"product_tag","embeddable":true,"href":"https:\/\/scmlkj.com\/es\/wp-json\/wp\/v2\/product_tag?post=2217"}],"curies":[{"name":"wp","href":"https:\/\/api.w.org\/{rel}","templated":true}]}}