{"id":2221,"date":"2025-12-08T09:45:38","date_gmt":"2025-12-08T09:45:38","guid":{"rendered":"https:\/\/scmlkj.com\/?post_type=product&#038;p=2221"},"modified":"2026-01-30T01:17:39","modified_gmt":"2026-01-30T01:17:39","slug":"fideos-konjac-ricos-en-proteinas-de-origen-vegetal","status":"publish","type":"product","link":"https:\/\/scmlkj.com\/es\/productos\/fideos-konjac-ricos-en-proteinas-de-origen-vegetal\/","title":{"rendered":"Fideos konjac ricos en prote\u00ednas de origen vegetal"},"content":{"rendered":"<h2 class=\"wp-block-heading\">Especificaciones del producto<\/h2>\n\n\n\n<figure class=\"wp-block-table\"><table class=\"has-fixed-layout\"><tbody><tr><td><strong>Art\u00edculo<\/strong><\/td><td><strong>Detalles<\/strong><\/td><\/tr><tr><td>Nombre del producto<\/td><td>Fideos Konjac vegetales ricos en prote\u00ednas<\/td><\/tr><tr><td>Tipo de producto<\/td><td>Fideos Konjac<\/td><\/tr><tr><td>Estilo<\/td><td>H\u00famedo - Instant\u00e1neo<\/td><\/tr><tr><td>Tipo<\/td><td>Fresco<\/td><\/tr><tr><td>Peso neto<\/td><td>270 g<\/td><\/tr><tr><td>Tiempo de cocci\u00f3n<\/td><td>2 minutos<\/td><\/tr><tr><td>Contenido de grasa<\/td><td>0%<\/td><\/tr><tr><td>Sabor<\/td><td>Ins\u00edpido (neutro)<\/td><\/tr><tr><td>Olor<\/td><td>Sin olor<\/td><\/tr><tr><td>Ingrediente principal<\/td><td>Harina de konjac<\/td><\/tr><tr><td>Vida \u00fatil<\/td><td>15 meses<\/td><\/tr><tr><td>Embalaje<\/td><td>Bolsa<\/td><\/tr><tr><td>Fabricante<\/td><td>Ma\u00f1ana del Este<\/td><\/tr><\/tbody><\/table><\/figure>\n\n\n\n<h2 class=\"wp-block-heading\">Posicionamiento nutricional<\/h2>\n\n\n\n<p>Este producto se posiciona como <strong>Fideos konjac ricos en prote\u00ednas<\/strong> para:<\/p>\n\n\n\n<ul class=\"wp-block-list\">\n<li>consumidores de prote\u00ednas<\/li>\n\n\n\n<li>fitness y dietas de control corporal<\/li>\n\n\n\n<li>planificaci\u00f3n de comidas bajas en calor\u00edas y ricas en saciedad<\/li>\n<\/ul>\n\n\n\n<p>El glucomanano de konjac aporta:<\/p>\n\n\n\n<ul class=\"wp-block-list\">\n<li>alto contenido en fibra diet\u00e9tica<\/li>\n\n\n\n<li>aumento de la saciedad<\/li>\n\n\n\n<li>bajo impacto gluc\u00e9mico<\/li>\n<\/ul>\n\n\n\n<h2 class=\"wp-block-heading\">C\u00f3mo preparar fideos konjac ricos en prote\u00ednas<\/h2>\n\n\n\n<ol class=\"wp-block-list\">\n<li>Escurrir y enjuagar los fideos konjac<\/li>\n\n\n\n<li>Calor para <strong>2 minutos<\/strong> (hervir o saltear)<\/li>\n\n\n\n<li>A\u00f1ada salsa, verduras o la prote\u00edna de su elecci\u00f3n<\/li>\n<\/ol>\n\n\n\n<p>Perfecto para:<\/p>\n\n\n\n<ul class=\"wp-block-list\">\n<li>cuencos de pasta proteica<\/li>\n\n\n\n<li>preparaci\u00f3n de comidas<\/li>\n\n\n\n<li>platos salteados<\/li>\n\n\n\n<li>recetas italianas o asi\u00e1ticas bajas en carbohidratos<\/li>\n<\/ul>\n\n\n\n<h2 class=\"wp-block-heading\">Opciones de OEM \/ Marca privada<\/h2>\n\n\n\n<p>Formas de fideos personalizadas (espaguetis, fettuccine, cabello de \u00e1ngel)<\/p>\n\n\n\n<p>F\u00f3rmulas mejoradas con prote\u00ednas (opcional)<\/p>\n\n\n\n<p>Versiones ecol\u00f3gica y convencional<\/p>\n\n\n\n<p>Tama\u00f1o de envase y marca personalizados<\/p>\n\n\n\n<p>Etiquetado para la exportaci\u00f3n y apoyo al cumplimiento de la normativa<\/p>\n\n\n\n<p>M\u00e1s informaci\u00f3n en :<a href=\"https:\/\/scmlkj.com\/es\/fideos-konjac-personalizados-con-alto-contenido-proteico\/\"> Fideos konjac con alto contenido prote\u00ednico a medida<\/a><\/p>\n\n\n\n<p>Buscando lanzar un <strong>fideos konjac ecol\u00f3gicos ricos en prote\u00ednas<\/strong> \u00bfBajo tu marca?<br><a href=\"https:\/\/scmlkj.com\/es\/pongase-en-contacto-con\/\">P\u00f3ngase en contacto con <strong>Ma\u00f1ana del Este<\/strong> <\/a>para <a href=\"https:\/\/scmlkj.com\/es\/guia-de-marcas-privadas-oem\/\">OEM<\/a> desarrollo, <a href=\"https:\/\/scmlkj.com\/es\/solicitud-de-muestra-gratuita\/\">muestras<\/a>y precios OEM.<\/p>\n\n\n\n<p><\/p>","protected":false},"excerpt":{"rendered":"<p>Los fideos konjac de base vegetal y alto contenido proteico de Eastern Morning son una alternativa moderna y vegana a los fideos elaborados con harina de konjac de primera calidad, dise\u00f1ados para dietas centradas en las prote\u00ednas, basadas en plantas y bajas en calor\u00edas.<br data-start=\"832\" data-end=\"835\" \/>Con una textura suave, un sabor neutro y un rendimiento sin olores, este producto encaja perfectamente en comidas de fitness, cuencos de prote\u00ednas veganos y marcas globales de etiqueta limpia.<\/p>\n<ul>\n<li data-start=\"1035\" data-end=\"1079\">\n<p data-start=\"1037\" data-end=\"1079\"><strong data-start=\"1037\" data-end=\"1077\">Posicionamiento vegetal rico en prote\u00ednas<\/strong><\/p>\n<\/li>\n<li data-start=\"1080\" data-end=\"1120\">\n<p data-start=\"1082\" data-end=\"1120\"><strong data-start=\"1082\" data-end=\"1118\">Cero Grasas - Bajo en Carbohidratos - Sin Az\u00facar<\/strong><\/p>\n<\/li>\n<li data-start=\"1121\" data-end=\"1148\">\n<p data-start=\"1123\" data-end=\"1148\"><strong data-start=\"1123\" data-end=\"1146\">Vegano y Etiqueta Limpia<\/strong><\/p>\n<\/li>\n<li data-start=\"1149\" data-end=\"1181\">\n<p data-start=\"1151\" data-end=\"1181\"><strong data-start=\"1151\" data-end=\"1179\">Sin gluten \u00b7 Sin cereales<\/strong><\/p>\n<\/li>\n<li data-start=\"1182\" data-end=\"1244\">\n<p data-start=\"1184\" data-end=\"1244\"><strong data-start=\"1184\" data-end=\"1212\">Sin olor y sabor neutro<\/strong> - f\u00e1cil de combinar con cualquier salsa<\/p>\n<\/li>\n<li data-start=\"1245\" data-end=\"1292\">\n<p data-start=\"1247\" data-end=\"1292\"><strong data-start=\"1247\" data-end=\"1273\">Instant\u00e1neo \/ Listo para comer<\/strong> - s\u00f3lo 2 minutos<\/p>\n<\/li>\n<li data-start=\"1293\" data-end=\"1326\">\n<p data-start=\"1295\" data-end=\"1326\"><strong data-start=\"1295\" data-end=\"1324\">Bajo en calor\u00edas, alto poder saciante<\/strong><\/p>\n<\/li>\n<li data-start=\"1327\" data-end=\"1362\">\n<p data-start=\"1329\" data-end=\"1362\">\u00a0<\/p>\n<\/li>\n<\/ul>","protected":false},"featured_media":2224,"comment_status":"open","ping_status":"closed","template":"","meta":[],"product_brand":[],"product_cat":[32],"product_tag":[],"class_list":{"0":"post-2221","1":"product","2":"type-product","3":"status-publish","4":"has-post-thumbnail","6":"product_cat-high-protein-noodles","8":"first","9":"instock","10":"shipping-taxable","11":"product-type-simple"},"_links":{"self":[{"href":"https:\/\/scmlkj.com\/es\/wp-json\/wp\/v2\/product\/2221","targetHints":{"allow":["GET"]}}],"collection":[{"href":"https:\/\/scmlkj.com\/es\/wp-json\/wp\/v2\/product"}],"about":[{"href":"https:\/\/scmlkj.com\/es\/wp-json\/wp\/v2\/types\/product"}],"replies":[{"embeddable":true,"href":"https:\/\/scmlkj.com\/es\/wp-json\/wp\/v2\/comments?post=2221"}],"wp:featuredmedia":[{"embeddable":true,"href":"https:\/\/scmlkj.com\/es\/wp-json\/wp\/v2\/media\/2224"}],"wp:attachment":[{"href":"https:\/\/scmlkj.com\/es\/wp-json\/wp\/v2\/media?parent=2221"}],"wp:term":[{"taxonomy":"product_brand","embeddable":true,"href":"https:\/\/scmlkj.com\/es\/wp-json\/wp\/v2\/product_brand?post=2221"},{"taxonomy":"product_cat","embeddable":true,"href":"https:\/\/scmlkj.com\/es\/wp-json\/wp\/v2\/product_cat?post=2221"},{"taxonomy":"product_tag","embeddable":true,"href":"https:\/\/scmlkj.com\/es\/wp-json\/wp\/v2\/product_tag?post=2221"}],"curies":[{"name":"wp","href":"https:\/\/api.w.org\/{rel}","templated":true}]}}