{"id":2421,"date":"2025-12-11T13:11:05","date_gmt":"2025-12-11T13:11:05","guid":{"rendered":"https:\/\/scmlkj.com\/?post_type=product&#038;p=2421"},"modified":"2026-01-30T01:01:07","modified_gmt":"2026-01-30T01:01:07","slug":"gelatina-de-konjac-sabor-melocoton","status":"publish","type":"product","link":"https:\/\/scmlkj.com\/es\/productos\/gelatina-de-konjac-sabor-melocoton\/","title":{"rendered":"Gelatina de konjac con sabor a melocot\u00f3n"},"content":{"rendered":"<p><\/p>\n\n\n\n<h2 class=\"wp-block-heading\">Especificaciones<\/h2>\n\n\n\n<p><strong>Peso y tama\u00f1o<\/strong><\/p>\n\n\n\n<figure class=\"wp-block-table\"><table class=\"has-fixed-layout\"><tbody><tr><td><strong>Art\u00edculo<\/strong><\/td><td><strong>Detalles<\/strong><\/td><\/tr><tr><td>Peso neto<\/td><td>150 g<\/td><\/tr><tr><td>Peso bruto<\/td><td>155 g<\/td><\/tr><tr><td>Tama\u00f1o del producto<\/td><td>Personalizable<\/td><\/tr><tr><td>Peso escurrido<\/td><td>Personalizable<\/td><\/tr><tr><td>Tipo de embalaje<\/td><td>Bolsa de gelatina de pie<\/td><\/tr><\/tbody><\/table><\/figure>\n\n\n\n<p><strong>Especificaciones f\u00edsicas<\/strong><\/p>\n\n\n\n<figure class=\"wp-block-table\"><table class=\"has-fixed-layout\"><tbody><tr><td>I<strong>tem<\/strong><\/td><td><strong>Detalles<\/strong><\/td><\/tr><tr><td>Color<\/td><td>Rosa<\/td><\/tr><tr><td>Sabor<\/td><td>Melocot\u00f3n<\/td><\/tr><tr><td>Textura<\/td><td>Gel suave, terso y semifluido.<\/td><\/tr><tr><td>Tipo<\/td><td>Instant\u00e1neo, listo para comer<\/td><\/tr><\/tbody><\/table><\/figure>\n\n\n\n<p><strong>Caracter\u00edsticas del producto<\/strong><\/p>\n\n\n\n<figure class=\"wp-block-table\"><table class=\"has-fixed-layout\"><tbody><tr><td><strong>Caracter\u00edstica<\/strong><\/td><td><strong>Estado<\/strong><\/td><\/tr><tr><td>Sin gluten<\/td><td>\u2714 S\u00ed<\/td><\/tr><tr><td>Sin OMG<\/td><td>\u2714 S\u00ed<\/td><\/tr><tr><td>Sin al\u00e9rgenos<\/td><td>\u2714 S\u00ed<\/td><\/tr><tr><td>Sin aditivos<\/td><td>\u2714 S\u00ed<\/td><\/tr><tr><td>Org\u00e1nico disponible<\/td><td>\u2718 No<\/td><\/tr><tr><td>Listo para comer<\/td><td>\u2714 S\u00ed<\/td><\/tr><\/tbody><\/table><\/figure>\n\n\n\n<p><\/p>\n\n\n\n<h2 class=\"wp-block-heading\">Ingredientes<\/h2>\n\n\n\n<p>Agua, concentrado de zumo de manzana, eritritol, polvo de konjac, carragenina, \u00e1cido c\u00edtrico, p\u00e9ptido de col\u00e1geno, cloruro de potasio, sorbato de potasio, vitamina C.<\/p>\n\n\n\n<h2 class=\"wp-block-heading\">Vida \u00fatil y almacenamiento<\/h2>\n\n\n\n<p><strong>Vida \u00fatil:<\/strong> 18 meses<\/p>\n\n\n\n<p><strong>Almacenamiento:<\/strong><\/p>\n\n\n\n<ul class=\"wp-block-list\">\n<li>Almacenar en un lugar fresco y seco.<\/li>\n\n\n\n<li>Se recomienda servir fr\u00edo.<\/li>\n\n\n\n<li>Refrigerar despu\u00e9s de abrir y consumir en un plazo de 24 horas.<\/li>\n<\/ul>\n\n\n\n<h2 class=\"wp-block-heading\">Beneficios de la gelatina de konjac<\/h2>\n\n\n\n<p><strong>Snack bajo en calor\u00edas y apto para adelgazar<\/strong><\/p>\n\n\n\n<p>Enriquecido con <strong>p\u00e9ptidos de col\u00e1geno + vitamina C<\/strong>Esta gelatina favorece la formaci\u00f3n natural de col\u00e1geno para:<\/p>\n\n\n\n<ul class=\"wp-block-list\">\n<li>Naturalmente bajo en calor\u00edas<\/li>\n\n\n\n<li>Alto contenido en fibra konjac para dar volumen<\/li>\n\n\n\n<li>Ideal para dietas, p\u00e9rdida de peso, ceto y estilos de vida fitness<\/li>\n<\/ul>\n\n\n\n<p>Favorece la saciedad, reduce los antojos y apoya los programas de control de peso.<\/p>\n\n\n\n<p><strong>Sabor a melocot\u00f3n hidratante y refrescante<\/strong><\/p>\n\n\n\n<p>El konjac es natural:<\/p>\n\n\n\n<ul class=\"wp-block-list\">\n<li>Sabor ligero y arom\u00e1tico a melocot\u00f3n<\/li>\n\n\n\n<li>Textura de gel suave<\/li>\n\n\n\n<li>Energizante pero no pesado<\/li>\n<\/ul>\n\n\n\n<p>Perfecto para el verano, para despu\u00e9s de entrenar o para refrescarse durante el d\u00eda.<\/p>\n\n\n\n<p><strong>Belleza y bienestar (con vitamina C)<\/strong><\/p>\n\n\n\n<p>La vitamina C contribuye a la producci\u00f3n de col\u00e1geno<\/p>\n\n\n\n<p>Mejora la luminosidad y la inmunidad de la piel<\/p>\n\n\n\n<p>Un tentempi\u00e9 funcional para las consumidoras de productos de belleza<\/p>\n\n\n\n<h2 class=\"wp-block-heading\">Opciones de OEM \/ Marca privada<\/h2>\n\n\n\n<p>Sabor personalizado (mango, lichi, uva, yogur, etc.)<\/p>\n\n\n\n<p>Impresi\u00f3n personalizada de bolsas, acabado mate\/brillante<\/p>\n\n\n\n<p>Dulzor personalizado (alto contenido en az\u00facar, bajo contenido en az\u00facar, sin az\u00facar)<\/p>\n\n\n\n<p>Suplementos nutricionales (p\u00e9ptidos de col\u00e1geno, vitaminas, probi\u00f3ticos)<\/p>\n\n\n\n<p>Tama\u00f1o personalizado: 120 g \/ 150 g \/ 180 g \/ 200 g<\/p>\n\n\n\n<p>Asistencia completa en el dise\u00f1o del embalaje<\/p>\n\n\n\n<p>\u00bfQuieres desarrollar tu propio? <strong>Gelatina de konjac de melocot\u00f3n<\/strong> \u00bfO ampliar su l\u00ednea de snacks funcionales?<br><a href=\"https:\/\/scmlkj.com\/es\/pongase-en-contacto-con\/\">P\u00f3ngase en contacto con <strong>Ma\u00f1ana del Este<\/strong><\/a> para <a href=\"https:\/\/scmlkj.com\/es\/guia-de-marcas-privadas-oem\/\">etiqueta privada <\/a>desarrollo, <a href=\"https:\/\/scmlkj.com\/es\/solicitud-de-muestra-gratuita\/\">muestras<\/a>y precios OEM.<\/p>","protected":false},"excerpt":{"rendered":"<p>Snack de gelatina de melocot\u00f3n bajo en calor\u00edas y rico en fibra (150 g \/ OEM disponible) Eastern Morning's <strong data-start=\"530\" data-end=\"559\">Jalea de konjac sabor melocot\u00f3n<\/strong> es un snack gelatinoso refrescante, afrutado y bajo en calor\u00edas elaborado con fibra de konjac de primera calidad, concentrado de melocot\u00f3n, eritritol y vitamina C. Suave, blando y naturalmente saciante, es el snack funcional ideal para el control de peso, el fitness, la belleza y el consumo sobre la marcha.<\/p>\n<p data-start=\"3108\" data-end=\"3139\"><strong data-start=\"3111\" data-end=\"3139\">Escenarios de aplicaci\u00f3n<\/strong><\/p>\n<ul data-start=\"3140\" data-end=\"3309\">\n<li data-start=\"3140\" data-end=\"3163\">\n<p data-start=\"3142\" data-end=\"3163\">Supermercados minoristas<\/p>\n<\/li>\n<li data-start=\"3164\" data-end=\"3197\">\n<p data-start=\"3166\" data-end=\"3197\">L\u00edneas de aperitivos de belleza y bienestar<\/p>\n<\/li>\n<li data-start=\"3198\" data-end=\"3231\">\n<p data-start=\"3200\" data-end=\"3231\">Programas de aperitivos diet\u00e9ticos y fitness<\/p>\n<\/li>\n<li data-start=\"3232\" data-end=\"3267\">\n<p data-start=\"3234\" data-end=\"3267\">Aperitivos de fruta para ni\u00f1os<\/p>\n<\/li>\n<li data-start=\"3268\" data-end=\"3309\">\n<p data-start=\"3270\" data-end=\"3309\">Marcas de sustitutivos de comidas y alimentos saludables<\/p>\n<\/li>\n<\/ul>","protected":false},"featured_media":2345,"comment_status":"open","ping_status":"closed","template":"","meta":[],"product_brand":[],"product_cat":[51],"product_tag":[],"class_list":{"0":"post-2421","1":"product","2":"type-product","3":"status-publish","4":"has-post-thumbnail","6":"product_cat-konjac-jelly","8":"first","9":"instock","10":"shipping-taxable","11":"product-type-simple"},"_links":{"self":[{"href":"https:\/\/scmlkj.com\/es\/wp-json\/wp\/v2\/product\/2421","targetHints":{"allow":["GET"]}}],"collection":[{"href":"https:\/\/scmlkj.com\/es\/wp-json\/wp\/v2\/product"}],"about":[{"href":"https:\/\/scmlkj.com\/es\/wp-json\/wp\/v2\/types\/product"}],"replies":[{"embeddable":true,"href":"https:\/\/scmlkj.com\/es\/wp-json\/wp\/v2\/comments?post=2421"}],"wp:featuredmedia":[{"embeddable":true,"href":"https:\/\/scmlkj.com\/es\/wp-json\/wp\/v2\/media\/2345"}],"wp:attachment":[{"href":"https:\/\/scmlkj.com\/es\/wp-json\/wp\/v2\/media?parent=2421"}],"wp:term":[{"taxonomy":"product_brand","embeddable":true,"href":"https:\/\/scmlkj.com\/es\/wp-json\/wp\/v2\/product_brand?post=2421"},{"taxonomy":"product_cat","embeddable":true,"href":"https:\/\/scmlkj.com\/es\/wp-json\/wp\/v2\/product_cat?post=2421"},{"taxonomy":"product_tag","embeddable":true,"href":"https:\/\/scmlkj.com\/es\/wp-json\/wp\/v2\/product_tag?post=2421"}],"curies":[{"name":"wp","href":"https:\/\/api.w.org\/{rel}","templated":true}]}}