{"id":2431,"date":"2025-12-11T13:27:34","date_gmt":"2025-12-11T13:27:34","guid":{"rendered":"https:\/\/scmlkj.com\/?post_type=product&#038;p=2431"},"modified":"2026-04-12T06:58:55","modified_gmt":"2026-04-12T06:58:55","slug":"jalea-de-konjac-sabor-uva-verde","status":"publish","type":"product","link":"https:\/\/scmlkj.com\/es\/productos\/jalea-de-konjac-sabor-uva-verde\/","title":{"rendered":"Private Label Jalea de konjac sabor uva verde"},"content":{"rendered":"<p><\/p>\n\n\n\n<h2 class=\"wp-block-heading\">Especificaciones<\/h2>\n\n\n\n<p><strong>Peso y tama\u00f1o<\/strong><\/p>\n\n\n\n<figure class=\"wp-block-table\"><table class=\"has-fixed-layout\"><tbody><tr><td><strong>Art\u00edculo<\/strong><\/td><td><strong>Detalles<\/strong><\/td><\/tr><tr><td>Peso neto<\/td><td>150 g<\/td><\/tr><tr><td>Peso bruto<\/td><td>155 g<\/td><\/tr><tr><td>Tama\u00f1o del producto<\/td><td>Personalizable<\/td><\/tr><tr><td>Peso escurrido<\/td><td>Personalizable<\/td><\/tr><tr><td>Tipo de embalaje<\/td><td>Bolsa de gelatina de pie<\/td><\/tr><\/tbody><\/table><\/figure>\n\n\n\n<p><strong>Especificaciones f\u00edsicas<\/strong><\/p>\n\n\n\n<figure class=\"wp-block-table\"><table class=\"has-fixed-layout\"><tbody><tr><td>I<strong>tem<\/strong><\/td><td><strong>Detalles<\/strong><\/td><\/tr><tr><td>Color<\/td><td>Transparente<\/td><\/tr><tr><td>Sabor<\/td><td>Sabor a uva verde<\/td><\/tr><tr><td>Textura<\/td><td>Gel suave, terso y semifluido.<\/td><\/tr><tr><td>Tipo<\/td><td>Instant\u00e1neo, listo para comer<\/td><\/tr><\/tbody><\/table><\/figure>\n\n\n\n<p><strong>Caracter\u00edsticas del producto<\/strong><\/p>\n\n\n\n<figure class=\"wp-block-table\"><table class=\"has-fixed-layout\"><tbody><tr><td><strong>Caracter\u00edstica<\/strong><\/td><td><strong>Estado<\/strong><\/td><\/tr><tr><td>Sin gluten<\/td><td>\u2714 S\u00ed<\/td><\/tr><tr><td>Sin OMG<\/td><td>\u2714 S\u00ed<\/td><\/tr><tr><td>Sin al\u00e9rgenos<\/td><td>\u2714 S\u00ed<\/td><\/tr><tr><td>Sin aditivos<\/td><td>\u2714 S\u00ed<\/td><\/tr><tr><td>Org\u00e1nico disponible<\/td><td>\u2718 No<\/td><\/tr><tr><td>Listo para comer<\/td><td>\u2714 S\u00ed<\/td><\/tr><\/tbody><\/table><\/figure>\n\n\n\n<p><\/p>\n\n\n\n<h2 class=\"wp-block-heading\">Ingredientes<\/h2>\n\n\n\n<p>Agua, zumo de uva concentrado, eritritol, harina de konjac, carragenano, \u00e1cido c\u00edtrico, cloruro pot\u00e1sico, sorbato pot\u00e1sico, vitamina C.<\/p>\n\n\n\n<h2 class=\"wp-block-heading\">Vida \u00fatil y almacenamiento<\/h2>\n\n\n\n<p><strong>Vida \u00fatil:<\/strong> 18 meses<\/p>\n\n\n\n<p><strong>Almacenamiento:<\/strong><\/p>\n\n\n\n<ul class=\"wp-block-list\">\n<li>Almacenar en un lugar fresco y seco.<\/li>\n\n\n\n<li>Se recomienda servir fr\u00edo.<\/li>\n\n\n\n<li>Refrigerar despu\u00e9s de abrir y consumir en un plazo de 24 horas.<\/li>\n<\/ul>\n\n\n\n<h2 class=\"wp-block-heading\">Beneficios de la gelatina de konjac<\/h2>\n\n\n\n<p><strong>Snack funcional bajo en calor\u00edas y rico en fibra<\/strong><\/p>\n\n\n\n<p>Naturalmente bajo en calor\u00edas<\/p>\n\n\n\n<p>Contiene fibra diet\u00e9tica konjac<\/p>\n\n\n\n<p>Favorece la saciedad y reduce los antojos<\/p>\n\n\n\n<p>Popular entre los consumidores de productos de adelgazamiento y fitness<\/p>\n\n\n\n<p><strong>Refrescante sabor a uva verde<\/strong><\/p>\n\n\n\n<p>Sabor dulce y jugoso a uva<\/p>\n\n\n\n<p>Ligero y arom\u00e1tico<\/p>\n\n\n\n<p>Ideal para ni\u00f1os, adolescentes y amantes de los aperitivos refrescantes<\/p>\n\n\n\n<p><strong>Vitamina C a\u00f1adida para reforzar las defensas inmunitarias<\/strong><\/p>\n\n\n\n<p>Aumenta la energ\u00eda<\/p>\n\n\n\n<p>Favorece la piel y la inmunidad<\/p>\n\n\n\n<p>En l\u00ednea con las tendencias en snacks de belleza y bienestar<\/p>\n\n\n\n<p><strong>C\u00f3modo formato port\u00e1til<\/strong><\/p>\n\n\n\n<p>Dise\u00f1o de bolsa de pie ideal para:<\/p>\n\n\n\n<ul class=\"wp-block-list\">\n<li>Oficina<\/li>\n\n\n\n<li>Escuela<\/li>\n\n\n\n<li>Viajar<\/li>\n\n\n\n<li>Gimnasio<\/li>\n\n\n\n<li>Actividades al aire libre<\/li>\n<\/ul>\n\n\n\n<p>Limpio, port\u00e1til, no necesita cuchara.<\/p>\n\n\n\n<h2 class=\"wp-block-heading\">Opciones de OEM \/ Marca privada<\/h2>\n\n\n\n<p>Sabor personalizado (mango, pi\u00f1a, uva, naranja, melocot\u00f3n, etc.)<\/p>\n\n\n\n<p>Impresi\u00f3n personalizada de bolsas, acabado mate\/brillante<\/p>\n\n\n\n<p>Dulzor personalizado (alto contenido en az\u00facar, bajo contenido en az\u00facar, sin az\u00facar)<\/p>\n\n\n\n<p>Suplementos nutricionales (p\u00e9ptidos de col\u00e1geno, vitaminas, probi\u00f3ticos)<\/p>\n\n\n\n<p>Tama\u00f1o personalizado: 120 g \/ 150 g \/ 180 g \/ 200 g<\/p>\n\n\n\n<p>Asistencia completa en el dise\u00f1o del embalaje<\/p>\n\n\n\n<p>\u00bfQuieres desarrollar tu propio? <strong>Jalea de konjac de uva verde<\/strong> \u00bfO ampliar su l\u00ednea de snacks funcionales?<br><a href=\"https:\/\/scmlkj.com\/es\/pongase-en-contacto-con\/\">P\u00f3ngase en contacto con <strong>Ma\u00f1ana del Este<\/strong><\/a> para <a href=\"https:\/\/scmlkj.com\/es\/guia-de-marcas-privadas-oem\/\">desarrollo de marcas propias<\/a>, <a href=\"https:\/\/scmlkj.com\/es\/solicitud-de-muestra-gratuita\/\">muestras<\/a>y precios OEM.<\/p>\n\n\n\n<p>Suministro a granel disponible | MOQ amigable | Apoyo a la exportaci\u00f3n global<\/p>\n\n\n\n<p><\/p>","protected":false},"excerpt":{"rendered":"<p data-start=\"699\" data-end=\"883\">Snack de gelatina bajo en calor\u00edas y rico en fibra con vitamina C (150 g \/ OEM disponible) La gelatina konjac sabor uva verde de Eastern Morning ofrece un refrescante aroma afrutado, una textura suave y un dulzor natural gracias al concentrado de zumo de uva y al eritritol. Baja en calor\u00edas, alta en fibra y rica en vitamina C, es un snack funcional ideal para el control de peso, el fitness, la belleza y los estilos de vida modernos.<\/p>\n<ul>\n<li data-section-id=\"19khmq1\" data-start=\"1301\" data-end=\"1365\"><strong>Aperitivos de belleza funcionales<\/strong><\/li>\n<li data-section-id=\"1cpou37\" data-start=\"1366\" data-end=\"1440\"><strong data-start=\"1368\" data-end=\"1407\">Alto contenido en fibra diet\u00e9tica (glucomanano)<\/strong>\u00a0<\/li>\n<li data-section-id=\"1cjsg98\" data-start=\"1441\" data-end=\"1499\"><strong data-start=\"1443\" data-end=\"1465\">Enriquecido con vitamina C<\/strong>\u00a0<\/li>\n<li data-section-id=\"1fc2dal\" data-start=\"1500\" data-end=\"1533\"><strong data-start=\"1502\" data-end=\"1531\">A base de plantas y sin gluten<\/strong><\/li>\n<li data-section-id=\"7s5vkz\" data-start=\"1534\" data-end=\"1596\"><strong data-start=\"1536\" data-end=\"1566\">Suave textura de bebida gelatinosa<\/strong><\/li>\n<li data-section-id=\"1w7ffqv\" data-start=\"1597\" data-end=\"1627\"><strong data-start=\"1599\" data-end=\"1625\">Envases listos para el consumo<\/strong><\/li>\n<\/ul>\n<p>&nbsp;<\/p>","protected":false},"featured_media":2266,"comment_status":"open","ping_status":"closed","template":"","meta":[],"product_brand":[],"product_cat":[51],"product_tag":[],"class_list":{"0":"post-2431","1":"product","2":"type-product","3":"status-publish","4":"has-post-thumbnail","6":"product_cat-konjac-jelly","8":"first","9":"instock","10":"shipping-taxable","11":"product-type-simple"},"_links":{"self":[{"href":"https:\/\/scmlkj.com\/es\/wp-json\/wp\/v2\/product\/2431","targetHints":{"allow":["GET"]}}],"collection":[{"href":"https:\/\/scmlkj.com\/es\/wp-json\/wp\/v2\/product"}],"about":[{"href":"https:\/\/scmlkj.com\/es\/wp-json\/wp\/v2\/types\/product"}],"replies":[{"embeddable":true,"href":"https:\/\/scmlkj.com\/es\/wp-json\/wp\/v2\/comments?post=2431"}],"wp:featuredmedia":[{"embeddable":true,"href":"https:\/\/scmlkj.com\/es\/wp-json\/wp\/v2\/media\/2266"}],"wp:attachment":[{"href":"https:\/\/scmlkj.com\/es\/wp-json\/wp\/v2\/media?parent=2431"}],"wp:term":[{"taxonomy":"product_brand","embeddable":true,"href":"https:\/\/scmlkj.com\/es\/wp-json\/wp\/v2\/product_brand?post=2431"},{"taxonomy":"product_cat","embeddable":true,"href":"https:\/\/scmlkj.com\/es\/wp-json\/wp\/v2\/product_cat?post=2431"},{"taxonomy":"product_tag","embeddable":true,"href":"https:\/\/scmlkj.com\/es\/wp-json\/wp\/v2\/product_tag?post=2431"}],"curies":[{"name":"wp","href":"https:\/\/api.w.org\/{rel}","templated":true}]}}