{"id":2434,"date":"2025-12-11T13:32:53","date_gmt":"2025-12-11T13:32:53","guid":{"rendered":"https:\/\/scmlkj.com\/?post_type=product&#038;p=2434"},"modified":"2026-04-12T06:47:36","modified_gmt":"2026-04-12T06:47:36","slug":"gelatina-de-konjac-sabor-sandia","status":"publish","type":"product","link":"https:\/\/scmlkj.com\/es\/productos\/gelatina-de-konjac-sabor-sandia\/","title":{"rendered":"Gelatina de konjac con sabor a sand\u00eda"},"content":{"rendered":"<p><\/p>\n\n\n\n<h2 class=\"wp-block-heading\">Especificaciones<\/h2>\n\n\n\n<p><strong>Peso y tama\u00f1o<\/strong><\/p>\n\n\n\n<figure class=\"wp-block-table\"><table class=\"has-fixed-layout\"><tbody><tr><td><strong>Art\u00edculo<\/strong><\/td><td><strong>Detalles<\/strong><\/td><\/tr><tr><td>Peso neto<\/td><td>150 g<\/td><\/tr><tr><td>Peso bruto<\/td><td>155 g<\/td><\/tr><tr><td>Tama\u00f1o del producto<\/td><td>Personalizable<\/td><\/tr><tr><td>Peso escurrido<\/td><td>Personalizable<\/td><\/tr><tr><td>Tipo de embalaje<\/td><td>Bolsa de gelatina de pie<\/td><\/tr><\/tbody><\/table><\/figure>\n\n\n\n<p><strong>Especificaciones f\u00edsicas<\/strong><\/p>\n\n\n\n<figure class=\"wp-block-table\"><table class=\"has-fixed-layout\"><tbody><tr><td>I<strong>tem<\/strong><\/td><td><strong>Detalles<\/strong><\/td><\/tr><tr><td>Color<\/td><td>Rosa sand\u00eda \/ rojo (personalizable)<\/td><\/tr><tr><td>Sabor<\/td><td>Sand\u00eda<\/td><\/tr><tr><td>Textura<\/td><td>Gel suave, terso y semifluido.<\/td><\/tr><tr><td>Tipo<\/td><td>Instant\u00e1neo, listo para comer<\/td><\/tr><\/tbody><\/table><\/figure>\n\n\n\n<p><strong>Caracter\u00edsticas del producto<\/strong><\/p>\n\n\n\n<figure class=\"wp-block-table\"><table class=\"has-fixed-layout\"><tbody><tr><td><strong>Caracter\u00edstica<\/strong><\/td><td><strong>Estado<\/strong><\/td><\/tr><tr><td>Sin gluten<\/td><td>\u2714 S\u00ed<\/td><\/tr><tr><td>Sin OMG<\/td><td>\u2714 S\u00ed<\/td><\/tr><tr><td>Sin al\u00e9rgenos<\/td><td>\u2714 S\u00ed<\/td><\/tr><tr><td>Sin aditivos<\/td><td>\u2714 S\u00ed<\/td><\/tr><tr><td>Org\u00e1nico disponible<\/td><td>\u2718 No<\/td><\/tr><tr><td>Listo para comer<\/td><td>\u2714 S\u00ed<\/td><\/tr><\/tbody><\/table><\/figure>\n\n\n\n<p><\/p>\n\n\n\n<h2 class=\"wp-block-heading\">Ingredientes<\/h2>\n\n\n\n<p>Agua, mezcla de sabores de sand\u00eda (con concentrado de zumo de fruta si es necesario), eritritol, konjac en polvo, carragenano, \u00e1cido c\u00edtrico, cloruro pot\u00e1sico, sorbato pot\u00e1sico, vitamina C.<\/p>\n\n\n\n<h2 class=\"wp-block-heading\">Vida \u00fatil y almacenamiento<\/h2>\n\n\n\n<p><strong>Vida \u00fatil:<\/strong> 18 meses<\/p>\n\n\n\n<p><strong>Almacenamiento:<\/strong><\/p>\n\n\n\n<ul class=\"wp-block-list\">\n<li>Almacenar en un lugar fresco y seco.<\/li>\n\n\n\n<li>Se recomienda servir fr\u00edo.<\/li>\n\n\n\n<li>Refrigerar despu\u00e9s de abrir y consumir en un plazo de 24 horas.<\/li>\n<\/ul>\n\n\n\n<h2 class=\"wp-block-heading\">Beneficios de la gelatina de konjac<\/h2>\n\n\n\n<p><strong>Snack bajo en calor\u00edas y apto para adelgazar<\/strong><\/p>\n\n\n\n<p>Muy bajo en calor\u00edas<\/p>\n\n\n\n<p>El konjac, rico en fibra, favorece la saciedad<\/p>\n\n\n\n<p>Perfecto para los mercados de adelgazamiento, diet\u00e9tica, belleza y snacks funcionales<\/p>\n\n\n\n<p><strong>Refrescante sabor a sand\u00eda<\/strong><\/p>\n\n\n\n<p>Aroma fresco, dulce y jugoso a sand\u00eda<\/p>\n\n\n\n<p>Ideal para lanzamientos de verano, ni\u00f1os, adolescentes y consumidores de fitness<\/p>\n\n\n\n<p>Una sensaci\u00f3n \"hidratante\" natural, ideal para uso deportivo y al aire libre<\/p>\n\n\n\n<p><strong>Vitamina C para el bienestar<\/strong><\/p>\n\n\n\n<p>Favorece la inmunidad<\/p>\n\n\n\n<p>Aporta suaves beneficios energ\u00e9ticos y antioxidantes<\/p>\n\n\n\n<p>Ideal para l\u00edneas de snacks de bienestar, belleza y fitness para mujeres<\/p>\n\n\n\n<p><strong>C\u00f3modo embalaje port\u00e1til<\/strong><\/p>\n\n\n\n<p>Formato bolsa de pie =<\/p>\n\n\n\n<ul class=\"wp-block-list\">\n<li>sin complicaciones<\/li>\n\n\n\n<li>f\u00e1cil de transportar<\/li>\n\n\n\n<li>ideal para fiambreras, viajes, colegio y oficina<\/li>\n<\/ul>\n\n\n\n<p>No necesita cuchara: exprima y disfrute.<\/p>\n\n\n\n<h2 class=\"wp-block-heading\">Opciones de OEM \/ Marca privada<\/h2>\n\n\n\n<p>Sabor personalizado (mango, pi\u00f1a, uva, naranja, melocot\u00f3n, etc.)<\/p>\n\n\n\n<p>Impresi\u00f3n personalizada de bolsas, acabado mate\/brillante<\/p>\n\n\n\n<p>Dulzor personalizado (alto contenido en az\u00facar, bajo contenido en az\u00facar, sin az\u00facar)<\/p>\n\n\n\n<p>Suplementos nutricionales (p\u00e9ptidos de col\u00e1geno, vitaminas, probi\u00f3ticos)<\/p>\n\n\n\n<p>Tama\u00f1o personalizado: 120 g \/ 150 g \/ 180 g \/ 200 g<\/p>\n\n\n\n<p>Asistencia completa en el dise\u00f1o del embalaje<\/p>\n\n\n\n<p>\u00bfQuieres desarrollar tu propio? <strong>Jalea de konjac de sand\u00eda<\/strong> \u00bfO ampliar su l\u00ednea de snacks funcionales?<br><a href=\"https:\/\/scmlkj.com\/es\/pongase-en-contacto-con\/\">P\u00f3ngase en contacto con <strong>Ma\u00f1ana del Este<\/strong><\/a> para <a href=\"https:\/\/scmlkj.com\/es\/guia-de-marcas-privadas-oem\/\">desarrollo de marcas propias<\/a>, <a href=\"https:\/\/scmlkj.com\/es\/solicitud-de-muestra-gratuita\/\">muestras<\/a>y precios OEM.<\/p>\n\n\n\n<p><\/p>","protected":false},"excerpt":{"rendered":"<p>Snack de gelatina de sand\u00eda bajo en calor\u00edas y rico en fibra (150 g \/ OEM disponible) Eastern Morning's <strong data-start=\"543\" data-end=\"577\">Jalea de konjac sabor sand\u00eda<\/strong> es un snack gelatinoso refrescante, jugoso y bajo en calor\u00edas elaborado con fibra de konjac, aroma de sand\u00eda, eritritol y vitamina C. Con su sabor refrescante y su textura suave, es ideal para el verano, las l\u00edneas de snacks de control de peso y el consumo port\u00e1til y saludable sobre la marcha.<\/p>\n<p data-start=\"3228\" data-end=\"3259\"><strong data-start=\"3231\" data-end=\"3259\">Escenarios de aplicaci\u00f3n<\/strong><\/p>\n<ul data-start=\"3260\" data-end=\"3455\">\n<li data-start=\"3260\" data-end=\"3288\">\n<p data-start=\"3262\" data-end=\"3288\">Aperitivos de belleza y bienestar<\/p>\n<\/li>\n<li data-start=\"3289\" data-end=\"3318\">\n<p data-start=\"3291\" data-end=\"3318\">L\u00edneas de productos para bajar de peso<\/p>\n<\/li>\n<li data-start=\"3319\" data-end=\"3357\">\n<p data-start=\"3321\" data-end=\"3357\">Bebidas y aperitivos en tiendas de conveniencia<\/p>\n<\/li>\n<li data-start=\"3358\" data-end=\"3391\">\n<p data-start=\"3360\" data-end=\"3391\">Comercio electr\u00f3nico de snacks saludables<\/p>\n<\/li>\n<li data-start=\"3392\" data-end=\"3425\">\n<p data-start=\"3394\" data-end=\"3425\">Aperitivos de gelatina afrutados para ni\u00f1os\/adolescentes<\/p>\n<\/li>\n<li data-start=\"3426\" data-end=\"3455\">\n<p data-start=\"3428\" data-end=\"3455\">Productos de promoci\u00f3n de verano<\/p>\n<\/li>\n<\/ul>","protected":false},"featured_media":2409,"comment_status":"open","ping_status":"closed","template":"","meta":[],"product_brand":[],"product_cat":[51],"product_tag":[],"class_list":{"0":"post-2434","1":"product","2":"type-product","3":"status-publish","4":"has-post-thumbnail","6":"product_cat-konjac-jelly","8":"first","9":"instock","10":"shipping-taxable","11":"product-type-simple"},"_links":{"self":[{"href":"https:\/\/scmlkj.com\/es\/wp-json\/wp\/v2\/product\/2434","targetHints":{"allow":["GET"]}}],"collection":[{"href":"https:\/\/scmlkj.com\/es\/wp-json\/wp\/v2\/product"}],"about":[{"href":"https:\/\/scmlkj.com\/es\/wp-json\/wp\/v2\/types\/product"}],"replies":[{"embeddable":true,"href":"https:\/\/scmlkj.com\/es\/wp-json\/wp\/v2\/comments?post=2434"}],"wp:featuredmedia":[{"embeddable":true,"href":"https:\/\/scmlkj.com\/es\/wp-json\/wp\/v2\/media\/2409"}],"wp:attachment":[{"href":"https:\/\/scmlkj.com\/es\/wp-json\/wp\/v2\/media?parent=2434"}],"wp:term":[{"taxonomy":"product_brand","embeddable":true,"href":"https:\/\/scmlkj.com\/es\/wp-json\/wp\/v2\/product_brand?post=2434"},{"taxonomy":"product_cat","embeddable":true,"href":"https:\/\/scmlkj.com\/es\/wp-json\/wp\/v2\/product_cat?post=2434"},{"taxonomy":"product_tag","embeddable":true,"href":"https:\/\/scmlkj.com\/es\/wp-json\/wp\/v2\/product_tag?post=2434"}],"curies":[{"name":"wp","href":"https:\/\/api.w.org\/{rel}","templated":true}]}}