{"id":2813,"date":"2025-12-30T03:40:13","date_gmt":"2025-12-30T03:40:13","guid":{"rendered":"https:\/\/scmlkj.com\/?post_type=product&#038;p=2813"},"modified":"2026-01-31T00:16:02","modified_gmt":"2026-01-31T00:16:02","slug":"nudo-de-konjac-vegetal-instantaneo","status":"publish","type":"product","link":"https:\/\/scmlkj.com\/es\/productos\/nudo-de-konjac-vegetal-instantaneo\/","title":{"rendered":"Nudo instant\u00e1neo de konjac a base de plantas"},"content":{"rendered":"<p><\/p>\n\n\n\n<h2 class=\"wp-block-heading\"><strong>Informaci\u00f3n b\u00e1sica<\/strong><\/h2>\n\n\n\n<figure class=\"wp-block-table\"><table class=\"has-fixed-layout\"><tbody><tr><td><strong>Art\u00edculo<\/strong><\/td><td><strong>Detalles<\/strong><\/td><\/tr><tr><td>Nombre del producto<\/td><td>Nudo instant\u00e1neo de konjac a base de plantas<\/td><\/tr><tr><td>Tipo de producto<\/td><td>Fideos de Konjac (Forma de Nudo)<\/td><\/tr><tr><td>Forma<\/td><td>Nudos de Konjac<\/td><\/tr><tr><td>Caracter\u00edstica<\/td><td>Bajo en carbohidratos, sin grasas<\/td><\/tr><tr><td>Variedades de Fideos<\/td><td>Vermicelli \/ Espagueti \/ Fettuccine \/ Tagliatelle<\/td><\/tr><tr><td>Sabor<\/td><td>Neutral<\/td><\/tr><tr><td>Olor<\/td><td>Sin olor<\/td><\/tr><tr><td>Apariencia<\/td><td>Nudillos \/ trozos de fideos atados<\/td><\/tr><tr><td>Especificaci\u00f3n<\/td><td>270 g \/ bolsa<\/td><\/tr><tr><td>Ingrediente principal<\/td><td>Harina de konjac, agua pura, \u00e1cido c\u00edtrico.<\/td><\/tr><tr><td>Contenido<\/td><td>Harina pura de konjac<\/td><\/tr><tr><td>Tiempo de cocci\u00f3n<\/td><td>2 minutos<\/td><\/tr><tr><td>Vida \u00fatil<\/td><td>18 meses<\/td><\/tr><tr><td>Tipo de almacenamiento<\/td><td>Lugar fresco y seco.<\/td><\/tr><tr><td>Marca comercial<\/td><td>Ma\u00f1ana del Este<\/td><\/tr><\/tbody><\/table><\/figure>\n\n\n\n<h2 class=\"wp-block-heading\"><strong>Valor nutritivo del nudo de konjac<\/strong><\/h2>\n\n\n\n<figure class=\"wp-block-table\"><table class=\"has-fixed-layout\"><tbody><tr><td><strong>Nutriente<\/strong><\/td><td><strong>Unidades<\/strong><\/td><td><strong>Valor por cada 100 g<\/strong><\/td><\/tr><tr><td>Energ\u00eda<\/td><td>kJ \/ kcal<\/td><td>25 kJ \/ 7 kcal<\/td><\/tr><tr><td>Carbohidrato<\/td><td>g<\/td><td>Menos de 0,1<\/td><\/tr><tr><td>Prote\u00edna<\/td><td>g<\/td><td>Menos de 0,1<\/td><\/tr><tr><td>Grasa<\/td><td>g<\/td><td>0<\/td><\/tr><tr><td>Fibra diet\u00e9tica<\/td><td>g<\/td><td>2.7<\/td><\/tr><tr><td>Az\u00facar<\/td><td>g<\/td><td>0<\/td><\/tr><tr><td>Sodio<\/td><td>mg<\/td><td>0<\/td><\/tr><\/tbody><\/table><\/figure>\n\n\n\n<p><\/p>\n\n\n\n<h2 class=\"wp-block-heading\"><strong>C\u00f3mo preparar nudos de konjac instant\u00e1neos<\/strong><\/h2>\n\n\n\n<ol class=\"wp-block-list\">\n<li>Abra el paquete y escurra el l\u00edquido si corresponde<\/li>\n\n\n\n<li>Enjuague brevemente con agua limpia<\/li>\n\n\n\n<li>Calor para <strong>0\u20132 minutos<\/strong> (en sopa, salteado o agua caliente)<\/li>\n\n\n\n<li>A\u00f1ada condimentos, salsa u otros ingredientes<\/li>\n<\/ol>\n\n\n\n<p>Ideal para:<\/p>\n\n\n\n<ul class=\"wp-block-list\">\n<li>sopas y ollas calientes<\/li>\n\n\n\n<li>platos salteados<\/li>\n\n\n\n<li>ensaladas y platos fr\u00edos<\/li>\n\n\n\n<li>snacks saludables<\/li>\n<\/ul>\n\n\n\n<h2 class=\"wp-block-heading\"><strong>Beneficios de los fideos konjac para la salud<\/strong><\/h2>\n\n\n\n<ul class=\"wp-block-list\">\n<li>Apoya el control de peso con bajo aporte cal\u00f3rico<\/li>\n\n\n\n<li>El alto contenido en fibra ayuda a aumentar la saciedad y reducir el exceso de comida<\/li>\n\n\n\n<li>Bajo contenido en carbohidratos, apto para dietas keto y de bajo \u00edndice gluc\u00e9mico<\/li>\n\n\n\n<li>Lista de ingredientes ligera y limpia para una alimentaci\u00f3n saludable diaria<\/li>\n<\/ul>\n\n\n\n<blockquote class=\"wp-block-quote is-layout-flow wp-block-quote-is-layout-flow\">\n<p><em>Aunque los nudos de konjac son muy bajos en calor\u00edas, se recomienda un consumo equilibrado como parte de una dieta variada.<\/em><\/p>\n<\/blockquote>\n\n\n\n<h2 class=\"wp-block-heading\"><strong>Opciones de envasado para los nudos Konjac<\/strong><\/h2>\n\n\n\n<p>Bolsas de pie (Stand-up)<\/p>\n\n\n\n<p>Bolsas planas<\/p>\n\n\n\n<p>Cajas de papel<\/p>\n\n\n\n<p>Bolsas transparentes con pegatinas<\/p>\n\n\n\n<p>Bolsas de papel kraft<\/p>\n\n\n\n<p>Envasado completamente personalizado disponible<\/p>\n\n\n\n<h2 class=\"wp-block-heading\"><strong>Soluciones de nudos konjac OEM y de marca blanca<\/strong><\/h2>\n\n\n\n<p>Impresi\u00f3n de logotipo personalizado (<strong>Pedido M\u00ednimo: 1,000 bolsas<\/strong>)<\/p>\n\n\n\n<p>Tama\u00f1o de paquete y forma de fideo personalizados<\/p>\n\n\n\n<p>M\u00faltiples opciones de sabor y color<\/p>\n\n\n\n<p>Envasado para retail y a granel<\/p>\n\n\n\n<p>Etiquetado para la exportaci\u00f3n y apoyo al cumplimiento de la normativa<\/p>\n\n\n\n<p><\/p>\n\n\n\n<p>Buscando lanzar un <strong>producto nudo de konjac<\/strong> \u00bfBajo tu marca?<br><a href=\"https:\/\/scmlkj.com\/es\/pongase-en-contacto-con\/\">P\u00f3ngase en contacto con <strong>Ma\u00f1ana del Este<\/strong><\/a> para <strong>Soluciones OEM \/ Marca Privada para Nudos de Konjac<\/strong>, <a href=\"https:\/\/scmlkj.com\/es\/solicitud-de-muestra-gratuita\/\">muestras<\/a>, y precios.<\/p>\n\n\n\n<p><\/p>","protected":false},"excerpt":{"rendered":"<p data-start=\"483\" data-end=\"700\">El Nudo de Konjac Vegetal Instant\u00e1neo de Eastern Morning (nudo de seda de konjac) es un producto de fideos \u00fanico elaborado con harina de konjac purificada y agua, cocinado cuidadosamente a alta temperatura para lograr una textura suave, el\u00e1stica y transl\u00facida.<\/p>\n<p data-start=\"702\" data-end=\"1008\">Con forma de pr\u00e1cticos <strong data-start=\"725\" data-end=\"734\">nudos<\/strong>, este producto absorbe salsas y condimentos excepcionalmente bien, lo que lo convierte en un ingrediente vers\u00e1til y saludable para sopas, salteados, ensaladas y snacks. Con calor\u00edas ultra bajas y alto contenido en fibra diet\u00e9tica, los nudos de konjac (nudo de seda de konjac) son ideales para el control de peso y estilos de alimentaci\u00f3n limpia.<\/p>\n<ul>\n<li data-start=\"1044\" data-end=\"1096\">\n<p data-start=\"1046\" data-end=\"1096\"><strong data-start=\"1046\" data-end=\"1067\">Calor\u00edas Ultra Bajas<\/strong> \u2013 solo <strong data-start=\"1075\" data-end=\"1094\">6 kcal por 100g<\/strong><\/p>\n<\/li>\n<li data-start=\"1097\" data-end=\"1129\">\n<p data-start=\"1099\" data-end=\"1129\"><strong data-start=\"1099\" data-end=\"1127\">Bajo en Carbohidratos \u00b7 Apto para Keto<\/strong><\/p>\n<\/li>\n<li data-start=\"1130\" data-end=\"1190\">\n<p data-start=\"1132\" data-end=\"1190\"><strong data-start=\"1132\" data-end=\"1157\">Alto contenido en fibra diet\u00e9tica<\/strong> \u2013 promueve la saciedad y la digesti\u00f3n<\/p>\n<\/li>\n<li data-start=\"1191\" data-end=\"1227\">\n<p data-start=\"1193\" data-end=\"1227\"><strong data-start=\"1193\" data-end=\"1225\">A base de plantas y apto para veganos<\/strong><\/p>\n<\/li>\n<li data-start=\"1228\" data-end=\"1268\">\n<p data-start=\"1230\" data-end=\"1268\"><strong data-start=\"1230\" data-end=\"1266\">Sin Gluten \u00b7 Sin Soja \u00b7 No Transg\u00e9nico<\/strong><\/p>\n<\/li>\n<li data-start=\"1269\" data-end=\"1315\">\n<p data-start=\"1271\" data-end=\"1315\"><strong data-start=\"1271\" data-end=\"1284\">Sin Olor<\/strong> \u2013 sin olor a pescado o alcalino<\/p>\n<\/li>\n<li data-start=\"1316\" data-end=\"1372\">\n<p data-start=\"1318\" data-end=\"1372\"><strong data-start=\"1318\" data-end=\"1344\">Instant\u00e1neo \/ Listo para comer<\/strong> \u2013 preparaci\u00f3n en 0\u20132 minutos<\/p>\n<\/li>\n<li data-start=\"1373\" data-end=\"1434\">\n<p data-start=\"1375\" data-end=\"1434\"><strong data-start=\"1375\" data-end=\"1405\">Excelente Absorci\u00f3n de Salsas<\/strong> \u2013 realza la entrega de sabor<\/p>\n<\/li>\n<\/ul>","protected":false},"featured_media":2814,"comment_status":"open","ping_status":"closed","template":"","meta":[],"product_brand":[],"product_cat":[49],"product_tag":[],"class_list":{"0":"post-2813","1":"product","2":"type-product","3":"status-publish","4":"has-post-thumbnail","6":"product_cat-wet-konjac-noodles","8":"first","9":"instock","10":"shipping-taxable","11":"product-type-simple"},"_links":{"self":[{"href":"https:\/\/scmlkj.com\/es\/wp-json\/wp\/v2\/product\/2813","targetHints":{"allow":["GET"]}}],"collection":[{"href":"https:\/\/scmlkj.com\/es\/wp-json\/wp\/v2\/product"}],"about":[{"href":"https:\/\/scmlkj.com\/es\/wp-json\/wp\/v2\/types\/product"}],"replies":[{"embeddable":true,"href":"https:\/\/scmlkj.com\/es\/wp-json\/wp\/v2\/comments?post=2813"}],"wp:featuredmedia":[{"embeddable":true,"href":"https:\/\/scmlkj.com\/es\/wp-json\/wp\/v2\/media\/2814"}],"wp:attachment":[{"href":"https:\/\/scmlkj.com\/es\/wp-json\/wp\/v2\/media?parent=2813"}],"wp:term":[{"taxonomy":"product_brand","embeddable":true,"href":"https:\/\/scmlkj.com\/es\/wp-json\/wp\/v2\/product_brand?post=2813"},{"taxonomy":"product_cat","embeddable":true,"href":"https:\/\/scmlkj.com\/es\/wp-json\/wp\/v2\/product_cat?post=2813"},{"taxonomy":"product_tag","embeddable":true,"href":"https:\/\/scmlkj.com\/es\/wp-json\/wp\/v2\/product_tag?post=2813"}],"curies":[{"name":"wp","href":"https:\/\/api.w.org\/{rel}","templated":true}]}}