{"id":3181,"date":"2026-02-04T09:16:51","date_gmt":"2026-02-04T09:16:51","guid":{"rendered":"https:\/\/scmlkj.com\/?post_type=product&#038;p=3181"},"modified":"2026-04-12T06:44:32","modified_gmt":"2026-04-12T06:44:32","slug":"fideos-secos-konjac-sin-gluten-bajos-en-carbohidratos","status":"publish","type":"product","link":"https:\/\/scmlkj.com\/es\/productos\/fideos-secos-konjac-sin-gluten-bajos-en-carbohidratos\/","title":{"rendered":"Fideos konjac secos sin gluten bajos en carbohidratos"},"content":{"rendered":"<p><\/p>\n\n\n\n<h2 class=\"wp-block-heading\">Especificaciones del producto<\/h2>\n\n\n\n<figure class=\"wp-block-table\"><table class=\"has-fixed-layout\"><tbody><tr><td>Art\u00edculo<\/td><td><strong>Detalles<\/strong><\/td><\/tr><tr><td>Nombre del producto<\/td><td>Fideos konjac secos sin gluten bajos en carbohidratos<\/td><\/tr><tr><td>Tipo de producto<\/td><td>Fideos konjac secos<\/td><\/tr><tr><td>Estilo<\/td><td>Seco \/ Estable en estanter\u00eda<\/td><\/tr><tr><td>Forma<\/td><td>Fideos \/ Tiras (personalizables)<\/td><\/tr><tr><td>Tiempo de cocci\u00f3n<\/td><td>8-10 minutos<\/td><\/tr><tr><td>Calor\u00edas<\/td><td>~64 kcal \/ 100 g<\/td><\/tr><tr><td>Fibra diet\u00e9tica<\/td><td>3,72 g \/ 100 g<\/td><\/tr><tr><td>Grasa<\/td><td>0 g<\/td><\/tr><tr><td>Az\u00facar<\/td><td>0 g<\/td><\/tr><tr><td>Prote\u00edna<\/td><td>&lt;1 g<\/td><\/tr><tr><td>Vida \u00fatil<\/td><td>24 meses<\/td><\/tr><tr><td>Almacenamiento<\/td><td>Lugar fresco y seco.<\/td><\/tr><tr><td>Tipo de dieta<\/td><td>Ceto \u00b7 Vegano \u00b7 Sin gluten<\/td><\/tr><\/tbody><\/table><\/figure>\n\n\n\n<h2 class=\"wp-block-heading\">\u00bfPor qu\u00e9 elegir los fideos secos Konjac?<\/h2>\n\n\n\n<h3 class=\"wp-block-heading\"><strong>Bajo en carbohidratos sin compromisos<\/strong><\/h3>\n\n\n\n<p>Los fideos secos tradicionales tienen un alto contenido en carbohidratos, mientras que los fideos konjac h\u00famedos requieren un envasado l\u00edquido.<br>Este <strong>el formato konjac seco salva las distancias<\/strong>ofreciendo:<\/p>\n\n\n\n<ul class=\"wp-block-list\">\n<li>Rendimiento bajo en carbohidratos<\/li>\n\n\n\n<li>Larga vida \u00fatil<\/li>\n\n\n\n<li>Log\u00edstica ligera y eficiente para la exportaci\u00f3n<\/li>\n<\/ul>\n\n\n\n<p>Perfecto para las marcas que se dirigen a <strong>mercados de alimentos saludables, ceto o funcionales<\/strong>.<\/p>\n\n\n\n<h3 class=\"wp-block-heading\"><strong>Sin gluten y etiqueta limpia<\/strong><\/h3>\n\n\n\n<ul class=\"wp-block-list\">\n<li>Sin trigo<\/li>\n\n\n\n<li>Sin granos<\/li>\n\n\n\n<li>No soja<\/li>\n\n\n\n<li>Sin conservantes a\u00f1adidos<\/li>\n<\/ul>\n\n\n\n<p>Una base limpia y neutra que funciona en <strong>Cocina asi\u00e1tica, occidental y de fusi\u00f3n<\/strong>.<\/p>\n\n\n\n<h2 class=\"wp-block-heading\">Informaci\u00f3n nutricional destacada (por cada 100 g)<\/h2>\n\n\n\n<ul class=\"wp-block-list\">\n<li><strong>Calor\u00edas:<\/strong> ~64 kcal<\/li>\n\n\n\n<li><strong>Fibra diet\u00e9tica:<\/strong> Naturalmente alto gracias al konjac<\/li>\n\n\n\n<li><strong>Grasa:<\/strong> 0 g<\/li>\n\n\n\n<li><strong>Az\u00facar:<\/strong> 0 g<\/li>\n\n\n\n<li><strong>Carbohidratos netos:<\/strong> Extremadamente bajo<\/li>\n<\/ul>\n\n\n\n<p><em>(El panel nutricional puede personalizarse en funci\u00f3n de la formulaci\u00f3n y la normativa del mercado).<\/em><\/p>\n\n\n\n<h2 class=\"wp-block-heading\">C\u00f3mo preparar (fideos konjac secos)<\/h2>\n\n\n\n<p><strong>Opci\u00f3n 1: M\u00e9todo de ebullici\u00f3n<\/strong><\/p>\n\n\n\n<ol class=\"wp-block-list\">\n<li>Hervir los fideos en agua durante 8-10 minutos<\/li>\n\n\n\n<li>Escurrir bien.<\/li>\n\n\n\n<li>A\u00f1adir salsa, verduras o prote\u00ednas y calentar todo junto<\/li>\n<\/ol>\n\n\n\n<p><strong>Opci\u00f3n 2: M\u00e9todo de remojo<\/strong><\/p>\n\n\n\n<ol class=\"wp-block-list\">\n<li>Remojar los fideos en agua caliente hasta que est\u00e9n completamente rehidratados<\/li>\n\n\n\n<li>Escurrir y enjuagar.<\/li>\n\n\n\n<li>Cocinar con los ingredientes deseados<\/li>\n<\/ol>\n\n\n\n<h3 class=\"wp-block-heading\"><strong>Ideal Para:<\/strong><\/h3>\n\n\n\n<ul class=\"wp-block-list\">\n<li>sopas de fideos bajas en carbohidratos<\/li>\n\n\n\n<li>platos salteados<\/li>\n\n\n\n<li>alternativas a la pasta<\/li>\n\n\n\n<li>comidas preparadas y fitness<\/li>\n\n\n\n<li>comidas preparadas y servicio de catering<\/li>\n<\/ul>\n\n\n\n<h2 class=\"wp-block-heading\">Opciones de OEM \/ Marca privada<\/h2>\n\n\n\n<ul class=\"wp-block-list\">\n<li>Fideos de grosor y longitud personalizados<\/li>\n\n\n\n<li>F\u00f3rmulas bajas en carbohidratos o enriquecidas con fibra<\/li>\n\n\n\n<li>Envases para venta al por menor o a granel<\/li>\n\n\n\n<li>Etiquetado multiling\u00fce y asistencia en materia de cumplimiento normativo<\/li>\n\n\n\n<li>Documentaci\u00f3n para la exportaci\u00f3n y asistencia log\u00edstica<\/li>\n<\/ul>\n\n\n\n<p>\ud83d\udc49 <strong>M\u00e1s informaci\u00f3n en: <a href=\"https:\/\/scmlkj.com\/es\/serie-personalizada-de-konjac-seco\/\">Pasta seca Konjac personalizada<\/a><\/strong><\/p>\n\n\n\n<h3 class=\"wp-block-heading\"><strong>\u00bfQuiere lanzar una marca de fideos secos de konjac sin gluten y bajos en carbohidratos?<\/strong><\/h3>\n\n\n\n<p><a href=\"https:\/\/scmlkj.com\/es\/pongase-en-contacto-con\/\">P\u00f3ngase en contacto con <strong>Ma\u00f1ana del Este<\/strong> <\/a>para <a href=\"https:\/\/scmlkj.com\/es\/guia-de-marcas-privadas-oem\/\">Desarrollo OEM<\/a>, <a href=\"https:\/\/scmlkj.com\/es\/solicitud-de-muestra-gratuita\/\">muestras<\/a>, y soluciones de precios al por mayor.<\/p>\n\n\n\n<p><\/p>","protected":false},"excerpt":{"rendered":"<p data-start=\"548\" data-end=\"948\">Ma\u00f1ana oriental <strong data-start=\"566\" data-end=\"611\">Fideos konjac secos sin gluten bajos en carbohidratos<\/strong> son una soluci\u00f3n de fideos secos de konjac, estables en almacenamiento, dise\u00f1ados para dietas bajas en carbohidratos, sin gluten y con control de calor\u00edas.<br data-start=\"726\" data-end=\"729\" \/>Elaborado con harina de konjac de primera calidad y procesado en un <strong data-start=\"781\" data-end=\"818\">formato seco que se rehidrata f\u00e1cilmente<\/strong>Estos fideos ofrecen una textura excelente, una larga vida \u00fatil y una gran flexibilidad para la exportaci\u00f3n, la venta al por menor y los programas de marcas propias OEM.<\/p>\n<p data-start=\"950\" data-end=\"1105\">Una vez remojados o hervidos, los fideos adquieren una textura blanda pero el\u00e1stica, lo que los hace adecuados para sopas, salteados, platos de pasta y platos preparados funcionales.<\/p>\n<ul>\n<li data-start=\"1140\" data-end=\"1223\">\n<p data-start=\"1142\" data-end=\"1223\"><strong data-start=\"1142\" data-end=\"1168\">Bajo en carbohidratos y sin gluten<\/strong> - Ideal para dietas ceto, hipogluc\u00e9micas y sensibles al gluten<\/p>\n<\/li>\n<li data-start=\"1224\" data-end=\"1304\">\n<p data-start=\"1226\" data-end=\"1304\"><strong data-start=\"1226\" data-end=\"1257\">Formato seco y estable<\/strong> - Apto para la exportaci\u00f3n, no necesita refrigeraci\u00f3n<\/p>\n<\/li>\n<li data-start=\"1305\" data-end=\"1389\">\n<p data-start=\"1307\" data-end=\"1389\"><strong data-start=\"1307\" data-end=\"1338\">Fideos Konjac rehidratables<\/strong> - Textura suave y el\u00e1stica tras el remojo o la ebullici\u00f3n<\/p>\n<\/li>\n<li data-start=\"1390\" data-end=\"1433\">\n<p data-start=\"1392\" data-end=\"1433\"><strong data-start=\"1392\" data-end=\"1431\">Bajo en calor\u00edas - Sin grasa - Sin az\u00facar<\/strong><\/p>\n<\/li>\n<li data-start=\"1434\" data-end=\"1496\">\n<p data-start=\"1436\" data-end=\"1496\"><strong data-start=\"1436\" data-end=\"1461\">Alto contenido en fibra diet\u00e9tica<\/strong> - Favorece la saciedad y la digesti\u00f3n<\/p>\n<\/li>\n<li data-start=\"1497\" data-end=\"1555\">\n<p data-start=\"1499\" data-end=\"1555\"><strong data-start=\"1499\" data-end=\"1524\">Rendimiento sin olores<\/strong> - Sin olor desagradable a konjac<\/p>\n<\/li>\n<li data-start=\"1556\" data-end=\"1592\">\n<p data-start=\"1558\" data-end=\"1592\"><strong data-start=\"1558\" data-end=\"1590\">A base de plantas y apto para veganos<\/strong><\/p>\n<\/li>\n<li data-start=\"1593\" data-end=\"1674\">\n<p data-start=\"1595\" data-end=\"1674\"><strong data-start=\"1595\" data-end=\"1628\">Compatible con OEM\/marca privada<\/strong> - Formas, tama\u00f1o de envase y etiquetado personalizables<\/p>\n<\/li>\n<\/ul>","protected":false},"featured_media":3182,"comment_status":"open","ping_status":"closed","template":"","meta":[],"product_brand":[],"product_cat":[30],"product_tag":[],"class_list":{"0":"post-3181","1":"product","2":"type-product","3":"status-publish","4":"has-post-thumbnail","6":"product_cat-dry-konjac-pasta","8":"first","9":"instock","10":"shipping-taxable","11":"product-type-simple"},"_links":{"self":[{"href":"https:\/\/scmlkj.com\/es\/wp-json\/wp\/v2\/product\/3181","targetHints":{"allow":["GET"]}}],"collection":[{"href":"https:\/\/scmlkj.com\/es\/wp-json\/wp\/v2\/product"}],"about":[{"href":"https:\/\/scmlkj.com\/es\/wp-json\/wp\/v2\/types\/product"}],"replies":[{"embeddable":true,"href":"https:\/\/scmlkj.com\/es\/wp-json\/wp\/v2\/comments?post=3181"}],"wp:featuredmedia":[{"embeddable":true,"href":"https:\/\/scmlkj.com\/es\/wp-json\/wp\/v2\/media\/3182"}],"wp:attachment":[{"href":"https:\/\/scmlkj.com\/es\/wp-json\/wp\/v2\/media?parent=3181"}],"wp:term":[{"taxonomy":"product_brand","embeddable":true,"href":"https:\/\/scmlkj.com\/es\/wp-json\/wp\/v2\/product_brand?post=3181"},{"taxonomy":"product_cat","embeddable":true,"href":"https:\/\/scmlkj.com\/es\/wp-json\/wp\/v2\/product_cat?post=3181"},{"taxonomy":"product_tag","embeddable":true,"href":"https:\/\/scmlkj.com\/es\/wp-json\/wp\/v2\/product_tag?post=3181"}],"curies":[{"name":"wp","href":"https:\/\/api.w.org\/{rel}","templated":true}]}}