{"id":3264,"date":"2026-03-06T02:35:59","date_gmt":"2026-03-06T02:35:59","guid":{"rendered":"https:\/\/scmlkj.com\/?post_type=product&#038;p=3264"},"modified":"2026-03-06T03:31:19","modified_gmt":"2026-03-06T03:31:19","slug":"arroz-konjac-seco-blanco-shirataki-instantaneo","status":"publish","type":"product","link":"https:\/\/scmlkj.com\/es\/productos\/arroz-konjac-seco-blanco-shirataki-instantaneo\/","title":{"rendered":"Arroz konjac seco blanco Shirataki instant\u00e1neo"},"content":{"rendered":"<p>El arroz konjac seco blanco shirataki instant\u00e1neo est\u00e1 dise\u00f1ado para <strong>marcas de alimentos saludables, productos sustitutivos de comidas y mercados minoristas bajos en carbohidratos<\/strong>. El formato seco ofrece <strong>larga vida \u00fatil, c\u00f3modo almacenamiento y env\u00edo internacional rentable<\/strong>por lo que es ideal para la distribuci\u00f3n mundial.<\/p>\n\n\n\n<p>Producido en <strong>Sichuan (China), principal regi\u00f3n productora de konjac del mundo<\/strong>, Eastern Morning garantiza una calidad estable y el cumplimiento de las normas de seguridad alimentaria para la exportaci\u00f3n.<\/p>\n\n\n\n<h2 class=\"wp-block-heading\">Especificaciones del producto<\/h2>\n\n\n\n<figure class=\"wp-block-image size-large\"><img fetchpriority=\"high\" decoding=\"async\" width=\"1024\" height=\"682\" src=\"https:\/\/scmlkj.com\/wp-content\/uploads\/2026\/03\/instant-shirataki-dried-konjac-rice-1024x682.jpg\" alt=\"\" class=\"wp-image-3272\" srcset=\"https:\/\/scmlkj.com\/wp-content\/uploads\/2026\/03\/instant-shirataki-dried-konjac-rice-1024x682.jpg 1024w, https:\/\/scmlkj.com\/wp-content\/uploads\/2026\/03\/instant-shirataki-dried-konjac-rice-300x200.jpg 300w, https:\/\/scmlkj.com\/wp-content\/uploads\/2026\/03\/instant-shirataki-dried-konjac-rice-768x512.jpg 768w, https:\/\/scmlkj.com\/wp-content\/uploads\/2026\/03\/instant-shirataki-dried-konjac-rice-1536x1024.jpg 1536w, https:\/\/scmlkj.com\/wp-content\/uploads\/2026\/03\/instant-shirataki-dried-konjac-rice-18x12.jpg 18w, https:\/\/scmlkj.com\/wp-content\/uploads\/2026\/03\/instant-shirataki-dried-konjac-rice-600x400.jpg 600w, https:\/\/scmlkj.com\/wp-content\/uploads\/2026\/03\/instant-shirataki-dried-konjac-rice.jpg 2000w\" sizes=\"(max-width: 1024px) 100vw, 1024px\" \/><\/figure>\n\n\n\n<figure class=\"wp-block-table\"><table class=\"has-fixed-layout\"><tbody><tr><td><strong>Art\u00edculo<\/strong><\/td><td><strong>Detalles<\/strong><\/td><\/tr><tr><td>Nombre del producto<\/td><td>Arroz konjac seco blanco Shirataki instant\u00e1neo<\/td><\/tr><tr><td>Tipo de producto<\/td><td>Arroz Konjac \/ Arroz Shirataki<\/td><\/tr><tr><td>Estilo<\/td><td>Seco \u00b7 Instant\u00e1neo<\/td><\/tr><tr><td>Tipo de procesamiento<\/td><td>Refinado<\/td><\/tr><tr><td>Caracter\u00edstica<\/td><td>Bajo en carbohidratos \u00b7 Adelgazante<\/td><\/tr><tr><td>Ingredientes principales<\/td><td>Harina konjac, harina de arroz, agua<\/td><\/tr><tr><td>Fibra diet\u00e9tica<\/td><td>2.7%<\/td><\/tr><tr><td>Grasa<\/td><td><strong>Cero<\/strong><\/td><\/tr><tr><td>Az\u00facar<\/td><td><strong>Cero<\/strong><\/td><\/tr><tr><td>Sin gluten<\/td><td>S\u00ed<\/td><\/tr><tr><td>M\u00e9todo de cocci\u00f3n<\/td><td><strong>Rehidratar, luego cocinar<\/strong><\/td><\/tr><tr><td>Vida \u00fatil<\/td><td>12 meses<\/td><\/tr><tr><td>Pesos disponibles<\/td><td>50 g \/ 100 g \/ 200 g \/ 250 g \/ 500 g<br>Tama\u00f1os a granel: 10kg \/ 20kg \/ 25kg<\/td><\/tr><tr><td>Certificaciones<\/td><td>BRC \u00b7 IFS \u00b7 HACCP \u00b7 HALAL \u00b7 KOSHER \u00b7 NOP \u00b7 ECOL\u00d3GICO DE LA UE<\/td><\/tr><tr><td>Marca<\/td><td>Aceptado por el fabricante de equipos originales (OEM)<\/td><\/tr><tr><td>Lugar de origen<\/td><td>Sichuan, China<\/td><\/tr><\/tbody><\/table><\/figure>\n\n\n\n<h2 class=\"wp-block-heading\">C\u00f3mo cocer el arroz konjac seco<\/h2>\n\n\n\n<p>Abrir el paquete y verter el arroz konjac en un cuenco.<\/p>\n\n\n\n<p>Remoje el arroz en agua caliente durante <strong>10-15 minutos<\/strong> para ablandar.<\/p>\n\n\n\n<p>Escurrir y aclarar brevemente.<\/p>\n\n\n\n<p>Coc\u00ednelo con sus salsas, salteados, sopas o arroces favoritos.<\/p>\n\n\n\n<h2 class=\"wp-block-heading\">Escenarios de aplicaci\u00f3n<\/h2>\n\n\n\n<p>El arroz konjac seco instant\u00e1neo Shirataki se utiliza ampliamente en varios mercados alimentarios en expansi\u00f3n.<\/p>\n\n\n\n<p><strong>Productos saludables al por menor<\/strong><\/p>\n\n\n\n<p>Alternativas al arroz bajas en calor\u00edas para supermercados y tiendas de diet\u00e9tica.<\/p>\n\n\n\n<p><strong>Productos para dietas ceto y bajas en carbohidratos<\/strong><\/p>\n\n\n\n<p>Ideal para dietas cetog\u00e9nicas, aptas para diab\u00e9ticos y de control de peso.<\/p>\n\n\n\n<p><strong>Fabricaci\u00f3n de platos preparados<\/strong><\/p>\n\n\n\n<p>Se utiliza en comidas congeladas, comidas para microondas y productos alimenticios saludables listos para el consumo.<\/p>\n\n\n\n<p><strong>Sustitutivos de comidas y alimentos funcionales<\/strong><\/p>\n\n\n\n<p>Ingrediente base perfecto para comidas diet\u00e9ticas de raciones controladas.<\/p>\n\n\n\n<p><strong>Restauraci\u00f3n<\/strong><\/p>\n\n\n\n<p>Ideal para men\u00fas bajos en carbohidratos de cocina asi\u00e1tica o de fusi\u00f3n.<\/p>\n\n\n\n<h2 class=\"wp-block-heading\"><a href=\"https:\/\/scmlkj.com\/es\/mayorista-de-arroz-konjac\/\">Marca blanca y fabricaci\u00f3n OEM<\/a><\/h2>\n\n\n\n<p>Eastern Morning apoya plenamente <strong>OEM \/ Private Label producci\u00f3n de arroz konjac<\/strong>.<\/p>\n\n\n\n<p><strong>Opciones de personalizaci\u00f3n<\/strong><\/p>\n\n\n\n<p><strong>Formatos de envasado<\/strong><\/p>\n\n\n\n<ul class=\"wp-block-list\">\n<li>Bolsa vertical<\/li>\n\n\n\n<li>Bolsa transparente<\/li>\n\n\n\n<li>Embalaje en cajas de papel<\/li>\n\n\n\n<li>Envases para vasos<\/li>\n\n\n\n<li>Bolsas a granel<\/li>\n<\/ul>\n\n\n\n<p><strong>Apoyo a la marca<\/strong><\/p>\n\n\n\n<ul class=\"wp-block-list\">\n<li>Impresi\u00f3n de logotipos personalizados<\/li>\n\n\n\n<li>Asistencia en el dise\u00f1o de envases<\/li>\n\n\n\n<li>Panel nutricional de marca blanca<\/li>\n\n\n\n<li>Embalaje multiling\u00fce<\/li>\n<\/ul>\n\n\n\n<p><strong>Tama\u00f1os de producto flexibles<\/strong><\/p>\n\n\n\n<p>Envases al por menor: 50g - 500g<br>Restauraci\u00f3n: 10 kg - 25 kg a granel<\/p>\n\n\n\n<h2 class=\"wp-block-heading\"><a href=\"https:\/\/scmlkj.com\/es\/certificacion\/\">Certificaciones<\/a><\/h2>\n\n\n\n<p>Nuestras instalaciones de producci\u00f3n cumplen las normas internacionales de seguridad alimentaria.<\/p>\n\n\n\n<ul class=\"wp-block-list\">\n<li>IFS<\/li>\n\n\n\n<li>BRC<\/li>\n\n\n\n<li>APPCC<\/li>\n\n\n\n<li>ISO<\/li>\n\n\n\n<li>KOSHER<\/li>\n\n\n\n<li>HALAL<\/li>\n\n\n\n<li>Org\u00e1nico de la UE<\/li>\n\n\n\n<li>Org\u00e1nico seg\u00fan el Departamento de Agricultura de los Estados Unidos (USDA)<\/li>\n<\/ul>\n\n\n\n<p>Eastern Morning tambi\u00e9n es un <strong>proveedor verificado y auditado por Intertek<\/strong>.<\/p>\n\n\n\n<p><\/p>\n\n\n\n<figure class=\"wp-block-image size-large\"><img decoding=\"async\" width=\"1024\" height=\"682\" src=\"https:\/\/scmlkj.com\/wp-content\/uploads\/2026\/03\/Konjac-Rice-Dry-1024x682.jpg\" alt=\"\" class=\"wp-image-3273\" srcset=\"https:\/\/scmlkj.com\/wp-content\/uploads\/2026\/03\/Konjac-Rice-Dry-1024x682.jpg 1024w, https:\/\/scmlkj.com\/wp-content\/uploads\/2026\/03\/Konjac-Rice-Dry-300x200.jpg 300w, https:\/\/scmlkj.com\/wp-content\/uploads\/2026\/03\/Konjac-Rice-Dry-768x512.jpg 768w, https:\/\/scmlkj.com\/wp-content\/uploads\/2026\/03\/Konjac-Rice-Dry-1536x1024.jpg 1536w, https:\/\/scmlkj.com\/wp-content\/uploads\/2026\/03\/Konjac-Rice-Dry-18x12.jpg 18w, https:\/\/scmlkj.com\/wp-content\/uploads\/2026\/03\/Konjac-Rice-Dry-600x400.jpg 600w, https:\/\/scmlkj.com\/wp-content\/uploads\/2026\/03\/Konjac-Rice-Dry.jpg 2000w\" sizes=\"(max-width: 1024px) 100vw, 1024px\" \/><\/figure>\n\n\n\n<h2 class=\"wp-block-heading\">PREGUNTAS FRECUENTES<\/h2>\n\n\n\n<p><strong>P1: \u00bfCu\u00e1l es su MOQ?<\/strong><\/p>\n\n\n\n<p>Nuestro pedido m\u00ednimo es de <strong>1000 unidades por dise\u00f1o y embalaje<\/strong>.<\/p>\n\n\n\n<p><strong>P2: \u00bfPueden fabricar seg\u00fan mi propio dise\u00f1o?<\/strong><\/p>\n\n\n\n<p>S\u00ed. Ofrecemos <strong>Servicios OEM y ODM<\/strong>incluyendo tama\u00f1o, envasado, logotipo, etiqueta y marca personalizados.<\/p>\n\n\n\n<p><strong>P3: \u00bfPueden ayudarnos con el dise\u00f1o del envase?<\/strong><\/p>\n\n\n\n<p>S\u00ed. Nuestro equipo de dise\u00f1o profesional puede crear maquetas de envases basadas en sus requisitos antes de la producci\u00f3n.<\/p>\n\n\n\n<p><strong>P4: \u00bfC\u00f3mo puedo conseguir muestras?<\/strong><\/p>\n\n\n\n<p>P\u00f3ngase en contacto con nosotros y organizaremos<a href=\"https:\/\/scmlkj.com\/es\/solicitud-de-muestra-gratuita\/\"> <strong>muestras gratuitas de productos<\/strong><\/a> para las pruebas.<\/p>\n\n\n\n<h2 class=\"wp-block-heading\">Inicie hoy mismo su l\u00ednea de productos de arroz konjac<\/h2>\n\n\n\n<p>Tanto si lanza un <strong>marca de arroz bajo en carbohidratos, productos de comida ceto o alimentos saludables de marca blanca<\/strong>El programa \"Eastern Morning\" ofrece <a href=\"https:\/\/scmlkj.com\/es\/guia-de-marcas-privadas-oem\/\">Fabricaci\u00f3n OEM<\/a> apoyo.<\/p>\n\n\n\n<p><strong>P\u00f3ngase en contacto con nosotros hoy mismo para:<\/strong><\/p>\n\n\n\n<ul class=\"wp-block-list\">\n<li>Muestras de productos<\/li>\n\n\n\n<li>Soluciones de envasado personalizadas<\/li>\n\n\n\n<li>Presupuesto OEM<\/li>\n<\/ul>\n\n\n\n<p><strong><a href=\"https:\/\/scmlkj.com\/es\/pongase-en-contacto-con\/\">Obtener un presupuesto \u2192<\/a><\/strong><\/p>","protected":false},"excerpt":{"rendered":"<p data-start=\"344\" data-end=\"504\"><strong data-start=\"344\" data-end=\"389\">Arroz konjac seco blanco Shirataki instant\u00e1neo<\/strong> es una moderna alternativa al arroz baja en carbohidratos elaborada con harina de konjac y harina de arroz mediante una avanzada tecnolog\u00eda de deshidrataci\u00f3n.<\/p>\n<p data-start=\"344\" data-end=\"504\">Comparado con el arroz tradicional, el arroz konjac seco proporciona <strong data-start=\"565\" data-end=\"615\">significativamente menos carbohidratos y calor\u00edas<\/strong>La textura del arroz absorbe f\u00e1cilmente las salsas y los condimentos.<\/p>\n<p data-section-id=\"4ox3n6\" data-start=\"1144\" data-end=\"1173\"><strong>Alternativa al arroz bajo en carbohidratos -\u00a0<\/strong>Contenido en carbohidratos significativamente inferior al del arroz tradicional, adecuado para dietas ceto y bajas en carbohidratos.<\/p>\n<p data-section-id=\"no15hi\" data-start=\"1286\" data-end=\"1312\"><strong>Alto contenido en fibra del konjac - <\/strong>Contiene fibra diet\u00e9tica glucomanano, que ayuda a promover la saciedad y la salud digestiva.<\/p>\n<p data-section-id=\"vlpnb\" data-start=\"1400\" data-end=\"1434\"><strong>Estable y apto para la exportaci\u00f3n -\u00a0<\/strong>El formato desecado prolonga la vida \u00fatil y reduce los gastos de env\u00edo en comparaci\u00f3n con los productos de konjac h\u00famedo.<\/p>\n<p data-section-id=\"46atiw\" data-start=\"1533\" data-end=\"1562\"><strong>A base de plantas y etiqueta limpia - <\/strong>Naturalmente sin gluten, vegano y adecuado para las l\u00edneas modernas de productos alimenticios saludables.<\/p>","protected":false},"featured_media":3265,"comment_status":"open","ping_status":"closed","template":"","meta":[],"product_brand":[],"product_cat":[29],"product_tag":[],"class_list":{"0":"post-3264","1":"product","2":"type-product","3":"status-publish","4":"has-post-thumbnail","6":"product_cat-konjac-rice-series","8":"first","9":"instock","10":"shipping-taxable","11":"product-type-simple"},"_links":{"self":[{"href":"https:\/\/scmlkj.com\/es\/wp-json\/wp\/v2\/product\/3264","targetHints":{"allow":["GET"]}}],"collection":[{"href":"https:\/\/scmlkj.com\/es\/wp-json\/wp\/v2\/product"}],"about":[{"href":"https:\/\/scmlkj.com\/es\/wp-json\/wp\/v2\/types\/product"}],"replies":[{"embeddable":true,"href":"https:\/\/scmlkj.com\/es\/wp-json\/wp\/v2\/comments?post=3264"}],"wp:featuredmedia":[{"embeddable":true,"href":"https:\/\/scmlkj.com\/es\/wp-json\/wp\/v2\/media\/3265"}],"wp:attachment":[{"href":"https:\/\/scmlkj.com\/es\/wp-json\/wp\/v2\/media?parent=3264"}],"wp:term":[{"taxonomy":"product_brand","embeddable":true,"href":"https:\/\/scmlkj.com\/es\/wp-json\/wp\/v2\/product_brand?post=3264"},{"taxonomy":"product_cat","embeddable":true,"href":"https:\/\/scmlkj.com\/es\/wp-json\/wp\/v2\/product_cat?post=3264"},{"taxonomy":"product_tag","embeddable":true,"href":"https:\/\/scmlkj.com\/es\/wp-json\/wp\/v2\/product_tag?post=3264"}],"curies":[{"name":"wp","href":"https:\/\/api.w.org\/{rel}","templated":true}]}}