{"id":3274,"date":"2026-03-06T06:01:41","date_gmt":"2026-03-06T06:01:41","guid":{"rendered":"https:\/\/scmlkj.com\/?post_type=product&#038;p=3274"},"modified":"2026-03-06T06:39:10","modified_gmt":"2026-03-06T06:39:10","slug":"arroz-keto-shirataki-konjac-de-grano-largo","status":"publish","type":"product","link":"https:\/\/scmlkj.com\/es\/productos\/arroz-keto-shirataki-konjac-de-grano-largo\/","title":{"rendered":"Arroz keto de grano largo Shirataki Konjac"},"content":{"rendered":"<p>El arroz Keto Long-grain Shirataki Konjac es <strong>listo para comer en s\u00f3lo 2 minutos<\/strong>El arroz es un alimento de calidad, que ofrece comodidad a los consumidores y ayuda a las marcas alimentarias internacionales a desarrollar alternativas funcionales y saludables al arroz.<\/p>\n\n\n\n<p>Producido por <strong>Ma\u00f1ana oriental en Sichuan, China<\/strong>Como fabricante de konjac, centro mundial del cultivo de konjac, este producto cumple las normas internacionales de seguridad alimentaria y admite la personalizaci\u00f3n OEM y de marcas privadas.<\/p>\n\n\n\n<h2 class=\"wp-block-heading\">Especificaciones del producto<\/h2>\n\n\n\n<figure class=\"wp-block-table\"><table class=\"has-fixed-layout\"><tbody><tr><td><strong>Art\u00edculo<\/strong><\/td><td><strong>Detalles<\/strong><\/td><\/tr><tr><td>Nombre del producto<\/td><td> Arroz keto de grano largo Shirataki Konjac<\/td><\/tr><tr><td>Tipo de producto<\/td><td>Arroz Konjac \/ Arroz Shirataki<\/td><\/tr><tr><td>Estilo<\/td><td>Instant\u00e1nea<\/td><\/tr><tr><td>Tipo de procesamiento<\/td><td>Refinado<\/td><\/tr><tr><td>Caracter\u00edstica<\/td><td>Bajo en carbohidratos \u00b7 Adelgazante<\/td><\/tr><tr><td>Ingredientes principales<\/td><td>Harina konjac, harina de arroz, agua<\/td><\/tr><tr><td>Fibra diet\u00e9tica<\/td><td>13%<\/td><\/tr><tr><td>Grasa<\/td><td><strong>Cero<\/strong><\/td><\/tr><tr><td>Az\u00facar<\/td><td><strong>Cero<\/strong><\/td><\/tr><tr><td>Sin gluten<\/td><td>S\u00ed<\/td><\/tr><tr><td>M\u00e9todo de cocci\u00f3n<\/td><td><strong>Microondas<\/strong>Hidrot\u00e9rmico<\/td><\/tr><tr><td>Vida \u00fatil<\/td><td>18 meses<\/td><\/tr><tr><td>Peso neto<\/td><td>180 g <\/td><\/tr><tr><td>Certificaciones<\/td><td>BRC \u00b7 IFS \u00b7 HACCP \u00b7 HALAL \u00b7 KOSHER \u00b7 NOP \u00b7 ECOL\u00d3GICO DE LA UE<\/td><\/tr><tr><td>Marca<\/td><td>Aceptado por el fabricante de equipos originales (OEM)<\/td><\/tr><tr><td>Lugar de origen<\/td><td>Sichuan, China<\/td><\/tr><\/tbody><\/table><\/figure>\n\n\n\n<h2 class=\"wp-block-heading\">M\u00e9todos de cocina f\u00e1ciles<\/h2>\n\n\n\n<p><strong>M\u00e9todo microondas (2 minutos)<\/strong><\/p>\n\n\n\n<ol class=\"wp-block-list\">\n<li>Abrir el paquete y colocar el arroz en un recipiente apto para microondas.<\/li>\n\n\n\n<li>Calentar durante <strong>2 minutos<\/strong>.<\/li>\n\n\n\n<li>Remover y servir con sus platos favoritos.<\/li>\n<\/ol>\n\n\n\n<p><strong>M\u00e9todo hidrot\u00e9rmico (10 minutos)<\/strong><\/p>\n\n\n\n<ol class=\"wp-block-list\">\n<li>Verter el arroz konjac en agua hirviendo.<\/li>\n\n\n\n<li>Cocer durante <strong>8-10 minutos<\/strong> hasta que est\u00e9 blando.<\/li>\n\n\n\n<li>Escurrir y mezclar con salsas o ingredientes.<\/li>\n<\/ol>\n\n\n\n<h2 class=\"wp-block-heading\">Escenarios de aplicaci\u00f3n<\/h2>\n\n\n\n<p>El arroz de grano largo Shirataki Konjac Keto se utiliza ampliamente en diversos sectores de la alimentaci\u00f3n sana.<\/p>\n\n\n\n<p><strong>Preparar comidas sanas<\/strong><\/p>\n\n\n\n<p>Ideal para el arroz frito con pollo, la preparaci\u00f3n de comidas bajas en carbohidratos y las comidas diet\u00e9ticas.<\/p>\n\n\n\n<p><strong>Productos para dietas ceto y bajas en carbohidratos<\/strong><\/p>\n\n\n\n<p>Perfecto para dietas cetog\u00e9nicas, aptas para diab\u00e9ticos y de control de peso.<\/p>\n\n\n\n<p><strong>Postres saludables<\/strong><\/p>\n\n\n\n<p>Puede utilizarse para crear arroz con leche de konjac y postres a base de plantas.<\/p>\n\n\n\n<p><strong>Ensaladas y comidas ligeras<\/strong><\/p>\n\n\n\n<p>Ideal para ensaladas fr\u00edas, cuencos saludables y platos veganos.<\/p>\n\n\n\n<p><strong>Fabricaci\u00f3n de platos preparados<\/strong><\/p>\n\n\n\n<p>Adecuado para comidas en microondas y alimentos congelados saludables.<\/p>\n\n\n\n<h2 class=\"wp-block-heading\">Certificaciones<\/h2>\n\n\n\n<p>Nuestros productos de arroz konjac cumplen las normas internacionales de seguridad alimentaria.<\/p>\n\n\n\n<ul class=\"wp-block-list\">\n<li>APPCC<\/li>\n\n\n\n<li>ISO<\/li>\n\n\n\n<li>BRC<\/li>\n\n\n\n<li>IFS<\/li>\n\n\n\n<li>HALAL<\/li>\n\n\n\n<li>KOSHER<\/li>\n\n\n\n<li>Org\u00e1nico seg\u00fan el Departamento de Agricultura de los Estados Unidos (USDA)<\/li>\n\n\n\n<li>Org\u00e1nico de la UE<\/li>\n<\/ul>\n\n\n\n<h2 class=\"wp-block-heading\">Servicios OEM y de marca blanca<\/h2>\n\n\n\n<p>Eastern Morning apoya plenamente <strong>Fabricaci\u00f3n OEM \/ ODM<\/strong> para marcas mundiales.<\/p>\n\n\n\n<p><strong>Opciones de personalizaci\u00f3n<\/strong><\/p>\n\n\n\n<ul class=\"wp-block-list\">\n<li>Dise\u00f1o de embalajes personalizados<\/li>\n\n\n\n<li>Marca blanca<\/li>\n\n\n\n<li>F\u00f3rmula personalizada<\/li>\n\n\n\n<li>Peso del producto personalizado<\/li>\n\n\n\n<li>Etiquetado multiling\u00fce<\/li>\n<\/ul>\n\n\n\n<p><strong>Nuestros servicios<\/strong><\/p>\n\n\n\n<ul class=\"wp-block-list\">\n<li>Muestras gratuitas de productos<\/li>\n\n\n\n<li>Soluciones de envasado personalizadas<\/li>\n\n\n\n<li>F\u00f3rmulas de productos personalizadas<\/li>\n\n\n\n<li>Apoyo integral a la cadena de suministro<\/li>\n\n\n\n<li>MOQ bajo para nuevas marcas<\/li>\n<\/ul>\n\n\n\n<hr class=\"wp-block-separator has-alpha-channel-opacity\"\/>\n\n\n\n<h2 class=\"wp-block-heading\">PREGUNTAS FRECUENTES<\/h2>\n\n\n\n<p><strong>P1: \u00bfCu\u00e1l es su MOQ?<\/strong><\/p>\n\n\n\n<p>Nuestro pedido m\u00ednimo es de 2000 unidades por dise\u00f1o de envase.<\/p>\n\n\n\n<p><strong>P2: \u00bfSoportan OEM \/ ODM?<\/strong><\/p>\n\n\n\n<p>S\u00ed. Ofrecemos servicios completos de OEM y ODM, incluido el envasado personalizado, la creaci\u00f3n de marcas y el desarrollo de f\u00f3rmulas de productos.<\/p>\n\n\n\n<p><strong>P3: \u00bfPuedo obtener muestras antes de hacer un pedido?<\/strong><\/p>\n\n\n\n<p>S\u00ed. Proporcionamos muestras gratuitas para la evaluaci\u00f3n del producto.<\/p>\n\n\n\n<h2 class=\"wp-block-heading\">Lance su propia marca de arroz konjac<\/h2>\n\n\n\n<p>Tanto si est\u00e1 desarrollando <strong>productos ceto, alternativas sanas al arroz o soluciones de comida preparada<\/strong>Eastern Morning ofrece un servicio completo de fabricaci\u00f3n y marcas blancas.<\/p>\n\n\n\n<p>OEM y marca blanca<br>\u2714 Experiencia mundial en exportaci\u00f3n<br>\u2714 Suministro estable y muestreo r\u00e1pido<\/p>\n\n\n\n<p><strong>P\u00f3ngase en contacto con nosotros hoy mismo para solicitar muestras o un presupuesto personalizado.<\/strong><\/p>\n\n\n\n<p><\/p>","protected":false},"excerpt":{"rendered":"<p data-start=\"341\" data-end=\"648\"><strong data-start=\"341\" data-end=\"382\">\u00a0Arroz keto de grano largo Shirataki Konjac<\/strong> es una moderna alternativa al arroz baja en carbohidratos elaborada con arroz perlado konjac mezclado con arroz de grano largo y agua purificada. Dise\u00f1ado para los mercados de alimentos saludables, este producto ofrece una textura equilibrada y una sensaci\u00f3n en boca mejorada, al tiempo que mantiene los beneficios de los alimentos a base de konjac.<\/p>\n<p data-start=\"650\" data-end=\"828\">En comparaci\u00f3n con el arroz tradicional, el arroz konjac proporciona <strong data-start=\"703\" data-end=\"747\">menos calor\u00edas y menos hidratos de carbono<\/strong>por lo que es ideal para <strong data-start=\"779\" data-end=\"827\">dietas ceto, bajas en carbohidratos, veganas y sin gluten<\/strong>.<\/p>\n<p data-section-id=\"5ak9x5\" data-start=\"1241\" data-end=\"1269\"><strong>Bajo en carbohidratos y Keto Friendly -\u00a0<\/strong>Proporciona una experiencia alimentaria similar a la del arroz con una cantidad significativamente menor de carbohidratos en comparaci\u00f3n con el arroz tradicional.<\/p>\n<p data-section-id=\"56ivkz\" data-start=\"1379\" data-end=\"1408\"><strong>Sin gluten y a base de plantas -\u00a0<\/strong>Adecuado para l\u00edneas de productos veganos, sin gluten y de origen vegetal.<\/p>\n<p data-section-id=\"1s1qhel\" data-start=\"1474\" data-end=\"1502\"><strong>Conveniencia lista para comer - <\/strong>Preparaci\u00f3n r\u00e1pida - listo en s\u00f3lo <strong data-start=\"1537\" data-end=\"1550\">2 minutos<\/strong> con microondas o salteado.<\/p>\n<p data-section-id=\"hfgt9q\" data-start=\"1589\" data-end=\"1616\"><strong>Alimentos funcionales saludables -\u00a0<\/strong>Bajo en calor\u00edas y rico en fibra diet\u00e9tica procedente del glucomanano de konjac.<\/p>\n<p data-section-id=\"kdvqw3\" data-start=\"1681\" data-end=\"1722\"><strong>Ideal para mercados mundiales de alimentos saludables -\u00a0<\/strong>Perfecto para productos ceto, alimentos diet\u00e9ticos y soluciones de comidas saludables.<\/p>","protected":false},"featured_media":3275,"comment_status":"open","ping_status":"closed","template":"","meta":[],"product_brand":[],"product_cat":[29],"product_tag":[],"class_list":{"0":"post-3274","1":"product","2":"type-product","3":"status-publish","4":"has-post-thumbnail","6":"product_cat-konjac-rice-series","8":"first","9":"instock","10":"shipping-taxable","11":"product-type-simple"},"_links":{"self":[{"href":"https:\/\/scmlkj.com\/es\/wp-json\/wp\/v2\/product\/3274","targetHints":{"allow":["GET"]}}],"collection":[{"href":"https:\/\/scmlkj.com\/es\/wp-json\/wp\/v2\/product"}],"about":[{"href":"https:\/\/scmlkj.com\/es\/wp-json\/wp\/v2\/types\/product"}],"replies":[{"embeddable":true,"href":"https:\/\/scmlkj.com\/es\/wp-json\/wp\/v2\/comments?post=3274"}],"wp:featuredmedia":[{"embeddable":true,"href":"https:\/\/scmlkj.com\/es\/wp-json\/wp\/v2\/media\/3275"}],"wp:attachment":[{"href":"https:\/\/scmlkj.com\/es\/wp-json\/wp\/v2\/media?parent=3274"}],"wp:term":[{"taxonomy":"product_brand","embeddable":true,"href":"https:\/\/scmlkj.com\/es\/wp-json\/wp\/v2\/product_brand?post=3274"},{"taxonomy":"product_cat","embeddable":true,"href":"https:\/\/scmlkj.com\/es\/wp-json\/wp\/v2\/product_cat?post=3274"},{"taxonomy":"product_tag","embeddable":true,"href":"https:\/\/scmlkj.com\/es\/wp-json\/wp\/v2\/product_tag?post=3274"}],"curies":[{"name":"wp","href":"https:\/\/api.w.org\/{rel}","templated":true}]}}