{"id":3279,"date":"2026-03-06T06:57:21","date_gmt":"2026-03-06T06:57:21","guid":{"rendered":"https:\/\/scmlkj.com\/?post_type=product&#038;p=3279"},"modified":"2026-03-06T07:17:38","modified_gmt":"2026-03-06T07:17:38","slug":"arroz-instantaneo-shirataki-de-avena-y-semillas-de-chia","status":"publish","type":"product","link":"https:\/\/scmlkj.com\/es\/productos\/arroz-instantaneo-shirataki-de-avena-y-semillas-de-chia\/","title":{"rendered":"Arroz instant\u00e1neo de avena y ch\u00eda Shirataki Konjac"},"content":{"rendered":"<p>Las semillas de ch\u00eda aportan \u00e1cidos grasos omega-3 de origen vegetal (ALA), mientras que la avena aporta fibra y textura adicionales, Oat Chia Seed Shirataki Instant Rice, creando una alternativa de arroz equilibrada y nutritiva adecuada para las dietas sanas modernas.<\/p>\n\n\n\n<p>Producido por Sichuan Eastern Morning, este producto es ideal para marcas blancas, minoristas de alimentos saludables y l\u00edneas de productos alimentarios funcionales.<\/p>\n\n\n\n<h2 class=\"wp-block-heading\">Especificaciones del producto<\/h2>\n\n\n\n<figure class=\"wp-block-table\"><table class=\"has-fixed-layout\"><tbody><tr><td><strong>Art\u00edculo<\/strong><\/td><td><strong>Detalles<\/strong><\/td><\/tr><tr><td>Nombre del producto<\/td><td> Arroz Shirataki Intant de Avena y Semillas de Ch\u00eda<\/td><\/tr><tr><td>Tipo de producto<\/td><td>Arroz Konjac \/ Arroz Shirataki<\/td><\/tr><tr><td>Estilo<\/td><td>Instant\u00e1neo, Listo para comer <\/td><\/tr><tr><td>Tipo de procesamiento<\/td><td>Refinado<\/td><\/tr><tr><td>Caracter\u00edstica<\/td><td>Bajo en carbohidratos \u00b7 Adelgazante<\/td><\/tr><tr><td>Ingredientes principales<\/td><td>Arroz perlado konjac, avena, semillas de ch\u00eda, agua<\/td><\/tr><tr><td>Fibra diet\u00e9tica<\/td><td>5.7g<\/td><\/tr><tr><td>Grasa<\/td><td><strong>Cero<\/strong><\/td><\/tr><tr><td>Az\u00facar<\/td><td><strong>Cero<\/strong><\/td><\/tr><tr><td>Sin gluten<\/td><td>S\u00ed<\/td><\/tr><tr><td>M\u00e9todo de cocci\u00f3n<\/td><td><strong>Microondas<\/strong>Hidrot\u00e9rmico<\/td><\/tr><tr><td>Vida \u00fatil<\/td><td>18 meses<\/td><\/tr><tr><td>Peso neto<\/td><td>180 g<\/td><\/tr><tr><td>Certificaciones<\/td><td>BRC \u00b7 IFS \u00b7 HACCP \u00b7 HALAL \u00b7 KOSHER \u00b7 NOP \u00b7 ECOL\u00d3GICO DE LA UE<\/td><\/tr><tr><td>Marca<\/td><td>Aceptado por el fabricante de equipos originales (OEM)<\/td><\/tr><tr><td>Lugar de origen<\/td><td>Sichuan, China<\/td><\/tr><\/tbody><\/table><\/figure>\n\n\n\n<h2 class=\"wp-block-heading\">C\u00f3mo comer<\/h2>\n\n\n\n<p><strong>Calentamiento por microondas<\/strong><\/p>\n\n\n\n<p>Caliente el producto en el microondas durante <strong>unos 2 minutos<\/strong>Luego revuelva y sirva.<\/p>\n\n\n\n<p>Ideas creativas para recetas<\/p>\n\n\n\n<ul class=\"wp-block-list\">\n<li>Arroz con leche konjac<\/li>\n\n\n\n<li>Arroz frito con pollo saludable<\/li>\n\n\n\n<li>Ensaladeras vegetales<\/li>\n\n\n\n<li>Arroces bajos en carbohidratos<\/li>\n<\/ul>\n\n\n\n<h2 class=\"wp-block-heading\">Escenarios de aplicaci\u00f3n<\/h2>\n\n\n\n<p>El arroz Shirataki de avena y ch\u00eda es adecuado para diversos mercados de alimentos saludables.<\/p>\n\n\n\n<p><strong>Preparar comidas sanas<\/strong><\/p>\n\n\n\n<p>Ideal para comidas equilibradas que combinan prote\u00ednas magras, verduras y cereales funcionales.<\/p>\n\n\n\n<p><strong>Dietas de control de peso<\/strong><\/p>\n\n\n\n<p>Su bajo contenido cal\u00f3rico y su alto contenido en fibra ayudan a controlar las porciones.<\/p>\n\n\n\n<p><strong>Productos alimentarios funcionales<\/strong><\/p>\n\n\n\n<p>Adecuado para marcas de bienestar centradas en <strong>salud cardiaca, salud digestiva y nutrici\u00f3n vegetal<\/strong>.<\/p>\n\n\n\n<p><strong>Alimentos veganos y vegetales<\/strong><\/p>\n\n\n\n<p>Una alternativa vegetal natural a los cereales tradicionales.<\/p>\n\n\n\n<h2 class=\"wp-block-heading\">Marca blanca y servicio OEM<\/h2>\n\n\n\n<p>Eastern Morning ofrece <strong>Servicios de fabricaci\u00f3n OEM \/ marca blanca<\/strong>.<\/p>\n\n\n\n<p><strong>Opciones de personalizaci\u00f3n<\/strong><\/p>\n\n\n\n<ul class=\"wp-block-list\">\n<li>Dise\u00f1o de embalajes personalizados<\/li>\n\n\n\n<li>Marca blanca<\/li>\n\n\n\n<li>F\u00f3rmulas nutricionales personalizadas<\/li>\n\n\n\n<li>Etiquetado multiling\u00fce<\/li>\n\n\n\n<li>Opciones de envasado al por menor y a granel<\/li>\n<\/ul>\n\n\n\n<p><strong>Nuestros servicios<\/strong><\/p>\n\n\n\n<ul class=\"wp-block-list\">\n<li>Muestras gratuitas de productos<\/li>\n\n\n\n<li>Embalaje personalizado<\/li>\n\n\n\n<li>Desarrollo de f\u00f3rmulas personalizadas<\/li>\n\n\n\n<li>Apoyo integral a la cadena de suministro<\/li>\n\n\n\n<li>MOQ bajo para nuevas marcas<\/li>\n<\/ul>\n\n\n\n<h2 class=\"wp-block-heading\">Certificaciones<\/h2>\n\n\n\n<p>Nuestras instalaciones de producci\u00f3n cumplen las normas internacionales de seguridad alimentaria:<\/p>\n\n\n\n<ul class=\"wp-block-list\">\n<li>BRC<\/li>\n\n\n\n<li>IFS<\/li>\n\n\n\n<li>APPCC<\/li>\n\n\n\n<li>HALAL<\/li>\n\n\n\n<li>KOSHER<\/li>\n\n\n\n<li>Org\u00e1nico de la UE<\/li>\n<\/ul>\n\n\n\n<h2 class=\"wp-block-heading\">Lance su propio producto funcional de arroz konjac<\/h2>\n\n\n\n<p>Tanto si est\u00e1 desarrollando <strong>alternativas saludables a los cereales, comidas a base de plantas o productos de bienestar de marca propia<\/strong>Eastern Morning ofrece un apoyo fiable a la fabricaci\u00f3n y la exportaci\u00f3n.<\/p>\n\n\n\n<p>OEM y marca blanca<br>\u2714 Muestras gratuitas disponibles<br>\u2714 Cadena de suministro estable<\/p>\n\n\n\n<p><strong>P\u00f3ngase en contacto con nosotros hoy mismo para solicitar muestras o un presupuesto.<\/strong><\/p>\n\n\n\n<p><\/p>","protected":false},"excerpt":{"rendered":"<p data-start=\"356\" data-end=\"652\"><strong data-start=\"356\" data-end=\"400\">\u00a0Arroz instant\u00e1neo Shirataki de avena y semillas de ch\u00eda<\/strong> es una alternativa funcional al arroz de origen vegetal elaborada a partir de <strong data-start=\"456\" data-end=\"515\">arroz perlado konjac, avena, semillas de ch\u00eda y agua purificada<\/strong>. Esta mezcla rica en nutrientes combina los beneficios de la fibra diet\u00e9tica glucomanano de konjac con la nutrici\u00f3n natural de la avena y las semillas de ch\u00eda.<\/p>\n<p data-start=\"654\" data-end=\"843\">En comparaci\u00f3n con los cereales tradicionales, este producto ofrece <strong data-start=\"708\" data-end=\"743\">menos calor\u00edas y m\u00e1s fibra<\/strong>que ayuda a los consumidores a sentirse saciados durante m\u00e1s tiempo, a la vez que favorece una digesti\u00f3n sana y el control del peso.<\/p>\n<p><strong>Mezcla funcional rica en fibra -\u00a0<\/strong>Combina fibra de glucomanano de konjac, fibra de avena y fibra soluble de ch\u00eda para aumentar la sensaci\u00f3n de saciedad. <strong>Arroz con superalimentos vegetales - <\/strong>Incluye semillas de ch\u00eda ricas en \u00e1cidos grasos omega-3 (ALA) para favorecer la salud del coraz\u00f3n y una nutrici\u00f3n equilibrada. <strong>Alternativa al arroz bajo en calor\u00edas -\u00a0<\/strong>Un sustituto m\u00e1s ligero del arroz tradicional que mantiene una textura satisfactoria. <strong>Conveniencia lista para comer -\u00a0<\/strong>Preparaci\u00f3n r\u00e1pida: listo en s\u00f3lo 2 minutos calent\u00e1ndolo en el microondas. <strong>Etiqueta limpia y apto para dietas - <\/strong>Adecuado para dietas veganas, sin gluten y basadas en plantas.<\/p>","protected":false},"featured_media":3280,"comment_status":"open","ping_status":"closed","template":"","meta":[],"product_brand":[],"product_cat":[29],"product_tag":[],"class_list":{"0":"post-3279","1":"product","2":"type-product","3":"status-publish","4":"has-post-thumbnail","6":"product_cat-konjac-rice-series","8":"first","9":"instock","10":"shipping-taxable","11":"product-type-simple"},"_links":{"self":[{"href":"https:\/\/scmlkj.com\/es\/wp-json\/wp\/v2\/product\/3279","targetHints":{"allow":["GET"]}}],"collection":[{"href":"https:\/\/scmlkj.com\/es\/wp-json\/wp\/v2\/product"}],"about":[{"href":"https:\/\/scmlkj.com\/es\/wp-json\/wp\/v2\/types\/product"}],"replies":[{"embeddable":true,"href":"https:\/\/scmlkj.com\/es\/wp-json\/wp\/v2\/comments?post=3279"}],"wp:featuredmedia":[{"embeddable":true,"href":"https:\/\/scmlkj.com\/es\/wp-json\/wp\/v2\/media\/3280"}],"wp:attachment":[{"href":"https:\/\/scmlkj.com\/es\/wp-json\/wp\/v2\/media?parent=3279"}],"wp:term":[{"taxonomy":"product_brand","embeddable":true,"href":"https:\/\/scmlkj.com\/es\/wp-json\/wp\/v2\/product_brand?post=3279"},{"taxonomy":"product_cat","embeddable":true,"href":"https:\/\/scmlkj.com\/es\/wp-json\/wp\/v2\/product_cat?post=3279"},{"taxonomy":"product_tag","embeddable":true,"href":"https:\/\/scmlkj.com\/es\/wp-json\/wp\/v2\/product_tag?post=3279"}],"curies":[{"name":"wp","href":"https:\/\/api.w.org\/{rel}","templated":true}]}}