{"id":3552,"date":"2026-04-21T07:23:59","date_gmt":"2026-04-21T07:23:59","guid":{"rendered":"https:\/\/scmlkj.com\/?post_type=product&#038;p=3552"},"modified":"2026-04-21T07:49:48","modified_gmt":"2026-04-21T07:49:48","slug":"harina-de-konjac-bio-a-granel","status":"publish","type":"product","link":"https:\/\/scmlkj.com\/es\/productos\/harina-de-konjac-bio-a-granel\/","title":{"rendered":"Harina de konjac ecol\u00f3gica a granel (glucomanano en polvo)"},"content":{"rendered":"<h2 class=\"wp-block-heading\">Especificaciones t\u00e9cnicas<\/h2>\n\n\n\n<figure class=\"wp-block-table\"><table class=\"has-fixed-layout\"><thead><tr><th>Par\u00e1metro<\/th><th>Especificaci\u00f3n<\/th><\/tr><\/thead><tbody><tr><td>Glucomanano de konjac (KGM)<\/td><td>\u2265 90%<\/td><\/tr><tr><td>Tama\u00f1o de las part\u00edculas<\/td><td>95% pasar malla 120<\/td><\/tr><tr><td>Viscosidad (1%, 25\u00b0C)<\/td><td>25.000 - 36.000 mPa.s<\/td><\/tr><tr><td>pH (soluci\u00f3n 1%)<\/td><td>5.0 - 7.0<\/td><\/tr><tr><td>Humedad<\/td><td>\u2264 10%<\/td><\/tr><tr><td>Fresno<\/td><td>\u2264 3.0%<\/td><\/tr><tr><td>Prote\u00edna<\/td><td>\u2264 3%<\/td><\/tr><tr><td>Almid\u00f3n<\/td><td>\u2264 3%<\/td><\/tr><tr><td>SO\u2082<\/td><td>\u2264 0,2 g\/kg<\/td><\/tr><tr><td>Metales pesados<\/td><td>Pb \u2264 2 mg\/kg \/ As \u2264 3 mg\/kg<\/td><\/tr><tr><td>Microbiolog\u00eda<\/td><td>TPC \u2264 1000 ufc\/g<\/td><\/tr><tr><td>Salmonella<\/td><td>Negativo<\/td><\/tr><tr><td>E. coli<\/td><td>Negativo<\/td><\/tr><\/tbody><\/table><\/figure>\n\n\n\n<h2 class=\"wp-block-heading\">Aplicaciones clave<\/h2>\n\n\n\n<h3 class=\"wp-block-heading\">Industria alimentaria<\/h3>\n\n\n\n<ul class=\"wp-block-list\">\n<li>Fideos konjac y arroz<\/li>\n\n\n\n<li>Productos c\u00e1rnicos veganos<\/li>\n\n\n\n<li>Alimentos bajos en calor\u00edas<\/li>\n\n\n\n<li>Gelatina y postres<\/li>\n<\/ul>\n\n\n\n<h3 class=\"wp-block-heading\">Suplementos diet\u00e9ticos<\/h3>\n\n\n\n<ul class=\"wp-block-list\">\n<li>Fibra en polvo<\/li>\n\n\n\n<li>Productos de control de peso<\/li>\n\n\n\n<li>F\u00f3rmulas de desintoxicaci\u00f3n y salud digestiva<\/li>\n<\/ul>\n\n\n\n<h3 class=\"wp-block-heading\">Bebidas funcionales<\/h3>\n\n\n\n<ul class=\"wp-block-list\">\n<li>Bebidas con glucomanano<\/li>\n\n\n\n<li>Batidos sustitutivos de comidas<\/li>\n<\/ul>\n\n\n\n<h3 class=\"wp-block-heading\">Industria y procesamiento de alimentos<\/h3>\n\n\n\n<ul class=\"wp-block-list\">\n<li>Espesante y estabilizante<\/li>\n\n\n\n<li>Modificador de textura<\/li>\n<\/ul>\n\n\n\n<h2 class=\"wp-block-heading\">Embalaje y suministro a granel<\/h2>\n\n\n\n<figure class=\"wp-block-image size-large\"><img fetchpriority=\"high\" decoding=\"async\" width=\"1024\" height=\"576\" src=\"https:\/\/scmlkj.com\/wp-content\/uploads\/2026\/04\/Konjac-flour-package-1024x576.jpg\" alt=\"\" class=\"wp-image-3557\" srcset=\"https:\/\/scmlkj.com\/wp-content\/uploads\/2026\/04\/Konjac-flour-package-1024x576.jpg 1024w, https:\/\/scmlkj.com\/wp-content\/uploads\/2026\/04\/Konjac-flour-package-300x169.jpg 300w, https:\/\/scmlkj.com\/wp-content\/uploads\/2026\/04\/Konjac-flour-package-768x432.jpg 768w, https:\/\/scmlkj.com\/wp-content\/uploads\/2026\/04\/Konjac-flour-package-1536x864.jpg 1536w, https:\/\/scmlkj.com\/wp-content\/uploads\/2026\/04\/Konjac-flour-package-18x10.jpg 18w, https:\/\/scmlkj.com\/wp-content\/uploads\/2026\/04\/Konjac-flour-package-600x338.jpg 600w, https:\/\/scmlkj.com\/wp-content\/uploads\/2026\/04\/Konjac-flour-package.jpg 1600w\" sizes=\"(max-width: 1024px) 100vw, 1024px\" \/><\/figure>\n\n\n\n<h2 class=\"wp-block-heading\">Soluciones OEM y de marca blanca<\/h2>\n\n\n\n<p>Eastern Morning ofrece <strong>Asistencia OEM \/ ODM<\/strong>:<\/p>\n\n\n\n<h3 class=\"wp-block-heading\">Opciones de personalizaci\u00f3n<\/h3>\n\n\n\n<ul class=\"wp-block-list\">\n<li>Niveles KGM personalizados<\/li>\n\n\n\n<li>Gama de viscosidad personalizada<\/li>\n\n\n\n<li>Sabor y mezclas funcionales<\/li>\n\n\n\n<li>Desarrollo de envases para minoristas<\/li>\n\n\n\n<li>F\u00f3rmulas listas para complementar<\/li>\n<\/ul>\n\n\n\n<h3 class=\"wp-block-heading\">Nuestros servicios<\/h3>\n\n\n\n<ul class=\"wp-block-list\">\n<li>Muestras gratuitas<\/li>\n\n\n\n<li>Desarrollo de f\u00f3rmulas personalizadas<\/li>\n\n\n\n<li>Apoyo al dise\u00f1o de envases<\/li>\n\n\n\n<li>Soluci\u00f3n integral para la cadena de suministro<\/li>\n\n\n\n<li>MOQ bajo para nuevas marcas<\/li>\n<\/ul>\n\n\n\n<p><\/p>\n\n\n\n<h2 class=\"wp-block-heading\">Comience su proyecto de suministro de harina de konjac<\/h2>\n\n\n\n<p>Tanto si produce <strong>alimentos funcionales, suplementos diet\u00e9ticos o productos vegetales<\/strong>Eastern Morning ofrece un suministro fiable a granel y soluciones OEM.<\/p>\n\n\n\n<p>\u2714 Harina de konjac de gran pureza<br>\u2714 Suministro estable y muestreo r\u00e1pido<br>\u2714 Soporte OEM y de marca blanca<\/p>\n\n\n\n<p>\ud83d\udc49 <a href=\"https:\/\/scmlkj.com\/es\/pongase-en-contacto-con\/\">Solicite un presupuesto hoy mismo<\/a><\/p>\n\n\n\n<p><\/p>","protected":false},"excerpt":{"rendered":"<p>Fibra diet\u00e9tica de gran pureza para alimentos, suplementos y productos funcionales<\/p>\n<p data-start=\"325\" data-end=\"514\">La harina de konjac ecol\u00f3gica a granel de Eastern Morning es un polvo de glucomanano de gran pureza extra\u00eddo de ra\u00edces de konjac de primera calidad cultivadas en Sichuan (China), la principal regi\u00f3n de cultivo de konjac del mundo.<\/p>\n<p data-start=\"516\" data-end=\"701\">Con KGM \u226590%, excelente absorci\u00f3n de agua y alta viscosidad, este producto se utiliza ampliamente en la fabricaci\u00f3n de alimentos, suplementos diet\u00e9ticos, bebidas funcionales y productos para la salud.<\/p>\n<p data-start=\"703\" data-end=\"863\">Dise\u00f1ada para el suministro a granel, OEM y aplicaciones de marcas blancas, nuestra harina de konjac ofrece un rendimiento estable, una calidad constante y plena conformidad con las normas de exportaci\u00f3n.<\/p>\n<p data-section-id=\"17oieei\" data-start=\"2253\" data-end=\"2286\"><span role=\"text\"><strong data-start=\"2256\" data-end=\"2286\">Ayuda a controlar el peso<\/strong><\/span><\/p>\n<p data-start=\"2287\" data-end=\"2364\">El glucomanano se expande en el agua, aumentando la saciedad y reduciendo la ingesta de calor\u00edas.<\/p>\n<p data-section-id=\"1pimw78\" data-start=\"2366\" data-end=\"2397\"><span role=\"text\"><strong data-start=\"2369\" data-end=\"2397\">Apoyo a la salud digestiva<\/strong><\/span><\/p>\n<p data-start=\"2398\" data-end=\"2452\">Act\u00faa como fibra diet\u00e9tica soluble para favorecer la salud intestinal.<\/p>\n<p data-section-id=\"17qmaax\" data-start=\"2454\" data-end=\"2494\"><span role=\"text\"><strong data-start=\"2457\" data-end=\"2494\">Ingrediente funcional bajo en calor\u00edas<\/strong><\/span><\/p>\n<p data-start=\"2495\" data-end=\"2556\">Ideal para f\u00f3rmulas bajas en carbohidratos, ceto y aptas para diab\u00e9ticos.<\/p>","protected":false},"featured_media":3556,"comment_status":"open","ping_status":"closed","template":"","meta":[],"product_brand":[],"product_cat":[50],"product_tag":[],"class_list":{"0":"post-3552","1":"product","2":"type-product","3":"status-publish","4":"has-post-thumbnail","6":"product_cat-konjac-flour","8":"first","9":"instock","10":"shipping-taxable","11":"product-type-simple"},"_links":{"self":[{"href":"https:\/\/scmlkj.com\/es\/wp-json\/wp\/v2\/product\/3552","targetHints":{"allow":["GET"]}}],"collection":[{"href":"https:\/\/scmlkj.com\/es\/wp-json\/wp\/v2\/product"}],"about":[{"href":"https:\/\/scmlkj.com\/es\/wp-json\/wp\/v2\/types\/product"}],"replies":[{"embeddable":true,"href":"https:\/\/scmlkj.com\/es\/wp-json\/wp\/v2\/comments?post=3552"}],"wp:featuredmedia":[{"embeddable":true,"href":"https:\/\/scmlkj.com\/es\/wp-json\/wp\/v2\/media\/3556"}],"wp:attachment":[{"href":"https:\/\/scmlkj.com\/es\/wp-json\/wp\/v2\/media?parent=3552"}],"wp:term":[{"taxonomy":"product_brand","embeddable":true,"href":"https:\/\/scmlkj.com\/es\/wp-json\/wp\/v2\/product_brand?post=3552"},{"taxonomy":"product_cat","embeddable":true,"href":"https:\/\/scmlkj.com\/es\/wp-json\/wp\/v2\/product_cat?post=3552"},{"taxonomy":"product_tag","embeddable":true,"href":"https:\/\/scmlkj.com\/es\/wp-json\/wp\/v2\/product_tag?post=3552"}],"curies":[{"name":"wp","href":"https:\/\/api.w.org\/{rel}","templated":true}]}}