{"id":3685,"date":"2026-04-23T02:41:02","date_gmt":"2026-04-23T02:41:02","guid":{"rendered":"https:\/\/scmlkj.com\/?post_type=product&#038;p=3685"},"modified":"2026-04-23T06:26:17","modified_gmt":"2026-04-23T06:26:17","slug":"pastel-de-arroz-sin-gluten-konjac","status":"publish","type":"product","link":"https:\/\/scmlkj.com\/es\/productos\/pastel-de-arroz-sin-gluten-konjac\/","title":{"rendered":"Pastel de arroz konjac sin gluten"},"content":{"rendered":"<h2 class=\"wp-block-heading\">Especificaciones del producto<\/h2>\n\n\n\n<figure class=\"wp-block-table\"><table class=\"has-fixed-layout\"><thead><tr><th>Art\u00edculo<\/th><th>Especificaci\u00f3n<\/th><\/tr><\/thead><tbody><tr><td>Nombre del producto<\/td><td>Pastel de arroz konjac sin gluten<\/td><\/tr><tr><td>Ingredientes principales<\/td><td>Harina konjac, Agua<\/td><\/tr><tr><td>Peso neto<\/td><td>270 g<\/td><\/tr><tr><td>Peso escurrido<\/td><td>200g<\/td><\/tr><tr><td>Vida \u00fatil<\/td><td>18 meses<\/td><\/tr><tr><td>Almacenamiento<\/td><td>Conservar en lugar fresco y seco. No congelar<\/td><\/tr><tr><td>Embalaje<\/td><td>Bolsa \/ Caja \/ Bolsita \/ Envase al vac\u00edo<\/td><\/tr><tr><td>Certificaci\u00f3n<\/td><td>BRC, HACCP, IFS, ISO, JAS, KOSHER<\/td><\/tr><tr><td>Muestra<\/td><td>Muestra gratuita disponible<\/td><\/tr><\/tbody><\/table><\/figure>\n\n\n\n<h2 class=\"wp-block-heading\">Informaci\u00f3n nutricional destacada (por cada 100 g)<\/h2>\n\n\n\n<figure class=\"wp-block-table\"><table class=\"has-fixed-layout\"><thead><tr><th>Nutriente<\/th><th>Valor<\/th><\/tr><\/thead><tbody><tr><td>Energ\u00eda<\/td><td>5 kcal<\/td><\/tr><tr><td>Grasa<\/td><td>0 g<\/td><\/tr><tr><td>Carbohidrato<\/td><td>1.2 g<\/td><\/tr><tr><td>Az\u00facar<\/td><td>0 g<\/td><\/tr><tr><td>Fibra diet\u00e9tica<\/td><td>3.2 g<\/td><\/tr><tr><td>Sodio<\/td><td>7 mg<\/td><\/tr><\/tbody><\/table><\/figure>\n\n\n\n<h2 class=\"wp-block-heading\">C\u00f3mo comer<\/h2>\n\n\n\n<p>Escurrir el l\u00edquido del envase <\/p>\n\n\n\n<p>Aclarar con agua limpia 1-2 veces <\/p>\n\n\n\n<p>Calentar o saltear durante <strong>1-3 minutos<\/strong> <\/p>\n\n\n\n<p>A\u00f1adir la salsa o los ingredientes y servir<\/p>\n\n\n\n<h2 class=\"wp-block-heading\">Escenarios de aplicaci\u00f3n<\/h2>\n\n\n\n<h3 class=\"wp-block-heading\">Tteokbokki coreano<\/h3>\n\n\n\n<p>Perfecto para platos de pasteles de arroz picantes y conceptos de comida callejera.<\/p>\n\n\n\n<h3 class=\"wp-block-heading\">Platos preparados saludables<\/h3>\n\n\n\n<p>Alternativa baja en calor\u00edas en platos congelados y kits de comida.<\/p>\n\n\n\n<h3 class=\"wp-block-heading\">Sopa y olla caliente<\/h3>\n\n\n\n<p>Ideal para platos a base de caldo y cocina asi\u00e1tica.<\/p>\n\n\n\n<h3 class=\"wp-block-heading\">Productos veganos<\/h3>\n\n\n\n<p>Adecuado para l\u00edneas modernas de productos vegetales.<\/p>\n\n\n\n<h3 class=\"wp-block-heading\">Dietas de control de peso<\/h3>\n\n\n\n<p>Alto contenido en fibra y bajo en calor\u00edas para controlar las porciones.<\/p>\n\n\n\n<h2 class=\"wp-block-heading\">Desarrolle su l\u00ednea de productos de torta de arroz konjac<\/h2>\n\n\n\n<p>Tanto si lanza <strong>Productos de estilo coreano, platos preparados saludables o aperitivos bajos en calor\u00edas<\/strong>Eastern Morning ofrece soluciones fiables de fabricaci\u00f3n y OEM.<\/p>\n\n\n\n<p>OEM y marca blanca<br>\u2714 Muestras gratuitas<br>\u2714 Suministro estable<\/p>\n\n\n\n<p>\ud83d\udc49<a href=\"https:\/\/scmlkj.com\/es\/pongase-en-contacto-con\/\"> <strong>Solicite un presupuesto hoy mismo<\/strong><\/a><\/p>\n\n\n\n<p><\/p>","protected":false},"excerpt":{"rendered":"<p data-start=\"292\" data-end=\"443\">La torta de arroz sin gluten Konjac de Eastern Morning es una alternativa moderna a base de plantas a las tortas de arroz tradicionales, elaborada con harina de konjac y agua.<\/p>\n<p data-start=\"445\" data-end=\"706\">Con una textura blanda y masticable, este producto imita la experiencia de comer pasteles de arroz tradicionales, pero con una cantidad significativamente menor de calor\u00edas y carbohidratos. Es ideal para dietas ceto, productos de control de peso y platos preparados saludables.<\/p>\n<p data-start=\"708\" data-end=\"906\">Dise\u00f1ado para marcas minoristas globales, servicios de alimentaci\u00f3n y proyectos de marcas blancas, este producto es especialmente adecuado para aplicaciones de cocina asi\u00e1tica como tteokbokki, sopas y platos salteados.<\/p>\n<ul>\n<li data-start=\"708\" data-end=\"906\">Alternativa al pastel de arroz bajo en calor\u00edas<\/li>\n<li data-start=\"708\" data-end=\"906\">Alto contenido en fibra diet\u00e9tica (glucomanano)<\/li>\n<li data-start=\"708\" data-end=\"906\">Sin gluten y a base de plantas<\/li>\n<li data-start=\"708\" data-end=\"906\">Textura suave y masticable<\/li>\n<li data-start=\"708\" data-end=\"906\">Listo para cocinar<\/li>\n<\/ul>","protected":false},"featured_media":3686,"comment_status":"open","ping_status":"closed","template":"","meta":[],"product_brand":[],"product_cat":[91],"product_tag":[],"class_list":{"0":"post-3685","1":"product","2":"type-product","3":"status-publish","4":"has-post-thumbnail","6":"product_cat-konjac-vegan-food","8":"first","9":"instock","10":"shipping-taxable","11":"product-type-simple"},"_links":{"self":[{"href":"https:\/\/scmlkj.com\/es\/wp-json\/wp\/v2\/product\/3685","targetHints":{"allow":["GET"]}}],"collection":[{"href":"https:\/\/scmlkj.com\/es\/wp-json\/wp\/v2\/product"}],"about":[{"href":"https:\/\/scmlkj.com\/es\/wp-json\/wp\/v2\/types\/product"}],"replies":[{"embeddable":true,"href":"https:\/\/scmlkj.com\/es\/wp-json\/wp\/v2\/comments?post=3685"}],"wp:featuredmedia":[{"embeddable":true,"href":"https:\/\/scmlkj.com\/es\/wp-json\/wp\/v2\/media\/3686"}],"wp:attachment":[{"href":"https:\/\/scmlkj.com\/es\/wp-json\/wp\/v2\/media?parent=3685"}],"wp:term":[{"taxonomy":"product_brand","embeddable":true,"href":"https:\/\/scmlkj.com\/es\/wp-json\/wp\/v2\/product_brand?post=3685"},{"taxonomy":"product_cat","embeddable":true,"href":"https:\/\/scmlkj.com\/es\/wp-json\/wp\/v2\/product_cat?post=3685"},{"taxonomy":"product_tag","embeddable":true,"href":"https:\/\/scmlkj.com\/es\/wp-json\/wp\/v2\/product_tag?post=3685"}],"curies":[{"name":"wp","href":"https:\/\/api.w.org\/{rel}","templated":true}]}}