{"id":581,"date":"2025-11-14T04:24:19","date_gmt":"2025-11-14T04:24:19","guid":{"rendered":"https:\/\/scmlkj.com\/?post_type=product&#038;p=581"},"modified":"2026-04-12T07:21:26","modified_gmt":"2026-04-12T07:21:26","slug":"arroz-konjac-humedo","status":"publish","type":"product","link":"https:\/\/scmlkj.com\/es\/productos\/arroz-konjac-humedo\/","title":{"rendered":"Arroz Shirataki Konjac h\u00famedo bajo en calor\u00edas"},"content":{"rendered":"<h2 class=\"wp-block-heading\">Informaci\u00f3n b\u00e1sica<\/h2>\n\n\n\n<p>El arroz konjac se produce a partir de <strong>Polvo de konjac (glucomanano)<\/strong> y agua utilizando tecnolog\u00eda de procesamiento controlado.<br>Es un <strong>alternativa al arroz baja en calor\u00edas<\/strong> rico en fibra diet\u00e9tica soluble y ampliamente utilizado en los mercados de alimentos funcionales y adelgazantes.<\/p>\n\n\n\n<p>Esta versi\u00f3n h\u00fameda ofrece:<\/p>\n\n\n\n<ul class=\"wp-block-list\">\n<li>No es necesario remojar.<\/li>\n\n\n\n<li>Preparaci\u00f3n m\u00e1s r\u00e1pida<\/li>\n\n\n\n<li>Textura del arroz m\u00e1s suave y natural.<\/li>\n\n\n\n<li>F\u00e1cil adopci\u00f3n para los consumidores primerizos.<\/li>\n<\/ul>\n\n\n\n<h2 class=\"wp-block-heading\">Informaci\u00f3n nutricional<\/h2>\n\n\n\n<figure class=\"wp-block-table\"><table class=\"has-fixed-layout\"><tbody><tr><td><strong>Art\u00edculo<\/strong><\/td><td><strong>Por cada 100 g<\/strong><\/td><td><strong>NRV%<\/strong><\/td><\/tr><tr><td>Energ\u00eda<\/td><td>25 kJ<\/td><td>0%<\/td><\/tr><tr><td>Prote\u00edna<\/td><td>0 g<\/td><td>0%<\/td><\/tr><tr><td>Grasa<\/td><td>0 g<\/td><td>0%<\/td><\/tr><tr><td>Carbohidrato<\/td><td>0 g<\/td><td>0%<\/td><\/tr><tr><td>Fibra diet\u00e9tica<\/td><td>3,1 g<\/td><td>0%<\/td><\/tr><tr><td>Sodio<\/td><td>0 g<\/td><td>0%<\/td><\/tr><\/tbody><\/table><\/figure>\n\n\n\n<h2 class=\"wp-block-heading\">Especificaciones del producto<\/h2>\n\n\n\n<figure class=\"wp-block-table\"><table class=\"has-fixed-layout\"><tbody><tr><td><strong>Art\u00edculo<\/strong><\/td><td><strong>Detalles<\/strong><\/td><\/tr><tr><td>Nombre del producto<\/td><td>Arroz Shirataki Konjac h\u00famedo bajo en calor\u00edas<\/td><\/tr><tr><td>Tipo de producto<\/td><td>Arroz konjac h\u00famedo<\/td><\/tr><tr><td>Estilo<\/td><td>Listo para comer<\/td><\/tr><tr><td>Contenido neto<\/td><td><strong>270 g<\/strong> (s\u00f3lido \u2265 200 g)<\/td><\/tr><tr><td>Caracter\u00edstica<\/td><td>Sin grasas \u00b7 Bajo en calor\u00edas<\/td><\/tr><tr><td>Ingredientes principales<\/td><td>Agua pura, polvo de konjac.<\/td><\/tr><tr><td>Grasa<\/td><td><strong>Cero<\/strong><\/td><\/tr><tr><td>Az\u00facar<\/td><td><strong>Cero<\/strong><\/td><\/tr><tr><td>Sin gluten<\/td><td>S\u00ed<\/td><\/tr><tr><td>Fibra diet\u00e9tica<\/td><td><strong><strong>3,1 g \/ 100 g<\/strong><\/strong><\/td><\/tr><tr><td>Vida \u00fatil<\/td><td>12 meses<\/td><\/tr><tr><td>Embalaje<\/td><td>Bolsa <\/td><\/tr><tr><td>Certificaciones<\/td><td>BRC \u00b7 IFS \u00b7 HACCP \u00b7 HALAL \u00b7 KOSHER \u00b7 NOP \u00b7 ECOL\u00d3GICO DE LA UE<\/td><\/tr><tr><td>Marca<\/td><td>Aceptado por el fabricante de equipos originales (OEM)<\/td><\/tr><tr><td>Lugar de origen<\/td><td>Sichuan, China<\/td><\/tr><\/tbody><\/table><\/figure>\n\n\n\n<h2 class=\"wp-block-heading\">Ingredientes<\/h2>\n\n\n\n<p>Agua pura<\/p>\n\n\n\n<p>Polvo de konjac<\/p>\n\n\n\n<p>\u2714 Sin arroz \u00b7 sin trigo \u00b7 sin cereales \u00b7 sin grasas \u00b7 sin az\u00facar<\/p>\n\n\n\n<h2 class=\"wp-block-heading\">Beneficios para la salud y el adelgazamiento<\/h2>\n\n\n\n<p><strong>Sustituto alimenticio sin grasas<\/strong><\/p>\n\n\n\n<p>Con <strong>0 grasas, 0 az\u00facares y muy bajas en calor\u00edas.<\/strong>, Este arroz konjac ayuda a sustituir los alimentos b\u00e1sicos ricos en calor\u00edas sin sacrificar la satisfacci\u00f3n de la comida.<\/p>\n\n\n\n<hr class=\"wp-block-separator has-alpha-channel-opacity\"\/>\n\n\n\n<p><strong>Fibra diet\u00e9tica altamente soluble<\/strong><\/p>\n\n\n\n<p>Glucomanano de konjac:<\/p>\n\n\n\n<ul class=\"wp-block-list\">\n<li>absorbe agua y se expande en el est\u00f3mago<\/li>\n\n\n\n<li>aumenta la sensaci\u00f3n de saciedad<\/li>\n\n\n\n<li>ayuda a reducir el hambre y la ingesta de calor\u00edas<\/li>\n<\/ul>\n\n\n\n<p>Ayuda a controlar el peso a largo plazo.<\/p>\n\n\n\n<hr class=\"wp-block-separator has-alpha-channel-opacity\"\/>\n\n\n\n<p><strong>Apto para diab\u00e9ticos<\/strong><\/p>\n\n\n\n<p>Su bajo impacto gluc\u00e9mico lo hace adecuado para:<\/p>\n\n\n\n<ul class=\"wp-block-list\">\n<li>dietas para diab\u00e9ticos<\/li>\n\n\n\n<li>planes de comidas con bajo \u00edndice gluc\u00e9mico<\/li>\n\n\n\n<li>gesti\u00f3n de la salud metab\u00f3lica<\/li>\n<\/ul>\n\n\n\n<h2 class=\"wp-block-heading\">C\u00f3mo prepararse<\/h2>\n\n\n\n<ol class=\"wp-block-list\">\n<li>Escurrir y enjuagar el arroz konjac.<\/li>\n\n\n\n<li>Calor para <strong>2 minutos<\/strong> (hervir, cocinar en el microondas o saltear)<\/li>\n\n\n\n<li>\u00daselo como sustituto directo del arroz normal.<\/li>\n<\/ol>\n\n\n\n<p>Ideal para:<\/p>\n\n\n\n<ul class=\"wp-block-list\">\n<li>boles de arroz diet\u00e9ticos<\/li>\n\n\n\n<li>platos de curry<\/li>\n\n\n\n<li>planes de sustituci\u00f3n de comidas<\/li>\n\n\n\n<li>almuerzos con control cal\u00f3rico<\/li>\n<\/ul>\n\n\n\n<p>Para conocer m\u00e1s formas de cocinar, consulte nuestra <strong><a href=\"https:\/\/scmlkj.com\/es\/receta-de-konjac\/\">Gu\u00eda de recetas<\/a><\/strong><\/p>\n\n\n\n<h2 class=\"wp-block-heading\">Opciones de OEM \/ Marca privada<\/h2>\n\n\n\n<ul class=\"wp-block-list\">\n<li>Tama\u00f1o del paquete personalizado (100 g\/500 g\/1 kg\/5 kg\/25 kg a granel)<\/li>\n\n\n\n<li>Envases para venta al por menor o para servicios de restauraci\u00f3n<\/li>\n\n\n\n<li>Versiones con certificaci\u00f3n ecol\u00f3gica<\/li>\n\n\n\n<li>Mezclas de arroz mixtas (konjac + avena \/ konjac + calabaza)<\/li>\n\n\n\n<li>Apoyo en el dise\u00f1o y la creaci\u00f3n de marcas privadas<\/li>\n<\/ul>\n\n\n\n<p>\u00bfQuieres a\u00f1adir un <strong>alternativa al arroz baja en calor\u00edas<\/strong> \u00bfA su cartera de productos?<br><a href=\"https:\/\/scmlkj.com\/es\/pongase-en-contacto-con\/\">P\u00f3ngase en contacto con <strong>Ma\u00f1ana del Este<\/strong><\/a> para <strong><a href=\"https:\/\/scmlkj.com\/es\/mayorista-de-arroz-konjac\/\">Arroz Konjac OEM<\/a><\/strong>, <a href=\"https:\/\/scmlkj.com\/es\/solicitud-de-muestra-gratuita\/\">muestras<\/a>, y soluciones de precios al por mayor.<\/p>","protected":false},"excerpt":{"rendered":"<p data-start=\"539\" data-end=\"871\">El Arroz H\u00famedo de Konjac Shirataki Bajo en Calor\u00edas de Eastern Morning es un sustituto de arroz listo para consumir, sin grasa, elaborado con agua purificada y polvo de konjac. Con una textura suave similar al arroz, sabor neutro y calor\u00edas extremadamente bajas, est\u00e1 dise\u00f1ado como alimento b\u00e1sico de reemplazo de comidas para el control de peso, dietas bajas en carbohidratos y una alimentaci\u00f3n diaria saludable.<\/p>\n<p data-start=\"873\" data-end=\"1028\">Envasado en formato h\u00famedo para garantizar su frescura y comodidad, este producto solo requiere un calentamiento r\u00e1pido y puede sustituir directamente al arroz tradicional en cualquier comida.<\/p>\n<ul>\n<li data-start=\"1500\" data-end=\"1533\">\n<p data-start=\"1502\" data-end=\"1533\"><strong data-start=\"1502\" data-end=\"1531\">Sustituto alimenticio sin grasas<\/strong><\/p>\n<\/li>\n<li data-start=\"1534\" data-end=\"1590\">\n<p data-start=\"1536\" data-end=\"1590\"><strong data-start=\"1536\" data-end=\"1561\">Extremadamente bajo en calor\u00edas<\/strong> \u2013 Ideal para dietas adelgazantes.<\/p>\n<\/li>\n<li data-start=\"1591\" data-end=\"1639\">\n<p data-start=\"1593\" data-end=\"1639\"><strong data-start=\"1593\" data-end=\"1618\">Alto contenido en fibra diet\u00e9tica<\/strong> \u2013 Favorece la saciedad.<\/p>\n<\/li>\n<li data-start=\"1640\" data-end=\"1699\">\n<p data-start=\"1642\" data-end=\"1699\"><strong data-start=\"1642\" data-end=\"1669\">Formato h\u00famedo listo para consumir<\/strong> \u2013 Textura suave y agradable.<\/p>\n<\/li>\n<li data-start=\"1700\" data-end=\"1749\">\n<p data-start=\"1702\" data-end=\"1749\"><strong data-start=\"1702\" data-end=\"1730\">Sin olor y sabor neutro<\/strong> \u2013 Sin olor a konjac.<\/p>\n<\/li>\n<li data-start=\"1750\" data-end=\"1782\">\n<p data-start=\"1752\" data-end=\"1782\"><strong data-start=\"1752\" data-end=\"1780\">Sin gluten \u00b7 Sin cereales<\/strong><\/p>\n<\/li>\n<li data-start=\"1783\" data-end=\"1812\">\n<p data-start=\"1785\" data-end=\"1812\"><strong data-start=\"1785\" data-end=\"1810\">Bajo en carbohidratos \u00b7 Sin az\u00facar<\/strong><\/p>\n<\/li>\n<li data-start=\"1813\" data-end=\"1848\">\n<p data-start=\"1815\" data-end=\"1848\"><strong data-start=\"1815\" data-end=\"1848\">OEM \/ Marca privada disponible<\/strong><\/p>\n<\/li>\n<\/ul>","protected":false},"featured_media":2765,"comment_status":"open","ping_status":"closed","template":"","meta":[],"product_brand":[],"product_cat":[29],"product_tag":[],"class_list":{"0":"post-581","1":"product","2":"type-product","3":"status-publish","4":"has-post-thumbnail","6":"product_cat-konjac-rice-series","8":"first","9":"instock","10":"shipping-taxable","11":"product-type-simple"},"_links":{"self":[{"href":"https:\/\/scmlkj.com\/es\/wp-json\/wp\/v2\/product\/581","targetHints":{"allow":["GET"]}}],"collection":[{"href":"https:\/\/scmlkj.com\/es\/wp-json\/wp\/v2\/product"}],"about":[{"href":"https:\/\/scmlkj.com\/es\/wp-json\/wp\/v2\/types\/product"}],"replies":[{"embeddable":true,"href":"https:\/\/scmlkj.com\/es\/wp-json\/wp\/v2\/comments?post=581"}],"wp:featuredmedia":[{"embeddable":true,"href":"https:\/\/scmlkj.com\/es\/wp-json\/wp\/v2\/media\/2765"}],"wp:attachment":[{"href":"https:\/\/scmlkj.com\/es\/wp-json\/wp\/v2\/media?parent=581"}],"wp:term":[{"taxonomy":"product_brand","embeddable":true,"href":"https:\/\/scmlkj.com\/es\/wp-json\/wp\/v2\/product_brand?post=581"},{"taxonomy":"product_cat","embeddable":true,"href":"https:\/\/scmlkj.com\/es\/wp-json\/wp\/v2\/product_cat?post=581"},{"taxonomy":"product_tag","embeddable":true,"href":"https:\/\/scmlkj.com\/es\/wp-json\/wp\/v2\/product_tag?post=581"}],"curies":[{"name":"wp","href":"https:\/\/api.w.org\/{rel}","templated":true}]}}