{"id":1179,"date":"2025-11-19T13:27:58","date_gmt":"2025-11-19T13:27:58","guid":{"rendered":"https:\/\/scmlkj.com\/?post_type=product&#038;p=1179"},"modified":"2026-02-09T08:46:49","modified_gmt":"2026-02-09T08:46:49","slug":"nouilles-konjac-a-faible-teneur-en-glucides-et-ceto","status":"publish","type":"product","link":"https:\/\/scmlkj.com\/fr\/produits\/nouilles-konjac-a-faible-teneur-en-glucides-et-ceto\/","title":{"rendered":"Nouilles Shirataki Low Carb et Keto"},"content":{"rendered":"<p>La stabilit\u00e9 du produit est obtenue gr\u00e2ce \u00e0 un traitement humide contr\u00f4l\u00e9 et \u00e0 un emballage scell\u00e9, sans utilisation de conservateurs artificiels.<\/p>\n\n\n\n<h2 class=\"wp-block-heading\">Informations nutritionnelles<\/h2>\n\n\n\n<figure class=\"wp-block-table\"><table class=\"has-fixed-layout\"><tbody><tr><td><strong>Nutriment<\/strong><\/td><td><strong>Unit\u00e9s<\/strong><\/td><td><strong>Valeur pour 100 g<\/strong><\/td><\/tr><tr><td>\u00c9nergie<\/td><td>kJ \/ kcal<\/td><td>25 kJ \/ 5 kcal<\/td><\/tr><tr><td>Glucide<\/td><td>g<\/td><td>Moins de 0,1<\/td><\/tr><tr><td>Prot\u00e9ine<\/td><td>g<\/td><td>Moins de 0,1<\/td><\/tr><tr><td>Gras<\/td><td>g<\/td><td>0<\/td><\/tr><tr><td>Fibres alimentaires<\/td><td>g<\/td><td>2.7<\/td><\/tr><tr><td>Sucre<\/td><td>g<\/td><td>0<\/td><\/tr><tr><td>Sodium<\/td><td>mg<\/td><td>0<\/td><\/tr><\/tbody><\/table><\/figure>\n\n\n\n<h2 class=\"wp-block-heading\">Informations de base<\/h2>\n\n\n\n<figure class=\"wp-block-table\"><table class=\"has-fixed-layout\"><tbody><tr><td><strong>Article<\/strong><\/td><td><strong>D\u00e9tails<\/strong><\/td><\/tr><tr><td>Nom du produit<\/td><td>Nouilles Shirataki Low Carb et Keto<\/td><\/tr><tr><td>Type de produit<\/td><td>Nouilles de konjac humides<\/td><\/tr><tr><td>Style<\/td><td>Instantan\u00e9 \u00b7 Pr\u00eat \u00e0 consommer<\/td><\/tr><tr><td>Fonctionnalit\u00e9<\/td><td>Faible teneur en glucides, sans mati\u00e8res grasses<\/td><\/tr><tr><td>Type de traitement<\/td><td>Production contr\u00f4l\u00e9e par voie humide<\/td><\/tr><tr><td>Go\u00fbt<\/td><td>Neutre<\/td><\/tr><tr><td>Odeur<\/td><td>Sans odeur<\/td><\/tr><tr><td>Apparence<\/td><td>Brilles de spaghetti longues et fines<\/td><\/tr><tr><td>Sp\u00e9cification<\/td><td>270 g \/ sac<\/td><\/tr><tr><td>Ingr\u00e9dient principal<\/td><td><br>Farine de konjac, eau<\/td><\/tr><tr><td>Contenu<\/td><td>Farine de konjac pure<\/td><\/tr><tr><td>Temps de cuisson<\/td><td>2 minutes<\/td><\/tr><tr><td>Dur\u00e9e de conservation<\/td><td>18 mois<\/td><\/tr><tr><td>Type de stockage<\/td><td>Temp\u00e9rature ambiante<\/td><\/tr><tr><td>Nom de marque<\/td><td>Eastern Morning<\/td><\/tr><\/tbody><\/table><\/figure>\n\n\n\n<p><\/p>\n\n\n\n<h2 class=\"wp-block-heading\"><strong>Emballage et livraison<\/strong><\/h2>\n\n\n\n<figure class=\"wp-block-table\"><table class=\"has-fixed-layout\"><tbody><tr><td><strong>Article<\/strong><\/td><td><strong>D\u00e9tails<\/strong><\/td><\/tr><tr><td>Unit\u00e9 de vente<\/td><td>Article unique<\/td><\/tr><tr><td>Taille du paquet<\/td><td>12 \u00d7 10 \u00d7 18 cm<\/td><\/tr><tr><td>Poids brut<\/td><td>0,280 kg<\/td><\/tr><tr><td>Emballage<\/td><td>Sac<\/td><\/tr><tr><td>Logo personnalis\u00e9<\/td><td>Disponible (quantit\u00e9 minimale : 10 000 sacs)<\/td><\/tr><\/tbody><\/table><\/figure>\n\n\n\n<p><\/p>\n\n\n\n<h2 class=\"wp-block-heading\">Comment cuisiner<\/h2>\n\n\n\n<p><strong>Pr\u00eat en 2 minutes<\/strong><\/p>\n\n\n\n<ol class=\"wp-block-list\">\n<li>\u00c9goutter et rincer <strong>2 \u00e0 3 fois<\/strong>.<\/li>\n\n\n\n<li>Chauffer ou blanchir pour <strong>1 minute<\/strong>.<\/li>\n<\/ol>\n\n\n\n<h3 class=\"wp-block-heading\">Id\u00e9al pour :<\/h3>\n\n\n\n<p>Plats de spaghetti classiques \u00e0 l'italienne<\/p>\n\n\n\n<p>Programmes de pr\u00e9paration de repas c\u00e9to et \u00e0 faible teneur en glucides<\/p>\n\n\n\n<p>Bols de p\u00e2tes v\u00e9g\u00e9taliens et \u00e0 base de plantes<\/p>\n\n\n\n<p>Repas de remise en forme ax\u00e9s sur les prot\u00e9ines<\/p>\n\n\n\n<p>Solutions pr\u00eates \u00e0 consommer et kits de repas<\/p>\n\n\n\n<p>Des alternatives saines aux p\u00e2tes vendues au d\u00e9tail<\/p>\n\n\n\n<p>Sa saveur neutre le rend compatible avec toutes les sauces \u00e0 faible teneur en glucides ou compatibles avec le r\u00e9gime c\u00e9to.<\/p>\n\n\n\n<h2 class=\"wp-block-heading\"><strong>Certifications<\/strong><\/h2>\n\n\n\n<p>ISO \u00b7 HACCP \u00b7 HALAL \u00b7 KOSHER \u00b7 BRC \u00b7 IFS \u00b7 BIOLOGIQUE UE \u00b7 BIOLOGIQUE USDA<\/p>","protected":false},"excerpt":{"rendered":"<p data-start=\"495\" data-end=\"783\">Une coupe longue classique <strong data-start=\"514\" data-end=\"534\">Spaghetti au konjac<\/strong> con\u00e7ue comme le substitut parfait faible en glucides et faible en calories des spaghettis de bl\u00e9 traditionnels. Sa texture lisse, sa saveur neutre et son excellente absorption des sauces en font un produit id\u00e9al pour les plats de p\u00e2tes, les kits repas, les marques de vente au d\u00e9tail sant\u00e9 et les clients en marque propre.<\/p>\n<ul>\n<li data-start=\"819\" data-end=\"906\">\n<p data-start=\"821\" data-end=\"906\"><strong data-start=\"821\" data-end=\"852\">Forme de spaghetti traditionnelle<\/strong> \u2013 Longues et fines brilles adapt\u00e9es \u00e0 tous les plats de p\u00e2tes.<\/p>\n<\/li>\n<li data-start=\"907\" data-end=\"997\">\n<p data-start=\"909\" data-end=\"997\"><strong data-start=\"909\" data-end=\"939\">Tr\u00e8s faible teneur en calories (5 kcal)<\/strong> \u2013 Id\u00e9al pour la perte de poids, les r\u00e9gimes c\u00e9tog\u00e8nes et adapt\u00e9s aux diab\u00e9tiques.<\/p>\n<\/li>\n<li data-start=\"998\" data-end=\"1078\">\n<p data-start=\"1000\" data-end=\"1078\"><strong data-start=\"1000\" data-end=\"1039\">SANS MATI\u00c8RES GRASSES \u00b7 SANS GLUTEN \u00b7 SANS BL\u00c9<\/strong> \u2013 \u00c9tiquette propre et adapt\u00e9 aux allerg\u00e8nes.<\/p>\n<\/li>\n<li data-start=\"1079\" data-end=\"1158\">\n<p data-start=\"1081\" data-end=\"1158\"><strong data-start=\"1081\" data-end=\"1113\">SANS AR\u00d4MES ARTIFICIELS AJOUT\u00c9S<\/strong> \u2013 Go\u00fbt neutre qui s\u2019accorde avec toutes les sauces.<\/p>\n<\/li>\n<li data-start=\"1159\" data-end=\"1229\">\n<p data-start=\"1161\" data-end=\"1229\"><strong data-start=\"1161\" data-end=\"1187\">SANS CONSERVATEURS AJOUT\u00c9S<\/strong> \u2013 Se conserve naturellement pendant 18 mois.<\/p>\n<\/li>\n<li data-start=\"1230\" data-end=\"1288\">\n<p data-start=\"1232\" data-end=\"1288\"><strong data-start=\"1232\" data-end=\"1251\">SOURCE DE FIBRES<\/strong> \u2013 Favorise la digestion et la sati\u00e9t\u00e9.<\/p>\n<\/li>\n<li data-start=\"1289\" data-end=\"1370\">\n<p data-start=\"1291\" data-end=\"1370\"><strong data-start=\"1291\" data-end=\"1313\">Pr\u00eat en 2 minutes<\/strong> \u2013 P\u00e2tes de style humide, faciles \u00e0 pr\u00e9parer pour la vente au d\u00e9tail et la restauration.<\/p>\n<\/li>\n<li data-start=\"1371\" data-end=\"1457\">\n<p data-start=\"1373\" data-end=\"1457\"><strong data-start=\"1373\" data-end=\"1396\">OEM \/ Marque propre<\/strong> \u2013 Emballage personnalis\u00e9, cr\u00e9ation graphique et \u00e9paisseur de spaghetti disponibles.<\/p>\n<\/li>\n<\/ul>","protected":false},"featured_media":2762,"comment_status":"open","ping_status":"closed","template":"","meta":[],"product_brand":[],"product_cat":[49],"product_tag":[],"class_list":{"0":"post-1179","1":"product","2":"type-product","3":"status-publish","4":"has-post-thumbnail","6":"product_cat-wet-konjac-noodles","8":"first","9":"instock","10":"shipping-taxable","11":"product-type-simple"},"_links":{"self":[{"href":"https:\/\/scmlkj.com\/fr\/wp-json\/wp\/v2\/product\/1179","targetHints":{"allow":["GET"]}}],"collection":[{"href":"https:\/\/scmlkj.com\/fr\/wp-json\/wp\/v2\/product"}],"about":[{"href":"https:\/\/scmlkj.com\/fr\/wp-json\/wp\/v2\/types\/product"}],"replies":[{"embeddable":true,"href":"https:\/\/scmlkj.com\/fr\/wp-json\/wp\/v2\/comments?post=1179"}],"wp:featuredmedia":[{"embeddable":true,"href":"https:\/\/scmlkj.com\/fr\/wp-json\/wp\/v2\/media\/2762"}],"wp:attachment":[{"href":"https:\/\/scmlkj.com\/fr\/wp-json\/wp\/v2\/media?parent=1179"}],"wp:term":[{"taxonomy":"product_brand","embeddable":true,"href":"https:\/\/scmlkj.com\/fr\/wp-json\/wp\/v2\/product_brand?post=1179"},{"taxonomy":"product_cat","embeddable":true,"href":"https:\/\/scmlkj.com\/fr\/wp-json\/wp\/v2\/product_cat?post=1179"},{"taxonomy":"product_tag","embeddable":true,"href":"https:\/\/scmlkj.com\/fr\/wp-json\/wp\/v2\/product_tag?post=1179"}],"curies":[{"name":"wp","href":"https:\/\/api.w.org\/{rel}","templated":true}]}}