{"id":1182,"date":"2025-11-19T13:28:36","date_gmt":"2025-11-19T13:28:36","guid":{"rendered":"https:\/\/scmlkj.com\/?post_type=product&#038;p=1182"},"modified":"2026-04-12T07:32:52","modified_gmt":"2026-04-12T07:32:52","slug":"nouilles-ramen-au-konjac","status":"publish","type":"product","link":"https:\/\/scmlkj.com\/fr\/produits\/nouilles-ramen-au-konjac\/","title":{"rendered":"Nouilles Shirataki Konjac Ramen sans gluten"},"content":{"rendered":"<p><\/p>\n\n\n\n<h2 class=\"wp-block-heading\">Informations nutritionnelles<\/h2>\n\n\n\n<figure class=\"wp-block-table\"><table class=\"has-fixed-layout\"><tbody><tr><td><strong>Nutriment<\/strong><\/td><td><strong>Unit\u00e9s<\/strong><\/td><td><strong>Valeur pour 100 g<\/strong><\/td><\/tr><tr><td>\u00c9nergie<\/td><td>kJ \/ kcal<\/td><td>25 kJ \/ 5 kcal<\/td><\/tr><tr><td>Glucide<\/td><td>g<\/td><td>Moins de 0,1<\/td><\/tr><tr><td>Prot\u00e9ine<\/td><td>g<\/td><td>Moins de 0,1<\/td><\/tr><tr><td>Gras<\/td><td>g<\/td><td>0<\/td><\/tr><tr><td>Fibres alimentaires<\/td><td>g<\/td><td>2.7<\/td><\/tr><tr><td>Sucre<\/td><td>g<\/td><td>0<\/td><\/tr><tr><td>Sodium<\/td><td>mg<\/td><td>0<\/td><\/tr><\/tbody><\/table><\/figure>\n\n\n\n<h2 class=\"wp-block-heading\">Informations de base<\/h2>\n\n\n\n<figure class=\"wp-block-table\"><table class=\"has-fixed-layout\"><tbody><tr><td><strong>Article<\/strong><\/td><td><strong>D\u00e9tails<\/strong><\/td><\/tr><tr><td>Nom du produit<\/td><td>Nouilles Shirataki Konjac Ramen sans gluten<\/td><\/tr><tr><td>Type de produit<\/td><td>Ramen de konjac humide<\/td><\/tr><tr><td>Style<\/td><td>Instantan\u00e9 - Pr\u00eat apr\u00e8s un bref chauffage<\/td><\/tr><tr><td>Fonctionnalit\u00e9<\/td><td>Faible teneur en glucides - Sans gluten - Sans mati\u00e8res grasses<\/td><\/tr><tr><td>Type de traitement<\/td><td>Fait main<\/td><\/tr><tr><td>Go\u00fbt<\/td><td>Neutre<\/td><\/tr><tr><td>Odeur<\/td><td>Pas d'odeur de konjac<\/td><\/tr><tr><td>Apparence<\/td><td>Ronde et \u00e9lastique \u00e0 la mani\u00e8re des ramens <a href=\"https:\/\/scmlkj.com\/fr\/product-category\/nouilles-de-konjac-humides\/\">nouilles konjac<\/a><\/td><\/tr><tr><td>Sp\u00e9cification<\/td><td>270 g \/ sac<\/td><\/tr><tr><td>Ingr\u00e9dient principal<\/td><td><br>Eau, farine de konjac, hydroxyde de calcium<\/td><\/tr><tr><td>Contenu<\/td><td>Farine de konjac pure<\/td><\/tr><tr><td>Temps de cuisson<\/td><td>2 minutes<\/td><\/tr><tr><td>Dur\u00e9e de conservation<\/td><td>18 mois<\/td><\/tr><tr><td>Type de stockage<\/td><td>Temp\u00e9rature ambiante<\/td><\/tr><tr><td>Nom de marque<\/td><td>Eastern Morning<\/td><\/tr><\/tbody><\/table><\/figure>\n\n\n\n<p><\/p>\n\n\n\n<h2 class=\"wp-block-heading\">Emballage et livraison<\/h2>\n\n\n\n<figure class=\"wp-block-table\"><table class=\"has-fixed-layout\"><tbody><tr><td><strong>Article<\/strong><\/td><td><strong>D\u00e9tails<\/strong><\/td><\/tr><tr><td>Unit\u00e9 de vente<\/td><td>Article unique<\/td><\/tr><tr><td>Taille du paquet<\/td><td>12 \u00d7 10 \u00d7 18 cm<\/td><\/tr><tr><td>Poids brut<\/td><td>0,280 kg<\/td><\/tr><tr><td>Emballage<\/td><td>Sac<\/td><\/tr><tr><td>Logo personnalis\u00e9<\/td><td>Disponible (quantit\u00e9 minimale : 10 000 sacs)<\/td><\/tr><\/tbody><\/table><\/figure>\n\n\n\n<p><\/p>\n\n\n\n<h2 class=\"wp-block-heading\">Comment cuisiner<\/h2>\n\n\n\n<p><strong>Pr\u00eat en 2 minutes<\/strong><\/p>\n\n\n\n<ol class=\"wp-block-list\">\n<li>\u00c9goutter et rincer <strong>2 \u00e0 3 fois<\/strong>.<\/li>\n\n\n\n<li>Chauffer\/blanchir pendant <strong>1 minute<\/strong>.<\/li>\n<\/ol>\n\n\n\n<h3 class=\"wp-block-heading\">Id\u00e9al pour :<\/h3>\n\n\n\n<p>Les nouilles rondes de type Ramen garantissent une excellente sensation en bouche et une bonne compatibilit\u00e9 avec le bouillon, m\u00eame dans les soupes chaudes et \u00e9pic\u00e9es.<\/p>\n\n\n\n<ul class=\"wp-block-list\">\n<li>Bols de ramen \u00e0 la japonaise<\/li>\n\n\n\n<li>Ramen au bouillon \u00e9pic\u00e9<\/li>\n\n\n\n<li>ramen au miso<\/li>\n\n\n\n<li>bols de ramen v\u00e9g\u00e9taliens\/\u00e0 faible teneur en glucides<\/li>\n\n\n\n<li>plats de ramen saut\u00e9s<\/li>\n\n\n\n<li>kits repas et plats cuisin\u00e9s<\/li>\n<\/ul>\n\n\n\n<p>Leur texture \u00e9lastique et leur pr\u00e9paration rapide en font des nouilles id\u00e9ales pour la restauration et le commerce de d\u00e9tail.<\/p>\n\n\n\n<h2 class=\"wp-block-heading\">Certifications<\/h2>\n\n\n\n<p>ISO \u00b7 HACCP \u00b7 HALAL \u00b7 KOSHER \u00b7 BRC \u00b7 IFS \u00b7 BIOLOGIQUE UE \u00b7 BIOLOGIQUE USDA<\/p>","protected":false},"excerpt":{"rendered":"<p>Un produit doux et \u00e9lastique <strong data-start=\"538\" data-end=\"571\">Nouilles Ramen Konjac Shirataki<\/strong> con\u00e7u pour imiter la texture des ramen traditionnels tout en restant tr\u00e8s faible en calories, sans gluten, sans bl\u00e9 et clean-label. Parfait pour les magasins de ramen, les supermarch\u00e9s asiatiques, les kits de repas sains et les marques de distributeur ciblant les march\u00e9s \u00e0 faible teneur en glucides ou sans allerg\u00e8nes.<\/p>\n<ul>\n<li data-start=\"869\" data-end=\"935\">\n<p data-start=\"871\" data-end=\"935\"><strong data-start=\"871\" data-end=\"900\">Nouilles rondes fa\u00e7on Ramen<\/strong> - Texture souple et agr\u00e9able \u00e0 d\u00e9guster.<\/p>\n<\/li>\n<li data-start=\"936\" data-end=\"1029\">\n<p data-start=\"938\" data-end=\"1029\"><strong data-start=\"938\" data-end=\"968\">Tr\u00e8s faible teneur en calories (5 kcal)<\/strong> - Parfait pour les consommateurs c\u00e9to, diab\u00e9tiques et au r\u00e9gime.<\/p>\n<\/li>\n<li data-start=\"1030\" data-end=\"1121\">\n<p data-start=\"1032\" data-end=\"1121\"><strong data-start=\"1032\" data-end=\"1060\">SANS GLUTEN - SANS BL\u00c9<\/strong> - Sans danger pour les clients sensibles aux r\u00e9gimes alimentaires et aux allergies.<\/p>\n<\/li>\n<li data-start=\"1122\" data-end=\"1191\">\n<p data-start=\"1124\" data-end=\"1191\"><strong data-start=\"1124\" data-end=\"1136\">GRAISSE Z\u00c9RO<\/strong> - Id\u00e9al pour les produits de contr\u00f4le du poids et les produits \"clean label\".<\/p>\n<\/li>\n<li data-start=\"1192\" data-end=\"1271\">\n<p data-start=\"1194\" data-end=\"1271\"><strong data-start=\"1194\" data-end=\"1226\">SANS AR\u00d4MES ARTIFICIELS AJOUT\u00c9S<\/strong> - Go\u00fbt neutre qui absorbe la saveur du bouillon.<\/p>\n<\/li>\n<li data-start=\"1272\" data-end=\"1342\">\n<p data-start=\"1274\" data-end=\"1342\"><strong data-start=\"1274\" data-end=\"1300\">SANS CONSERVATEURS AJOUT\u00c9S<\/strong> \u2013 Se conserve naturellement pendant 18 mois.<\/p>\n<\/li>\n<li data-start=\"1343\" data-end=\"1401\">\n<p data-start=\"1345\" data-end=\"1401\"><strong data-start=\"1345\" data-end=\"1364\">SOURCE DE FIBRES<\/strong> \u2013 Favorise la digestion et la sati\u00e9t\u00e9.<\/p>\n<\/li>\n<li data-start=\"1402\" data-end=\"1490\">\n<p data-start=\"1404\" data-end=\"1490\"><strong data-start=\"1404\" data-end=\"1433\">Pr\u00eat pour OEM \/ marque priv\u00e9e<\/strong> - Possibilit\u00e9 de personnaliser l'emballage, le graphisme et l'\u00e9paisseur du ramen.<\/p>\n<\/li>\n<\/ul>","protected":false},"featured_media":711,"comment_status":"open","ping_status":"closed","template":"","meta":[],"product_brand":[],"product_cat":[49],"product_tag":[],"class_list":{"0":"post-1182","1":"product","2":"type-product","3":"status-publish","4":"has-post-thumbnail","6":"product_cat-wet-konjac-noodles","8":"first","9":"instock","10":"shipping-taxable","11":"product-type-simple"},"_links":{"self":[{"href":"https:\/\/scmlkj.com\/fr\/wp-json\/wp\/v2\/product\/1182","targetHints":{"allow":["GET"]}}],"collection":[{"href":"https:\/\/scmlkj.com\/fr\/wp-json\/wp\/v2\/product"}],"about":[{"href":"https:\/\/scmlkj.com\/fr\/wp-json\/wp\/v2\/types\/product"}],"replies":[{"embeddable":true,"href":"https:\/\/scmlkj.com\/fr\/wp-json\/wp\/v2\/comments?post=1182"}],"wp:featuredmedia":[{"embeddable":true,"href":"https:\/\/scmlkj.com\/fr\/wp-json\/wp\/v2\/media\/711"}],"wp:attachment":[{"href":"https:\/\/scmlkj.com\/fr\/wp-json\/wp\/v2\/media?parent=1182"}],"wp:term":[{"taxonomy":"product_brand","embeddable":true,"href":"https:\/\/scmlkj.com\/fr\/wp-json\/wp\/v2\/product_brand?post=1182"},{"taxonomy":"product_cat","embeddable":true,"href":"https:\/\/scmlkj.com\/fr\/wp-json\/wp\/v2\/product_cat?post=1182"},{"taxonomy":"product_tag","embeddable":true,"href":"https:\/\/scmlkj.com\/fr\/wp-json\/wp\/v2\/product_tag?post=1182"}],"curies":[{"name":"wp","href":"https:\/\/api.w.org\/{rel}","templated":true}]}}