{"id":1849,"date":"2025-11-29T07:16:45","date_gmt":"2025-11-29T07:16:45","guid":{"rendered":"https:\/\/scmlkj.com\/?post_type=product&#038;p=1849"},"modified":"2026-04-12T07:31:22","modified_gmt":"2026-04-12T07:31:22","slug":"nouilles-shirataki-a-la-tomate-en-vrac","status":"publish","type":"product","link":"https:\/\/scmlkj.com\/fr\/produits\/nouilles-shirataki-a-la-tomate-en-vrac\/","title":{"rendered":"Nouilles Shirataki \u00e0 la tomate en vrac"},"content":{"rendered":"<p>L'extrait de tomate est utilis\u00e9 principalement pour l'infusion de couleur naturelle, tout en conservant un profil de saveur neutre convenant \u00e0 une large gamme de recettes.<\/p>\n\n\n\n<h2 class=\"wp-block-heading\">Informations nutritionnelles<\/h2>\n\n\n\n<figure class=\"wp-block-table\"><table class=\"has-fixed-layout\"><tbody><tr><td><strong>Nutriment<\/strong><\/td><td><strong>Unit\u00e9s<\/strong><\/td><td><strong>Valeur pour 100 g<\/strong><\/td><\/tr><tr><td>\u00c9nergie<\/td><td>kJ \/ kcal<\/td><td>25 kJ \/ 5 kcal<\/td><\/tr><tr><td>Glucide<\/td><td>g<\/td><td>Moins de 0,1<\/td><\/tr><tr><td>Prot\u00e9ine<\/td><td>g<\/td><td>Moins de 0,1<\/td><\/tr><tr><td>Gras<\/td><td>g<\/td><td>0<\/td><\/tr><tr><td>Fibres alimentaires<\/td><td>g<\/td><td>2.7<\/td><\/tr><tr><td>Sucre<\/td><td>g<\/td><td>0<\/td><\/tr><tr><td>Sodium<\/td><td>mg<\/td><td>0<\/td><\/tr><\/tbody><\/table><\/figure>\n\n\n\n<h2 class=\"wp-block-heading\">Informations de base<\/h2>\n\n\n\n<figure class=\"wp-block-table\"><table class=\"has-fixed-layout\"><tbody><tr><td><strong>Article<\/strong><\/td><td><strong>D\u00e9tails<\/strong><\/td><\/tr><tr><td>Nom du produit<\/td><td>Nouilles Shirataki \u00e0 la tomate<\/td><\/tr><tr><td>Type de produit<\/td><td>Nouilles instantan\u00e9es au konjac<\/td><\/tr><tr><td>Style<\/td><td>Humide, frais<\/td><\/tr><tr><td>Fonctionnalit\u00e9<\/td><td>Faible teneur en glucides, sans mati\u00e8res grasses<\/td><\/tr><tr><td>Type de traitement<\/td><td>Production contr\u00f4l\u00e9e par voie humide<\/td><\/tr><tr><td>Go\u00fbt<\/td><td>Neutre<\/td><\/tr><tr><td>Odeur<\/td><td>Sans odeur<\/td><\/tr><tr><td>Apparence<\/td><td>Rouge clair \/ nouilles \u00e0 la tomate<\/td><\/tr><tr><td>Sp\u00e9cification<\/td><td>270 g \/ sac<\/td><\/tr><tr><td>Ingr\u00e9dient principal<\/td><td><br>Farine de konjac, eau, extrait\/poudre de tomate<\/td><\/tr><tr><td>Contenu<\/td><td>Farine de konjac pure<\/td><\/tr><tr><td>Temps de cuisson<\/td><td>2 minutes<\/td><\/tr><tr><td>Dur\u00e9e de conservation<\/td><td>15 mois<\/td><\/tr><tr><td>Type de stockage<\/td><td>Temp\u00e9rature ambiante<\/td><\/tr><tr><td>Nom de marque<\/td><td>Eastern Morning<\/td><\/tr><\/tbody><\/table><\/figure>\n\n\n\n<h2 class=\"wp-block-heading\">Applications recommand\u00e9es<\/h2>\n\n\n\n<p>Production de kits repas et d'aliments pr\u00eats \u00e0 consommer<\/p>\n\n\n\n<p>Lignes de nouilles pour la vente au d\u00e9tail sous marque de distributeur<\/p>\n\n\n\n<p>P\u00e2tes \u00e0 faible teneur en glucides pour la restauration<\/p>\n\n\n\n<p>Nouilles \u00e0 base neutre pour les sauces tomates ou sal\u00e9es<\/p>\n\n\n\n<p>Approvisionnement en ingr\u00e9dients en vrac pour les marques d'aliments sains<\/p>\n\n\n\n<h2 class=\"wp-block-heading\">Emballage et livraison<\/h2>\n\n\n\n<figure class=\"wp-block-table\"><table class=\"has-fixed-layout\"><tbody><tr><td><strong>Article<\/strong><\/td><td><strong>D\u00e9tails<\/strong><\/td><\/tr><tr><td>Unit\u00e9 de vente<\/td><td>Article unique<\/td><\/tr><tr><td>Taille du paquet<\/td><td>12 \u00d7 10 \u00d7 18 cm<\/td><\/tr><tr><td>Poids brut<\/td><td>0,280 kg<\/td><\/tr><tr><td>Emballage<\/td><td>Sac<\/td><\/tr><tr><td>Logo personnalis\u00e9<\/td><td>Disponible (quantit\u00e9 minimale : 10 000 sacs)<\/td><\/tr><\/tbody><\/table><\/figure>\n\n\n\n<p><\/p>\n\n\n\n<h2 class=\"wp-block-heading\">Comment cuisiner<\/h2>\n\n\n\n<p><strong>Pr\u00eat en 2 minutes<\/strong><\/p>\n\n\n\n<ol class=\"wp-block-list\">\n<li><strong>Vidange<\/strong> le liquide et <strong>rincer 2 \u00e0 3 fois<\/strong> avec de l'eau propre.<\/li>\n\n\n\n<li><strong>Blanchir<\/strong> dans le p\u00e9trin pour <strong>1 minute<\/strong>.<\/li>\n\n\n\n<li>Profitez avec <strong>soupes, saut\u00e9s, salades, rago\u00fbts<\/strong>, ou tout plat \u00e0 base de p\u00e2tes.<\/li>\n<\/ol>\n\n\n\n<p><\/p>\n\n\n\n<h2 class=\"wp-block-heading\">Certifications<\/h2>\n\n\n\n<p>ISO \u00b7 HACCP \u00b7 HALAL \u00b7 KOSHER \u00b7 BRC \u00b7 IFS \u00b7 BIOLOGIQUE UE \u00b7 BIOLOGIQUE USDA<\/p>\n\n\n\n<p><\/p>","protected":false},"excerpt":{"rendered":"<p>Color\u00e9 naturellement <strong data-start=\"502\" data-end=\"529\">Nouilles Shirataki \u00e0 la tomate<\/strong> \u00e0 base de farine de konjac additionn\u00e9e d'extrait de tomate. Label propre, faible teneur en glucides, sans mati\u00e8res grasses, id\u00e9al pour les marques d'aliments sains, les kits de repas et les d\u00e9taillants de marques priv\u00e9es. Parfait pour l'approvisionnement en vrac, les formules OEM et la distribution internationale.<\/p>\n<ul>\n<li data-start=\"794\" data-end=\"869\">\n<p data-start=\"796\" data-end=\"869\"><strong data-start=\"796\" data-end=\"823\">Infusion naturelle de tomates<\/strong> - Couleur rouge tendre, go\u00fbt net et neutre.<\/p>\n<\/li>\n<li data-start=\"870\" data-end=\"973\">\n<p data-start=\"872\" data-end=\"973\"><strong data-start=\"872\" data-end=\"904\">Ultra faible en calories et en glucides<\/strong> \u2013 Seulement <strong data-start=\"912\" data-end=\"931\">5 kcal pour 100 g<\/strong>Id\u00e9al pour les repas c\u00e9to et les repas de contr\u00f4le du poids.<\/p>\n<\/li>\n<li data-start=\"974\" data-end=\"1040\">\n<p data-start=\"976\" data-end=\"1040\"><strong data-start=\"976\" data-end=\"998\">Pr\u00eat en 2 minutes<\/strong> - Nouilles instantan\u00e9es pratiques de type humide.<\/p>\n<\/li>\n<li data-start=\"1041\" data-end=\"1117\">\n<p data-start=\"1043\" data-end=\"1117\"><strong data-start=\"1043\" data-end=\"1074\">Sans sucre, sans graisse, sans gluten<\/strong> - 100% produit v\u00e9g\u00e9tal, clean-label.<\/p>\n<\/li>\n<li data-start=\"1118\" data-end=\"1215\">\n<p data-start=\"1120\" data-end=\"1215\"><strong data-start=\"1120\" data-end=\"1151\">Parfait pour l'approvisionnement en vrac B2B<\/strong> - Livraison directe par l'usine, approvisionnement stable, personnalisation OEM possible.<\/p>\n<\/li>\n<li data-start=\"1216\" data-end=\"1310\">\n<p data-start=\"1218\" data-end=\"1310\"><strong data-start=\"1218\" data-end=\"1252\">Certifications aux Normes Internationales<\/strong> - ISO, HACCP, HALAL, KOSHER, BRC, IFS, produits biologiques de l'UE et de l'USDA.<\/p>\n<\/li>\n<\/ul>","protected":false},"featured_media":1852,"comment_status":"open","ping_status":"closed","template":"","meta":[],"product_brand":[],"product_cat":[48],"product_tag":[],"class_list":{"0":"post-1849","1":"product","2":"type-product","3":"status-publish","4":"has-post-thumbnail","6":"product_cat-organic-konjac-pasta","8":"first","9":"instock","10":"shipping-taxable","11":"product-type-simple"},"_links":{"self":[{"href":"https:\/\/scmlkj.com\/fr\/wp-json\/wp\/v2\/product\/1849","targetHints":{"allow":["GET"]}}],"collection":[{"href":"https:\/\/scmlkj.com\/fr\/wp-json\/wp\/v2\/product"}],"about":[{"href":"https:\/\/scmlkj.com\/fr\/wp-json\/wp\/v2\/types\/product"}],"replies":[{"embeddable":true,"href":"https:\/\/scmlkj.com\/fr\/wp-json\/wp\/v2\/comments?post=1849"}],"wp:featuredmedia":[{"embeddable":true,"href":"https:\/\/scmlkj.com\/fr\/wp-json\/wp\/v2\/media\/1852"}],"wp:attachment":[{"href":"https:\/\/scmlkj.com\/fr\/wp-json\/wp\/v2\/media?parent=1849"}],"wp:term":[{"taxonomy":"product_brand","embeddable":true,"href":"https:\/\/scmlkj.com\/fr\/wp-json\/wp\/v2\/product_brand?post=1849"},{"taxonomy":"product_cat","embeddable":true,"href":"https:\/\/scmlkj.com\/fr\/wp-json\/wp\/v2\/product_cat?post=1849"},{"taxonomy":"product_tag","embeddable":true,"href":"https:\/\/scmlkj.com\/fr\/wp-json\/wp\/v2\/product_tag?post=1849"}],"curies":[{"name":"wp","href":"https:\/\/api.w.org\/{rel}","templated":true}]}}