{"id":1853,"date":"2025-11-29T08:22:39","date_gmt":"2025-11-29T08:22:39","guid":{"rendered":"https:\/\/scmlkj.com\/?post_type=product&#038;p=1853"},"modified":"2026-04-30T11:37:22","modified_gmt":"2026-04-30T11:37:22","slug":"pates-de-moringa-et-konjac-nouilles-shirataki","status":"publish","type":"product","link":"https:\/\/scmlkj.com\/fr\/produits\/pates-de-moringa-et-konjac-nouilles-shirataki\/","title":{"rendered":"P\u00e2tes Moringa Konjac Nouilles Shirataki\u00a0"},"content":{"rendered":"<p>L'extrait de moringa est utilis\u00e9 pour apporter une couleur verte naturelle et un positionnement fonctionnel de superaliment, tout en conservant une base neutre en go\u00fbt convenant \u00e0 diverses cuisines.<\/p>\n\n\n\n<figure class=\"wp-block-image size-large\"><img fetchpriority=\"high\" decoding=\"async\" width=\"1024\" height=\"576\" src=\"https:\/\/scmlkj.com\/wp-content\/uploads\/2025\/11\/spinach-konjac-noodles-shirataki-plant-based-pasta-1024x576.jpg\" alt=\"Nouilles shirataki au moringa konjac \u00e0 base d&#039;ingr\u00e9dients d&#039;origine v\u00e9g\u00e9tale, alternative saine et fonctionnelle aux p\u00e2tes \u00e0 faible teneur en glucides\" class=\"wp-image-3720\" srcset=\"https:\/\/scmlkj.com\/wp-content\/uploads\/2025\/11\/spinach-konjac-noodles-shirataki-plant-based-pasta-1024x576.jpg 1024w, https:\/\/scmlkj.com\/wp-content\/uploads\/2025\/11\/spinach-konjac-noodles-shirataki-plant-based-pasta-300x169.jpg 300w, https:\/\/scmlkj.com\/wp-content\/uploads\/2025\/11\/spinach-konjac-noodles-shirataki-plant-based-pasta-768x432.jpg 768w, https:\/\/scmlkj.com\/wp-content\/uploads\/2025\/11\/spinach-konjac-noodles-shirataki-plant-based-pasta-1536x864.jpg 1536w, https:\/\/scmlkj.com\/wp-content\/uploads\/2025\/11\/spinach-konjac-noodles-shirataki-plant-based-pasta-18x10.jpg 18w, https:\/\/scmlkj.com\/wp-content\/uploads\/2025\/11\/spinach-konjac-noodles-shirataki-plant-based-pasta-600x338.jpg 600w, https:\/\/scmlkj.com\/wp-content\/uploads\/2025\/11\/spinach-konjac-noodles-shirataki-plant-based-pasta.jpg 1600w\" sizes=\"(max-width: 1024px) 100vw, 1024px\" \/><\/figure>\n\n\n\n<h2 class=\"wp-block-heading\">Informations nutritionnelles<\/h2>\n\n\n\n<figure class=\"wp-block-table\"><table class=\"has-fixed-layout\"><tbody><tr><td><strong>Nutriment<\/strong><\/td><td><strong>Unit\u00e9s<\/strong><\/td><td><strong>Valeur pour 100 g<\/strong><\/td><\/tr><tr><td>\u00c9nergie<\/td><td>kJ \/ kcal<\/td><td>25 kJ \/ 5 kcal<\/td><\/tr><tr><td>Glucide<\/td><td>g<\/td><td>Moins de 0,1<\/td><\/tr><tr><td>Prot\u00e9ine<\/td><td>g<\/td><td>Moins de 0,1<\/td><\/tr><tr><td>Gras<\/td><td>g<\/td><td>0<\/td><\/tr><tr><td>Fibres alimentaires<\/td><td>g<\/td><td>2.7<\/td><\/tr><tr><td>Sucre<\/td><td>g<\/td><td>0<\/td><\/tr><tr><td>Sodium<\/td><td>mg<\/td><td>0<\/td><\/tr><\/tbody><\/table><\/figure>\n\n\n\n<h2 class=\"wp-block-heading\">Informations de base<\/h2>\n\n\n\n<figure class=\"wp-block-table\"><table class=\"has-fixed-layout\"><tbody><tr><td><strong>Article<\/strong><\/td><td><strong>D\u00e9tails<\/strong><\/td><\/tr><tr><td>Nom du produit<\/td><td>P\u00e2tes au moringa et au konjac<\/td><\/tr><tr><td>Type de produit<\/td><td>Nouilles instantan\u00e9es au konjac<\/td><\/tr><tr><td>Style<\/td><td>Humide, frais<\/td><\/tr><tr><td>Fonctionnalit\u00e9<\/td><td>Faible teneur en glucides, sans mati\u00e8res grasses<\/td><\/tr><tr><td>Type de traitement<\/td><td>Production contr\u00f4l\u00e9e par voie humide<\/td><\/tr><tr><td>Go\u00fbt<\/td><td>Saveur neutre<\/td><\/tr><tr><td>Odeur<\/td><td>Sans odeur<\/td><\/tr><tr><td>Apparence<\/td><td>Nouilles naturelles infus\u00e9es au moringa vert<\/td><\/tr><tr><td>Sp\u00e9cification<\/td><td>270 g \/ sac<\/td><\/tr><tr><td>Ingr\u00e9dient principal<\/td><td><br>Farine de konjac, eau, extrait\/poudre de moringa<\/td><\/tr><tr><td>Contenu<\/td><td>Farine de konjac pure<\/td><\/tr><tr><td>Temps de cuisson<\/td><td>2 minutes<\/td><\/tr><tr><td>Dur\u00e9e de conservation<\/td><td>15 mois<\/td><\/tr><tr><td>Type de stockage<\/td><td>Temp\u00e9rature ambiante<\/td><\/tr><tr><td>Nom de marque<\/td><td>Eastern Morning<\/td><\/tr><\/tbody><\/table><\/figure>\n\n\n\n<h2 class=\"wp-block-heading\">Applications recommand\u00e9es<\/h2>\n\n\n\n<p>Kits de repas fonctionnels et superfoods<\/p>\n\n\n\n<p>Gammes de produits alimentaires v\u00e9g\u00e9taliens et \u00e0 base de plantes<\/p>\n\n\n\n<p>Des p\u00e2tes \u00e0 faible teneur en glucides et compatibles avec le r\u00e9gime alimentaire des v\u00e9g\u00e9tariens<\/p>\n\n\n\n<p>Produits de d\u00e9tail ax\u00e9s sur le bien-\u00eatre<\/p>\n\n\n\n<p>Fusion asiatique et plats \u00e0 base de super-aliments verts<\/p>\n\n\n\n<h2 class=\"wp-block-heading\">Emballage et livraison<\/h2>\n\n\n\n<figure class=\"wp-block-table\"><table class=\"has-fixed-layout\"><tbody><tr><td><strong>Article<\/strong><\/td><td><strong>D\u00e9tails<\/strong><\/td><\/tr><tr><td>Unit\u00e9 de vente<\/td><td>Article unique<\/td><\/tr><tr><td>Taille du paquet<\/td><td>12 \u00d7 10 \u00d7 18 cm<\/td><\/tr><tr><td>Poids brut<\/td><td>0,280 kg<\/td><\/tr><tr><td>Emballage<\/td><td>Sac<\/td><\/tr><tr><td>Logo personnalis\u00e9<\/td><td>Disponible (quantit\u00e9 minimale : 10 000 sacs)<\/td><\/tr><\/tbody><\/table><\/figure>\n\n\n\n<figure class=\"wp-block-image size-large\"><img decoding=\"async\" width=\"1024\" height=\"576\" src=\"https:\/\/scmlkj.com\/wp-content\/uploads\/2026\/04\/Cooked-Moringa-Konjac-Noodles-Ready-to-Eat-Shirataki-1024x576.jpg\" alt=\"Nouilles shirataki au moringa et au konjac cuites, servies dans un bol, repas sain \u00e0 base de plantes et \u00e0 faible teneur en glucides\" class=\"wp-image-3726\" srcset=\"https:\/\/scmlkj.com\/wp-content\/uploads\/2026\/04\/Cooked-Moringa-Konjac-Noodles-Ready-to-Eat-Shirataki-1024x576.jpg 1024w, https:\/\/scmlkj.com\/wp-content\/uploads\/2026\/04\/Cooked-Moringa-Konjac-Noodles-Ready-to-Eat-Shirataki-300x169.jpg 300w, https:\/\/scmlkj.com\/wp-content\/uploads\/2026\/04\/Cooked-Moringa-Konjac-Noodles-Ready-to-Eat-Shirataki-768x432.jpg 768w, https:\/\/scmlkj.com\/wp-content\/uploads\/2026\/04\/Cooked-Moringa-Konjac-Noodles-Ready-to-Eat-Shirataki-1536x864.jpg 1536w, https:\/\/scmlkj.com\/wp-content\/uploads\/2026\/04\/Cooked-Moringa-Konjac-Noodles-Ready-to-Eat-Shirataki-18x10.jpg 18w, https:\/\/scmlkj.com\/wp-content\/uploads\/2026\/04\/Cooked-Moringa-Konjac-Noodles-Ready-to-Eat-Shirataki-600x338.jpg 600w, https:\/\/scmlkj.com\/wp-content\/uploads\/2026\/04\/Cooked-Moringa-Konjac-Noodles-Ready-to-Eat-Shirataki.jpg 1600w\" sizes=\"(max-width: 1024px) 100vw, 1024px\" \/><\/figure>\n\n\n\n<h2 class=\"wp-block-heading\">Comment cuisiner<\/h2>\n\n\n\n<p><strong>Pr\u00eat en 2 minutes<\/strong><\/p>\n\n\n\n<ol class=\"wp-block-list\">\n<li>\u00c9gouttez le liquide et rincez. <strong>2 \u00e0 3 fois<\/strong>.<\/li>\n\n\n\n<li>Blanchir dans de l'eau chaude pendant <strong>1 minute<\/strong>.<\/li>\n\n\n\n<li>Servir avec :\n<ul class=\"wp-block-list\">\n<li>salades<\/li>\n\n\n\n<li>plats de p\u00e2tes \u00e0 faible teneur en glucides<\/li>\n\n\n\n<li>Bols fusion asiatiques<\/li>\n\n\n\n<li>kits repas v\u00e9g\u00e9taliens<\/li>\n\n\n\n<li>saut\u00e9s<\/li>\n<\/ul>\n<\/li>\n<\/ol>\n\n\n\n<p>Le moringa ajoute une couleur naturelle et un attrait nutritionnel tout en conservant un go\u00fbt l\u00e9ger.<\/p>\n\n\n\n<h2 class=\"wp-block-heading\">Certifications<\/h2>\n\n\n\n<p>ISO \u00b7 HACCP \u00b7 HALAL \u00b7 KOSHER \u00b7 BRC \u00b7 IFS \u00b7 BIOLOGIQUE UE \u00b7 BIOLOGIQUE USDA<\/p>","protected":false},"excerpt":{"rendered":"<p>A <strong data-start=\"496\" data-end=\"536\">P\u00e2tes vertes au konjac enrichies en superaliments<\/strong> Fabriqu\u00e9 \u00e0 partir de farine de konjac de premi\u00e8re qualit\u00e9 et d'extrait naturel de moringa. Faible teneur en glucides, sans mati\u00e8res grasses, sans sucre, id\u00e9al pour les marques d'aliments sains, les cat\u00e9gories v\u00e9g\u00e9taliennes et les acheteurs de marques priv\u00e9es \u00e0 la recherche d'ingr\u00e9dients uniques et fonctionnels.<\/p>\n<ul>\n<li data-start=\"784\" data-end=\"883\">\n<p data-start=\"786\" data-end=\"883\"><strong data-start=\"786\" data-end=\"808\">Infusion superalimentaire<\/strong> \u2013 Le moringa naturel apporte une couleur verte et pure et un attrait sant\u00e9 haut de gamme.<\/p>\n<\/li>\n<li data-start=\"884\" data-end=\"975\">\n<p data-start=\"886\" data-end=\"975\"><strong data-start=\"886\" data-end=\"907\">Tr\u00e8s faible en calories<\/strong> \u2013 Seulement <strong data-start=\"915\" data-end=\"934\">5 kcal pour 100 g<\/strong>, id\u00e9al pour les march\u00e9s de la perte de poids et du r\u00e9gime c\u00e9tog\u00e8ne.<\/p>\n<\/li>\n<li data-start=\"976\" data-end=\"1052\">\n<p data-start=\"978\" data-end=\"1052\"><strong data-start=\"978\" data-end=\"1001\">Commodit\u00e9 instantan\u00e9e<\/strong> \u2013 P\u00e2tes konjac de type \u00ab wet \u00bb pr\u00eates en <strong data-start=\"1036\" data-end=\"1049\">2 minutes<\/strong>.<\/p>\n<\/li>\n<li data-start=\"1053\" data-end=\"1140\">\n<p data-start=\"1055\" data-end=\"1140\"><strong data-start=\"1055\" data-end=\"1072\">Go\u00fbt neutre<\/strong> \u2013 Le moringa n'affecte que la couleur ; le go\u00fbt reste doux pour tous les types de cuisine.<\/p>\n<\/li>\n<li data-start=\"1141\" data-end=\"1219\">\n<p data-start=\"1143\" data-end=\"1219\"><strong data-start=\"1143\" data-end=\"1165\">Riche en fibres alimentaires<\/strong> \u2013 Favorise la sensation de sati\u00e9t\u00e9 ; id\u00e9al pour les kits repas sains.<\/p>\n<\/li>\n<li data-start=\"1220\" data-end=\"1321\">\n<p data-start=\"1222\" data-end=\"1321\"><strong data-start=\"1222\" data-end=\"1254\">Certifications d'exportation mondiales<\/strong> \u2013 ISO, HACCP, HALAL, KOSHER, BRC, IFS, Bio UE, Bio USDA.<\/p>\n<\/li>\n<li data-start=\"1322\" data-end=\"1402\">\n<p data-start=\"1324\" data-end=\"1402\"><strong data-start=\"1324\" data-end=\"1357\">Id\u00e9al pour les \u00e9quipementiers \/ marques priv\u00e9es<\/strong> \u2013 Emballages et formulations personnalis\u00e9s disponibles.<\/p>\n<\/li>\n<\/ul>","protected":false},"featured_media":1856,"comment_status":"open","ping_status":"closed","template":"","meta":[],"product_brand":[],"product_cat":[48],"product_tag":[],"class_list":{"0":"post-1853","1":"product","2":"type-product","3":"status-publish","4":"has-post-thumbnail","6":"product_cat-organic-konjac-pasta","8":"first","9":"instock","10":"shipping-taxable","11":"product-type-simple"},"_links":{"self":[{"href":"https:\/\/scmlkj.com\/fr\/wp-json\/wp\/v2\/product\/1853","targetHints":{"allow":["GET"]}}],"collection":[{"href":"https:\/\/scmlkj.com\/fr\/wp-json\/wp\/v2\/product"}],"about":[{"href":"https:\/\/scmlkj.com\/fr\/wp-json\/wp\/v2\/types\/product"}],"replies":[{"embeddable":true,"href":"https:\/\/scmlkj.com\/fr\/wp-json\/wp\/v2\/comments?post=1853"}],"wp:featuredmedia":[{"embeddable":true,"href":"https:\/\/scmlkj.com\/fr\/wp-json\/wp\/v2\/media\/1856"}],"wp:attachment":[{"href":"https:\/\/scmlkj.com\/fr\/wp-json\/wp\/v2\/media?parent=1853"}],"wp:term":[{"taxonomy":"product_brand","embeddable":true,"href":"https:\/\/scmlkj.com\/fr\/wp-json\/wp\/v2\/product_brand?post=1853"},{"taxonomy":"product_cat","embeddable":true,"href":"https:\/\/scmlkj.com\/fr\/wp-json\/wp\/v2\/product_cat?post=1853"},{"taxonomy":"product_tag","embeddable":true,"href":"https:\/\/scmlkj.com\/fr\/wp-json\/wp\/v2\/product_tag?post=1853"}],"curies":[{"name":"wp","href":"https:\/\/api.w.org\/{rel}","templated":true}]}}