{"id":2051,"date":"2025-12-06T08:51:52","date_gmt":"2025-12-06T08:51:52","guid":{"rendered":"https:\/\/scmlkj.com\/?post_type=product&#038;p=2051"},"modified":"2026-04-12T07:29:00","modified_gmt":"2026-04-12T07:29:00","slug":"nouilles-instantanees-en-cup-au-konjac-et-miso","status":"publish","type":"product","link":"https:\/\/scmlkj.com\/fr\/produits\/nouilles-instantanees-en-cup-au-konjac-et-miso\/","title":{"rendered":"Nouilles instantan\u00e9es Miso Konjac"},"content":{"rendered":"<p><\/p>\n\n\n\n<h2 class=\"wp-block-heading\">Sp\u00e9cifications du produit<\/h2>\n\n\n\n<figure class=\"wp-block-table\"><table class=\"has-fixed-layout\"><tbody><tr><td><strong>Article<\/strong><\/td><td><strong>D\u00e9tails<\/strong><\/td><\/tr><tr><td>Nom du produit<\/td><td>Nouilles instantan\u00e9es Miso Konjac<\/td><\/tr><tr><td>Type de produit<\/td><td><a href=\"https:\/\/scmlkj.com\/fr\/product-category\/nouilles-instantanees-au-konjac\/\">Nouilles instantan\u00e9es Konjac en tasse<\/a><\/td><\/tr><tr><td>Poids<\/td><td>90 g de sauce + 120 g de nouilles konjac + 2 g de l\u00e9gumes<\/td><\/tr><tr><td>Saveur<\/td><td>Miso<\/td><\/tr><tr><td>Type de r\u00e9gime alimentaire<\/td><td>C\u00e9tog\u00e8ne \u00b7 Faible teneur en glucides \u00b7 V\u00e9g\u00e9talien<\/td><\/tr><tr><td>Dur\u00e9e de conservation<\/td><td>14 mois<\/td><\/tr><tr><td>Certifications<\/td><td>IFS, BRC, KOSHER, HALAL<\/td><\/tr><tr><td>Statut OGM<\/td><td>Sans OGM<\/td><\/tr><tr><td>Pr\u00e9paration<\/td><td>Rapide et facile<\/td><\/tr><\/tbody><\/table><\/figure>\n\n\n\n<h2 class=\"wp-block-heading\">Ingr\u00e9dients<\/h2>\n\n\n\n<p><strong>Sauce (90 g)<\/strong><\/p>\n\n\n\n<p>Sauce miso <em>(eau, soja \u2013 non OGM, riz, sel alimentaire, alcool alimentaire)<\/em>,<br>Eau, Sucre blanc granul\u00e9, Sauce konbu <em>(eau, algue konbu s\u00e9ch\u00e9e, sel alimentaire)<\/em>,<br>Prot\u00e9ine v\u00e9g\u00e9tale hydrolys\u00e9e acide, Sel alimentaire,<br>Exhausteur de go\u00fbt <em>(5\u2019-ribonucl\u00e9otide disodique)<\/em><\/p>\n\n\n\n<p><strong>Nouilles Konjac (120 g)<\/strong><\/p>\n\n\n\n<p>Eau, poudre de konjac, acide citrique.<\/p>\n\n\n\n<p><strong>L\u00e9gumes (2 g)<\/strong><\/p>\n\n\n\n<p>Oignon, carotte.<\/p>\n\n\n\n<h2 class=\"wp-block-heading\">Mode de pr\u00e9paration (tasse instantan\u00e9e)<\/h2>\n\n\n\n<p>Ouvrez le couvercle et retirez tous les sachets.<\/p>\n\n\n\n<p>Ajouter les nouilles de konjac et les l\u00e9gumes secs dans la tasse.<\/p>\n\n\n\n<p>Verser la sauce miso.<\/p>\n\n\n\n<p>Ajouter de l'eau chaude jusqu'\u00e0 la ligne indiqu\u00e9e (ou passer au micro-ondes pendant 2 \u00e0 3 minutes).<\/p>\n\n\n\n<p>Remuez bien et d\u00e9gustez un repas chaud et savoureux de nouilles au miso et au konjac.<\/p>\n\n\n\n<h2 class=\"wp-block-heading\">Bienfaits pour la sant\u00e9 et fonctionnalit\u00e9s<\/h2>\n\n\n\n<p><strong>Umami japonais r\u00e9confortant<\/strong><br>Le miso et le varech (konbu) apportent une saveur profonde et savoureuse, cr\u00e9ant un bouillon satisfaisant sans lourdeur, id\u00e9al pour les repas quotidiens et sains.<\/p>\n\n\n\n<p><strong>Faible en calories et sans gluten<\/strong><br>Cette tasse de nouilles de konjac offre un confort \u00e0 la japonaise tout en \u00e9tant hypocalorique, pauvre en glucides et sans gluten.<\/p>\n\n\n\n<p><strong>Soutien \u00e0 la gestion du poids<\/strong><br>Les nouilles de konjac contribuent \u00e0 r\u00e9duire l'apport calorique global tout en maintenant la sati\u00e9t\u00e9 et la satisfaction du repas.<\/p>\n\n\n\n<p><strong>Adapt\u00e9 au taux de glyc\u00e9mie<\/strong><br>Avec un faible indice glyc\u00e9mique, les nouilles de konjac aident \u00e0 minimiser les pics de sucre dans le sang, ce qui convient aux r\u00e9gimes adapt\u00e9s aux diab\u00e9tiques.<\/p>\n\n\n\n<p><strong>Sati\u00e9t\u00e9 \u00e9lev\u00e9e<\/strong><br>Riche en fibres alimentaires solubles, le konjac favorise la sati\u00e9t\u00e9 et aide \u00e0 r\u00e9duire les fringales pour une alimentation saine \u00e0 long terme.<\/p>\n\n\n\n<h2 class=\"wp-block-heading\">Options OEM \/ marque priv\u00e9e<\/h2>\n\n\n\n<p>Ces nouilles instantan\u00e9es de konjac aromatis\u00e9es au miso sont con\u00e7ues pour les programmes OEM et les marques de distributeurs, et offrent des solutions flexibles en mati\u00e8re de formulation, d'\u00e9quilibre des saveurs et d'emballage.<\/p>\n\n\n\n<p>Saveurs personnalis\u00e9es (curry rouge, marinara, pesto, tom yum, kimchi, miso, etc.)<\/p>\n\n\n\n<p>Taille de tasse et conception d'emballage personnalis\u00e9es<\/p>\n\n\n\n<p>Proportion de sauce et niveau d'\u00e9pices personnalis\u00e9s<\/p>\n\n\n\n<p>Formules \u00e0 faible teneur en sodium ou sans sucre<\/p>\n\n\n\n<p>\u00c9tiquetage multilingue et assistance en mati\u00e8re de conformit\u00e9<\/p>\n\n\n\n<p>Vous souhaitez lancer votre propre <strong>Nouilles instantan\u00e9es Konjac saines<\/strong> sous votre marque ?<br><a href=\"https:\/\/scmlkj.com\/fr\/contact\/\" data-type=\"link\" data-id=\"https:\/\/scmlkj.com\/contact\/\">Contact <strong>Eastern Morning<\/strong><\/a> pour <a href=\"https:\/\/scmlkj.com\/fr\/nouilles-instantanees-au-konjac\/\">Personnalisation OEM<\/a>, <a href=\"https:\/\/scmlkj.com\/fr\/demande-dechantillon-gratuit\/\">\u00e9chantillons<\/a>et prix de gros.<\/p>\n\n\n\n<p><\/p>","protected":false},"excerpt":{"rendered":"<p>Les Nouilles Instantan\u00e9es en Cup au Konjac et Miso Eastern Morning offrent un bouillon miso r\u00e9confortant et riche en umami, associ\u00e9 \u00e0 des nouilles konjac lisses et satisfaisantes. Chaque cup contient 120g de nouilles konjac, 90g de sauce miso authentique et 2g de l\u00e9gumes, proposant un repas \u00e0 la liste d'ingr\u00e9dients propre, sans culpabilit\u00e9, adapt\u00e9 aux r\u00e9gimes c\u00e9tog\u00e8ne, pauvre en glucides et v\u00e9g\u00e9talien.<\/p>\n<ul>\n<li data-start=\"828\" data-end=\"905\">\n<p data-start=\"830\" data-end=\"905\"><strong data-start=\"830\" data-end=\"855\">Saveur Miso Authentique<\/strong> \u2013 Profil umami traditionnel au miso et algue konbu<\/p>\n<\/li>\n<li data-start=\"906\" data-end=\"980\">\n<p data-start=\"908\" data-end=\"980\"><strong data-start=\"908\" data-end=\"934\">Faible teneur en glucides \u00b7 Faible teneur en calories<\/strong> \u2013 Profitez d'un repas chaud sans exc\u00e8s de calories<\/p>\n<\/li>\n<li data-start=\"981\" data-end=\"1048\">\n<p data-start=\"983\" data-end=\"1048\"><strong data-start=\"983\" data-end=\"1000\">Compatible avec le r\u00e9gime c\u00e9tog\u00e8ne<\/strong> \u2013 Adapt\u00e9 aux r\u00e9gimes c\u00e9tog\u00e8nes et \u00e0 faible indice glyc\u00e9mique<\/p>\n<\/li>\n<li data-start=\"1049\" data-end=\"1107\">\n<p data-start=\"1051\" data-end=\"1107\"><strong data-start=\"1051\" data-end=\"1066\">Sans gluten<\/strong> \u2013 Id\u00e9al pour les consommateurs sensibles au gluten<\/p>\n<\/li>\n<li data-start=\"1108\" data-end=\"1163\">\n<p data-start=\"1110\" data-end=\"1163\"><strong data-start=\"1110\" data-end=\"1128\">Casher et halal<\/strong> \u2013 Conformit\u00e9 internationale \u00e9tendue<\/p>\n<\/li>\n<li data-start=\"1164\" data-end=\"1234\">\n<p data-start=\"1166\" data-end=\"1234\"><strong data-start=\"1166\" data-end=\"1197\">Sans OGM \u00b7 V\u00e9g\u00e9talien \u00e0 base de plantes<\/strong> \u2013 Des ingr\u00e9dients sains et d'origine v\u00e9g\u00e9tale<\/p>\n<\/li>\n<li data-start=\"1235\" data-end=\"1297\">\n<p data-start=\"1237\" data-end=\"1297\"><strong data-start=\"1237\" data-end=\"1253\">Rapide et facile<\/strong> \u2013 Pr\u00eat en quelques minutes, parfait pour les journ\u00e9es charg\u00e9es<\/p>\n<\/li>\n<li data-start=\"1298\" data-end=\"1359\">\n<p data-start=\"1300\" data-end=\"1359\"><strong data-start=\"1300\" data-end=\"1328\">Nouilles Konjac sans odeur<\/strong> \u2013 Go\u00fbt propre, sans odeur de konjac<\/p>\n<\/li>\n<\/ul>","protected":false},"featured_media":2044,"comment_status":"open","ping_status":"closed","template":"","meta":[],"product_brand":[],"product_cat":[53],"product_tag":[],"class_list":{"0":"post-2051","1":"product","2":"type-product","3":"status-publish","4":"has-post-thumbnail","6":"product_cat-instant-konjac-noodles","8":"first","9":"instock","10":"shipping-taxable","11":"product-type-simple"},"_links":{"self":[{"href":"https:\/\/scmlkj.com\/fr\/wp-json\/wp\/v2\/product\/2051","targetHints":{"allow":["GET"]}}],"collection":[{"href":"https:\/\/scmlkj.com\/fr\/wp-json\/wp\/v2\/product"}],"about":[{"href":"https:\/\/scmlkj.com\/fr\/wp-json\/wp\/v2\/types\/product"}],"replies":[{"embeddable":true,"href":"https:\/\/scmlkj.com\/fr\/wp-json\/wp\/v2\/comments?post=2051"}],"wp:featuredmedia":[{"embeddable":true,"href":"https:\/\/scmlkj.com\/fr\/wp-json\/wp\/v2\/media\/2044"}],"wp:attachment":[{"href":"https:\/\/scmlkj.com\/fr\/wp-json\/wp\/v2\/media?parent=2051"}],"wp:term":[{"taxonomy":"product_brand","embeddable":true,"href":"https:\/\/scmlkj.com\/fr\/wp-json\/wp\/v2\/product_brand?post=2051"},{"taxonomy":"product_cat","embeddable":true,"href":"https:\/\/scmlkj.com\/fr\/wp-json\/wp\/v2\/product_cat?post=2051"},{"taxonomy":"product_tag","embeddable":true,"href":"https:\/\/scmlkj.com\/fr\/wp-json\/wp\/v2\/product_tag?post=2051"}],"curies":[{"name":"wp","href":"https:\/\/api.w.org\/{rel}","templated":true}]}}