{"id":2054,"date":"2025-12-06T08:53:12","date_gmt":"2025-12-06T08:53:12","guid":{"rendered":"https:\/\/scmlkj.com\/?post_type=product&#038;p=2054"},"modified":"2026-04-12T07:28:33","modified_gmt":"2026-04-12T07:28:33","slug":"nouilles-instantanees-en-cup-kimchi-konjac","status":"publish","type":"product","link":"https:\/\/scmlkj.com\/fr\/produits\/nouilles-instantanees-en-cup-kimchi-konjac\/","title":{"rendered":"Nouilles instantan\u00e9es Kimchi Konjac"},"content":{"rendered":"<p><\/p>\n\n\n\n<h2 class=\"wp-block-heading\">Sp\u00e9cifications du produit<\/h2>\n\n\n\n<figure class=\"wp-block-table\"><table class=\"has-fixed-layout\"><tbody><tr><td><strong>Article<\/strong><\/td><td><strong>D\u00e9tails<\/strong><\/td><\/tr><tr><td>Nom du produit<\/td><td>Nouilles instantan\u00e9es Kimchi Konjac<\/td><\/tr><tr><td>Type de produit<\/td><td><a href=\"https:\/\/scmlkj.com\/fr\/product-category\/nouilles-instantanees-au-konjac\/\">Nouilles instantan\u00e9es Konjac en tasse<\/a><\/td><\/tr><tr><td>Poids<\/td><td>90 g de sauce + 120 g de nouilles konjac + 2 g de l\u00e9gumes<\/td><\/tr><tr><td>Saveur<\/td><td>Kimchi<\/td><\/tr><tr><td>Type de r\u00e9gime alimentaire<\/td><td>C\u00e9tog\u00e8ne \u00b7 Faible teneur en glucides \u00b7 V\u00e9g\u00e9talien<\/td><\/tr><tr><td>Dur\u00e9e de conservation<\/td><td>14 mois<\/td><\/tr><tr><td>Certifications<\/td><td>IFS, BRC, KOSHER, HALAL<\/td><\/tr><tr><td>Statut OGM<\/td><td>Sans OGM<\/td><\/tr><tr><td>Pr\u00e9paration<\/td><td>Rapide et facile<\/td><\/tr><\/tbody><\/table><\/figure>\n\n\n\n<h2 class=\"wp-block-heading\">Ingr\u00e9dients<\/h2>\n\n\n\n<p><strong>Sauce (90 g)<\/strong><\/p>\n\n\n\n<p>Eau, Sirop de glucose, Sauce piment\u00e9e <em>(poivre, sel alimentaire)<\/em>, Ail, Essence alimentaire, Huile v\u00e9g\u00e9tale, Sucre blanc granul\u00e9, Sel alimentaire, Sauce tomate, Extrait de levure,<br>\u00c9paississant <em>(adipate d'amidon double ac\u00e9tyl\u00e9)<\/em>, \u00c9pices,<br>Exhausteur de go\u00fbt <em>(nucl\u00e9otide disodique \u00e0 la saveur 5')<\/em>,<br>R\u00e9gulateur d'acidit\u00e9 <em>(acide citrique)<\/em>.<\/p>\n\n\n\n<p><strong>Nouilles Konjac (120 g)<\/strong><\/p>\n\n\n\n<p>Eau, poudre de konjac, acide citrique.<\/p>\n\n\n\n<p><strong>L\u00e9gumes (2 g)<\/strong><\/p>\n\n\n\n<p>Oignon, carotte.<\/p>\n\n\n\n<h2 class=\"wp-block-heading\">Mode de pr\u00e9paration (tasse instantan\u00e9e)<\/h2>\n\n\n\n<p>Ouvrez le couvercle et retirez tous les sachets.<\/p>\n\n\n\n<p>Ajouter les nouilles de konjac et les l\u00e9gumes secs dans la tasse.<\/p>\n\n\n\n<p>Verser la sauce kimchi.<\/p>\n\n\n\n<p>Ajouter de l'eau chaude jusqu'\u00e0 la ligne indiqu\u00e9e (ou passer au micro-ondes pendant 2 \u00e0 3 minutes).<\/p>\n\n\n\n<p>Remuez bien et d\u00e9gustez vos nouilles de konjac au kimchi \u00e9pic\u00e9.<\/p>\n\n\n\n<h2 class=\"wp-block-heading\">Les nouilles instantan\u00e9es au kimchi et au konjac : avantages fonctionnels et pour la sant\u00e9<\/h2>\n\n\n\n<ol class=\"wp-block-list\">\n<li><strong>Satisfaction Audacieuse &amp; Acidul\u00e9e<\/strong>  Les \u00e9pices et la sauce piment\u00e9e inspir\u00e9es du kimchi offrent une saveur vive et stimulante pour l'app\u00e9tit tout en gardant le repas l\u00e9ger.<\/li>\n\n\n\n<li><strong>Facilite la gestion du poids<\/strong>  La formulation faible en calories et en glucides aide \u00e0 g\u00e9rer l'apport quotidien sans sacrifier la satisfaction.<\/li>\n\n\n\n<li><strong>Soutien de la Glyc\u00e9mie<\/strong> Les nouilles konjac pr\u00e9sentent un <strong>faible indice glyc\u00e9mique<\/strong>, aidant \u00e0 r\u00e9duire les pics de glyc\u00e9mie.<\/li>\n\n\n\n<li><strong>Augmentation de la sati\u00e9t\u00e9<\/strong>   Riches en fibres alimentaires, les nouilles konjac favorisent la sati\u00e9t\u00e9, r\u00e9duisent les fringales et aident \u00e0 pr\u00e9venir la suralimentation, contribuant ainsi \u00e0 la gestion du poids \u00e0 long terme.<\/li>\n<\/ol>\n\n\n\n<p><\/p>\n\n\n\n<h2 class=\"wp-block-heading\">Options OEM \/ marque priv\u00e9e<\/h2>\n\n\n\n<p>Ces nouilles instantan\u00e9es \u00e0 base de konjac, aromatis\u00e9es au kimchi, ont \u00e9t\u00e9 d\u00e9velopp\u00e9es sp\u00e9cifiquement pour les programmes OEM et les marques de distributeurs, avec des options de formulation et d'emballage flexibles.<\/p>\n\n\n\n<p>Saveurs personnalis\u00e9es (curry rouge, marinara, pesto, tom yum, kimchi, miso, etc.)<\/p>\n\n\n\n<p>Taille de tasse et conception d'emballage personnalis\u00e9es<\/p>\n\n\n\n<p>Proportion de sauce et niveau d'\u00e9pices personnalis\u00e9s<\/p>\n\n\n\n<p>Formules \u00e0 faible teneur en sodium ou sans sucre<\/p>\n\n\n\n<p>\u00c9tiquetage multilingue et assistance en mati\u00e8re de conformit\u00e9<\/p>\n\n\n\n<p>Vous souhaitez lancer votre propre <strong>Nouilles instantan\u00e9es Konjac saines<\/strong> sous votre marque ?<br><a href=\"https:\/\/scmlkj.com\/fr\/contact\/\" data-type=\"link\" data-id=\"https:\/\/scmlkj.com\/contact\/\">Contact <strong>Eastern Morning<\/strong><\/a> pour <a href=\"https:\/\/scmlkj.com\/fr\/nouilles-instantanees-au-konjac\/\">Personnalisation OEM<\/a>, <a href=\"https:\/\/scmlkj.com\/fr\/demande-dechantillon-gratuit\/\">\u00e9chantillons<\/a>et prix de gros.<\/p>\n\n\n\n<p><\/p>","protected":false},"excerpt":{"rendered":"<p data-start=\"509\" data-end=\"870\">Les Nouilles Instantan\u00e9es en Cup Kimchi Konjac d'Eastern Morning offrent le go\u00fbt audacieux, acidul\u00e9 et \u00e9pic\u00e9 inspir\u00e9 du kimchi cor\u00e9en classique, associ\u00e9 \u00e0 des nouilles konjac lisses et sans odeur. Chaque cup contient 120g de nouilles konjac, 90g de sauce style kimchi et 2g de l\u00e9gumes, offrant un repas rapide, satisfaisant et sans culpabilit\u00e9 pour les r\u00e9gimes c\u00e9tog\u00e8ne, faible en glucides et \u00e0 base de plantes.<\/p>\n<ul>\n<li data-start=\"906\" data-end=\"992\">\n<p data-start=\"908\" data-end=\"992\"><strong data-start=\"908\" data-end=\"941\">Saveur Authentique Style Kimchi<\/strong> \u2013 Go\u00fbt \u00e9pic\u00e9, acidul\u00e9 et savoureux d'inspiration cor\u00e9enne<\/p>\n<\/li>\n<li data-start=\"993\" data-end=\"1067\">\n<p data-start=\"995\" data-end=\"1067\"><strong data-start=\"995\" data-end=\"1021\">Faible teneur en glucides \u00b7 Faible teneur en calories<\/strong> \u2013 Profitez d'une saveur audacieuse sans exc\u00e8s de calories<\/p>\n<\/li>\n<li data-start=\"1068\" data-end=\"1135\">\n<p data-start=\"1070\" data-end=\"1135\"><strong data-start=\"1070\" data-end=\"1087\">Compatible avec le r\u00e9gime c\u00e9tog\u00e8ne<\/strong> \u2013 Adapt\u00e9 aux r\u00e9gimes c\u00e9tog\u00e8nes et \u00e0 faible indice glyc\u00e9mique<\/p>\n<\/li>\n<li data-start=\"1136\" data-end=\"1194\">\n<p data-start=\"1138\" data-end=\"1194\"><strong data-start=\"1138\" data-end=\"1153\">Sans gluten<\/strong> \u2013 Id\u00e9al pour les consommateurs sensibles au gluten<\/p>\n<\/li>\n<li data-start=\"1195\" data-end=\"1250\">\n<p data-start=\"1197\" data-end=\"1250\"><strong data-start=\"1197\" data-end=\"1215\">Casher et halal<\/strong> \u2013 Conforme aux normes internationales<\/p>\n<\/li>\n<li data-start=\"1251\" data-end=\"1321\">\n<p data-start=\"1253\" data-end=\"1321\"><strong data-start=\"1253\" data-end=\"1284\">Sans OGM \u00b7 V\u00e9g\u00e9talien \u00e0 base de plantes<\/strong> \u2013 Des ingr\u00e9dients sains et d'origine v\u00e9g\u00e9tale<\/p>\n<\/li>\n<li data-start=\"1322\" data-end=\"1380\">\n<p data-start=\"1324\" data-end=\"1380\"><strong data-start=\"1324\" data-end=\"1340\">Rapide et facile<\/strong> \u2013 Pr\u00eat en quelques minutes pour les emplois du temps charg\u00e9s<\/p>\n<\/li>\n<li data-start=\"1381\" data-end=\"1450\">\n<p data-start=\"1383\" data-end=\"1450\"><strong data-start=\"1383\" data-end=\"1411\">Nouilles Konjac sans odeur<\/strong> \u2013 Go\u00fbt pur, texture onctueuse des nouilles<\/p>\n<\/li>\n<\/ul>","protected":false},"featured_media":2042,"comment_status":"open","ping_status":"closed","template":"","meta":[],"product_brand":[],"product_cat":[53],"product_tag":[],"class_list":{"0":"post-2054","1":"product","2":"type-product","3":"status-publish","4":"has-post-thumbnail","6":"product_cat-instant-konjac-noodles","8":"first","9":"instock","10":"shipping-taxable","11":"product-type-simple"},"_links":{"self":[{"href":"https:\/\/scmlkj.com\/fr\/wp-json\/wp\/v2\/product\/2054","targetHints":{"allow":["GET"]}}],"collection":[{"href":"https:\/\/scmlkj.com\/fr\/wp-json\/wp\/v2\/product"}],"about":[{"href":"https:\/\/scmlkj.com\/fr\/wp-json\/wp\/v2\/types\/product"}],"replies":[{"embeddable":true,"href":"https:\/\/scmlkj.com\/fr\/wp-json\/wp\/v2\/comments?post=2054"}],"wp:featuredmedia":[{"embeddable":true,"href":"https:\/\/scmlkj.com\/fr\/wp-json\/wp\/v2\/media\/2042"}],"wp:attachment":[{"href":"https:\/\/scmlkj.com\/fr\/wp-json\/wp\/v2\/media?parent=2054"}],"wp:term":[{"taxonomy":"product_brand","embeddable":true,"href":"https:\/\/scmlkj.com\/fr\/wp-json\/wp\/v2\/product_brand?post=2054"},{"taxonomy":"product_cat","embeddable":true,"href":"https:\/\/scmlkj.com\/fr\/wp-json\/wp\/v2\/product_cat?post=2054"},{"taxonomy":"product_tag","embeddable":true,"href":"https:\/\/scmlkj.com\/fr\/wp-json\/wp\/v2\/product_tag?post=2054"}],"curies":[{"name":"wp","href":"https:\/\/api.w.org\/{rel}","templated":true}]}}