{"id":2060,"date":"2025-12-06T08:57:36","date_gmt":"2025-12-06T08:57:36","guid":{"rendered":"https:\/\/scmlkj.com\/?post_type=product&#038;p=2060"},"modified":"2026-04-12T07:27:41","modified_gmt":"2026-04-12T07:27:41","slug":"nouilles-instantanees-au-pesto-et-au-konjac","status":"publish","type":"product","link":"https:\/\/scmlkj.com\/fr\/produits\/nouilles-instantanees-au-pesto-et-au-konjac\/","title":{"rendered":"Nouilles instantan\u00e9es Konjac au pesto"},"content":{"rendered":"<p><\/p>\n\n\n\n<h2 class=\"wp-block-heading\">Sp\u00e9cifications du produit<\/h2>\n\n\n\n<figure class=\"wp-block-table\"><table class=\"has-fixed-layout\"><tbody><tr><td><strong>Article<\/strong><\/td><td><strong>D\u00e9tails<\/strong><\/td><\/tr><tr><td>Nom du produit<\/td><td>Nouilles instantan\u00e9es Konjac au pesto<\/td><\/tr><tr><td>Type de produit<\/td><td>Nouilles instantan\u00e9es Konjac en tasse<\/td><\/tr><tr><td>Poids<\/td><td>90 g de sauce + 120 g de nouilles konjac + 2 g de l\u00e9gumes<\/td><\/tr><tr><td>Saveur<\/td><td>Pesto au basilic<\/td><\/tr><tr><td>Type de r\u00e9gime alimentaire<\/td><td>C\u00e9tog\u00e8ne \u00b7 Faible teneur en glucides \u00b7 V\u00e9g\u00e9talien<\/td><\/tr><tr><td>Dur\u00e9e de conservation<\/td><td>14 mois<\/td><\/tr><tr><td>Certifications<\/td><td>IFS, BRC, KOSHER, HALAL<\/td><\/tr><tr><td>Statut OGM<\/td><td>Sans OGM<\/td><\/tr><tr><td>Pr\u00e9paration<\/td><td>Rapide et facile<\/td><\/tr><\/tbody><\/table><\/figure>\n\n\n\n<h2 class=\"wp-block-heading\">Ingr\u00e9dients<\/h2>\n\n\n\n<p><strong>Sauce (90 g)<\/strong><\/p>\n\n\n\n<p>Eau, huile v\u00e9g\u00e9tale, pur\u00e9e\/poudre de basilic, ail, sel comestible, sucre blanc granul\u00e9, extrait de levure, oignon en poudre, ar\u00f4me de pignons de pin (ou alternative sans noix), acide citrique.<br>Exhausteur de go\u00fbt <em>(5'-disodium nucl\u00e9otide)<\/em>, Essence comestible.<\/p>\n\n\n\n<p><strong>Nouilles Konjac (120 g)<\/strong><\/p>\n\n\n\n<p>Eau, poudre de konjac, acide citrique.<\/p>\n\n\n\n<p><strong>L\u00e9gumes (2 g)<\/strong><\/p>\n\n\n\n<p>Oignon, carotte.<\/p>\n\n\n\n<h2 class=\"wp-block-heading\">Mode de pr\u00e9paration (tasse instantan\u00e9e)<\/h2>\n\n\n\n<p>Ouvrez le couvercle et retirez tous les sachets.<\/p>\n\n\n\n<p>Ajouter les nouilles de konjac et les l\u00e9gumes secs dans la tasse.<\/p>\n\n\n\n<p>Verser la sauce pesto.<\/p>\n\n\n\n<p>Ajouter de l'eau chaude jusqu'\u00e0 la ligne indiqu\u00e9e (ou passer au micro-ondes pendant 2 \u00e0 3 minutes).<\/p>\n\n\n\n<p>Remuez bien et savourez un repas de nouilles de konjac au pesto de basilic parfum\u00e9.<\/p>\n\n\n\n<h2 class=\"wp-block-heading\">Bienfaits pour la sant\u00e9 et fonctionnalit\u00e9s<\/h2>\n\n\n\n<p><strong>Confort l\u00e9ger \u00e0 la m\u00e9diterran\u00e9enne<\/strong><br>Le pesto au basilic offre un profil de saveurs fra\u00eeches et aromatiques sans cr\u00e8me ni graisses lourdes, ce qui en fait un repas instantan\u00e9 plus l\u00e9ger de type occidental.<\/p>\n\n\n\n<p><strong>Facilite la gestion du poids<\/strong><br>La formulation hypocalorique et hypoglucidique permet de contr\u00f4ler les calories au quotidien tout en pr\u00e9servant la satisfaction des repas.<\/p>\n\n\n\n<p><strong>Adapt\u00e9 au taux de glyc\u00e9mie<\/strong><br>Les nouilles de konjac ont un faible indice glyc\u00e9mique, ce qui permet de minimiser les pics de glyc\u00e9mie dans le cadre de r\u00e9gimes adapt\u00e9s aux diab\u00e9tiques.<\/p>\n\n\n\n<p><strong>Sati\u00e9t\u00e9 \u00e9lev\u00e9e<\/strong><br>Riche en fibres alimentaires solubles, le konjac favorise la sati\u00e9t\u00e9, aide \u00e0 r\u00e9duire les fringales et soutient des habitudes alimentaires saines \u00e0 long terme.<\/p>\n\n\n\n<p><\/p>\n\n\n\n<h2 class=\"wp-block-heading\">Options OEM \/ marque priv\u00e9e<\/h2>\n\n\n\n<p>Ces nouilles instantan\u00e9es de konjac aromatis\u00e9es au pesto ont \u00e9t\u00e9 d\u00e9velopp\u00e9es sp\u00e9cifiquement pour les programmes OEM et de marques priv\u00e9es, offrant des options flexibles de formulation, d'intensit\u00e9 de la sauce et d'emballage pour diff\u00e9rents march\u00e9s.<\/p>\n\n\n\n<p>Saveurs personnalis\u00e9es (curry rouge, marinara, pesto, tom yum, kimchi, miso, etc.)<\/p>\n\n\n\n<p>Taille de tasse et conception d'emballage personnalis\u00e9es<\/p>\n\n\n\n<p>Proportion de sauce et niveau d'\u00e9pices personnalis\u00e9s<\/p>\n\n\n\n<p>Formules \u00e0 faible teneur en sodium ou sans sucre<\/p>\n\n\n\n<p>\u00c9tiquetage multilingue et assistance en mati\u00e8re de conformit\u00e9<\/p>\n\n\n\n<p>Vous souhaitez lancer votre propre <strong>Nouilles instantan\u00e9es Konjac saines<\/strong> sous votre marque ?<br><a href=\"https:\/\/scmlkj.com\/fr\/contact\/\" data-type=\"link\" data-id=\"https:\/\/scmlkj.com\/contact\/\">Contact <strong>Eastern Morning<\/strong><\/a> pour la personnalisation OEM, <a href=\"https:\/\/scmlkj.com\/fr\/demande-dechantillon-gratuit\/\">\u00e9chantillons<\/a>et prix de gros.<\/p>\n\n\n\n<p><\/p>","protected":false},"excerpt":{"rendered":"<p>Les nouilles instantan\u00e9es Pesto Konjac d'Eastern Morning combinent le go\u00fbt frais et aromatique du pesto au basilic avec des nouilles konjac onctueuses et sans odeur. Chaque tasse offre un profil gustatif occidental satisfaisant tout en restant faible en glucides, faible en calories et \u00e0 base de plantes, ce qui est parfait pour les consommateurs \u00e0 la recherche d'un repas instantan\u00e9 sain mais gourmand.<\/p>\n<ul>\n<li data-start=\"882\" data-end=\"965\">\n<p data-start=\"884\" data-end=\"965\"><strong data-start=\"884\" data-end=\"914\">Saveur classique de pesto au basilic<\/strong> \u2013 Saveur m\u00e9diterran\u00e9enne fra\u00eeche, herbac\u00e9e et aromatique<\/p>\n<\/li>\n<li data-start=\"966\" data-end=\"1039\">\n<p data-start=\"968\" data-end=\"1039\"><strong data-start=\"968\" data-end=\"994\">Faible teneur en glucides \u00b7 Faible teneur en calories<\/strong> \u2013 Savourez une saveur riche sans calories excessives.<\/p>\n<\/li>\n<li data-start=\"1040\" data-end=\"1104\">\n<p data-start=\"1042\" data-end=\"1104\"><strong data-start=\"1042\" data-end=\"1059\">Compatible avec le r\u00e9gime c\u00e9tog\u00e8ne<\/strong> \u2013 Id\u00e9al pour les r\u00e9gimes c\u00e9tog\u00e8nes et \u00e0 faible indice glyc\u00e9mique<\/p>\n<\/li>\n<li data-start=\"1105\" data-end=\"1166\">\n<p data-start=\"1107\" data-end=\"1166\"><strong data-start=\"1107\" data-end=\"1122\">Sans gluten<\/strong> \u2013 Convient aux consommateurs sensibles au gluten<\/p>\n<\/li>\n<li data-start=\"1167\" data-end=\"1222\">\n<p data-start=\"1169\" data-end=\"1222\"><strong data-start=\"1169\" data-end=\"1187\">Casher et halal<\/strong> \u2013 Conforme aux normes internationales<\/p>\n<\/li>\n<li data-start=\"1223\" data-end=\"1291\">\n<p data-start=\"1225\" data-end=\"1291\"><strong data-start=\"1225\" data-end=\"1256\">Sans OGM \u00b7 V\u00e9g\u00e9talien \u00e0 base de plantes<\/strong> \u2013 Ingr\u00e9dients propres, d'origine v\u00e9g\u00e9tale<\/p>\n<\/li>\n<li data-start=\"1292\" data-end=\"1351\">\n<p data-start=\"1294\" data-end=\"1351\"><strong data-start=\"1294\" data-end=\"1310\">Rapide et facile<\/strong> \u2013 Pr\u00eat en quelques minutes pour les modes de vie actifs<\/p>\n<\/li>\n<li data-start=\"1352\" data-end=\"1421\">\n<p data-start=\"1354\" data-end=\"1421\"><strong data-start=\"1354\" data-end=\"1382\">Nouilles Konjac sans odeur<\/strong> \u2013 Go\u00fbt pur, texture onctueuse des nouilles<\/p>\n<\/li>\n<\/ul>","protected":false},"featured_media":2045,"comment_status":"open","ping_status":"closed","template":"","meta":[],"product_brand":[],"product_cat":[53],"product_tag":[],"class_list":{"0":"post-2060","1":"product","2":"type-product","3":"status-publish","4":"has-post-thumbnail","6":"product_cat-instant-konjac-noodles","8":"first","9":"instock","10":"shipping-taxable","11":"product-type-simple"},"_links":{"self":[{"href":"https:\/\/scmlkj.com\/fr\/wp-json\/wp\/v2\/product\/2060","targetHints":{"allow":["GET"]}}],"collection":[{"href":"https:\/\/scmlkj.com\/fr\/wp-json\/wp\/v2\/product"}],"about":[{"href":"https:\/\/scmlkj.com\/fr\/wp-json\/wp\/v2\/types\/product"}],"replies":[{"embeddable":true,"href":"https:\/\/scmlkj.com\/fr\/wp-json\/wp\/v2\/comments?post=2060"}],"wp:featuredmedia":[{"embeddable":true,"href":"https:\/\/scmlkj.com\/fr\/wp-json\/wp\/v2\/media\/2045"}],"wp:attachment":[{"href":"https:\/\/scmlkj.com\/fr\/wp-json\/wp\/v2\/media?parent=2060"}],"wp:term":[{"taxonomy":"product_brand","embeddable":true,"href":"https:\/\/scmlkj.com\/fr\/wp-json\/wp\/v2\/product_brand?post=2060"},{"taxonomy":"product_cat","embeddable":true,"href":"https:\/\/scmlkj.com\/fr\/wp-json\/wp\/v2\/product_cat?post=2060"},{"taxonomy":"product_tag","embeddable":true,"href":"https:\/\/scmlkj.com\/fr\/wp-json\/wp\/v2\/product_tag?post=2060"}],"curies":[{"name":"wp","href":"https:\/\/api.w.org\/{rel}","templated":true}]}}