{"id":2063,"date":"2025-12-06T08:59:41","date_gmt":"2025-12-06T08:59:41","guid":{"rendered":"https:\/\/scmlkj.com\/?post_type=product&#038;p=2063"},"modified":"2026-04-12T07:27:01","modified_gmt":"2026-04-12T07:27:01","slug":"nouilles-instantanees-en-cup-marinara-au-konjac","status":"publish","type":"product","link":"https:\/\/scmlkj.com\/fr\/produits\/nouilles-instantanees-en-cup-marinara-au-konjac\/","title":{"rendered":"Nouilles instantan\u00e9es Marinara Konjac"},"content":{"rendered":"<p><\/p>\n\n\n\n<h2 class=\"wp-block-heading\">Sp\u00e9cifications du produit<\/h2>\n\n\n\n<figure class=\"wp-block-table\"><table class=\"has-fixed-layout\"><tbody><tr><td><strong>Article<\/strong><\/td><td><strong>D\u00e9tails<\/strong><\/td><\/tr><tr><td>Nom du produit<\/td><td>Nouilles instantan\u00e9es Marinara Konjac<\/td><\/tr><tr><td>Type de produit<\/td><td>Nouilles instantan\u00e9es Konjac en tasse<\/td><\/tr><tr><td>Poids<\/td><td>90 g de sauce + 120 g de nouilles konjac + 2 g de l\u00e9gumes<\/td><\/tr><tr><td>Saveur<\/td><td>Marinara (Tomate)<\/td><\/tr><tr><td>Type de r\u00e9gime alimentaire<\/td><td>C\u00e9tog\u00e8ne \u00b7 Faible teneur en glucides \u00b7 V\u00e9g\u00e9talien<\/td><\/tr><tr><td>Dur\u00e9e de conservation<\/td><td>14 mois<\/td><\/tr><tr><td>Certifications<\/td><td>IFS, BRC, KOSHER, HALAL<\/td><\/tr><tr><td>Statut OGM<\/td><td>Sans OGM<\/td><\/tr><tr><td>Pr\u00e9paration<\/td><td>Rapide et facile<\/td><\/tr><\/tbody><\/table><\/figure>\n\n\n\n<h2 class=\"wp-block-heading\">Ingr\u00e9dients<\/h2>\n\n\n\n<p><strong>Sauce (90 g)<\/strong><\/p>\n\n\n\n<p>Eau, Pur\u00e9e de tomate \/ sauce tomate, Huile v\u00e9g\u00e9tale, Oignon, Ail, Sel alimentaire, Sucre blanc granul\u00e9, Extrait de levure, Herbes <em>(basilic, origan)<\/em>, Poivre noir,<br>Acide citrique, Exhausteur de go\u00fbt <em>(5'-disodium nucl\u00e9otide)<\/em>, Essence comestible.<\/p>\n\n\n\n<p><strong>Nouilles Konjac (120 g)<\/strong><\/p>\n\n\n\n<p>Eau, poudre de konjac, acide citrique.<\/p>\n\n\n\n<p><strong>L\u00e9gumes (2 g)<\/strong><\/p>\n\n\n\n<p>Oignon, carotte.<\/p>\n\n\n\n<h2 class=\"wp-block-heading\">Mode de pr\u00e9paration (tasse instantan\u00e9e)<\/h2>\n\n\n\n<p>Ouvrez le couvercle et retirez tous les sachets.<\/p>\n\n\n\n<p>Ajouter les nouilles de konjac et les l\u00e9gumes secs dans la tasse.<\/p>\n\n\n\n<p>Verser la sauce marinara.<\/p>\n\n\n\n<p>Ajouter de l'eau chaude jusqu'\u00e0 la ligne indiqu\u00e9e (ou passer au micro-ondes pendant 2 \u00e0 3 minutes).<\/p>\n\n\n\n<p>Remuez bien et d\u00e9gustez vos nouilles de konjac \u00e0 l'italienne.<\/p>\n\n\n\n<h2 class=\"wp-block-heading\">Bienfaits pour la sant\u00e9 et fonctionnalit\u00e9s<\/h2>\n\n\n\n<p><strong>Confort italien l\u00e9ger<\/strong><br>La sauce marinara \u00e0 base de tomates offre une saveur riche sans cr\u00e8me ni fromage lourds, cr\u00e9ant ainsi un repas instantan\u00e9 plus l\u00e9ger et plus \u00e9quilibr\u00e9.<\/p>\n\n\n\n<p><strong>Faible en calories et sans gluten<\/strong><br>Con\u00e7ue pour les r\u00e9gimes modernes, cette tasse de nouilles de konjac offre un confort \u00e0 l'italienne tout en restant hypocalorique, pauvre en glucides et sans gluten.<\/p>\n\n\n\n<p><strong>Soutien \u00e0 la gestion du poids<\/strong><br>Les nouilles de konjac contribuent \u00e0 r\u00e9duire l'apport calorique global tout en constituant un repas rassasiant et satisfaisant.<\/p>\n\n\n\n<p><strong>Adapt\u00e9 au taux de glyc\u00e9mie<\/strong><br>Avec un faible indice glyc\u00e9mique, les nouilles de konjac aident \u00e0 minimiser les pics de sucre dans le sang, ce qui convient aux r\u00e9gimes adapt\u00e9s aux diab\u00e9tiques.<\/p>\n\n\n\n<p><strong>Sati\u00e9t\u00e9 \u00e9lev\u00e9e<\/strong><br>Riche en fibres alimentaires solubles, le konjac favorise la sati\u00e9t\u00e9 et aide \u00e0 r\u00e9duire les fringales, ce qui favorise des habitudes alimentaires saines \u00e0 long terme.<\/p>\n\n\n\n<p><\/p>\n\n\n\n<h2 class=\"wp-block-heading\">Options OEM \/ marque priv\u00e9e<\/h2>\n\n\n\n<p>Ces nouilles instantan\u00e9es \u00e0 base de konjac, aromatis\u00e9es \u00e0 la marinade, ont \u00e9t\u00e9 d\u00e9velopp\u00e9es pour les programmes OEM et les marques de distributeurs. Elles offrent des options flexibles en termes de formulation, d'intensit\u00e9 de la saveur et d'emballage.<\/p>\n\n\n\n<p>Saveurs personnalis\u00e9es (curry rouge, marinara, pesto, tom yum, kimchi, miso, etc.)<\/p>\n\n\n\n<p>Taille de tasse et conception d'emballage personnalis\u00e9es<\/p>\n\n\n\n<p>Proportion de sauce et niveau d'\u00e9pices personnalis\u00e9s<\/p>\n\n\n\n<p>Formules \u00e0 faible teneur en sodium ou sans sucre<\/p>\n\n\n\n<p>\u00c9tiquetage multilingue et assistance en mati\u00e8re de conformit\u00e9<\/p>\n\n\n\n<p>Vous souhaitez lancer votre propre <strong>Nouilles instantan\u00e9es Konjac saines<\/strong> sous votre marque ?<br><a href=\"https:\/\/scmlkj.com\/fr\/contact\/\" data-type=\"link\" data-id=\"https:\/\/scmlkj.com\/contact\/\">Contact <strong>Eastern Morning<\/strong><\/a> pour la personnalisation OEM, <a href=\"https:\/\/scmlkj.com\/fr\/demande-dechantillon-gratuit\/\">\u00e9chantillons<\/a>et prix de gros.<\/p>\n\n\n\n<p><\/p>","protected":false},"excerpt":{"rendered":"<p>Les Nouilles Instantan\u00e9es en Cup Marinara au Konjac d'Eastern Morning allient une sauce tomate marinara de style italien classique \u00e0 des nouilles de konjac lisses et sans odeur. Riches en saveur de tomate tout en \u00e9tant l\u00e9g\u00e8res et rafra\u00eechissantes, cette cup instantan\u00e9e offre un repas de style occidental satisfaisant, tout en restant faible en glucides, faible en calories et \u00e0 base de plantes \u2014 parfait pour les modes de vie sains et les march\u00e9s mondiaux.<\/p>\n<ul>\n<li data-start=\"940\" data-end=\"1015\">\n<p data-start=\"942\" data-end=\"1015\"><strong data-start=\"942\" data-end=\"969\">Saveur Marinara Classique<\/strong> \u2013 \u00c0 dominante tomate, savoureuse et bien \u00e9quilibr\u00e9e<\/p>\n<\/li>\n<li data-start=\"1016\" data-end=\"1089\">\n<p data-start=\"1018\" data-end=\"1089\"><strong data-start=\"1018\" data-end=\"1044\">Faible teneur en glucides \u00b7 Faible teneur en calories<\/strong> \u2013 Savourez un plat r\u00e9confortant italien sans culpabilit\u00e9<\/p>\n<\/li>\n<li data-start=\"1090\" data-end=\"1157\">\n<p data-start=\"1092\" data-end=\"1157\"><strong data-start=\"1092\" data-end=\"1109\">Compatible avec le r\u00e9gime c\u00e9tog\u00e8ne<\/strong> \u2013 Adapt\u00e9 aux r\u00e9gimes c\u00e9tog\u00e8nes et \u00e0 faible indice glyc\u00e9mique<\/p>\n<\/li>\n<li data-start=\"1158\" data-end=\"1216\">\n<p data-start=\"1160\" data-end=\"1216\"><strong data-start=\"1160\" data-end=\"1175\">Sans gluten<\/strong> \u2013 Id\u00e9al pour les consommateurs sensibles au gluten<\/p>\n<\/li>\n<li data-start=\"1217\" data-end=\"1272\">\n<p data-start=\"1219\" data-end=\"1272\"><strong data-start=\"1219\" data-end=\"1237\">Casher et halal<\/strong> \u2013 Conforme aux normes internationales<\/p>\n<\/li>\n<li data-start=\"1273\" data-end=\"1341\">\n<p data-start=\"1275\" data-end=\"1341\"><strong data-start=\"1275\" data-end=\"1306\">Sans OGM \u00b7 V\u00e9g\u00e9talien \u00e0 base de plantes<\/strong> \u2013 Formulation propre et \u00e0 base de plantes<\/p>\n<\/li>\n<li data-start=\"1342\" data-end=\"1400\">\n<p data-start=\"1344\" data-end=\"1400\"><strong data-start=\"1344\" data-end=\"1360\">Rapide et facile<\/strong> \u2013 Pr\u00eat en quelques minutes pour les emplois du temps charg\u00e9s<\/p>\n<\/li>\n<li data-start=\"1401\" data-end=\"1470\">\n<p data-start=\"1403\" data-end=\"1470\"><strong data-start=\"1403\" data-end=\"1431\">Nouilles Konjac sans odeur<\/strong> \u2013 Go\u00fbt pur, texture onctueuse des nouilles<\/p>\n<\/li>\n<\/ul>","protected":false},"featured_media":2043,"comment_status":"open","ping_status":"closed","template":"","meta":[],"product_brand":[],"product_cat":[53],"product_tag":[],"class_list":{"0":"post-2063","1":"product","2":"type-product","3":"status-publish","4":"has-post-thumbnail","6":"product_cat-instant-konjac-noodles","8":"first","9":"instock","10":"shipping-taxable","11":"product-type-simple"},"_links":{"self":[{"href":"https:\/\/scmlkj.com\/fr\/wp-json\/wp\/v2\/product\/2063","targetHints":{"allow":["GET"]}}],"collection":[{"href":"https:\/\/scmlkj.com\/fr\/wp-json\/wp\/v2\/product"}],"about":[{"href":"https:\/\/scmlkj.com\/fr\/wp-json\/wp\/v2\/types\/product"}],"replies":[{"embeddable":true,"href":"https:\/\/scmlkj.com\/fr\/wp-json\/wp\/v2\/comments?post=2063"}],"wp:featuredmedia":[{"embeddable":true,"href":"https:\/\/scmlkj.com\/fr\/wp-json\/wp\/v2\/media\/2043"}],"wp:attachment":[{"href":"https:\/\/scmlkj.com\/fr\/wp-json\/wp\/v2\/media?parent=2063"}],"wp:term":[{"taxonomy":"product_brand","embeddable":true,"href":"https:\/\/scmlkj.com\/fr\/wp-json\/wp\/v2\/product_brand?post=2063"},{"taxonomy":"product_cat","embeddable":true,"href":"https:\/\/scmlkj.com\/fr\/wp-json\/wp\/v2\/product_cat?post=2063"},{"taxonomy":"product_tag","embeddable":true,"href":"https:\/\/scmlkj.com\/fr\/wp-json\/wp\/v2\/product_tag?post=2063"}],"curies":[{"name":"wp","href":"https:\/\/api.w.org\/{rel}","templated":true}]}}