{"id":2078,"date":"2025-12-07T11:29:46","date_gmt":"2025-12-07T11:29:46","guid":{"rendered":"https:\/\/scmlkj.com\/?post_type=product&#038;p=2078"},"modified":"2026-04-12T07:25:59","modified_gmt":"2026-04-12T07:25:59","slug":"riz-shirataki-a-la-patate-douce-violette-adapte-au-regime-cetogene","status":"publish","type":"product","link":"https:\/\/scmlkj.com\/fr\/produits\/riz-shirataki-a-la-patate-douce-violette-adapte-au-regime-cetogene\/","title":{"rendered":"Riz Shirataki \u00e0 la patate douce violette adapt\u00e9 au r\u00e9gime c\u00e9tog\u00e8ne"},"content":{"rendered":"<p><\/p>\n\n\n\n<h2 class=\"wp-block-heading\">Qu'est-ce que le Riz de Konjac \u00e0 la Patate Douce Violette ?<\/h2>\n\n\n\n<p>Le riz de konjac \u00e0 la patate douce violette est produit en m\u00e9langeant <strong>de la farine de konjac avec de la poudre de patate douce violette<\/strong>, puis en formant des granules semblables \u00e0 du riz et en les d\u00e9shydratant pour une stabilit\u00e9 en rayon.<\/p>\n\n\n\n<p>Compar\u00e9 au riz de konjac standard, il offre :<\/p>\n\n\n\n<ul class=\"wp-block-list\">\n<li>Une couleur violette naturelle (sans colorant artificiel)<\/li>\n\n\n\n<li>Une forte diff\u00e9renciation visuelle en rayon et dans l'assiette<\/li>\n\n\n\n<li>Une perception renforc\u00e9e de \"superaliment\" et d'antioxydant<\/li>\n\n\n\n<li>Les m\u00eames performances ultra-faibles en calories et en glucides<\/li>\n<\/ul>\n\n\n\n<h2 class=\"wp-block-heading\">Sp\u00e9cifications du produit<\/h2>\n\n\n\n<figure class=\"wp-block-table\"><table class=\"has-fixed-layout\"><tbody><tr><td><strong>Article<\/strong><\/td><td><strong>D\u00e9tails<\/strong><\/td><\/tr><tr><td>Nom du produit<\/td><td>Riz Shirataki \u00e0 la Patate Douce Violette<\/td><\/tr><tr><td>Type de produit<\/td><td>Riz de Konjac (Sec)<\/td><\/tr><tr><td>Style<\/td><td>Sec \u00b7 De longue conservation<\/td><\/tr><tr><td>Type de traitement<\/td><td>Raffin\u00e9<\/td><\/tr><tr><td>Fonctionnalit\u00e9<\/td><td>Faible teneur en glucides \u00b7 Amincissant<\/td><\/tr><tr><td>Ingr\u00e9dients principaux<\/td><td>Farine de konjac biologique, poudre de patate douce violette<\/td><\/tr><tr><td>Gras<\/td><td><strong>Z\u00e9ro<\/strong><\/td><\/tr><tr><td>Sucre<\/td><td><strong>Z\u00e9ro<\/strong><\/td><\/tr><tr><td>Sans gluten<\/td><td>Oui<\/td><\/tr><tr><td>M\u00e9thode de cuisson<\/td><td><strong>R\u00e9hydrater et cuire<\/strong><\/td><\/tr><tr><td>Dur\u00e9e de conservation<\/td><td>24 mois<\/td><\/tr><tr><td>Emballage<\/td><td>Sac \/ Vrac<\/td><\/tr><tr><td>Certifications<\/td><td>BRC \u00b7 IFS \u00b7 HACCP \u00b7 HALAL \u00b7 KOSHER \u00b7 NOP \u00b7 BIOLOGIQUE UE<\/td><\/tr><tr><td>Marque<\/td><td>OEM accept\u00e9<\/td><\/tr><tr><td>Lieu d'origine<\/td><td>Sichuan, Chine<\/td><\/tr><\/tbody><\/table><\/figure>\n\n\n\n<h2 class=\"wp-block-heading\">Ingr\u00e9dients<\/h2>\n\n\n\n<p>Farine de konjac (glucomannane)<\/p>\n\n\n\n<p>Poudre de patate douce violette<\/p>\n\n\n\n<p>Eau purifi\u00e9e <em>(utilis\u00e9 pendant le traitement)<\/em><\/p>\n\n\n\n<p>\u2714 Sans riz \u00b7 sans bl\u00e9 \u00b7 sans c\u00e9r\u00e9ales \u00b7 sans additifs artificiels<\/p>\n\n\n\n<h2 class=\"wp-block-heading\">Sant\u00e9 et bienfaits du r\u00e9gime c\u00e9tog\u00e8ne<\/h2>\n\n\n\n<p><strong> Alternative de Riz Id\u00e9ale pour le C\u00e9tog\u00e8ne et Faible en Glucides<\/strong><\/p>\n\n\n\n<p>Extr\u00eamement faible en glucides nets, ce produit s'int\u00e8gre parfaitement dans :<\/p>\n\n\n\n<ul class=\"wp-block-list\">\n<li>r\u00e9gimes c\u00e9tog\u00e8nes<\/li>\n\n\n\n<li>r\u00e9gimes pauvres en glucides<\/li>\n\n\n\n<li>menus adapt\u00e9s aux diab\u00e9tiques<\/li>\n<\/ul>\n\n\n\n<hr class=\"wp-block-separator has-alpha-channel-opacity\"\/>\n\n\n\n<p><strong> Fibres alimentaires hautement solubles<\/strong><\/p>\n\n\n\n<p>Glucomannane de konjac :<\/p>\n\n\n\n<ul class=\"wp-block-list\">\n<li>absorbe l'eau et se dilate dans l'estomac<\/li>\n\n\n\n<li>augmente la sensation de sati\u00e9t\u00e9<\/li>\n\n\n\n<li>aide \u00e0 r\u00e9duire la faim et l'apport calorique<\/li>\n<\/ul>\n\n\n\n<p>Favorise la gestion du poids \u00e0 long terme.<\/p>\n\n\n\n<hr class=\"wp-block-separator has-alpha-channel-opacity\"\/>\n\n\n\n<p><strong>Attrait des Antioxydants Naturels<\/strong><\/p>\n\n\n\n<p>La patate douce violette est largement associ\u00e9e aux :<\/p>\n\n\n\n<ul class=\"wp-block-list\">\n<li>anthocyanes naturelles<\/li>\n\n\n\n<li>positionnement antioxydant<\/li>\n\n\n\n<li>perception premium de \"superaliment\"<\/li>\n<\/ul>\n\n\n\n<p>Ajoute une valeur marketing sans augmenter les calories.<\/p>\n\n\n\n<h2 class=\"wp-block-heading\">Comment se pr\u00e9parer<\/h2>\n\n\n\n<ol class=\"wp-block-list\">\n<li>Faire tremper le riz de konjac \u00e0 la patate douce violette dans l'eau jusqu'\u00e0 r\u00e9hydratation<\/li>\n\n\n\n<li>\u00c9goutter et rincer<\/li>\n\n\n\n<li>Faites cuire ou sauter comme du riz ordinaire.<\/li>\n<\/ol>\n\n\n\n<p>Id\u00e9al pour :<\/p>\n\n\n\n<ul class=\"wp-block-list\">\n<li>bols de riz color\u00e9s<\/li>\n\n\n\n<li>riz frit keto<\/li>\n\n\n\n<li>bo\u00eetes de pr\u00e9paration de repas<\/li>\n\n\n\n<li>repas bento visuellement attrayants<\/li>\n<\/ul>\n\n\n\n<p>Pour d\u00e9couvrir d'autres fa\u00e7ons de cuisiner, consultez notre <strong><a href=\"https:\/\/scmlkj.com\/fr\/recette-au-konjac\/\">Guide de recettes<\/a><\/strong><\/p>\n\n\n\n<h2 class=\"wp-block-heading\">Options OEM \/ marque priv\u00e9e<\/h2>\n\n\n\n<ul class=\"wp-block-list\">\n<li>Conditionnement personnalis\u00e9 (100 g\/500 g\/1 kg\/5 kg\/25 kg en vrac)<\/li>\n\n\n\n<li>Emballages pour la vente au d\u00e9tail ou la restauration<\/li>\n\n\n\n<li>Versions certifi\u00e9es biologiques<\/li>\n\n\n\n<li>M\u00e9langes de riz (konjac + avoine \/ konjac + potiron)<\/li>\n\n\n\n<li>Assistance \u00e0 la conception et \u00e0 la cr\u00e9ation de marques priv\u00e9es<\/li>\n<\/ul>\n\n\n\n<p>Vous souhaitez ajouter un <strong>alternative au riz \u00e0 faible teneur en calories<\/strong> \u00e0 votre gamme de produits ?<br><a href=\"https:\/\/scmlkj.com\/fr\/contact\/\">Contact <strong>Eastern Morning<\/strong><\/a> pour <strong>Konjac Rice OEM<\/strong>, <a href=\"https:\/\/scmlkj.com\/fr\/demande-dechantillon-gratuit\/\">\u00e9chantillons<\/a>et des solutions de tarification en gros.<\/p>","protected":false},"excerpt":{"rendered":"<p data-start=\"581\" data-end=\"1008\">Le Riz Shirataki \u00e0 la Patate Douce Violette d'Eastern Morning est un riz de konjac visuellement distinctif, infus\u00e9 avec de la poudre naturelle de patate douce violette, offrant une teinte violette vibrante et un attrait nutritionnel d'origine v\u00e9g\u00e9tale.<br data-start=\"796\" data-end=\"799\" \/>Cette alternative de riz adapt\u00e9e au r\u00e9gime c\u00e9tog\u00e8ne et faible en calories combine les bienfaits du glucomannane de konjac avec l'image riche en antioxydants de la patate douce violette \u2014 parfaite pour les marques alimentaires premium, fonctionnelles et \u00e0 liste d'ingr\u00e9dients propre.<\/p>\n<ul>\n<li data-start=\"1547\" data-end=\"1602\">\n<p data-start=\"1549\" data-end=\"1602\"><strong data-start=\"1549\" data-end=\"1600\">Infus\u00e9 avec de la Poudre Naturelle de Patate Douce Violette<\/strong><\/p>\n<\/li>\n<li data-start=\"1603\" data-end=\"1647\">\n<p data-start=\"1605\" data-end=\"1647\"><strong data-start=\"1605\" data-end=\"1645\">Aliment de Base Adapt\u00e9 au R\u00e9gime C\u00e9tog\u00e8ne &amp; Faible en Glucides<\/strong><\/p>\n<\/li>\n<li data-start=\"1648\" data-end=\"1717\">\n<p data-start=\"1650\" data-end=\"1717\"><strong data-start=\"1650\" data-end=\"1683\">Riche en fibres alimentaires solubles<\/strong> \u2013 favorise la sati\u00e9t\u00e9 et la digestion<\/p>\n<\/li>\n<li data-start=\"1718\" data-end=\"1747\">\n<p data-start=\"1720\" data-end=\"1747\"><strong data-start=\"1720\" data-end=\"1745\">Sans mati\u00e8res grasses \u00b7 Sans sucre<\/strong><\/p>\n<\/li>\n<li data-start=\"1748\" data-end=\"1780\">\n<p data-start=\"1750\" data-end=\"1780\"><strong data-start=\"1750\" data-end=\"1778\">Sans gluten et sans c\u00e9r\u00e9ales<\/strong><\/p>\n<\/li>\n<li data-start=\"1781\" data-end=\"1814\">\n<p data-start=\"1783\" data-end=\"1814\"><strong data-start=\"1783\" data-end=\"1812\">\u00c0 base de plantes et \u00e9tiquette propre<\/strong><\/p>\n<\/li>\n<li data-start=\"1815\" data-end=\"1878\">\n<p data-start=\"1817\" data-end=\"1878\"><strong data-start=\"1817\" data-end=\"1845\">Format sec, stable \u00e0 temp\u00e9rature ambiante<\/strong> \u2013 adapt\u00e9 \u00e0 l'exportation et au commerce \u00e9lectronique<\/p>\n<\/li>\n<li data-start=\"1879\" data-end=\"1913\">\n<p data-start=\"1881\" data-end=\"1913\"><strong data-start=\"1881\" data-end=\"1913\">OEM \/ Marque priv\u00e9e accept\u00e9e<\/strong><\/p>\n<\/li>\n<\/ul>","protected":false},"featured_media":2081,"comment_status":"open","ping_status":"closed","template":"","meta":[],"product_brand":[],"product_cat":[29],"product_tag":[],"class_list":{"0":"post-2078","1":"product","2":"type-product","3":"status-publish","4":"has-post-thumbnail","6":"product_cat-konjac-rice-series","8":"first","9":"instock","10":"shipping-taxable","11":"product-type-simple"},"_links":{"self":[{"href":"https:\/\/scmlkj.com\/fr\/wp-json\/wp\/v2\/product\/2078","targetHints":{"allow":["GET"]}}],"collection":[{"href":"https:\/\/scmlkj.com\/fr\/wp-json\/wp\/v2\/product"}],"about":[{"href":"https:\/\/scmlkj.com\/fr\/wp-json\/wp\/v2\/types\/product"}],"replies":[{"embeddable":true,"href":"https:\/\/scmlkj.com\/fr\/wp-json\/wp\/v2\/comments?post=2078"}],"wp:featuredmedia":[{"embeddable":true,"href":"https:\/\/scmlkj.com\/fr\/wp-json\/wp\/v2\/media\/2081"}],"wp:attachment":[{"href":"https:\/\/scmlkj.com\/fr\/wp-json\/wp\/v2\/media?parent=2078"}],"wp:term":[{"taxonomy":"product_brand","embeddable":true,"href":"https:\/\/scmlkj.com\/fr\/wp-json\/wp\/v2\/product_brand?post=2078"},{"taxonomy":"product_cat","embeddable":true,"href":"https:\/\/scmlkj.com\/fr\/wp-json\/wp\/v2\/product_cat?post=2078"},{"taxonomy":"product_tag","embeddable":true,"href":"https:\/\/scmlkj.com\/fr\/wp-json\/wp\/v2\/product_tag?post=2078"}],"curies":[{"name":"wp","href":"https:\/\/api.w.org\/{rel}","templated":true}]}}