{"id":2094,"date":"2025-12-08T06:22:14","date_gmt":"2025-12-08T06:22:14","guid":{"rendered":"https:\/\/scmlkj.com\/?post_type=product&#038;p=2094"},"modified":"2026-04-12T07:24:02","modified_gmt":"2026-04-12T07:24:02","slug":"riz-shirataki-sec-biologique-amaigrissant-oem","status":"publish","type":"product","link":"https:\/\/scmlkj.com\/fr\/produits\/riz-shirataki-sec-biologique-amaigrissant-oem\/","title":{"rendered":"Riz sec biologique Shirataki amincissant OEM"},"content":{"rendered":"<h2 class=\"wp-block-heading\">Qu'est-ce que le riz shirataki sec ?<\/h2>\n\n\n\n<p><a href=\"https:\/\/scmlkj.com\/fr\/product-category\/serie-de-riz-konjac\/\">Riz shirataki sec<\/a> est produite par <strong>s\u00e9chage des granul\u00e9s de riz konjac<\/strong> fabriqu\u00e9 \u00e0 partir de glucomannane de konjac.<br>Avant d'\u00eatre consomm\u00e9, il suffit de le r\u00e9hydrater et de le cuire, puis de l'utiliser comme du riz ordinaire.<\/p>\n\n\n\n<p><strong>Principaux avantages par rapport au riz konjac humide :<\/strong><\/p>\n\n\n\n<ul class=\"wp-block-list\">\n<li>Pas de liquide de trempage<\/li>\n\n\n\n<li>Beaucoup plus l\u00e9ger<\/li>\n\n\n\n<li>Dur\u00e9e de conservation plus longue<\/li>\n\n\n\n<li>Plus adapt\u00e9 \u00e0 l'exp\u00e9dition internationale et au commerce \u00e9lectronique<\/li>\n<\/ul>\n\n\n\n<h2 class=\"wp-block-heading\">Sp\u00e9cifications du produit<\/h2>\n\n\n\n<figure class=\"wp-block-table\"><table class=\"has-fixed-layout\"><tbody><tr><td><strong>Article<\/strong><\/td><td><strong>D\u00e9tails<\/strong><\/td><\/tr><tr><td>Nom du produit<\/td><td>Riz Shirataki sec biologique<\/td><\/tr><tr><td>Type de produit<\/td><td>Riz Konjac sec<\/td><\/tr><tr><td>Style<\/td><td>Sec \u00b7 De longue conservation<\/td><\/tr><tr><td>Type de traitement<\/td><td>Raffin\u00e9<\/td><\/tr><tr><td>Fonctionnalit\u00e9<\/td><td>Faible teneur en glucides \u00b7 Amincissant<\/td><\/tr><tr><td>Ingr\u00e9dients principaux<\/td><td>Farine de konjac biologique<\/td><\/tr><tr><td>Gras<\/td><td><strong>Z\u00e9ro<\/strong><\/td><\/tr><tr><td>Sucre<\/td><td><strong>Z\u00e9ro<\/strong><\/td><\/tr><tr><td>Sans gluten<\/td><td>Oui<\/td><\/tr><tr><td>M\u00e9thode de cuisson<\/td><td><strong>R\u00e9hydrater et cuire<\/strong><\/td><\/tr><tr><td>Dur\u00e9e de conservation<\/td><td>24 mois<\/td><\/tr><tr><td>Emballage<\/td><td>Sac \/ Vrac<\/td><\/tr><tr><td>Certifications<\/td><td>BRC \u00b7 IFS \u00b7 HACCP \u00b7 HALAL \u00b7 KOSHER \u00b7 NOP \u00b7 BIOLOGIQUE UE<\/td><\/tr><tr><td>Marque<\/td><td>OEM accept\u00e9<\/td><\/tr><tr><td>Lieu d'origine<\/td><td>Sichuan, Chine<\/td><\/tr><\/tbody><\/table><\/figure>\n\n\n\n<h2 class=\"wp-block-heading\">Ingr\u00e9dients<\/h2>\n\n\n\n<p>Farine de konjac biologique (glucomannane)<\/p>\n\n\n\n<p>Eau purifi\u00e9e <em>(utilis\u00e9 pendant le traitement)<\/em><\/p>\n\n\n\n<p>\u2714 Sans c\u00e9r\u00e9ales - sans bl\u00e9 - sans riz - sans agents de remplissage artificiels - sans conservateurs<\/p>\n\n\n\n<h2 class=\"wp-block-heading\">Avantages nutritionnels et pour la sant\u00e9<\/h2>\n\n\n\n<p><strong>Augmente la sati\u00e9t\u00e9 et r\u00e9duit l'app\u00e9tit<\/strong><\/p>\n\n\n\n<p><strong>Substitut de riz \u00e0 faible teneur en calories<\/strong><\/p>\n\n\n\n<p>Le riz konjac sec fournit <strong>presque z\u00e9ro calorie<\/strong>, aidant les consommateurs \u00e0 r\u00e9duire consid\u00e9rablement leur apport \u00e9nerg\u00e9tique quotidien tout en conservant leurs habitudes alimentaires de base.<\/p>\n\n\n\n<hr class=\"wp-block-separator has-alpha-channel-opacity\"\/>\n\n\n\n<p><strong>Fibres alimentaires hautement solubles<\/strong><\/p>\n\n\n\n<p>Glucomannane de konjac :<\/p>\n\n\n\n<ul class=\"wp-block-list\">\n<li>absorbe l'eau et se dilate dans l'estomac<\/li>\n\n\n\n<li>augmente la sensation de sati\u00e9t\u00e9<\/li>\n\n\n\n<li>r\u00e9duit la faim et la suralimentation<\/li>\n<\/ul>\n\n\n\n<p>Une solution efficace pour les r\u00e9gimes amaigrissants.<\/p>\n\n\n\n<hr class=\"wp-block-separator has-alpha-channel-opacity\"\/>\n\n\n\n<p><strong>Favorise le contr\u00f4le de la glyc\u00e9mie<\/strong><\/p>\n\n\n\n<p>Avec un <strong>faible indice glyc\u00e9mique<\/strong>Le riz konjac aide \u00e0 ralentir l'absorption du glucose, ce qui le rend adapt\u00e9 pour :<\/p>\n\n\n\n<ul class=\"wp-block-list\">\n<li>gestion du diab\u00e8te<\/li>\n\n\n\n<li>r\u00e9gimes \u00e0 faible indice glyc\u00e9mique<\/li>\n\n\n\n<li>programmes de sant\u00e9 m\u00e9tabolique<\/li>\n<\/ul>\n\n\n\n<h2 class=\"wp-block-heading\">Comment se pr\u00e9parer<\/h2>\n\n\n\n<ol class=\"wp-block-list\">\n<li>Faire tremper du riz shirataki sec dans de l'eau jusqu'\u00e0 ce qu'il soit compl\u00e8tement r\u00e9hydrat\u00e9.<\/li>\n\n\n\n<li>Egoutter et rincer abondamment<\/li>\n\n\n\n<li>Cuire ou faire sauter comme du riz ordinaire.<\/li>\n\n\n\n<li>Assaisonner ou combiner avec d'autres ingr\u00e9dients si n\u00e9cessaire<\/li>\n<\/ol>\n\n\n\n<blockquote class=\"wp-block-quote is-layout-flow wp-block-quote-is-layout-flow\">\n<p>Convient aux cuisines industrielles, aux usines de pr\u00e9paration de repas et aux d\u00e9taillants.<\/p>\n<\/blockquote>\n\n\n\n<h2 class=\"wp-block-heading\">Id\u00e9al pour :<\/h2>\n\n\n\n<ul class=\"wp-block-list\">\n<li>bols de riz<\/li>\n\n\n\n<li>riz frit<\/li>\n\n\n\n<li>pr\u00e9paration des repas<\/li>\n\n\n\n<li>plats au curry<\/li>\n\n\n\n<li>bo\u00eetes \u00e0 bento \u00e0 faible teneur en glucides<\/li>\n<\/ul>\n\n\n\n<p>Pour d\u00e9couvrir d'autres fa\u00e7ons de cuisiner, consultez notre <strong><a href=\"https:\/\/scmlkj.com\/fr\/recette-au-konjac\/\">Guide de recettes<\/a><\/strong><\/p>\n\n\n\n<figure class=\"wp-block-image size-large\"><img fetchpriority=\"high\" decoding=\"async\" width=\"1024\" height=\"682\" src=\"https:\/\/scmlkj.com\/wp-content\/uploads\/2025\/12\/Dried-Konjac-Rice-Bulk-1024x682.jpg\" alt=\"\" class=\"wp-image-2826\" srcset=\"https:\/\/scmlkj.com\/wp-content\/uploads\/2025\/12\/Dried-Konjac-Rice-Bulk-1024x682.jpg 1024w, https:\/\/scmlkj.com\/wp-content\/uploads\/2025\/12\/Dried-Konjac-Rice-Bulk-300x200.jpg 300w, https:\/\/scmlkj.com\/wp-content\/uploads\/2025\/12\/Dried-Konjac-Rice-Bulk-768x512.jpg 768w, https:\/\/scmlkj.com\/wp-content\/uploads\/2025\/12\/Dried-Konjac-Rice-Bulk-1536x1024.jpg 1536w, https:\/\/scmlkj.com\/wp-content\/uploads\/2025\/12\/Dried-Konjac-Rice-Bulk-18x12.jpg 18w, https:\/\/scmlkj.com\/wp-content\/uploads\/2025\/12\/Dried-Konjac-Rice-Bulk-600x400.jpg 600w, https:\/\/scmlkj.com\/wp-content\/uploads\/2025\/12\/Dried-Konjac-Rice-Bulk.jpg 2000w\" sizes=\"(max-width: 1024px) 100vw, 1024px\" \/><\/figure>\n\n\n\n<h2 class=\"wp-block-heading\">Options OEM \/ marque priv\u00e9e<\/h2>\n\n\n\n<ul class=\"wp-block-list\">\n<li>Conditionnement personnalis\u00e9 (100 g\/500 g\/1 kg\/5 kg\/25 kg en vrac)<\/li>\n\n\n\n<li>Emballages pour la vente au d\u00e9tail ou la restauration<\/li>\n\n\n\n<li>Versions certifi\u00e9es biologiques<\/li>\n\n\n\n<li>M\u00e9langes de riz (konjac + avoine \/ konjac + potiron)<\/li>\n\n\n\n<li>Assistance \u00e0 la conception et \u00e0 la cr\u00e9ation de marques priv\u00e9es<\/li>\n<\/ul>\n\n\n\n<p>Vous souhaitez ajouter un <strong>alternative au riz \u00e0 faible teneur en calories<\/strong> \u00e0 votre gamme de produits ?<br><a href=\"https:\/\/scmlkj.com\/fr\/contact\/\">Contact <strong>Eastern Morning<\/strong><\/a> pour <strong>Konjac Rice OEM<\/strong>, <a href=\"https:\/\/scmlkj.com\/fr\/demande-dechantillon-gratuit\/\">\u00e9chantillons<\/a>et des solutions de tarification en gros.<\/p>\n\n\n\n<p><\/p>","protected":false},"excerpt":{"rendered":"<p data-start=\"555\" data-end=\"923\">Le riz Shirataki biologique sec d'Eastern Morning est un riz konjac stable \u00e0 temp\u00e9rature ambiante et facile \u00e0 exporter, fabriqu\u00e9 \u00e0 partir de farine de konjac biologique \u00e0 l'aide d'une technologie de d\u00e9shydratation avanc\u00e9e. Compar\u00e9 au riz konjac humide, cette version s\u00e8che est plus l\u00e9g\u00e8re, se conserve plus longtemps et r\u00e9duit les co\u00fbts logistiques, ce qui la rend id\u00e9ale pour les projets OEM, les marques de distributeur et la distribution en vrac \u00e0 l'\u00e9chelle mondiale.<\/p>\n<p data-start=\"925\" data-end=\"1100\">Une fois r\u00e9hydrat\u00e9, il offre une texture semblable \u00e0 celle du riz, avec un tr\u00e8s faible apport calorique et une teneur \u00e9lev\u00e9e en fibres alimentaires solubles, ce qui le rend id\u00e9al pour les march\u00e9s des aliments de base amaigrissants, \u00e0 faible teneur en glucides et fonctionnels.<\/p>\n<ul>\n<li data-start=\"1547\" data-end=\"1620\">\n<p data-start=\"1549\" data-end=\"1620\"><strong data-start=\"1549\" data-end=\"1583\">Farine de konjac certifi\u00e9e biologique<\/strong> \u2013 \u00c9tiquette propre, positionnement haut de gamme<\/p>\n<\/li>\n<li data-start=\"1621\" data-end=\"1684\">\n<p data-start=\"1623\" data-end=\"1684\"><strong data-start=\"1623\" data-end=\"1647\">Aliments de base amaigrissants<\/strong> \u2013 Tr\u00e8s faible teneur en calories et en glucides<\/p>\n<\/li>\n<li data-start=\"1685\" data-end=\"1753\">\n<p data-start=\"1687\" data-end=\"1753\"><strong data-start=\"1687\" data-end=\"1720\">Riche en fibres alimentaires solubles<\/strong> \u2013 Favorise la sati\u00e9t\u00e9 et la digestion<\/p>\n<\/li>\n<li data-start=\"1754\" data-end=\"1783\">\n<p data-start=\"1756\" data-end=\"1783\"><strong data-start=\"1756\" data-end=\"1781\">Sans mati\u00e8res grasses \u00b7 Sans sucre<\/strong><\/p>\n<\/li>\n<li data-start=\"1784\" data-end=\"1845\">\n<p data-start=\"1786\" data-end=\"1845\"><strong data-start=\"1786\" data-end=\"1801\">Sans gluten<\/strong> \u2013 Convient aux consommateurs sensibles au gluten<\/p>\n<\/li>\n<li data-start=\"1846\" data-end=\"1912\">\n<p data-start=\"1848\" data-end=\"1912\"><strong data-start=\"1848\" data-end=\"1877\">Format sec et stable \u00e0 temp\u00e9rature ambiante<\/strong> \u2013 Id\u00e9al pour l'exportation et l'approvisionnement en vrac<\/p>\n<\/li>\n<li data-start=\"1913\" data-end=\"1958\">\n<p data-start=\"1915\" data-end=\"1958\"><strong data-start=\"1915\" data-end=\"1956\">Exp\u00e9dition l\u00e9g\u00e8re et \u00e9conomique<\/strong><\/p>\n<\/li>\n<li data-start=\"1959\" data-end=\"1993\">\n<p data-start=\"1961\" data-end=\"1993\"><strong data-start=\"1961\" data-end=\"1993\">OEM \/ Marque priv\u00e9e accept\u00e9e<\/strong><\/p>\n<\/li>\n<\/ul>","protected":false},"featured_media":2097,"comment_status":"open","ping_status":"closed","template":"","meta":[],"product_brand":[],"product_cat":[29],"product_tag":[],"class_list":{"0":"post-2094","1":"product","2":"type-product","3":"status-publish","4":"has-post-thumbnail","6":"product_cat-konjac-rice-series","8":"first","9":"instock","10":"shipping-taxable","11":"product-type-simple"},"_links":{"self":[{"href":"https:\/\/scmlkj.com\/fr\/wp-json\/wp\/v2\/product\/2094","targetHints":{"allow":["GET"]}}],"collection":[{"href":"https:\/\/scmlkj.com\/fr\/wp-json\/wp\/v2\/product"}],"about":[{"href":"https:\/\/scmlkj.com\/fr\/wp-json\/wp\/v2\/types\/product"}],"replies":[{"embeddable":true,"href":"https:\/\/scmlkj.com\/fr\/wp-json\/wp\/v2\/comments?post=2094"}],"wp:featuredmedia":[{"embeddable":true,"href":"https:\/\/scmlkj.com\/fr\/wp-json\/wp\/v2\/media\/2097"}],"wp:attachment":[{"href":"https:\/\/scmlkj.com\/fr\/wp-json\/wp\/v2\/media?parent=2094"}],"wp:term":[{"taxonomy":"product_brand","embeddable":true,"href":"https:\/\/scmlkj.com\/fr\/wp-json\/wp\/v2\/product_brand?post=2094"},{"taxonomy":"product_cat","embeddable":true,"href":"https:\/\/scmlkj.com\/fr\/wp-json\/wp\/v2\/product_cat?post=2094"},{"taxonomy":"product_tag","embeddable":true,"href":"https:\/\/scmlkj.com\/fr\/wp-json\/wp\/v2\/product_tag?post=2094"}],"curies":[{"name":"wp","href":"https:\/\/api.w.org\/{rel}","templated":true}]}}