{"id":2098,"date":"2025-12-08T06:34:25","date_gmt":"2025-12-08T06:34:25","guid":{"rendered":"https:\/\/scmlkj.com\/?post_type=product&#038;p=2098"},"modified":"2026-04-12T07:23:27","modified_gmt":"2026-04-12T07:23:27","slug":"riz-shirataki-instantane-de-konjac-en-gros","status":"publish","type":"product","link":"https:\/\/scmlkj.com\/fr\/produits\/riz-shirataki-instantane-de-konjac-en-gros\/","title":{"rendered":"Riz Shirataki Konjac sec en gros"},"content":{"rendered":"<p><\/p>\n\n\n\n<h2 class=\"wp-block-heading\">Qu'est-ce que le riz shirataki sec ?<\/h2>\n\n\n\n<p>Le riz sec Shirataki est produit \u00e0 partir de <strong>farine de konjac (glucomannane)<\/strong> \u00e0 l'aide d'une technologie de traitement avanc\u00e9e qui permet de former des granul\u00e9s en forme de riz.<\/p>\n\n\n\n<p>Par rapport au riz konjac sec, cette version instantan\u00e9e :<\/p>\n\n\n\n<ul class=\"wp-block-list\">\n<li>Livr\u00e9 pr\u00e9hydrat\u00e9<\/li>\n\n\n\n<li>Ne n\u00e9cessite pas de trempage<\/li>\n\n\n\n<li>Cuisson plus rapide<\/li>\n\n\n\n<li>Plus facile pour les nouveaux consommateurs<\/li>\n<\/ul>\n\n\n\n<p>Il d\u00e9livre un <strong>aspect et texture semblables \u00e0 ceux du riz<\/strong>tout en restant extr\u00eamement faible en calories.<\/p>\n\n\n\n<h2 class=\"wp-block-heading\">Sp\u00e9cifications du produit<\/h2>\n\n\n\n<figure class=\"wp-block-table\"><table class=\"has-fixed-layout\"><tbody><tr><td><strong>Article<\/strong><\/td><td><strong>D\u00e9tails<\/strong><\/td><\/tr><tr><td>Nom du produit<\/td><td>Riz Shirataki au Konjac sec<\/td><\/tr><tr><td>Type de produit<\/td><td>Riz Konjac sec<\/td><\/tr><tr><td>Style<\/td><td>Sec - D\u00e9shydrat\u00e9 - De longue conservation<\/td><\/tr><tr><td>Type de traitement<\/td><td>Raffin\u00e9<\/td><\/tr><tr><td>Fonctionnalit\u00e9<\/td><td>Faible teneur en glucides \u00b7 Amincissant<\/td><\/tr><tr><td>Ingr\u00e9dients principaux<\/td><td>Farine de konjac biologique<\/td><\/tr><tr><td>Fibres alimentaires<\/td><td>2.7%<\/td><\/tr><tr><td>Gras<\/td><td><strong>Z\u00e9ro<\/strong><\/td><\/tr><tr><td>Sucre<\/td><td><strong>Z\u00e9ro<\/strong><\/td><\/tr><tr><td>Sans gluten<\/td><td>Oui<\/td><\/tr><tr><td>M\u00e9thode de cuisson<\/td><td><strong>R\u00e9hydrater, puis cuire<\/strong><\/td><\/tr><tr><td>Dur\u00e9e de conservation<\/td><td>24 mois<\/td><\/tr><tr><td>Emballage<\/td><td>Sac \/ Vrac<\/td><\/tr><tr><td>Certifications<\/td><td>BRC \u00b7 IFS \u00b7 HACCP \u00b7 HALAL \u00b7 KOSHER \u00b7 NOP \u00b7 BIOLOGIQUE UE<\/td><\/tr><tr><td>Marque<\/td><td>OEM accept\u00e9<\/td><\/tr><tr><td>Lieu d'origine<\/td><td>Sichuan, Chine<\/td><\/tr><\/tbody><\/table><\/figure>\n\n\n\n<h2 class=\"wp-block-heading\">Ingr\u00e9dients<\/h2>\n\n\n\n<p>Farine de konjac (glucomannane)<\/p>\n\n\n\n<p>Eau purifi\u00e9e (utilis\u00e9e pendant la transformation)<\/p>\n\n\n\n<p>Pas de riz - pas de bl\u00e9 - pas de c\u00e9r\u00e9ales - pas de sucre ajout\u00e9 - pas de graisse<\/p>\n\n\n\n<h2 class=\"wp-block-heading\">Bienfaits pour la sant\u00e9 et fonctionnalit\u00e9s<\/h2>\n\n\n\n<p><strong>Id\u00e9al pour la gestion du poids<\/strong><\/p>\n\n\n\n<p>Le glucomannane de konjac est une fibre alimentaire soluble :<\/p>\n\n\n\n<ul class=\"wp-block-list\">\n<li>absorbe l'eau et se dilate dans l'estomac<\/li>\n\n\n\n<li>augmente la sensation de sati\u00e9t\u00e9<\/li>\n\n\n\n<li>r\u00e9duit l'apport alimentaire global<\/li>\n<\/ul>\n\n\n\n<p>Aide \u00e0 soutenir les r\u00e9gimes amincissants et les r\u00e9gimes de contr\u00f4le des calories.<\/p>\n\n\n\n<hr class=\"wp-block-separator has-alpha-channel-opacity\"\/>\n\n\n\n<p><strong>Faible impact glyc\u00e9mique<\/strong><\/p>\n\n\n\n<p>Avec un index glyc\u00e9mique tr\u00e8s bas, le riz konjac aide :<\/p>\n\n\n\n<ul class=\"wp-block-list\">\n<li>absorption lente du glucose<\/li>\n\n\n\n<li>r\u00e9duire les fluctuations de la glyc\u00e9mie<\/li>\n<\/ul>\n\n\n\n<p>Convient aux r\u00e9gimes diab\u00e9tiques et \u00e0 faible IG.<\/p>\n\n\n\n<hr class=\"wp-block-separator has-alpha-channel-opacity\"\/>\n\n\n\n<p><strong>Remplacement quotidien des agrafes<\/strong><\/p>\n\n\n\n<p>Contrairement aux nouilles, le riz konjac s'int\u00e8gre naturellement :<\/p>\n\n\n\n<ul class=\"wp-block-list\">\n<li>Repas asiatiques<\/li>\n\n\n\n<li>Bols de riz occidentaux<\/li>\n\n\n\n<li>Plats au curry<\/li>\n\n\n\n<li>Bo\u00eetes \u00e0 repas<\/li>\n<\/ul>\n\n\n\n<p>Faciliter l'adh\u00e9sion des consommateurs \u00e0 une alimentation saine sur le long terme.<\/p>\n\n\n\n<h2 class=\"wp-block-heading\">Comment se pr\u00e9parer<\/h2>\n\n\n\n<p>Faire tremper le riz konjac sec dans de l'eau pendant 10 \u00e0 15 minutes jusqu'\u00e0 ce qu'il soit compl\u00e8tement r\u00e9hydrat\u00e9.<br>\u00c9goutter et rincer<br>Cuire \u00e0 l'eau bouillante, \u00e0 la po\u00eale ou \u00e0 la vapeur comme du riz ordinaire.<\/p>\n\n\n\n<p>Id\u00e9al pour :<\/p>\n\n\n\n<ul class=\"wp-block-list\">\n<li>riz frit \u00e0 la citrouille<\/li>\n\n\n\n<li>bols de riz color\u00e9s<\/li>\n\n\n\n<li>bo\u00eetes de pr\u00e9paration de repas<\/li>\n\n\n\n<li>repas bento \u00e0 faible teneur en glucides<\/li>\n<\/ul>\n\n\n\n<p>Pour d\u00e9couvrir d'autres fa\u00e7ons de cuisiner, consultez notre <strong><a href=\"https:\/\/scmlkj.com\/fr\/recette-au-konjac\/\">Guide de recettes<\/a><\/strong><\/p>\n\n\n\n<h2 class=\"wp-block-heading\">Options OEM \/ marque priv\u00e9e<\/h2>\n\n\n\n<ul class=\"wp-block-list\">\n<li>Conditionnement personnalis\u00e9 (100 g\/500 g\/1 kg\/5 kg\/25 kg en vrac)<\/li>\n\n\n\n<li>Emballages pour la vente au d\u00e9tail ou la restauration<\/li>\n\n\n\n<li>Versions certifi\u00e9es biologiques<\/li>\n\n\n\n<li>M\u00e9langes de riz (konjac + avoine \/ konjac + potiron)<\/li>\n\n\n\n<li>Assistance \u00e0 la conception et \u00e0 la cr\u00e9ation de marques priv\u00e9es<\/li>\n<\/ul>\n\n\n\n<p>Vous souhaitez ajouter un <strong>alternative au riz \u00e0 faible teneur en calories<\/strong> \u00e0 votre gamme de produits ?<br><a href=\"https:\/\/scmlkj.com\/fr\/contact\/\">Contact <strong>Eastern Morning<\/strong><\/a> pour <strong>Konjac Rice OEM<\/strong>, <a href=\"https:\/\/scmlkj.com\/fr\/demande-dechantillon-gratuit\/\">\u00e9chantillons<\/a>et des solutions de tarification en gros.<\/p>","protected":false},"excerpt":{"rendered":"<p>Le riz shirataki sec instantan\u00e9 au konjac d'Eastern Morning est un substitut de riz sec \u00e0 base de konjac, de longue conservation, qui est r\u00e9hydrat\u00e9 et cuit avant d'\u00eatre consomm\u00e9. Une fois r\u00e9hydrat\u00e9, il peut remplacer le riz traditionnel dans les repas quotidiens.<\/p>\n<ul>\n<li data-start=\"1518\" data-end=\"1569\"><strong data-start=\"1572\" data-end=\"1600\">Sans odeur et go\u00fbt neutre<\/strong> \u2013 Sans odeur de konjac<\/li>\n<li data-start=\"1620\" data-end=\"1676\">\n<p data-start=\"1622\" data-end=\"1676\"><strong data-start=\"1622\" data-end=\"1649\">Aliments de base \u00e0 faible teneur en calories<\/strong> - Remplacement id\u00e9al du riz<\/p>\n<\/li>\n<li data-start=\"1677\" data-end=\"1721\">\n<p data-start=\"1679\" data-end=\"1721\"><strong data-start=\"1679\" data-end=\"1719\">Riche en fibres alimentaires solubles (2.7%)<\/strong><\/p>\n<\/li>\n<li data-start=\"1722\" data-end=\"1762\">\n<p data-start=\"1724\" data-end=\"1762\"><strong data-start=\"1724\" data-end=\"1760\">Sans mati\u00e8res grasses \u00b7 Sans sucre \u00b7 Faible teneur en glucides<\/strong><\/p>\n<\/li>\n<li data-start=\"1763\" data-end=\"1795\">\n<p data-start=\"1765\" data-end=\"1795\"><strong data-start=\"1765\" data-end=\"1793\">Sans gluten et sans c\u00e9r\u00e9ales<\/strong><\/p>\n<\/li>\n<li data-start=\"1796\" data-end=\"1854\">\n<p data-start=\"1798\" data-end=\"1854\"><strong data-start=\"1798\" data-end=\"1825\">Texture douce, semblable \u00e0 celle du riz<\/strong> - Se m\u00e9lange \u00e0 tous les plats<\/p>\n<\/li>\n<li data-start=\"1855\" data-end=\"1889\">\n<p data-start=\"1857\" data-end=\"1889\"><strong data-start=\"1857\" data-end=\"1889\">OEM \/ Marque priv\u00e9e accept\u00e9e<\/strong><\/p>\n<\/li>\n<\/ul>","protected":false},"featured_media":2101,"comment_status":"open","ping_status":"closed","template":"","meta":[],"product_brand":[],"product_cat":[29],"product_tag":[],"class_list":{"0":"post-2098","1":"product","2":"type-product","3":"status-publish","4":"has-post-thumbnail","6":"product_cat-konjac-rice-series","8":"first","9":"instock","10":"shipping-taxable","11":"product-type-simple"},"_links":{"self":[{"href":"https:\/\/scmlkj.com\/fr\/wp-json\/wp\/v2\/product\/2098","targetHints":{"allow":["GET"]}}],"collection":[{"href":"https:\/\/scmlkj.com\/fr\/wp-json\/wp\/v2\/product"}],"about":[{"href":"https:\/\/scmlkj.com\/fr\/wp-json\/wp\/v2\/types\/product"}],"replies":[{"embeddable":true,"href":"https:\/\/scmlkj.com\/fr\/wp-json\/wp\/v2\/comments?post=2098"}],"wp:featuredmedia":[{"embeddable":true,"href":"https:\/\/scmlkj.com\/fr\/wp-json\/wp\/v2\/media\/2101"}],"wp:attachment":[{"href":"https:\/\/scmlkj.com\/fr\/wp-json\/wp\/v2\/media?parent=2098"}],"wp:term":[{"taxonomy":"product_brand","embeddable":true,"href":"https:\/\/scmlkj.com\/fr\/wp-json\/wp\/v2\/product_brand?post=2098"},{"taxonomy":"product_cat","embeddable":true,"href":"https:\/\/scmlkj.com\/fr\/wp-json\/wp\/v2\/product_cat?post=2098"},{"taxonomy":"product_tag","embeddable":true,"href":"https:\/\/scmlkj.com\/fr\/wp-json\/wp\/v2\/product_tag?post=2098"}],"curies":[{"name":"wp","href":"https:\/\/api.w.org\/{rel}","templated":true}]}}