{"id":2117,"date":"2025-12-08T06:56:03","date_gmt":"2025-12-08T06:56:03","guid":{"rendered":"https:\/\/scmlkj.com\/?post_type=product&#038;p=2117"},"modified":"2026-04-30T14:52:44","modified_gmt":"2026-04-30T14:52:44","slug":"spaghetti-shirataki-au-konjac-et-avoine","status":"publish","type":"product","link":"https:\/\/scmlkj.com\/fr\/produits\/spaghetti-shirataki-au-konjac-et-avoine\/","title":{"rendered":"Spaghetti \u00e0 l'avoine et au konjac Shirataki"},"content":{"rendered":"<p>Des fibres d'avoine sont ajout\u00e9es pour am\u00e9liorer la sensation en bouche et la fermet\u00e9, ce qui rend les spaghettis plus proches des p\u00e2tes de bl\u00e9 traditionnelles tout en restant faibles en calories et en glucides.<\/p>\n\n\n\n<figure class=\"wp-block-image size-large\"><img fetchpriority=\"high\" decoding=\"async\" width=\"1024\" height=\"576\" src=\"https:\/\/scmlkj.com\/wp-content\/uploads\/2026\/04\/oat-konjac-noodles-shirataki-high-fiber-plant-based-1024x576.jpg\" alt=\"Oat konjac shirataki noodles made from plant-based ingredients, high-fiber low-carb pasta alternative\" class=\"wp-image-3732\" srcset=\"https:\/\/scmlkj.com\/wp-content\/uploads\/2026\/04\/oat-konjac-noodles-shirataki-high-fiber-plant-based-1024x576.jpg 1024w, https:\/\/scmlkj.com\/wp-content\/uploads\/2026\/04\/oat-konjac-noodles-shirataki-high-fiber-plant-based-300x169.jpg 300w, https:\/\/scmlkj.com\/wp-content\/uploads\/2026\/04\/oat-konjac-noodles-shirataki-high-fiber-plant-based-768x432.jpg 768w, https:\/\/scmlkj.com\/wp-content\/uploads\/2026\/04\/oat-konjac-noodles-shirataki-high-fiber-plant-based-1536x864.jpg 1536w, https:\/\/scmlkj.com\/wp-content\/uploads\/2026\/04\/oat-konjac-noodles-shirataki-high-fiber-plant-based-18x10.jpg 18w, https:\/\/scmlkj.com\/wp-content\/uploads\/2026\/04\/oat-konjac-noodles-shirataki-high-fiber-plant-based-600x338.jpg 600w, https:\/\/scmlkj.com\/wp-content\/uploads\/2026\/04\/oat-konjac-noodles-shirataki-high-fiber-plant-based.jpg 1600w\" sizes=\"(max-width: 1024px) 100vw, 1024px\" \/><\/figure>\n\n\n\n<h2 class=\"wp-block-heading\">Informations nutritionnelles<\/h2>\n\n\n\n<figure class=\"wp-block-table\"><table class=\"has-fixed-layout\"><tbody><tr><td><strong>Nutriment<\/strong><\/td><td><strong>Unit\u00e9s<\/strong><\/td><td><strong>Valeur pour 100 g<\/strong><\/td><\/tr><tr><td>\u00c9nergie<\/td><td>kJ \/ kcal<\/td><td>25 kJ \/ 5 kcal<\/td><\/tr><tr><td>Glucide<\/td><td>g<\/td><td>Moins de 0,1<\/td><\/tr><tr><td>Prot\u00e9ine<\/td><td>g<\/td><td>Moins de 0,1<\/td><\/tr><tr><td>Gras<\/td><td>g<\/td><td>0<\/td><\/tr><tr><td>Fibres alimentaires<\/td><td>g<\/td><td>2.7<\/td><\/tr><tr><td>Sucre<\/td><td>g<\/td><td>0<\/td><\/tr><tr><td>Sodium<\/td><td>mg<\/td><td>0<\/td><\/tr><\/tbody><\/table><\/figure>\n\n\n\n<h2 class=\"wp-block-heading\">Informations de base<\/h2>\n\n\n\n<figure class=\"wp-block-table\"><table class=\"has-fixed-layout\"><tbody><tr><td><strong>Article<\/strong><\/td><td><strong>D\u00e9tails<\/strong><\/td><\/tr><tr><td>Nom du produit<\/td><td>Spaghetti \u00e0 l'avoine et au konjac Shirataki<\/td><\/tr><tr><td>Type de produit<\/td><td>Nouilles instantan\u00e9es au konjac<\/td><\/tr><tr><td>Style<\/td><td>Humide, frais<\/td><\/tr><tr><td>Fonctionnalit\u00e9<\/td><td>Faible teneur en glucides, sans mati\u00e8res grasses<\/td><\/tr><tr><td>Type de traitement<\/td><td>Fait main<\/td><\/tr><tr><td>Go\u00fbt<\/td><td>Neutre<\/td><\/tr><tr><td>Odeur<\/td><td>Sans odeur<\/td><\/tr><tr><td>Apparence<\/td><td>Coupe de spaghettis couleur beige clair\/blanc, infus\u00e9s \u00e0 l'avoine<\/td><\/tr><tr><td>Sp\u00e9cification<\/td><td>270 g \/ sac<\/td><\/tr><tr><td>Ingr\u00e9dient principal<\/td><td><br>Farine de konjac, eau, fibres d'avoine<\/td><\/tr><tr><td>Contenu<\/td><td>Farine de konjac pure<\/td><\/tr><tr><td>Temps de cuisson<\/td><td>2 minutes<\/td><\/tr><tr><td>Dur\u00e9e de conservation<\/td><td>15 mois<\/td><\/tr><tr><td>Type de stockage<\/td><td>Temp\u00e9rature ambiante<\/td><\/tr><tr><td>Nom de marque<\/td><td>Eastern Morning<\/td><\/tr><\/tbody><\/table><\/figure>\n\n\n\n<p><\/p>\n\n\n\n<h2 class=\"wp-block-heading\">Emballage et livraison<\/h2>\n\n\n\n<figure class=\"wp-block-table\"><table class=\"has-fixed-layout\"><tbody><tr><td><strong>Article<\/strong><\/td><td><strong>D\u00e9tails<\/strong><\/td><\/tr><tr><td>Unit\u00e9 de vente<\/td><td>Article unique<\/td><\/tr><tr><td>Taille du paquet<\/td><td>12 \u00d7 10 \u00d7 18 cm<\/td><\/tr><tr><td>Poids brut<\/td><td>0,280 kg<\/td><\/tr><tr><td>Emballage<\/td><td>Sac<\/td><\/tr><tr><td>Logo personnalis\u00e9<\/td><td>Disponible (quantit\u00e9 minimale : 10 000 sacs)<\/td><\/tr><\/tbody><\/table><\/figure>\n\n\n\n<figure class=\"wp-block-image size-large\"><img decoding=\"async\" width=\"1024\" height=\"576\" src=\"https:\/\/scmlkj.com\/wp-content\/uploads\/2026\/04\/cooked-oat-konjac-noodles-shirataki-high-fiber-ready-to-eat-1024x576.jpg\" alt=\"Cooked oat konjac shirataki noodles served in a bowl, high-fiber low-carb plant-based meal\" class=\"wp-image-3734\" srcset=\"https:\/\/scmlkj.com\/wp-content\/uploads\/2026\/04\/cooked-oat-konjac-noodles-shirataki-high-fiber-ready-to-eat-1024x576.jpg 1024w, https:\/\/scmlkj.com\/wp-content\/uploads\/2026\/04\/cooked-oat-konjac-noodles-shirataki-high-fiber-ready-to-eat-300x169.jpg 300w, https:\/\/scmlkj.com\/wp-content\/uploads\/2026\/04\/cooked-oat-konjac-noodles-shirataki-high-fiber-ready-to-eat-768x432.jpg 768w, https:\/\/scmlkj.com\/wp-content\/uploads\/2026\/04\/cooked-oat-konjac-noodles-shirataki-high-fiber-ready-to-eat-1536x864.jpg 1536w, https:\/\/scmlkj.com\/wp-content\/uploads\/2026\/04\/cooked-oat-konjac-noodles-shirataki-high-fiber-ready-to-eat-18x10.jpg 18w, https:\/\/scmlkj.com\/wp-content\/uploads\/2026\/04\/cooked-oat-konjac-noodles-shirataki-high-fiber-ready-to-eat-600x338.jpg 600w, https:\/\/scmlkj.com\/wp-content\/uploads\/2026\/04\/cooked-oat-konjac-noodles-shirataki-high-fiber-ready-to-eat.jpg 1600w\" sizes=\"(max-width: 1024px) 100vw, 1024px\" \/><\/figure>\n\n\n\n<h2 class=\"wp-block-heading\">Comment cuisiner<\/h2>\n\n\n\n<p><strong>Pr\u00eat en 2 minutes<\/strong><\/p>\n\n\n\n<ol class=\"wp-block-list\">\n<li>\u00c9gouttez le liquide et rincez. <strong>2 \u00e0 3 fois<\/strong>.<\/li>\n\n\n\n<li>Blanchir dans de l'eau chaude pendant <strong>1 minute<\/strong>.<\/li>\n\n\n\n<li>\u00c0 associer avec :\n<ul class=\"wp-block-list\">\n<li>sauces \u00e0 base de tomate<\/li>\n\n\n\n<li>pesto &amp; sauces cr\u00e9meuses<\/li>\n\n\n\n<li>plats de p\u00e2tes adapt\u00e9s au r\u00e9gime c\u00e9tog\u00e8ne<\/li>\n\n\n\n<li>salades &amp; bols de spaghettis froids<\/li>\n\n\n\n<li>kits de pr\u00e9paration de repas prot\u00e9in\u00e9s<\/li>\n<\/ul>\n<\/li>\n<\/ol>\n\n\n\n<p>L'infusion d'avoine procure une sensation en bouche plus douce, en faisant une option pris\u00e9e des marques occidentales de p\u00e2tes sant\u00e9.<\/p>\n\n\n\n<h2 class=\"wp-block-heading\">Certifications<\/h2>\n\n\n\n<p>ISO \u00b7 HACCP \u00b7 HALAL \u00b7 KOSHER \u00b7 BRC \u00b7 IFS \u00b7 BIOLOGIQUE UE \u00b7 BIOLOGIQUE USDA<\/p>","protected":false},"excerpt":{"rendered":"<p>Une option nutritive <strong data-start=\"438\" data-end=\"462\">Spaghettis \u00e0 l'Avoine et Konjac<\/strong> \u00e9labor\u00e9s \u00e0 partir de farine de konjac premium m\u00e9lang\u00e9e \u00e0 des fibres d'avoine naturelles. Texture lisse, faible en calories, faible en glucides, id\u00e9al pour les marques de repas sant\u00e9, les supermarch\u00e9s, les kits repas et les fournisseurs en marque propre. Une am\u00e9lioration saine du shirataki classique.<\/p>\n<ul>\n<li data-start=\"731\" data-end=\"812\">\n<p data-start=\"733\" data-end=\"812\"><strong data-start=\"733\" data-end=\"759\">Enrichi en Fibres d'Avoine<\/strong> \u2013 Am\u00e9liore la texture, offre l'attrait des fibres naturelles.<\/p>\n<\/li>\n<li data-start=\"813\" data-end=\"908\">\n<p data-start=\"815\" data-end=\"908\"><strong data-start=\"815\" data-end=\"840\">Faible teneur en glucides, faible teneur en calories<\/strong> \u2013 Seulement <strong data-start=\"848\" data-end=\"867\">5 kcal pour 100 g<\/strong>; id\u00e9al pour les march\u00e9s c\u00e9tog\u00e8ne et minceur.<\/p>\n<\/li>\n<li data-start=\"909\" data-end=\"1002\">\n<p data-start=\"911\" data-end=\"1002\"><strong data-start=\"911\" data-end=\"931\">Texture am\u00e9lior\u00e9e<\/strong> \u2013 L'avoine conf\u00e8re une tenue en bouche l\u00e9g\u00e8rement plus ferme que les spaghettis shirataki classiques.<\/p>\n<\/li>\n<li data-start=\"1003\" data-end=\"1062\">\n<p data-start=\"1005\" data-end=\"1062\"><strong data-start=\"1005\" data-end=\"1020\">\u00c9tiquette propre<\/strong> \u2013 Sans graisse, sans sucre, sans gluten, v\u00e9gan.<\/p>\n<\/li>\n<li data-start=\"1063\" data-end=\"1154\">\n<p data-start=\"1065\" data-end=\"1154\"><strong data-start=\"1065\" data-end=\"1097\">Format Spaghettis Humides Instantan\u00e9s<\/strong> \u2013 Pr\u00eat en <strong data-start=\"1109\" data-end=\"1122\">2 minutes<\/strong>, parfait pour une cuisine saine.<\/p>\n<\/li>\n<li data-start=\"1155\" data-end=\"1249\">\n<p data-start=\"1157\" data-end=\"1249\"><strong data-start=\"1157\" data-end=\"1191\">Certifications aux Normes Internationales<\/strong> \u2013 ISO, HACCP, KOSHER, HALAL, BRC, IFS, Bio UE\/USDA.<\/p>\n<\/li>\n<li data-start=\"1250\" data-end=\"1338\">\n<p data-start=\"1252\" data-end=\"1338\"><strong data-start=\"1252\" data-end=\"1284\">Compatible avec les marques OEM \/ marques priv\u00e9es<\/strong> \u2013 Tailles de sachets personnalis\u00e9es, designs et formulations pris en charge.<\/p>\n<\/li>\n<\/ul>\n<p>&nbsp;<\/p>","protected":false},"featured_media":2120,"comment_status":"open","ping_status":"closed","template":"","meta":[],"product_brand":[],"product_cat":[48],"product_tag":[],"class_list":{"0":"post-2117","1":"product","2":"type-product","3":"status-publish","4":"has-post-thumbnail","6":"product_cat-organic-konjac-pasta","8":"first","9":"instock","10":"shipping-taxable","11":"product-type-simple"},"_links":{"self":[{"href":"https:\/\/scmlkj.com\/fr\/wp-json\/wp\/v2\/product\/2117","targetHints":{"allow":["GET"]}}],"collection":[{"href":"https:\/\/scmlkj.com\/fr\/wp-json\/wp\/v2\/product"}],"about":[{"href":"https:\/\/scmlkj.com\/fr\/wp-json\/wp\/v2\/types\/product"}],"replies":[{"embeddable":true,"href":"https:\/\/scmlkj.com\/fr\/wp-json\/wp\/v2\/comments?post=2117"}],"wp:featuredmedia":[{"embeddable":true,"href":"https:\/\/scmlkj.com\/fr\/wp-json\/wp\/v2\/media\/2120"}],"wp:attachment":[{"href":"https:\/\/scmlkj.com\/fr\/wp-json\/wp\/v2\/media?parent=2117"}],"wp:term":[{"taxonomy":"product_brand","embeddable":true,"href":"https:\/\/scmlkj.com\/fr\/wp-json\/wp\/v2\/product_brand?post=2117"},{"taxonomy":"product_cat","embeddable":true,"href":"https:\/\/scmlkj.com\/fr\/wp-json\/wp\/v2\/product_cat?post=2117"},{"taxonomy":"product_tag","embeddable":true,"href":"https:\/\/scmlkj.com\/fr\/wp-json\/wp\/v2\/product_tag?post=2117"}],"curies":[{"name":"wp","href":"https:\/\/api.w.org\/{rel}","templated":true}]}}