{"id":2121,"date":"2025-12-08T07:01:13","date_gmt":"2025-12-08T07:01:13","guid":{"rendered":"https:\/\/scmlkj.com\/?post_type=product&#038;p=2121"},"modified":"2026-04-30T15:07:56","modified_gmt":"2026-04-30T15:07:56","slug":"spaghetti-de-konjac-a-la-citrouille","status":"publish","type":"product","link":"https:\/\/scmlkj.com\/fr\/produits\/spaghetti-de-konjac-a-la-citrouille\/","title":{"rendered":"Spaghetti au potiron et au konjac"},"content":{"rendered":"<p>L'extrait de citrouille est utilis\u00e9 principalement pour rehausser la couleur naturelle et l'attrait nutritionnel, tout en conservant une base de saveur neutre convenant \u00e0 diverses recettes.<\/p>\n\n\n\n<figure class=\"wp-block-image size-large\"><img fetchpriority=\"high\" decoding=\"async\" width=\"1024\" height=\"576\" src=\"https:\/\/scmlkj.com\/wp-content\/uploads\/2026\/04\/pumpkin-konjac-noodles-shirataki-plant-based-low-carb-1024x576.jpg\" alt=\"Pumpkin konjac shirataki noodles made from plant-based ingredients, low-carb healthy pasta alternative\" class=\"wp-image-3735\" srcset=\"https:\/\/scmlkj.com\/wp-content\/uploads\/2026\/04\/pumpkin-konjac-noodles-shirataki-plant-based-low-carb-1024x576.jpg 1024w, https:\/\/scmlkj.com\/wp-content\/uploads\/2026\/04\/pumpkin-konjac-noodles-shirataki-plant-based-low-carb-300x169.jpg 300w, https:\/\/scmlkj.com\/wp-content\/uploads\/2026\/04\/pumpkin-konjac-noodles-shirataki-plant-based-low-carb-768x432.jpg 768w, https:\/\/scmlkj.com\/wp-content\/uploads\/2026\/04\/pumpkin-konjac-noodles-shirataki-plant-based-low-carb-1536x864.jpg 1536w, https:\/\/scmlkj.com\/wp-content\/uploads\/2026\/04\/pumpkin-konjac-noodles-shirataki-plant-based-low-carb-18x10.jpg 18w, https:\/\/scmlkj.com\/wp-content\/uploads\/2026\/04\/pumpkin-konjac-noodles-shirataki-plant-based-low-carb-600x338.jpg 600w, https:\/\/scmlkj.com\/wp-content\/uploads\/2026\/04\/pumpkin-konjac-noodles-shirataki-plant-based-low-carb.jpg 1600w\" sizes=\"(max-width: 1024px) 100vw, 1024px\" \/><\/figure>\n\n\n\n<h2 class=\"wp-block-heading\">Informations nutritionnelles<\/h2>\n\n\n\n<figure class=\"wp-block-table\"><table class=\"has-fixed-layout\"><tbody><tr><td><strong>Nutriment<\/strong><\/td><td><strong>Unit\u00e9s<\/strong><\/td><td><strong>Valeur pour 100 g<\/strong><\/td><\/tr><tr><td>\u00c9nergie<\/td><td>kJ \/ kcal<\/td><td>25 kJ \/ 5 kcal<\/td><\/tr><tr><td>Glucide<\/td><td>g<\/td><td>Moins de 0,1<\/td><\/tr><tr><td>Prot\u00e9ine<\/td><td>g<\/td><td>Moins de 0,1<\/td><\/tr><tr><td>Gras<\/td><td>g<\/td><td>0<\/td><\/tr><tr><td>Fibres alimentaires<\/td><td>g<\/td><td>2.7<\/td><\/tr><tr><td>Sucre<\/td><td>g<\/td><td>0<\/td><\/tr><tr><td>Sodium<\/td><td>mg<\/td><td>0<\/td><\/tr><\/tbody><\/table><\/figure>\n\n\n\n<h2 class=\"wp-block-heading\">Informations de base<\/h2>\n\n\n\n<figure class=\"wp-block-table\"><table class=\"has-fixed-layout\"><tbody><tr><td><strong>Article<\/strong><\/td><td><strong>D\u00e9tails<\/strong><\/td><\/tr><tr><td>Nom du produit<\/td><td>Spaghetti au potiron et au konjac<\/td><\/tr><tr><td>Type de produit<\/td><td>Nouilles instantan\u00e9es au konjac<\/td><\/tr><tr><td>Style<\/td><td>Humide, frais<\/td><\/tr><tr><td>Fonctionnalit\u00e9<\/td><td>Faible teneur en glucides, sans mati\u00e8res grasses<\/td><\/tr><tr><td>Type de traitement<\/td><td>Production contr\u00f4l\u00e9e par voie humide<\/td><\/tr><tr><td>Go\u00fbt<\/td><td>Neutre<\/td><\/tr><tr><td>Odeur<\/td><td>Sans odeur<\/td><\/tr><tr><td>Apparence<\/td><td>Spaghetti infus\u00e9 \u00e0 la citrouille, jaune\/orange doux<\/td><\/tr><tr><td>Sp\u00e9cification<\/td><td>270 g \/ sac<\/td><\/tr><tr><td>Ingr\u00e9dient principal<\/td><td><br>Farine de konjac, eau, extrait\/poudre de citrouille<\/td><\/tr><tr><td>Contenu<\/td><td>Farine de konjac pure<\/td><\/tr><tr><td>Temps de cuisson<\/td><td>2 minutes<\/td><\/tr><tr><td>Dur\u00e9e de conservation<\/td><td>15 mois<\/td><\/tr><tr><td>Type de stockage<\/td><td>Temp\u00e9rature ambiante<\/td><\/tr><tr><td>Nom de marque<\/td><td>Eastern Morning<\/td><\/tr><\/tbody><\/table><\/figure>\n\n\n\n<h2 class=\"wp-block-heading\">Spaghetti de konjac \u00e0 la citrouille vs spaghetti de konjac nature<\/h2>\n\n\n\n<figure class=\"wp-block-table\"><table class=\"has-fixed-layout\"><tbody><tr><td><strong>Fonctionnalit\u00e9<\/strong><\/td><td><strong>Konjac \u00e0 la citrouille<\/strong><\/td><td><strong>Konjac nature<\/strong><\/td><\/tr><tr><td>Couleur<\/td><td>Jaune-orange naturel<\/td><td>Transparent<\/td><\/tr><tr><td>Attraction des \u00e9tag\u00e8res<\/td><td>Plus \u00e9lev\u00e9<\/td><td>Standard<\/td><\/tr><tr><td>March\u00e9s cibles<\/td><td>Commerce de d\u00e9tail, kits repas, enfants<\/td><td>Grand public<\/td><\/tr><tr><td>Impact sur la saveur<\/td><td>Neutre<\/td><td>Neutre<\/td><\/tr><\/tbody><\/table><\/figure>\n\n\n\n<p><\/p>\n\n\n\n<h2 class=\"wp-block-heading\">Applications recommand\u00e9es<\/h2>\n\n\n\n<p>Plats de p\u00e2tes \u00e0 faible teneur en glucides pour la vente au d\u00e9tail et la restauration<\/p>\n\n\n\n<p>Kits de repas v\u00e9g\u00e9taliens et \u00e0 base de plantes<\/p>\n\n\n\n<p>Salades et p\u00e2tes froides<\/p>\n\n\n\n<p>Des p\u00e2tes adapt\u00e9es au r\u00e9gime alimentaire<\/p>\n\n\n\n<p>Recettes de spaghettis \u00e0 l'occidentale<\/p>\n\n\n\n<p>Repas sains pour enfants (couleur naturelle et attrait de l'\u00e9tiquette propre)<\/p>\n\n\n\n<h2 class=\"wp-block-heading\">Emballage et livraison<\/h2>\n\n\n\n<figure class=\"wp-block-table\"><table class=\"has-fixed-layout\"><tbody><tr><td><strong>Article<\/strong><\/td><td><strong>D\u00e9tails<\/strong><\/td><\/tr><tr><td>Unit\u00e9 de vente<\/td><td>Article unique<\/td><\/tr><tr><td>Taille du paquet<\/td><td>12 \u00d7 10 \u00d7 18 cm<\/td><\/tr><tr><td>Poids brut<\/td><td>0,280 kg<\/td><\/tr><tr><td>Emballage<\/td><td>Sac<\/td><\/tr><tr><td>Logo personnalis\u00e9<\/td><td>Disponible (quantit\u00e9 minimale : 10 000 sacs)<\/td><\/tr><\/tbody><\/table><\/figure>\n\n\n\n<figure class=\"wp-block-image size-large\"><img decoding=\"async\" width=\"1024\" height=\"576\" src=\"https:\/\/scmlkj.com\/wp-content\/uploads\/2026\/04\/cooked-pumpkin-konjac-noodles-shirataki-ready-to-eat-1024x576.jpg\" alt=\"Cooked pumpkin konjac shirataki noodles served in a bowl, low-carb plant-based pasta ready to eat\" class=\"wp-image-3737\" srcset=\"https:\/\/scmlkj.com\/wp-content\/uploads\/2026\/04\/cooked-pumpkin-konjac-noodles-shirataki-ready-to-eat-1024x576.jpg 1024w, https:\/\/scmlkj.com\/wp-content\/uploads\/2026\/04\/cooked-pumpkin-konjac-noodles-shirataki-ready-to-eat-300x169.jpg 300w, https:\/\/scmlkj.com\/wp-content\/uploads\/2026\/04\/cooked-pumpkin-konjac-noodles-shirataki-ready-to-eat-768x432.jpg 768w, https:\/\/scmlkj.com\/wp-content\/uploads\/2026\/04\/cooked-pumpkin-konjac-noodles-shirataki-ready-to-eat-1536x864.jpg 1536w, https:\/\/scmlkj.com\/wp-content\/uploads\/2026\/04\/cooked-pumpkin-konjac-noodles-shirataki-ready-to-eat-18x10.jpg 18w, https:\/\/scmlkj.com\/wp-content\/uploads\/2026\/04\/cooked-pumpkin-konjac-noodles-shirataki-ready-to-eat-600x338.jpg 600w, https:\/\/scmlkj.com\/wp-content\/uploads\/2026\/04\/cooked-pumpkin-konjac-noodles-shirataki-ready-to-eat.jpg 1600w\" sizes=\"(max-width: 1024px) 100vw, 1024px\" \/><\/figure>\n\n\n\n<h2 class=\"wp-block-heading\">Comment cuisiner<\/h2>\n\n\n\n<p><strong>Pr\u00eat en 2 minutes<\/strong><\/p>\n\n\n\n<ol class=\"wp-block-list\">\n<li>\u00c9gouttez le liquide et rincez.&nbsp;<strong>2 \u00e0 3 fois<\/strong>.<\/li>\n\n\n\n<li>Blanchir dans de l'eau chaude pendant&nbsp;<strong>1 minute<\/strong>.<\/li>\n<\/ol>\n\n\n\n<h2 class=\"wp-block-heading\">Certifications<\/h2>\n\n\n\n<p>ISO \u00b7 HACCP \u00b7 HALAL \u00b7 KOSHER \u00b7 BRC \u00b7 IFS \u00b7 BIOLOGIQUE UE \u00b7 BIOLOGIQUE USDA<\/p>\n\n\n\n<p><\/p>","protected":false},"excerpt":{"rendered":"<p>Color\u00e9 naturellement <strong data-start=\"484\" data-end=\"512\">Spaghetti au potiron et au konjac<\/strong> fabriqu\u00e9 \u00e0 partir de farine de konjac premium et d'extrait de citrouille riche en nutriments. Texture lisse, faible en glucides, sans mati\u00e8res grasses, et id\u00e9al pour les marques d'aliments sant\u00e9, les supermarch\u00e9s, les entreprises de kits repas et les clients en marque propre recherchant une alternative de p\u00e2tes fonctionnelle et esth\u00e9tiquement attrayante.<\/p>\n<ul>\n<li data-start=\"807\" data-end=\"899\">\n<p data-start=\"809\" data-end=\"899\"><strong data-start=\"809\" data-end=\"837\">Infusion Naturelle de Citrouille<\/strong> \u2013 Teinte jaune-orange douce avec un attrait d'ingr\u00e9dient sain.<\/p>\n<\/li>\n<li data-start=\"900\" data-end=\"996\">\n<p data-start=\"902\" data-end=\"996\"><strong data-start=\"902\" data-end=\"923\">Tr\u00e8s faible en calories<\/strong> \u2013 Seulement <strong data-start=\"931\" data-end=\"950\">5 kcal pour 100 g<\/strong>, parfait pour les programmes c\u00e9tog\u00e8nes et de perte de poids.<\/p>\n<\/li>\n<li data-start=\"997\" data-end=\"1080\">\n<p data-start=\"999\" data-end=\"1080\"><strong data-start=\"999\" data-end=\"1025\">Attrait Visuel Renforc\u00e9<\/strong> \u2013 La citrouille ajoute une couleur naturelle sans alt\u00e9rer le go\u00fbt.<\/p>\n<\/li>\n<li data-start=\"1081\" data-end=\"1152\">\n<p data-start=\"1083\" data-end=\"1152\"><strong data-start=\"1083\" data-end=\"1106\">Formule Clean Label<\/strong> \u2013 V\u00e9gan, sans gluten, sans sucre, sans mati\u00e8res grasses.<\/p>\n<\/li>\n<li data-start=\"1153\" data-end=\"1242\">\n<p data-start=\"1155\" data-end=\"1242\"><strong data-start=\"1155\" data-end=\"1187\">Pr\u00e9paration Instantan\u00e9e de 2 Minutes<\/strong> \u2013 Spaghetti de konjac style humide pour un assemblage rapide des repas.<\/p>\n<\/li>\n<li data-start=\"1243\" data-end=\"1329\">\n<p data-start=\"1245\" data-end=\"1329\"><strong data-start=\"1245\" data-end=\"1284\">Id\u00e9al pour les Kits Repas &amp; Marques de D\u00e9tail<\/strong> \u2013 Populaire pour les substituts de p\u00e2tes pauvres en glucides.<\/p>\n<\/li>\n<li data-start=\"1330\" data-end=\"1426\">\n<p data-start=\"1332\" data-end=\"1426\"><strong data-start=\"1332\" data-end=\"1363\">OEM\/Marque priv\u00e9e disponible<\/strong> \u2013 Tailles de sachets personnalis\u00e9es, branding et intensit\u00e9 de couleur pris en charge.<\/p>\n<\/li>\n<li data-start=\"1427\" data-end=\"1520\">\n<p data-start=\"1429\" data-end=\"1520\"><strong data-start=\"1429\" data-end=\"1454\">Certifications mondiales<\/strong> \u2013 ISO, HACCP, HALAL, KOSHER, BRC, IFS, EU Organic &amp; USDA Organic.<\/p>\n<\/li>\n<\/ul>","protected":false},"featured_media":2125,"comment_status":"open","ping_status":"closed","template":"","meta":[],"product_brand":[],"product_cat":[48],"product_tag":[],"class_list":{"0":"post-2121","1":"product","2":"type-product","3":"status-publish","4":"has-post-thumbnail","6":"product_cat-organic-konjac-pasta","8":"first","9":"instock","10":"shipping-taxable","11":"product-type-simple"},"_links":{"self":[{"href":"https:\/\/scmlkj.com\/fr\/wp-json\/wp\/v2\/product\/2121","targetHints":{"allow":["GET"]}}],"collection":[{"href":"https:\/\/scmlkj.com\/fr\/wp-json\/wp\/v2\/product"}],"about":[{"href":"https:\/\/scmlkj.com\/fr\/wp-json\/wp\/v2\/types\/product"}],"replies":[{"embeddable":true,"href":"https:\/\/scmlkj.com\/fr\/wp-json\/wp\/v2\/comments?post=2121"}],"wp:featuredmedia":[{"embeddable":true,"href":"https:\/\/scmlkj.com\/fr\/wp-json\/wp\/v2\/media\/2125"}],"wp:attachment":[{"href":"https:\/\/scmlkj.com\/fr\/wp-json\/wp\/v2\/media?parent=2121"}],"wp:term":[{"taxonomy":"product_brand","embeddable":true,"href":"https:\/\/scmlkj.com\/fr\/wp-json\/wp\/v2\/product_brand?post=2121"},{"taxonomy":"product_cat","embeddable":true,"href":"https:\/\/scmlkj.com\/fr\/wp-json\/wp\/v2\/product_cat?post=2121"},{"taxonomy":"product_tag","embeddable":true,"href":"https:\/\/scmlkj.com\/fr\/wp-json\/wp\/v2\/product_tag?post=2121"}],"curies":[{"name":"wp","href":"https:\/\/api.w.org\/{rel}","templated":true}]}}