{"id":2146,"date":"2025-12-08T07:36:25","date_gmt":"2025-12-08T07:36:25","guid":{"rendered":"https:\/\/scmlkj.com\/?post_type=product&#038;p=2146"},"modified":"2026-04-12T07:13:04","modified_gmt":"2026-04-12T07:13:04","slug":"tagliatelles-de-konjac-pates-shirataki-a-faible-teneur-en-glucides","status":"publish","type":"product","link":"https:\/\/scmlkj.com\/fr\/produits\/tagliatelles-de-konjac-pates-shirataki-a-faible-teneur-en-glucides\/","title":{"rendered":"Tagliatelles au Konjac | P\u00e2tes Shirataki \u00e0 faible teneur en glucides"},"content":{"rendered":"<p><\/p>\n\n\n\n<h2 class=\"wp-block-heading\">Informations nutritionnelles<\/h2>\n\n\n\n<figure class=\"wp-block-table\"><table class=\"has-fixed-layout\"><tbody><tr><td><strong>Nutriment<\/strong><\/td><td><strong>Unit\u00e9s<\/strong><\/td><td><strong>Valeur pour 100 g<\/strong><\/td><\/tr><tr><td>\u00c9nergie<\/td><td>kJ \/ kcal<\/td><td>25 kJ \/ 5 kcal<\/td><\/tr><tr><td>Glucide<\/td><td>g<\/td><td>Moins de 0,1<\/td><\/tr><tr><td>Prot\u00e9ine<\/td><td>g<\/td><td>Moins de 0,1<\/td><\/tr><tr><td>Gras<\/td><td>g<\/td><td>0<\/td><\/tr><tr><td>Fibres alimentaires<\/td><td>g<\/td><td>2.7<\/td><\/tr><tr><td>Sucre<\/td><td>g<\/td><td>0<\/td><\/tr><tr><td>Sodium<\/td><td>mg<\/td><td>0<\/td><\/tr><\/tbody><\/table><\/figure>\n\n\n\n<h2 class=\"wp-block-heading\">Informations de base<\/h2>\n\n\n\n<figure class=\"wp-block-table\"><table class=\"has-fixed-layout\"><tbody><tr><td><strong>Article<\/strong><\/td><td><strong>D\u00e9tails<\/strong><\/td><\/tr><tr><td>Nom du produit<\/td><td>Tagliatelles s\u00e8ches au konjac<\/td><\/tr><tr><td>Type de produit<\/td><td>R\u00e9hydrat\u00e9 \/ Apr\u00e8s trempage<\/td><\/tr><tr><td>Style<\/td><td>Sec<\/td><\/tr><tr><td>Fonctionnalit\u00e9<\/td><td>Faible teneur en glucides, sans mati\u00e8res grasses, riche en fibres<\/td><\/tr><tr><td>Type de traitement<\/td><td>Fait main<\/td><\/tr><tr><td>Go\u00fbt<\/td><td>Neutre<\/td><\/tr><tr><td>Odeur<\/td><td>Ou<\/td><\/tr><tr><td>Apparence<\/td><td>Tagliatelles en ruban large (forme s\u00e8che, s'allonge apr\u00e8s r\u00e9hydratation)<\/td><\/tr><tr><td>Sp\u00e9cification<\/td><td>75 g \/ sachet<\/td><\/tr><tr><td>Ingr\u00e9dient principal<\/td><td><br>Eau, farine de konjac, hydroxyde de calcium<\/td><\/tr><tr><td>Contenu<\/td><td>Farine de konjac pure<\/td><\/tr><tr><td>Temps de cuisson<\/td><td>Pr\u00e9paration rapide apr\u00e8s trempage<\/td><\/tr><tr><td>Dur\u00e9e de conservation<\/td><td>24 mois<\/td><\/tr><tr><td>Type de stockage<\/td><td>Temp\u00e9rature ambiante<\/td><\/tr><tr><td>Nom de marque<\/td><td>Eastern Morning<\/td><\/tr><\/tbody><\/table><\/figure>\n\n\n\n<p><\/p>\n\n\n\n<h2 class=\"wp-block-heading\">Emballage et livraison<\/h2>\n\n\n\n<figure class=\"wp-block-table\"><table class=\"has-fixed-layout\"><tbody><tr><td><strong>Article<\/strong><\/td><td><strong>D\u00e9tails<\/strong><\/td><\/tr><tr><td>Unit\u00e9 de vente<\/td><td>Article unique<\/td><\/tr><tr><td>Taille du paquet<\/td><td>12 \u00d7 10 \u00d7 18 cm<\/td><\/tr><tr><td>Poids brut<\/td><td>0,280 kg<\/td><\/tr><tr><td>Emballage<\/td><td>Sac<\/td><\/tr><tr><td>Logo personnalis\u00e9<\/td><td>Disponible (quantit\u00e9 minimale : 10 000 sacs)<\/td><\/tr><\/tbody><\/table><\/figure>\n\n\n\n<p><\/p>\n\n\n\n<h2 class=\"wp-block-heading\">Comment pr\u00e9parer les tagliatelles s\u00e8ches de konjac ?<\/h2>\n\n\n\n<ol class=\"wp-block-list\">\n<li>Faire tremper les tagliatelles de konjac dans de l'eau propre pendant 5 \u00e0 8 minutes jusqu'\u00e0 ce qu'elles soient compl\u00e8tement r\u00e9hydrat\u00e9es.<\/li>\n\n\n\n<li>Vider compl\u00e8tement l'eau.<\/li>\n\n\n\n<li>Faire bouillir ou blanchir pendant 1 \u00e0 2 minutes, ou cuire directement avec la sauce.<\/li>\n\n\n\n<li>Ajouter de la sauce, des l\u00e9gumes ou des prot\u00e9ines et servir.<\/li>\n<\/ol>\n\n\n\n<p>La forme de ruban large en fait un choix de premier ordre pour les p\u00e2tes de style occidental \u00e0 \u00e9tiquette propre.<\/p>\n\n\n\n<h2 class=\"wp-block-heading\">Certifications<\/h2>\n\n\n\n<p>ISO \u00b7 HACCP \u00b7 HALAL \u00b7 KOSHER \u00b7 BRC \u00b7 IFS \u00b7 BIOLOGIQUE UE \u00b7 BIOLOGIQUE USDA<\/p>\n\n\n\n<p><\/p>","protected":false},"excerpt":{"rendered":"<p>Tagliatelles de konjac de forme s\u00e8che, fabriqu\u00e9es \u00e0 partir de farine de konjac de premi\u00e8re qualit\u00e9.<br data-start=\"670\" data-end=\"673\" \/>Ces p\u00e2tes de konjac de longue conservation sont con\u00e7ues pour \u00eatre r\u00e9hydrat\u00e9es avant d'\u00eatre cuites, offrant une texture de ruban large similaire aux tagliatelles traditionnelles, tout en restant faibles en glucides, en calories et \u00e0 base de plantes. Id\u00e9ales pour les cat\u00e9gories de p\u00e2tes s\u00e8ches, les kits repas et les marques de distributeurs.<\/p>\n<ul>\n<li data-start=\"805\" data-end=\"890\">\n<p data-start=\"807\" data-end=\"890\"><strong data-start=\"807\" data-end=\"838\">Tagliatelles larges coup\u00e9es en ruban<\/strong> \u2013 Id\u00e9al pour les plats cr\u00e9meux, riches et accompagn\u00e9s de beaucoup de sauce.<\/p>\n<\/li>\n<li data-start=\"891\" data-end=\"969\">\n<p data-start=\"893\" data-end=\"969\"><strong data-start=\"893\" data-end=\"923\">Tr\u00e8s faible teneur en calories (5 kcal)<\/strong> \u2013 Excellent pour les r\u00e9gimes amaigrissants et c\u00e9tog\u00e8nes.<\/p>\n<\/li>\n<li data-start=\"970\" data-end=\"1048\">\n<p data-start=\"972\" data-end=\"1048\"><strong data-start=\"972\" data-end=\"1011\">SANS MATI\u00c8RES GRASSES \u00b7 SANS GLUTEN \u00b7 SANS BL\u00c9<\/strong> \u2013 Convient aux r\u00e9gimes alimentaires particuliers.<\/p>\n<\/li>\n<li data-start=\"1049\" data-end=\"1108\">\n<p data-start=\"1051\" data-end=\"1108\"><strong data-start=\"1051\" data-end=\"1083\">SANS AR\u00d4MES ARTIFICIELS AJOUT\u00c9S<\/strong> \u2013 Go\u00fbt pur et neutre.<\/p>\n<\/li>\n<li data-start=\"1109\" data-end=\"1165\">\n<p data-start=\"1111\" data-end=\"1165\"><strong data-start=\"1111\" data-end=\"1137\">SANS CONSERVATEURS AJOUT\u00c9S<\/strong> \u2013 Naturellement stable \u00e0 temp\u00e9rature ambiante.<\/p>\n<\/li>\n<li data-start=\"1166\" data-end=\"1223\">\n<p data-start=\"1168\" data-end=\"1223\"><strong data-start=\"1168\" data-end=\"1187\">SOURCE DE FIBRES<\/strong> \u2013 Favorise la sant\u00e9 intestinale et la sensation de sati\u00e9t\u00e9.<\/p>\n<\/li>\n<li data-start=\"1296\" data-end=\"1368\">\n<p data-start=\"1298\" data-end=\"1368\"><strong data-start=\"1298\" data-end=\"1327\">Pr\u00eat pour OEM \/ marque priv\u00e9e<\/strong> \u2013 Emballage personnalis\u00e9 et branding pris en charge.<\/p>\n<\/li>\n<\/ul>","protected":false},"featured_media":3172,"comment_status":"open","ping_status":"closed","template":"","meta":[],"product_brand":[],"product_cat":[30],"product_tag":[],"class_list":{"0":"post-2146","1":"product","2":"type-product","3":"status-publish","4":"has-post-thumbnail","6":"product_cat-dry-konjac-pasta","8":"first","9":"instock","10":"shipping-taxable","11":"product-type-simple"},"_links":{"self":[{"href":"https:\/\/scmlkj.com\/fr\/wp-json\/wp\/v2\/product\/2146","targetHints":{"allow":["GET"]}}],"collection":[{"href":"https:\/\/scmlkj.com\/fr\/wp-json\/wp\/v2\/product"}],"about":[{"href":"https:\/\/scmlkj.com\/fr\/wp-json\/wp\/v2\/types\/product"}],"replies":[{"embeddable":true,"href":"https:\/\/scmlkj.com\/fr\/wp-json\/wp\/v2\/comments?post=2146"}],"wp:featuredmedia":[{"embeddable":true,"href":"https:\/\/scmlkj.com\/fr\/wp-json\/wp\/v2\/media\/3172"}],"wp:attachment":[{"href":"https:\/\/scmlkj.com\/fr\/wp-json\/wp\/v2\/media?parent=2146"}],"wp:term":[{"taxonomy":"product_brand","embeddable":true,"href":"https:\/\/scmlkj.com\/fr\/wp-json\/wp\/v2\/product_brand?post=2146"},{"taxonomy":"product_cat","embeddable":true,"href":"https:\/\/scmlkj.com\/fr\/wp-json\/wp\/v2\/product_cat?post=2146"},{"taxonomy":"product_tag","embeddable":true,"href":"https:\/\/scmlkj.com\/fr\/wp-json\/wp\/v2\/product_tag?post=2146"}],"curies":[{"name":"wp","href":"https:\/\/api.w.org\/{rel}","templated":true}]}}