{"id":2192,"date":"2025-12-08T08:40:58","date_gmt":"2025-12-08T08:40:58","guid":{"rendered":"https:\/\/scmlkj.com\/?post_type=product&#038;p=2192"},"modified":"2026-04-12T07:04:16","modified_gmt":"2026-04-12T07:04:16","slug":"pates-de-konjac-biologiques-penne-eastern-morning","status":"publish","type":"product","link":"https:\/\/scmlkj.com\/fr\/produits\/pates-de-konjac-biologiques-penne-eastern-morning\/","title":{"rendered":"P\u00e2tes penne au konjac biologiques Eastern Morning"},"content":{"rendered":"<p><\/p>\n\n\n\n<h2 class=\"wp-block-heading\">Informations nutritionnelles<\/h2>\n\n\n\n<figure class=\"wp-block-table\"><table class=\"has-fixed-layout\"><tbody><tr><td><strong>Nutriment<\/strong><\/td><td><strong>Unit\u00e9s<\/strong><\/td><td><strong>Valeur pour 100 g<\/strong><\/td><\/tr><tr><td>\u00c9nergie<\/td><td>kJ \/ kcal<\/td><td>25 kJ \/ 5 kcal<\/td><\/tr><tr><td>Glucide<\/td><td>g<\/td><td>Moins de 0,1<\/td><\/tr><tr><td>Prot\u00e9ine<\/td><td>g<\/td><td>Moins de 0,1<\/td><\/tr><tr><td>Gras<\/td><td>g<\/td><td>0<\/td><\/tr><tr><td>Fibres alimentaires<\/td><td>g<\/td><td>2.7<\/td><\/tr><tr><td>Sucre<\/td><td>g<\/td><td>0<\/td><\/tr><tr><td>Sodium<\/td><td>mg<\/td><td>0<\/td><\/tr><\/tbody><\/table><\/figure>\n\n\n\n<p>Les valeurs nutritionnelles peuvent varier l\u00e9g\u00e8rement en fonction de la formulation et des exigences r\u00e9glementaires sp\u00e9cifiques au march\u00e9.<\/p>\n\n\n\n<h2 class=\"wp-block-heading\">Informations de base<\/h2>\n\n\n\n<figure class=\"wp-block-table\"><table class=\"has-fixed-layout\"><tbody><tr><td><strong>Article<\/strong><\/td><td><strong>D\u00e9tails<\/strong><\/td><\/tr><tr><td>Nom du produit<\/td><td>P\u00e2tes penne au konjac biologiques Eastern Morning<\/td><\/tr><tr><td>Type de produit<\/td><td>Nouilles de Konjac Humides \u00b7 Forme Penne<\/td><\/tr><tr><td>Style<\/td><td>Instantan\u00e9, pr\u00eat \u00e0 consommer<\/td><\/tr><tr><td>Fonctionnalit\u00e9<\/td><td>Biologique, Pauvre en Glucides, Z\u00e9ro Mati\u00e8re Grasse<\/td><\/tr><tr><td>Type de traitement<\/td><td>Production traditionnelle par voie humide<\/td><\/tr><tr><td>Go\u00fbt<\/td><td>Neutre<\/td><\/tr><tr><td>Odeur<\/td><td>Sans odeur<\/td><\/tr><tr><td>Apparence<\/td><td>P\u00e2tes de konjac humides biologiques en forme de penne<\/td><\/tr><tr><td>Sp\u00e9cification<\/td><td>270 g \/ sac<\/td><\/tr><tr><td>Ingr\u00e9dient principal<\/td><td><br>Eau, <strong>Farine de konjac biologique<\/strong>, Hydroxyde de calcium<\/td><\/tr><tr><td>Contenu<\/td><td>Farine de konjac pure<\/td><\/tr><tr><td>Temps de cuisson<\/td><td>2 minutes<\/td><\/tr><tr><td>Dur\u00e9e de conservation<\/td><td>18 mois<\/td><\/tr><tr><td>Type de stockage<\/td><td>Temp\u00e9rature ambiante<\/td><\/tr><tr><td>Nom de marque<\/td><td>Eastern Morning<\/td><\/tr><\/tbody><\/table><\/figure>\n\n\n\n<p><\/p>\n\n\n\n<h2 class=\"wp-block-heading\">Emballage et livraison<\/h2>\n\n\n\n<figure class=\"wp-block-table\"><table class=\"has-fixed-layout\"><tbody><tr><td><strong>Article<\/strong><\/td><td><strong>D\u00e9tails<\/strong><\/td><\/tr><tr><td>Unit\u00e9 de vente<\/td><td>Article unique<\/td><\/tr><tr><td>Taille du paquet<\/td><td>12 \u00d7 10 \u00d7 18 cm<\/td><\/tr><tr><td>Poids brut<\/td><td>0,280 kg<\/td><\/tr><tr><td>Emballage<\/td><td>Sac<\/td><\/tr><tr><td>Logo personnalis\u00e9<\/td><td>Disponible (quantit\u00e9 minimale : 10 000 sacs)<\/td><\/tr><\/tbody><\/table><\/figure>\n\n\n\n<p><\/p>\n\n\n\n<h2 class=\"wp-block-heading\">Comment cuisiner (p\u00e2tes de konjac biologiques humides)<\/h2>\n\n\n\n<p><strong>Pr\u00eat en 2 minutes<\/strong><\/p>\n\n\n\n<ol class=\"wp-block-list\">\n<li>\u00c9gouttez le liquide et rincez. <strong>2 \u00e0 3 fois<\/strong>.<\/li>\n\n\n\n<li>Chauffer\/\u00e9bouillanter dans l'eau chaude pendant <strong>1 minute<\/strong>.<\/li>\n\n\n\n<li>Id\u00e9al pour :\n<ul class=\"wp-block-list\">\n<li>plats de penne sauce cr\u00e9meuse<\/li>\n\n\n\n<li>p\u00e2tes tomate basilic<\/li>\n\n\n\n<li>meal prep riche en prot\u00e9ines<\/li>\n\n\n\n<li>bols de p\u00e2tes v\u00e9g\u00e9taliens<\/li>\n\n\n\n<li>kits repas pauvres en glucides &amp; c\u00e9tog\u00e8nes<\/li>\n\n\n\n<li>plats sains pr\u00eats \u00e0 consommer<\/li>\n<\/ul>\n<\/li>\n<\/ol>\n\n\n\n<p>La forme penne offre une texture plus ferme et une excellente r\u00e9tention des sauces.<\/p>\n\n\n\n<h2 class=\"wp-block-heading\">Certifications<\/h2>\n\n\n\n<p>ISO \u00b7 HACCP \u00b7 HALAL \u00b7 KOSHER \u00b7 BRC \u00b7 IFS \u00b7 BIOLOGIQUE UE \u00b7 BIOLOGIQUE USDA<\/p>\n\n\n\n<h2 class=\"wp-block-heading\">Assistance OEM \/ marque priv\u00e9e<\/h2>\n\n\n\n<p>Emballage et marquage personnalis\u00e9s<\/p>\n\n\n\n<p>Conformit\u00e9 de l'\u00e9tiquetage en fonction du march\u00e9<\/p>\n\n\n\n<p>Formats et tailles d'emballage personnalis\u00e9s<\/p>\n\n\n\n<p>Documentation pr\u00eate \u00e0 l'exportation<\/p>","protected":false},"excerpt":{"rendered":"<p>P\u00e2tes de penne au konjac biologique de marque propre, fabriqu\u00e9es \u00e0 partir de farine de konjac certifi\u00e9e biologique. Con\u00e7ues dans une forme penne ferme, ces p\u00e2tes humides offrent une excellente r\u00e9tention de la sauce et une int\u00e9grit\u00e9 structurelle, ce qui les rend id\u00e9ales pour les plats de style occidental, les kits de repas et les programmes d'alimentation saine sous marque de distributeur.<\/p>\n<ul>\n<li data-start=\"840\" data-end=\"911\">\n<p data-start=\"842\" data-end=\"911\"><strong data-start=\"842\" data-end=\"870\">Konjac certifi\u00e9 biologique<\/strong> \u2013 Ingr\u00e9dients de qualit\u00e9 biologique UE &amp; USDA.<\/p>\n<\/li>\n<li data-start=\"912\" data-end=\"1005\">\n<p data-start=\"914\" data-end=\"1005\"><strong data-start=\"914\" data-end=\"948\">Forme Penne pour plats occidentaux<\/strong> \u2013 Retient les sauces et conserve sa structure \u00e0 la cuisson.<\/p>\n<\/li>\n<li data-start=\"1006\" data-end=\"1082\">\n<p data-start=\"1008\" data-end=\"1082\"><strong data-start=\"1008\" data-end=\"1047\">SANS MATI\u00c8RES GRASSES \u00b7 SANS GLUTEN \u00b7 SANS BL\u00c9<\/strong> \u2013 Id\u00e9al pour les march\u00e9s clean-label.<\/p>\n<\/li>\n<li data-start=\"1083\" data-end=\"1157\">\n<p data-start=\"1085\" data-end=\"1157\"><strong data-start=\"1085\" data-end=\"1117\">SANS AR\u00d4MES ARTIFICIELS AJOUT\u00c9S<\/strong> \u2013 Garde un go\u00fbt naturel et neutre.<\/p>\n<\/li>\n<li data-start=\"1158\" data-end=\"1231\">\n<p data-start=\"1160\" data-end=\"1231\"><strong data-start=\"1160\" data-end=\"1186\">SANS CONSERVATEURS AJOUT\u00c9S<\/strong> \u2013 Stable \u00e0 conservation sans additifs chimiques.<\/p>\n<\/li>\n<li data-start=\"1232\" data-end=\"1297\">\n<p data-start=\"1234\" data-end=\"1297\"><strong data-start=\"1234\" data-end=\"1253\">SOURCE DE FIBRES<\/strong> \u2013 Favorise la sati\u00e9t\u00e9 et la sant\u00e9 digestive.<\/p>\n<\/li>\n<li data-start=\"1298\" data-end=\"1380\">\n<p data-start=\"1300\" data-end=\"1380\"><strong data-start=\"1300\" data-end=\"1330\">Tr\u00e8s faible teneur en calories (5 kcal)<\/strong> \u2013 Parfait pour les programmes c\u00e9tog\u00e8nes (keto) et minceur.<\/p>\n<\/li>\n<li data-start=\"1381\" data-end=\"1437\">\n<p data-start=\"1383\" data-end=\"1437\"><strong data-start=\"1383\" data-end=\"1405\">Pr\u00eat en 2 minutes<\/strong> \u2013 P\u00e2tes faciles \u00e0 pr\u00e9parer \u00e0 l'eau.<\/p>\n<\/li>\n<li data-start=\"1438\" data-end=\"1512\">\n<p data-start=\"1440\" data-end=\"1512\"><strong data-start=\"1440\" data-end=\"1471\">Assistance OEM \/ marque priv\u00e9e<\/strong> \u2013 Emballage et marquage personnalis\u00e9s disponibles.<\/p>\n<\/li>\n<\/ul>","protected":false},"featured_media":2761,"comment_status":"open","ping_status":"closed","template":"","meta":[],"product_brand":[],"product_cat":[49],"product_tag":[],"class_list":{"0":"post-2192","1":"product","2":"type-product","3":"status-publish","4":"has-post-thumbnail","6":"product_cat-wet-konjac-noodles","8":"first","9":"instock","10":"shipping-taxable","11":"product-type-simple"},"_links":{"self":[{"href":"https:\/\/scmlkj.com\/fr\/wp-json\/wp\/v2\/product\/2192","targetHints":{"allow":["GET"]}}],"collection":[{"href":"https:\/\/scmlkj.com\/fr\/wp-json\/wp\/v2\/product"}],"about":[{"href":"https:\/\/scmlkj.com\/fr\/wp-json\/wp\/v2\/types\/product"}],"replies":[{"embeddable":true,"href":"https:\/\/scmlkj.com\/fr\/wp-json\/wp\/v2\/comments?post=2192"}],"wp:featuredmedia":[{"embeddable":true,"href":"https:\/\/scmlkj.com\/fr\/wp-json\/wp\/v2\/media\/2761"}],"wp:attachment":[{"href":"https:\/\/scmlkj.com\/fr\/wp-json\/wp\/v2\/media?parent=2192"}],"wp:term":[{"taxonomy":"product_brand","embeddable":true,"href":"https:\/\/scmlkj.com\/fr\/wp-json\/wp\/v2\/product_brand?post=2192"},{"taxonomy":"product_cat","embeddable":true,"href":"https:\/\/scmlkj.com\/fr\/wp-json\/wp\/v2\/product_cat?post=2192"},{"taxonomy":"product_tag","embeddable":true,"href":"https:\/\/scmlkj.com\/fr\/wp-json\/wp\/v2\/product_tag?post=2192"}],"curies":[{"name":"wp","href":"https:\/\/api.w.org\/{rel}","templated":true}]}}