{"id":2196,"date":"2025-12-08T08:47:42","date_gmt":"2025-12-08T08:47:42","guid":{"rendered":"https:\/\/scmlkj.com\/?post_type=product&#038;p=2196"},"modified":"2026-01-30T14:50:21","modified_gmt":"2026-01-30T14:50:21","slug":"shirataki-personnalise-snacks-epices-konjac-shuang","status":"publish","type":"product","link":"https:\/\/scmlkj.com\/fr\/produits\/shirataki-personnalise-snacks-epices-konjac-shuang\/","title":{"rendered":"Snacks de konjac \u00e9pic\u00e9s (Konjac Shuang) - Shirataki Snack OEM"},"content":{"rendered":"<p><\/p>\n\n\n\n<h2 class=\"wp-block-heading\">Sp\u00e9cifications de base<\/h2>\n\n\n\n<figure class=\"wp-block-table\"><table class=\"has-fixed-layout\"><tbody><tr><td><strong>Article<\/strong><\/td><td><strong>D\u00e9tails<\/strong><\/td><\/tr><tr><td>Nom du produit<\/td><td>Shirataki Snacks \u00e9pic\u00e9s Konjac Shuang<\/td><\/tr><tr><td>Type de produit<\/td><td>Konjac Spicy Bar\/ Shuang \/ Konjac Snack<\/td><\/tr><tr><td>Contenu net<\/td><td>22g \/ paquet<\/td><\/tr><tr><td>Calories<\/td><td>24 kcal \/ paquet<\/td><\/tr><tr><td>Paquets par bo\u00eete<\/td><td>20 paquets<\/td><\/tr><tr><td>Emballage<\/td><td>Petits sacs individuels (emballage en bo\u00eete)<\/td><\/tr><tr><td>Dur\u00e9e de conservation<\/td><td>9 mois<\/td><\/tr><tr><td>Comment manger<\/td><td>Sac ouvert, pr\u00eat \u00e0 \u00eatre consomm\u00e9<\/td><\/tr><tr><td>Stockage<\/td><td>Stockage normal, \u00e9viter le gel et la lumi\u00e8re directe du soleil<\/td><\/tr><\/tbody><\/table><\/figure>\n\n\n\n<h2 class=\"wp-block-heading\">Ingr\u00e9dients<\/h2>\n\n\n\n<p>Eau, poudre de konjac, amidon, huile v\u00e9g\u00e9tale, poivre, sel comestible, sucre blanc cristallis\u00e9, extrait de levure, \u00e9pices,<br>Additifs alimentaires (glutamate de sodium, nucl\u00e9otide disodique aromatis\u00e9 5'-, acide lactique, acide citrique, dioxyde de titane, D-isoascorbate de sodium, lactate de sodium),<br>Essence comestible.<\/p>\n\n\n\n<p>La composition des ingr\u00e9dients et l'\u00e9tiquetage peuvent \u00eatre adapt\u00e9s en fonction des r\u00e9glementations du march\u00e9 cible et des exigences des OEM.<\/p>\n\n\n\n<h2 class=\"wp-block-heading\">Points forts de la production et de la qualit\u00e9<\/h2>\n\n\n\n<p>Contr\u00f4le de l'ensemble du processus \u00e0 partir de <strong>racine de konjac \u2192 poudre de konjac \u2192 snack fini<\/strong><\/p>\n\n\n\n<p>La technologie sans friture garantit des en-cas plus s\u00fbrs et plus l\u00e9gers.<\/p>\n\n\n\n<p>Pas d'acides gras trans<\/p>\n\n\n\n<p>Processus d'emballage propre et normalis\u00e9<\/p>\n\n\n\n<h2 class=\"wp-block-heading\">Sc\u00e9narios de consommation et de vente au d\u00e9tail<\/h2>\n\n\n\n<p>Collations au bureau<\/p>\n\n\n\n<p>En-cas de fin de soir\u00e9e<\/p>\n\n\n\n<p>Voyage et alimentation en plein air<\/p>\n\n\n\n<p>Les best-sellers des sup\u00e9rettes<\/p>\n\n\n\n<p>Paquets de snacks pour le commerce \u00e9lectronique<\/p>\n\n\n\n<p>Des alternatives saines pour les en-cas<\/p>\n\n\n\n<h2 class=\"wp-block-heading\">Options OEM \/ marque priv\u00e9e<\/h2>\n\n\n\n<p>Conception d'emballages personnalis\u00e9s<\/p>\n\n\n\n<p>Niveau d'\u00e9pices personnalis\u00e9 (doux \/ moyen \/ \u00e9pic\u00e9)<\/p>\n\n\n\n<p>Quantit\u00e9 de bo\u00eetes et taille de sacs sur mesure<\/p>\n\n\n\n<p>Soutien \u00e0 la marque propre<\/p>\n\n\n\n<p>Vous souhaitez ajouter \u00e0 votre portefeuille de produits un en-cas \u00e0 base de konjac, hypocalorique et non frit ?<br><a href=\"https:\/\/scmlkj.com\/fr\/contact\/\">Contactez Eastern Morning<\/a> pour <strong><a href=\"https:\/\/scmlkj.com\/fr\/guide-des-marques-privees-oem\/\">D\u00e9veloppement OEM<\/a>Les produits de la cat\u00e9gorie \"produits de la mer\", la personnalisation des ar\u00f4mes, la conception de l'emballage et la tarification en vrac.<\/strong>.<\/p>\n\n\n\n<p><\/p>","protected":false},"excerpt":{"rendered":"<p data-start=\"487\" data-end=\"850\">Les snacks \u00e9pic\u00e9s au konjac (Konjac Shuang) d'Eastern Morning sont des snacks shirataki non frits et hypocaloriques, fabriqu\u00e9s \u00e0 partir de poudre de konjac de premi\u00e8re qualit\u00e9. Cette version l\u00e9g\u00e8rement \u00e9pic\u00e9e offre un ar\u00f4me classique de hot pot avec une chaleur \u00e9quilibr\u00e9e, ce qui la rend adapt\u00e9e \u00e0 une plus large base de consommateurs, y compris ceux qui sont sensibles aux aliments \u00e9pic\u00e9s.<\/p>\n<p data-start=\"852\" data-end=\"950\">Chaque bo\u00eete contient 20 mini-sacs emball\u00e9s individuellement, propres, portables et pr\u00eats \u00e0 \u00eatre consomm\u00e9s \u00e0 tout moment.<\/p>\n<ul>\n<li data-start=\"986\" data-end=\"1072\">\n<p data-start=\"988\" data-end=\"1072\"><strong data-start=\"988\" data-end=\"1018\">Poudre de konjac de haute qualit\u00e9<\/strong> - S\u00e9lection et contr\u00f4le minutieux de la source<\/p>\n<\/li>\n<li data-start=\"1073\" data-end=\"1132\">\n<p data-start=\"1075\" data-end=\"1132\"><strong data-start=\"1075\" data-end=\"1096\">Proc\u00e9d\u00e9 non frit<\/strong> - Pas de friture, pas d'acides gras trans<\/p>\n<\/li>\n<li data-start=\"1133\" data-end=\"1207\">\n<p data-start=\"1135\" data-end=\"1207\"><strong data-start=\"1135\" data-end=\"1164\">Saveur douce et \u00e9pic\u00e9e<\/strong> - Le moins \u00e9pic\u00e9 des quatre parfums<\/p>\n<\/li>\n<li data-start=\"1208\" data-end=\"1261\">\n<p data-start=\"1210\" data-end=\"1261\"><strong data-start=\"1210\" data-end=\"1225\">Faible en calories<\/strong> \u2013 Seulement <strong data-start=\"1233\" data-end=\"1259\">24 kcal par paquet (22g)<\/strong><\/p>\n<\/li>\n<li data-start=\"1262\" data-end=\"1328\">\n<p data-start=\"1264\" data-end=\"1328\"><strong data-start=\"1264\" data-end=\"1294\">Texture moelleuse et rassasiante<\/strong> - Bandes de konjac lisses et \u00e9lastiques<\/p>\n<\/li>\n<li data-start=\"1329\" data-end=\"1396\">\n<p data-start=\"1331\" data-end=\"1396\"><strong data-start=\"1331\" data-end=\"1358\">Petits paquets ind\u00e9pendants<\/strong> - Hygi\u00e9nique, portable, facile \u00e0 transporter<\/p>\n<\/li>\n<li data-start=\"1397\" data-end=\"1444\">\n<p data-start=\"1399\" data-end=\"1444\"><strong data-start=\"1399\" data-end=\"1421\">En-cas pr\u00eat \u00e0 consommer<\/strong> - Ouvrir le sachet et d\u00e9guster<\/p>\n<\/li>\n<li data-start=\"1445\" data-end=\"1516\">\n<p data-start=\"1447\" data-end=\"1516\"><strong data-start=\"1447\" data-end=\"1480\">Prise en charge OEM \/ marque priv\u00e9e<\/strong> - Saveur et emballage personnalisables<\/p>\n<\/li>\n<\/ul>","protected":false},"featured_media":2006,"comment_status":"open","ping_status":"closed","template":"","meta":[],"product_brand":[],"product_cat":[52],"product_tag":[],"class_list":{"0":"post-2196","1":"product","2":"type-product","3":"status-publish","4":"has-post-thumbnail","6":"product_cat-konjac-snack","8":"first","9":"instock","10":"shipping-taxable","11":"product-type-simple"},"_links":{"self":[{"href":"https:\/\/scmlkj.com\/fr\/wp-json\/wp\/v2\/product\/2196","targetHints":{"allow":["GET"]}}],"collection":[{"href":"https:\/\/scmlkj.com\/fr\/wp-json\/wp\/v2\/product"}],"about":[{"href":"https:\/\/scmlkj.com\/fr\/wp-json\/wp\/v2\/types\/product"}],"replies":[{"embeddable":true,"href":"https:\/\/scmlkj.com\/fr\/wp-json\/wp\/v2\/comments?post=2196"}],"wp:featuredmedia":[{"embeddable":true,"href":"https:\/\/scmlkj.com\/fr\/wp-json\/wp\/v2\/media\/2006"}],"wp:attachment":[{"href":"https:\/\/scmlkj.com\/fr\/wp-json\/wp\/v2\/media?parent=2196"}],"wp:term":[{"taxonomy":"product_brand","embeddable":true,"href":"https:\/\/scmlkj.com\/fr\/wp-json\/wp\/v2\/product_brand?post=2196"},{"taxonomy":"product_cat","embeddable":true,"href":"https:\/\/scmlkj.com\/fr\/wp-json\/wp\/v2\/product_cat?post=2196"},{"taxonomy":"product_tag","embeddable":true,"href":"https:\/\/scmlkj.com\/fr\/wp-json\/wp\/v2\/product_tag?post=2196"}],"curies":[{"name":"wp","href":"https:\/\/api.w.org\/{rel}","templated":true}]}}