{"id":2209,"date":"2025-12-08T09:17:44","date_gmt":"2025-12-08T09:17:44","guid":{"rendered":"https:\/\/scmlkj.com\/?post_type=product&#038;p=2209"},"modified":"2026-01-30T13:32:15","modified_gmt":"2026-01-30T13:32:15","slug":"poudre-de-fibres-alimentaires-de-konjac","status":"publish","type":"product","link":"https:\/\/scmlkj.com\/fr\/produits\/poudre-de-fibres-alimentaires-de-konjac\/","title":{"rendered":"Poudre de Fibres Alimentaires de Konjac"},"content":{"rendered":"<h2 class=\"wp-block-heading\">Aper\u00e7u du produit<\/h2>\n\n\n\n<p>Faible en calories \u00b7 Faible en glucides \u00b7 Faible en mati\u00e8res grasses<\/p>\n\n\n\n<p>Sans sucre \u00b7 Sans mati\u00e8res grasses \u00b7 Sans gluten<\/p>\n\n\n\n<p>Sans OGM<\/p>\n\n\n\n<p>V\u00e9g\u00e9talien et d'origine v\u00e9g\u00e9tale<\/p>\n\n\n\n<p>Ingr\u00e9dient \u00e0 liste propre<\/p>\n\n\n\n<h2 class=\"wp-block-heading\">Caract\u00e9ristiques physiques<\/h2>\n\n\n\n<figure class=\"wp-block-table\"><table class=\"has-fixed-layout\"><tbody><tr><td><strong>Article<\/strong><\/td><td><strong>Sp\u00e9cification<\/strong><\/td><\/tr><tr><td>Apparence<\/td><td>Poudre fine inodore, blanche ou jaune clair<\/td><\/tr><tr><td>Taille des particules<\/td><td>\u226595% passent au tamis 120 mesh<\/td><\/tr><tr><td>Viscosit\u00e9 (1%, 25\u00b0C)<\/td><td>25 000 \u2013 36 000 mPa\u00b7s (personnalisable)<\/td><\/tr><tr><td>pH (solution \u00e0 1%)<\/td><td>5,0 \u2013 7,0<\/td><\/tr><tr><td>Humidit\u00e9<\/td><td>\u2264 10%<\/td><\/tr><\/tbody><\/table><\/figure>\n\n\n\n<h2 class=\"wp-block-heading\">Emballage et Dur\u00e9e de Conservation<\/h2>\n\n\n\n<p><strong>Emballage :<\/strong><\/p>\n\n\n\n<ul class=\"wp-block-list\">\n<li>Sachets individuels<\/li>\n\n\n\n<li>Sacs en vrac<\/li>\n\n\n\n<li>Emballage ext\u00e9rieur en bo\u00eete carton<\/li>\n<\/ul>\n\n\n\n<p><strong>Dur\u00e9e de conservation :<\/strong> <strong>24 mois<\/strong><\/p>\n\n\n\n<p><strong>Stockage :<\/strong> Conserver dans un endroit frais et sec, bien ferm\u00e9<\/p>\n\n\n\n<h2 class=\"wp-block-heading\">Applications id\u00e9ales<\/h2>\n\n\n\n<p>Fabricants d'aliments fonctionnels<\/p>\n\n\n\n<p>Marques de r\u00e9gime et de perte de poids<\/p>\n\n\n\n<p>Entreprises de compl\u00e9ments alimentaires<\/p>\n\n\n\n<p>Marques de substituts de repas et de shakes<\/p>\n\n\n\n<p>Acheteurs OEM \/ marque propre<\/p>\n\n\n\n<h2 class=\"wp-block-heading\">R\u00f4les fonctionnels dans les aliments et les compl\u00e9ments alimentaires<\/h2>\n\n\n\n<p>Augmente la viscosit\u00e9 et la sensation en bouche<\/p>\n\n\n\n<p>Am\u00e9liore la sati\u00e9t\u00e9 et le contr\u00f4le de l'app\u00e9tit<\/p>\n\n\n\n<p>Favorise la r\u00e9gularit\u00e9 digestive<\/p>\n\n\n\n<p>Agit comme une source de fibres solubles propre \u00e0 l'\u00e9tiquetage<\/p>\n\n\n\n<h2 class=\"wp-block-heading\">Services OEM \/ Personnalisation<\/h2>\n\n\n\n<p>Personnalisation de la puret\u00e9 et de la viscosit\u00e9<\/p>\n\n\n\n<p>Versions aromatis\u00e9es ou nature<\/p>\n\n\n\n<p>Ajustement de la taille des particules<\/p>\n\n\n\n<p>Conditionnement d\u00e9tail ou vrac<\/p>\n\n\n\n<p>Soutien \u00e0 la marque propre<\/p>\n\n\n\n<p>En savoir plus via  <a href=\"https:\/\/scmlkj.com\/fr\/produits-speciaux-a-base-de-konjac\/\">Ingr\u00e9dients Sp\u00e9cialis\u00e9s en Konjac sur Mesure<\/a><\/p>\n\n\n\n<p>\u00c0 la recherche d'un <strong>ingr\u00e9dient de fibres alimentaires de konjac de haute puret\u00e9<\/strong> pour votre prochain aliment fonctionnel ou produit minceur ?<br><a href=\"https:\/\/scmlkj.com\/fr\/contact\/\">Contact <strong>Eastern Morning<\/strong><\/a> pour des \u00e9chantillons, sp\u00e9cifications et solutions OEM.<\/p>\n\n\n\n<p><\/p>","protected":false},"excerpt":{"rendered":"<p data-start=\"397\" data-end=\"775\">La poudre de fibres alimentaires de konjac Eastern Morning est fabriqu\u00e9e \u00e0 partir d'extrait de racine de konjac de qualit\u00e9 sup\u00e9rieure, raffin\u00e9 en glucomannane de konjac de haute puret\u00e9 (KGM \u226590%).<br data-start=\"560\" data-end=\"563\" \/>Cette fibre alimentaire de haute puret\u00e9 est largement utilis\u00e9e dans les domaines suivants <strong data-start=\"2819\" data-end=\"2908\">les syst\u00e8mes de remplacement de repas, les formulations d'aliments fonctionnels et les suppl\u00e9ments de fibres alimentaires<\/strong> pour la gestion du poids et la sant\u00e9 digestive.<\/p>\n<ul>\n<li data-start=\"805\" data-end=\"876\">\n<p data-start=\"807\" data-end=\"876\"><strong data-start=\"807\" data-end=\"835\">Faible en calories, impact \u00e9lev\u00e9<\/strong> \u2013 Id\u00e9al pour l'amincissement et le contr\u00f4le calorique<\/p>\n<\/li>\n<li data-start=\"877\" data-end=\"945\">\n<p data-start=\"879\" data-end=\"945\"><strong data-start=\"879\" data-end=\"912\">Riche en fibres alimentaires solubles<\/strong> \u2013 Favorise la digestion et la sati\u00e9t\u00e9<\/p>\n<\/li>\n<li data-start=\"946\" data-end=\"1011\">\n<p data-start=\"948\" data-end=\"1011\"><strong data-start=\"948\" data-end=\"977\">Adapt\u00e9 aux substituts de repas<\/strong> \u2013 Aide \u00e0 r\u00e9duire naturellement la faim<\/p>\n<\/li>\n<li data-start=\"1012\" data-end=\"1084\">\n<p data-start=\"1014\" data-end=\"1084\"><strong data-start=\"1014\" data-end=\"1037\">Rapide et facile \u00e0 utiliser<\/strong> \u2013 Se dissout facilement dans les liquides et les syst\u00e8mes alimentaires<\/p>\n<\/li>\n<li data-start=\"1085\" data-end=\"1157\">\n<p data-start=\"1087\" data-end=\"1157\"><strong>Options d'ar\u00f4mes multiples disponibles (OEM)<\/strong> \u2013 Am\u00e9liore l'acceptabilit\u00e9 par les consommateurs<\/p>\n<\/li>\n<\/ul>\n<p data-start=\"397\" data-end=\"775\">\u00a0<\/p>","protected":false},"featured_media":2003,"comment_status":"open","ping_status":"closed","template":"","meta":[],"product_brand":[],"product_cat":[50],"product_tag":[],"class_list":{"0":"post-2209","1":"product","2":"type-product","3":"status-publish","4":"has-post-thumbnail","6":"product_cat-konjac-flour","8":"first","9":"instock","10":"shipping-taxable","11":"product-type-simple"},"_links":{"self":[{"href":"https:\/\/scmlkj.com\/fr\/wp-json\/wp\/v2\/product\/2209","targetHints":{"allow":["GET"]}}],"collection":[{"href":"https:\/\/scmlkj.com\/fr\/wp-json\/wp\/v2\/product"}],"about":[{"href":"https:\/\/scmlkj.com\/fr\/wp-json\/wp\/v2\/types\/product"}],"replies":[{"embeddable":true,"href":"https:\/\/scmlkj.com\/fr\/wp-json\/wp\/v2\/comments?post=2209"}],"wp:featuredmedia":[{"embeddable":true,"href":"https:\/\/scmlkj.com\/fr\/wp-json\/wp\/v2\/media\/2003"}],"wp:attachment":[{"href":"https:\/\/scmlkj.com\/fr\/wp-json\/wp\/v2\/media?parent=2209"}],"wp:term":[{"taxonomy":"product_brand","embeddable":true,"href":"https:\/\/scmlkj.com\/fr\/wp-json\/wp\/v2\/product_brand?post=2209"},{"taxonomy":"product_cat","embeddable":true,"href":"https:\/\/scmlkj.com\/fr\/wp-json\/wp\/v2\/product_cat?post=2209"},{"taxonomy":"product_tag","embeddable":true,"href":"https:\/\/scmlkj.com\/fr\/wp-json\/wp\/v2\/product_tag?post=2209"}],"curies":[{"name":"wp","href":"https:\/\/api.w.org\/{rel}","templated":true}]}}