{"id":2411,"date":"2025-12-11T11:46:09","date_gmt":"2025-12-11T11:46:09","guid":{"rendered":"https:\/\/scmlkj.com\/?post_type=product&#038;p=2411"},"modified":"2026-04-12T07:00:46","modified_gmt":"2026-04-12T07:00:46","slug":"gelee-de-konjac-arome-pomme-verte","status":"publish","type":"product","link":"https:\/\/scmlkj.com\/fr\/produits\/gelee-de-konjac-arome-pomme-verte\/","title":{"rendered":"Gel\u00e9e Konjac \u00e0 la pomme verte"},"content":{"rendered":"<p><\/p>\n\n\n\n<h2 class=\"wp-block-heading\">Sp\u00e9cifications<\/h2>\n\n\n\n<p><strong>Poids et dimensions<\/strong><\/p>\n\n\n\n<figure class=\"wp-block-table\"><table class=\"has-fixed-layout\"><tbody><tr><td><strong>Article<\/strong><\/td><td><strong>D\u00e9tails<\/strong><\/td><\/tr><tr><td>Poids net<\/td><td>150 g<\/td><\/tr><tr><td>Poids brut<\/td><td>155 g<\/td><\/tr><tr><td>Dimensions du produit<\/td><td>Personnalisable<\/td><\/tr><tr><td>Poids \u00e9goutt\u00e9<\/td><td>Personnalisable<\/td><\/tr><tr><td>Type d'emballage<\/td><td>Pochette \u00e0 gel\u00e9e debout<\/td><\/tr><\/tbody><\/table><\/figure>\n\n\n\n<p><strong>Sp\u00e9cifications physiques<\/strong><\/p>\n\n\n\n<figure class=\"wp-block-table\"><table class=\"has-fixed-layout\"><tbody><tr><td>I<strong>tem<\/strong><\/td><td><strong>D\u00e9tails<\/strong><\/td><\/tr><tr><td>Couleur<\/td><td>Transparent<\/td><\/tr><tr><td>Saveur<\/td><td>Pomme verte<\/td><\/tr><tr><td>Texture<\/td><td>Gel doux, onctueux et semi-fluide<\/td><\/tr><tr><td>Type<\/td><td>Instantan\u00e9, pr\u00eat \u00e0 consommer<\/td><\/tr><\/tbody><\/table><\/figure>\n\n\n\n<p><strong>Caract\u00e9ristiques du produit<\/strong><\/p>\n\n\n\n<figure class=\"wp-block-table\"><table class=\"has-fixed-layout\"><tbody><tr><td><strong>Fonctionnalit\u00e9<\/strong><\/td><td><strong>Statut<\/strong><\/td><\/tr><tr><td>Sans gluten<\/td><td>\u2714 Oui<\/td><\/tr><tr><td>Sans OGM<\/td><td>\u2714 Oui<\/td><\/tr><tr><td>Sans allerg\u00e8nes<\/td><td>\u2714 Oui<\/td><\/tr><tr><td>Sans additifs<\/td><td>\u2714 Oui<\/td><\/tr><tr><td>Disponible en version biologique<\/td><td>\u2718 Non<\/td><\/tr><tr><td>Pr\u00eat \u00e0 consommer<\/td><td>\u2714 Oui<\/td><\/tr><\/tbody><\/table><\/figure>\n\n\n\n<p><\/p>\n\n\n\n<h2 class=\"wp-block-heading\">Ingr\u00e9dients<\/h2>\n\n\n\n<p>Eau, jus de pomme concentr\u00e9, \u00e9rythritol, poudre de konjac, carragh\u00e9nane, acide citrique, peptide de collag\u00e8ne, chlorure de potassium, sorbate de potassium, vitamine C.<\/p>\n\n\n\n<h3 class=\"wp-block-heading\">Pourquoi l'ar\u00f4me de pomme verte convient-il aux en-cas fonctionnels \u00e0 base de gel\u00e9e ?<\/h3>\n\n\n\n<p>L'ar\u00f4me de pomme verte offre un go\u00fbt net et croquant qui correspond parfaitement au positionnement d'un en-cas \u00e9nerg\u00e9tique \u00e0 faible teneur en calories. Associ\u00e9e \u00e0 des fibres de konjac, des peptides de collag\u00e8ne et de la vitamine C, cette gel\u00e9e de collag\u00e8ne offre un rafra\u00eechissement l\u00e9ger sans effondrement du sucre. La saveur de pomme fra\u00eeche renforce la perception d'hydratation et de vitalit\u00e9, ce qui la rend id\u00e9ale pour les programmes de gestion du poids, les modes de vie sportifs et les lignes d'en-cas fonctionnels ax\u00e9s sur la beaut\u00e9, \u00e0 la recherche d'une option rafra\u00eechissante mais sans culpabilit\u00e9.<\/p>\n\n\n\n<h2 class=\"wp-block-heading\">Dur\u00e9e de conservation et stockage<\/h2>\n\n\n\n<p><strong>Dur\u00e9e de conservation :<\/strong> 18 mois<\/p>\n\n\n\n<p><strong>Stockage :<\/strong><\/p>\n\n\n\n<ul class=\"wp-block-list\">\n<li>Conserver dans un endroit frais et sec.<\/li>\n\n\n\n<li>\u00c0 servir frais<\/li>\n\n\n\n<li>R\u00e9frig\u00e9rer apr\u00e8s ouverture et consommer dans les 24 heures.<\/li>\n<\/ul>\n\n\n\n<h2 class=\"wp-block-heading\">Bienfaits de la gel\u00e9e de konjac<\/h2>\n\n\n\n<p><strong>Collag\u00e8ne et vitamine C<\/strong><\/p>\n\n\n\n<p>Enrichi en <strong>peptides de collag\u00e8ne + vitamine C<\/strong>Cette gel\u00e9e favorise la formation naturelle de collag\u00e8ne :<\/p>\n\n\n\n<ul class=\"wp-block-list\">\n<li>une peau plus saine<\/li>\n\n\n\n<li>des cheveux plus brillants<\/li>\n\n\n\n<li>des ongles plus forts<\/li>\n<\/ul>\n\n\n\n<p>La vitamine C am\u00e9liore l'absorption du collag\u00e8ne et renforce l'effet de rajeunissement de la peau.<\/p>\n\n\n\n<p><strong>Favorise la perte de poids et riche en fibres<\/strong><\/p>\n\n\n\n<p>Le konjac est naturellement :<\/p>\n\n\n\n<ul class=\"wp-block-list\">\n<li>faible en calories<\/li>\n\n\n\n<li>riche en fibres alimentaires solubles<\/li>\n\n\n\n<li>excellent pour contr\u00f4ler l'app\u00e9tit<\/li>\n<\/ul>\n\n\n\n<p>Il aide \u00e0 cr\u00e9er une sensation de sati\u00e9t\u00e9, \u00e0 r\u00e9duire les fringales et \u00e0 soutenir les programmes de gestion du poids.<\/p>\n\n\n\n<p><strong>L\u00e9ger, \u00e9nergique et rafra\u00eechissant<\/strong><\/p>\n\n\n\n<p>Seulement <strong>5 calories par portion<\/strong><\/p>\n\n\n\n<p>Fournit un en-cas propre et \u00e9nergisant sans chute de sucre<\/p>\n\n\n\n<p>Ar\u00f4me de pomme rafra\u00eechissant qui stimule l'humeur et l'hydratation<\/p>\n\n\n\n<h2 class=\"wp-block-heading\">Options OEM \/ marque priv\u00e9e<\/h2>\n\n\n\n<p>Saveur personnalis\u00e9e (mangue, ananas, raisin, orange, p\u00eache, etc.)<\/p>\n\n\n\n<p>Impression personnalis\u00e9e sur pochette, finition mate\/brillante<\/p>\n\n\n\n<p>Sucrosit\u00e9 personnalis\u00e9e (sucr\u00e9, faible teneur en sucre, sans sucre)<\/p>\n\n\n\n<p>Compl\u00e9ments alimentaires (peptides de collag\u00e8ne, vitamines, probiotiques)<\/p>\n\n\n\n<p>Taille personnalis\u00e9e : 120 g \/ 150 g \/ 180 g \/ 200 g<\/p>\n\n\n\n<p>Assistance compl\u00e8te pour la conception d'emballages<\/p>\n\n\n\n<p>Vous souhaitez d\u00e9velopper votre propre <strong> <a href=\"https:\/\/scmlkj.com\/fr\/product-category\/gelee-de-konjac\/\">Gel\u00e9e de konjac<\/a><\/strong> ou \u00e9largir votre gamme de snacks fonctionnels ?<br><a href=\"https:\/\/scmlkj.com\/fr\/contact\/\">Contact <strong>Eastern Morning<\/strong><\/a> pour <a href=\"https:\/\/scmlkj.com\/fr\/guide-des-marques-privees-oem\/\">label priv\u00e9 <\/a>d\u00e9veloppement, <a href=\"https:\/\/scmlkj.com\/fr\/demande-dechantillon-gratuit\/\">\u00e9chantillons<\/a>et les prix OEM.<\/p>\n\n\n\n<p><\/p>","protected":false},"excerpt":{"rendered":"<p>Matin\u00e9e orientale <strong data-start=\"559\" data-end=\"588\">Gel\u00e9e de Konjac au go\u00fbt de pomme<\/strong> est un en-cas rafra\u00eechissant et hypocalorique \u00e0 base de fibres naturelles de konjac, de jus de pomme concentr\u00e9, de peptide de collag\u00e8ne et de vitamine C. Con\u00e7u comme une friandise portable et sans culpabilit\u00e9 pour les consommateurs soucieux de leur sant\u00e9, les programmes de gestion du poids et les marques priv\u00e9es d'en-cas fonctionnels. Sc\u00e9narios d'application<\/p>\n<ul>\n<li data-start=\"3423\" data-end=\"3446\">\n<p data-start=\"3425\" data-end=\"3446\">Supermarch\u00e9s de d\u00e9tail<\/p>\n<\/li>\n<li data-start=\"3447\" data-end=\"3471\">\n<p data-start=\"3449\" data-end=\"3471\">Marques de snacks sains<\/p>\n<\/li>\n<li data-start=\"3472\" data-end=\"3513\">\n<p data-start=\"3474\" data-end=\"3513\">Produits de beaut\u00e9 fonctionnels et produits \u00e0 base de collag\u00e8ne<\/p>\n<\/li>\n<li data-start=\"3514\" data-end=\"3543\">\n<p data-start=\"3516\" data-end=\"3543\">Lignes de produits d'amaigrissement<\/p>\n<\/li>\n<li data-start=\"3544\" data-end=\"3583\">\n<p data-start=\"3546\" data-end=\"3583\">Substituts de repas et collations de remise en forme<\/p>\n<\/li>\n<li data-start=\"3584\" data-end=\"3625\">\n<p data-start=\"3586\" data-end=\"3625\">D\u00e9panneurs et distributeurs automatiques<\/p>\n<\/li>\n<\/ul>","protected":false},"featured_media":2410,"comment_status":"open","ping_status":"closed","template":"","meta":[],"product_brand":[],"product_cat":[51],"product_tag":[],"class_list":{"0":"post-2411","1":"product","2":"type-product","3":"status-publish","4":"has-post-thumbnail","6":"product_cat-konjac-jelly","8":"first","9":"instock","10":"shipping-taxable","11":"product-type-simple"},"_links":{"self":[{"href":"https:\/\/scmlkj.com\/fr\/wp-json\/wp\/v2\/product\/2411","targetHints":{"allow":["GET"]}}],"collection":[{"href":"https:\/\/scmlkj.com\/fr\/wp-json\/wp\/v2\/product"}],"about":[{"href":"https:\/\/scmlkj.com\/fr\/wp-json\/wp\/v2\/types\/product"}],"replies":[{"embeddable":true,"href":"https:\/\/scmlkj.com\/fr\/wp-json\/wp\/v2\/comments?post=2411"}],"wp:featuredmedia":[{"embeddable":true,"href":"https:\/\/scmlkj.com\/fr\/wp-json\/wp\/v2\/media\/2410"}],"wp:attachment":[{"href":"https:\/\/scmlkj.com\/fr\/wp-json\/wp\/v2\/media?parent=2411"}],"wp:term":[{"taxonomy":"product_brand","embeddable":true,"href":"https:\/\/scmlkj.com\/fr\/wp-json\/wp\/v2\/product_brand?post=2411"},{"taxonomy":"product_cat","embeddable":true,"href":"https:\/\/scmlkj.com\/fr\/wp-json\/wp\/v2\/product_cat?post=2411"},{"taxonomy":"product_tag","embeddable":true,"href":"https:\/\/scmlkj.com\/fr\/wp-json\/wp\/v2\/product_tag?post=2411"}],"curies":[{"name":"wp","href":"https:\/\/api.w.org\/{rel}","templated":true}]}}